{"id":7362,"date":"2025-03-27T16:11:36","date_gmt":"2025-03-27T14:11:36","guid":{"rendered":"https:\/\/dev.vsv-design.com\/products\/non%20class\u00e9\/franco-latin-dance-trousers\/"},"modified":"2025-04-11T09:38:30","modified_gmt":"2025-04-11T07:38:30","slug":"franco-latin-dance-trousers","status":"publish","type":"product","link":"https:\/\/www.vsv-design.com\/fr\/products\/danse-sportive\/vetements-homme\/franco-latin-dance-trousers\/","title":{"rendered":"Pantalon de danse latine FRANCO"},"content":{"rendered":"<p data-start=\"877\" data-end=\"1193\">Pantalons classiques noirs pour danse latine. Confectionn\u00e9s \u00e0 partir de gabardine de haute qualit\u00e9, ils allient confort et durabilit\u00e9 pour chaque performance. Le pantalon est d\u00e9cor\u00e9 d\u2019une ceinture en satin rigide, ajoutant une touche raffin\u00e9e \u00e0 votre tenue.<\/p>\n<p data-start=\"1195\" data-end=\"1588\"><em><strong>Veuillez noter : les pantalons de danse latine ont des formes et des coupes sp\u00e9cifiques, il est donc n\u00e9cessaire de fournir vos mesures personnelles pour un ajustement parfait. Utilisez notre tableau des tailles fourni et envoyez vos mesures dans la case Note lors de la commande, ou directement par e-mail ou via les r\u00e9seaux sociaux. N\u2019h\u00e9sitez pas \u00e0 nous contacter si vous avez des questions!<\/strong><\/em><\/p>\n<p data-start=\"1590\" data-end=\"1676\">Suivez le lien vers notre tutoriel vid\u00e9o utile pour prendre vos mesures correctement :<\/p>\n","protected":false},"excerpt":{"rendered":"<p><em>Sur mesure<\/em><br \/>\n<em>D\u00e9lai de production : 10-30 jours<\/em><\/p>\n","protected":false},"featured_media":7354,"comment_status":"open","ping_status":"closed","template":"","meta":{"_acf_changed":false},"product_brand":[],"product_cat":[211],"product_tag":[],"class_list":{"0":"post-7362","1":"product","2":"type-product","3":"status-publish","4":"has-post-thumbnail","6":"product_cat-vetements-homme","7":"product_shipping_class-small-dresses-shipping-fr","9":"first","10":"instock","11":"shipping-taxable","12":"purchasable","13":"product-type-simple","swatches":"rey-swatches","show_selected":"rey-swatches--show-selected--name","stretch_labels":"rey-swatches--stretch-labels"},"acf":[],"yoast_head":"<!-- This site is optimized with the Yoast SEO plugin v27.4 - https:\/\/yoast.com\/product\/yoast-seo-wordpress\/ -->\n<title>Pantalon de danse latine FRANCO - V\u00eatements Homme - VSV Design<\/title>\n<meta name=\"description\" content=\"Unique mod\u00e8le Pantalon de danse latine FRANCO for sale by VSV Design. Un design exclusif et une qualit\u00e9 excellente \u00e0 un prix abordable!\" \/>\n<meta name=\"robots\" content=\"index, follow, max-snippet:-1, max-image-preview:large, max-video-preview:-1\" \/>\n<link rel=\"canonical\" href=\"https:\/\/www.vsv-design.com\/fr\/products\/danse-sportive\/vetements-homme\/franco-latin-dance-trousers\/\" \/>\n<meta property=\"og:locale\" content=\"fr_FR\" \/>\n<meta property=\"og:type\" content=\"article\" \/>\n<meta property=\"og:title\" content=\"Pantalon de danse latine FRANCO - V\u00eatements Homme - VSV Design\" \/>\n<meta property=\"og:description\" content=\"Unique mod\u00e8le Pantalon de danse latine FRANCO for sale by VSV Design. Un design exclusif et une qualit\u00e9 excellente \u00e0 un prix abordable!\" \/>\n<meta property=\"og:url\" content=\"https:\/\/www.vsv-design.com\/fr\/products\/danse-sportive\/vetements-homme\/franco-latin-dance-trousers\/\" \/>\n<meta property=\"og:site_name\" content=\"VSV Design\" \/>\n<meta property=\"article:publisher\" content=\"https:\/\/www.facebook.com\/VSVDesign\" \/>\n<meta property=\"article:modified_time\" content=\"2025-04-11T07:38:30+00:00\" \/>\n<meta property=\"og:image\" content=\"https:\/\/www.vsv-design.com\/wp-content\/uploads\/2025\/03\/FRANCO-PANTS-1.jpg\" \/>\n\t<meta property=\"og:image:width\" content=\"450\" \/>\n\t<meta property=\"og:image:height\" content=\"750\" \/>\n\t<meta property=\"og:image:type\" content=\"image\/jpeg\" \/>\n<meta name=\"twitter:card\" content=\"summary_large_image\" \/>\n<meta name=\"twitter:label1\" content=\"Dur\u00e9e de lecture estim\u00e9e\" \/>\n\t<meta name=\"twitter:data1\" content=\"1 minute\" \/>\n<script type=\"application\/ld+json\" class=\"yoast-schema-graph\">{\"@context\":\"https:\\\/\\\/schema.org\",\"@graph\":[{\"@type\":\"WebPage\",\"@id\":\"https:\\\/\\\/www.vsv-design.com\\\/fr\\\/products\\\/danse-sportive\\\/vetements-homme\\\/franco-latin-dance-trousers\\\/\",\"url\":\"https:\\\/\\\/www.vsv-design.com\\\/fr\\\/products\\\/danse-sportive\\\/vetements-homme\\\/franco-latin-dance-trousers\\\/\",\"name\":\"Pantalon de danse latine FRANCO - V\u00eatements Homme - VSV Design\",\"isPartOf\":{\"@id\":\"https:\\\/\\\/www.vsv-design.com\\\/#website\"},\"primaryImageOfPage\":{\"@id\":\"https:\\\/\\\/www.vsv-design.com\\\/fr\\\/products\\\/danse-sportive\\\/vetements-homme\\\/franco-latin-dance-trousers\\\/#primaryimage\"},\"image\":{\"@id\":\"https:\\\/\\\/www.vsv-design.com\\\/fr\\\/products\\\/danse-sportive\\\/vetements-homme\\\/franco-latin-dance-trousers\\\/#primaryimage\"},\"thumbnailUrl\":\"https:\\\/\\\/www.vsv-design.com\\\/wp-content\\\/uploads\\\/2025\\\/03\\\/FRANCO-PANTS-1.jpg\",\"datePublished\":\"2025-03-27T14:11:36+00:00\",\"dateModified\":\"2025-04-11T07:38:30+00:00\",\"description\":\"Unique mod\u00e8le Pantalon de danse latine FRANCO for sale by VSV Design. Un design exclusif et une qualit\u00e9 excellente \u00e0 un prix abordable!\",\"breadcrumb\":{\"@id\":\"https:\\\/\\\/www.vsv-design.com\\\/fr\\\/products\\\/danse-sportive\\\/vetements-homme\\\/franco-latin-dance-trousers\\\/#breadcrumb\"},\"inLanguage\":\"fr-FR\",\"potentialAction\":[{\"@type\":\"ReadAction\",\"target\":[\"https:\\\/\\\/www.vsv-design.com\\\/fr\\\/products\\\/danse-sportive\\\/vetements-homme\\\/franco-latin-dance-trousers\\\/\"]}]},{\"@type\":\"ImageObject\",\"inLanguage\":\"fr-FR\",\"@id\":\"https:\\\/\\\/www.vsv-design.com\\\/fr\\\/products\\\/danse-sportive\\\/vetements-homme\\\/franco-latin-dance-trousers\\\/#primaryimage\",\"url\":\"https:\\\/\\\/www.vsv-design.com\\\/wp-content\\\/uploads\\\/2025\\\/03\\\/FRANCO-PANTS-1.jpg\",\"contentUrl\":\"https:\\\/\\\/www.vsv-design.com\\\/wp-content\\\/uploads\\\/2025\\\/03\\\/FRANCO-PANTS-1.jpg\",\"width\":450,\"height\":750},{\"@type\":\"BreadcrumbList\",\"@id\":\"https:\\\/\\\/www.vsv-design.com\\\/fr\\\/products\\\/danse-sportive\\\/vetements-homme\\\/franco-latin-dance-trousers\\\/#breadcrumb\",\"itemListElement\":[{\"@type\":\"ListItem\",\"position\":1,\"name\":\"Home\",\"item\":\"https:\\\/\\\/www.vsv-design.com\\\/\"},{\"@type\":\"ListItem\",\"position\":2,\"name\":\"Tous produits\",\"item\":\"https:\\\/\\\/www.vsv-design.com\\\/fr\\\/produits\\\/\"},{\"@type\":\"ListItem\",\"position\":3,\"name\":\"Pantalon de danse latine FRANCO\"}]},{\"@type\":\"WebSite\",\"@id\":\"https:\\\/\\\/www.vsv-design.com\\\/#website\",\"url\":\"https:\\\/\\\/www.vsv-design.com\\\/\",\"name\":\"VSV Design\",\"description\":\"\",\"publisher\":{\"@id\":\"https:\\\/\\\/www.vsv-design.com\\\/#organization\"},\"potentialAction\":[{\"@type\":\"SearchAction\",\"target\":{\"@type\":\"EntryPoint\",\"urlTemplate\":\"https:\\\/\\\/www.vsv-design.com\\\/?s={search_term_string}\"},\"query-input\":{\"@type\":\"PropertyValueSpecification\",\"valueRequired\":true,\"valueName\":\"search_term_string\"}}],\"inLanguage\":\"fr-FR\"},{\"@type\":\"Organization\",\"@id\":\"https:\\\/\\\/www.vsv-design.com\\\/#organization\",\"name\":\"VSV Design\",\"url\":\"https:\\\/\\\/www.vsv-design.com\\\/\",\"logo\":{\"@type\":\"ImageObject\",\"inLanguage\":\"fr-FR\",\"@id\":\"https:\\\/\\\/www.vsv-design.com\\\/#\\\/schema\\\/logo\\\/image\\\/\",\"url\":\"https:\\\/\\\/www.vsv-design.com\\\/wp-content\\\/uploads\\\/2025\\\/01\\\/cropped-vsv-1.jpg\",\"contentUrl\":\"https:\\\/\\\/www.vsv-design.com\\\/wp-content\\\/uploads\\\/2025\\\/01\\\/cropped-vsv-1.jpg\",\"width\":512,\"height\":512,\"caption\":\"VSV Design\"},\"image\":{\"@id\":\"https:\\\/\\\/www.vsv-design.com\\\/#\\\/schema\\\/logo\\\/image\\\/\"},\"sameAs\":[\"https:\\\/\\\/www.facebook.com\\\/VSVDesign\"]}]}<\/script>\n<!-- \/ Yoast SEO plugin. -->","yoast_head_json":{"title":"Pantalon de danse latine FRANCO - V\u00eatements Homme - VSV Design","description":"Unique mod\u00e8le Pantalon de danse latine FRANCO for sale by VSV Design. Un design exclusif et une qualit\u00e9 excellente \u00e0 un prix abordable!","robots":{"index":"index","follow":"follow","max-snippet":"max-snippet:-1","max-image-preview":"max-image-preview:large","max-video-preview":"max-video-preview:-1"},"canonical":"https:\/\/www.vsv-design.com\/fr\/products\/danse-sportive\/vetements-homme\/franco-latin-dance-trousers\/","og_locale":"fr_FR","og_type":"article","og_title":"Pantalon de danse latine FRANCO - V\u00eatements Homme - VSV Design","og_description":"Unique mod\u00e8le Pantalon de danse latine FRANCO for sale by VSV Design. Un design exclusif et une qualit\u00e9 excellente \u00e0 un prix abordable!","og_url":"https:\/\/www.vsv-design.com\/fr\/products\/danse-sportive\/vetements-homme\/franco-latin-dance-trousers\/","og_site_name":"VSV Design","article_publisher":"https:\/\/www.facebook.com\/VSVDesign","article_modified_time":"2025-04-11T07:38:30+00:00","og_image":[{"width":450,"height":750,"url":"https:\/\/www.vsv-design.com\/wp-content\/uploads\/2025\/03\/FRANCO-PANTS-1.jpg","type":"image\/jpeg"}],"twitter_card":"summary_large_image","twitter_misc":{"Dur\u00e9e de lecture estim\u00e9e":"1 minute"},"schema":{"@context":"https:\/\/schema.org","@graph":[{"@type":"WebPage","@id":"https:\/\/www.vsv-design.com\/fr\/products\/danse-sportive\/vetements-homme\/franco-latin-dance-trousers\/","url":"https:\/\/www.vsv-design.com\/fr\/products\/danse-sportive\/vetements-homme\/franco-latin-dance-trousers\/","name":"Pantalon de danse latine FRANCO - V\u00eatements Homme - VSV Design","isPartOf":{"@id":"https:\/\/www.vsv-design.com\/#website"},"primaryImageOfPage":{"@id":"https:\/\/www.vsv-design.com\/fr\/products\/danse-sportive\/vetements-homme\/franco-latin-dance-trousers\/#primaryimage"},"image":{"@id":"https:\/\/www.vsv-design.com\/fr\/products\/danse-sportive\/vetements-homme\/franco-latin-dance-trousers\/#primaryimage"},"thumbnailUrl":"https:\/\/www.vsv-design.com\/wp-content\/uploads\/2025\/03\/FRANCO-PANTS-1.jpg","datePublished":"2025-03-27T14:11:36+00:00","dateModified":"2025-04-11T07:38:30+00:00","description":"Unique mod\u00e8le Pantalon de danse latine FRANCO for sale by VSV Design. Un design exclusif et une qualit\u00e9 excellente \u00e0 un prix abordable!","breadcrumb":{"@id":"https:\/\/www.vsv-design.com\/fr\/products\/danse-sportive\/vetements-homme\/franco-latin-dance-trousers\/#breadcrumb"},"inLanguage":"fr-FR","potentialAction":[{"@type":"ReadAction","target":["https:\/\/www.vsv-design.com\/fr\/products\/danse-sportive\/vetements-homme\/franco-latin-dance-trousers\/"]}]},{"@type":"ImageObject","inLanguage":"fr-FR","@id":"https:\/\/www.vsv-design.com\/fr\/products\/danse-sportive\/vetements-homme\/franco-latin-dance-trousers\/#primaryimage","url":"https:\/\/www.vsv-design.com\/wp-content\/uploads\/2025\/03\/FRANCO-PANTS-1.jpg","contentUrl":"https:\/\/www.vsv-design.com\/wp-content\/uploads\/2025\/03\/FRANCO-PANTS-1.jpg","width":450,"height":750},{"@type":"BreadcrumbList","@id":"https:\/\/www.vsv-design.com\/fr\/products\/danse-sportive\/vetements-homme\/franco-latin-dance-trousers\/#breadcrumb","itemListElement":[{"@type":"ListItem","position":1,"name":"Home","item":"https:\/\/www.vsv-design.com\/"},{"@type":"ListItem","position":2,"name":"Tous produits","item":"https:\/\/www.vsv-design.com\/fr\/produits\/"},{"@type":"ListItem","position":3,"name":"Pantalon de danse latine FRANCO"}]},{"@type":"WebSite","@id":"https:\/\/www.vsv-design.com\/#website","url":"https:\/\/www.vsv-design.com\/","name":"VSV Design","description":"","publisher":{"@id":"https:\/\/www.vsv-design.com\/#organization"},"potentialAction":[{"@type":"SearchAction","target":{"@type":"EntryPoint","urlTemplate":"https:\/\/www.vsv-design.com\/?s={search_term_string}"},"query-input":{"@type":"PropertyValueSpecification","valueRequired":true,"valueName":"search_term_string"}}],"inLanguage":"fr-FR"},{"@type":"Organization","@id":"https:\/\/www.vsv-design.com\/#organization","name":"VSV Design","url":"https:\/\/www.vsv-design.com\/","logo":{"@type":"ImageObject","inLanguage":"fr-FR","@id":"https:\/\/www.vsv-design.com\/#\/schema\/logo\/image\/","url":"https:\/\/www.vsv-design.com\/wp-content\/uploads\/2025\/01\/cropped-vsv-1.jpg","contentUrl":"https:\/\/www.vsv-design.com\/wp-content\/uploads\/2025\/01\/cropped-vsv-1.jpg","width":512,"height":512,"caption":"VSV Design"},"image":{"@id":"https:\/\/www.vsv-design.com\/#\/schema\/logo\/image\/"},"sameAs":["https:\/\/www.facebook.com\/VSVDesign"]}]}},"_links":{"self":[{"href":"https:\/\/www.vsv-design.com\/fr\/wp-json\/wp\/v2\/product\/7362","targetHints":{"allow":["GET"]}}],"collection":[{"href":"https:\/\/www.vsv-design.com\/fr\/wp-json\/wp\/v2\/product"}],"about":[{"href":"https:\/\/www.vsv-design.com\/fr\/wp-json\/wp\/v2\/types\/product"}],"replies":[{"embeddable":true,"href":"https:\/\/www.vsv-design.com\/fr\/wp-json\/wp\/v2\/comments?post=7362"}],"wp:featuredmedia":[{"embeddable":true,"href":"https:\/\/www.vsv-design.com\/fr\/wp-json\/wp\/v2\/media\/7354"}],"wp:attachment":[{"href":"https:\/\/www.vsv-design.com\/fr\/wp-json\/wp\/v2\/media?parent=7362"}],"wp:term":[{"taxonomy":"product_brand","embeddable":true,"href":"https:\/\/www.vsv-design.com\/fr\/wp-json\/wp\/v2\/product_brand?post=7362"},{"taxonomy":"product_cat","embeddable":true,"href":"https:\/\/www.vsv-design.com\/fr\/wp-json\/wp\/v2\/product_cat?post=7362"},{"taxonomy":"product_tag","embeddable":true,"href":"https:\/\/www.vsv-design.com\/fr\/wp-json\/wp\/v2\/product_tag?post=7362"}],"curies":[{"name":"wp","href":"https:\/\/api.w.org\/{rel}","templated":true}]}}