{"id":6107,"date":"2025-03-19T12:46:58","date_gmt":"2025-03-19T10:46:58","guid":{"rendered":"https:\/\/dev.vsv-design.com\/products\/non%20class\u00e9\/juvenile-dress\/"},"modified":"2025-04-03T13:33:04","modified_gmt":"2025-04-03T11:33:04","slug":"juvenile-dress","status":"publish","type":"product","link":"https:\/\/www.vsv-design.com\/fr\/products\/danse-sportive\/juvenile-fr\/juvenile-dress\/","title":{"rendered":"Robe de danse sportive Enfants  #A109"},"content":{"rendered":"<h5 data-start=\"0\" data-end=\"78\"><em><strong>Un mod\u00e8le qui inspire et fait danser chaque enfant avec confiance et gr\u00e2ce!<\/strong><\/em><\/h5>\n<p data-start=\"80\" data-end=\"644\">Cette \u00e9l\u00e9gante robe allie confort et style pour faire briller chaque petit danseur sur sc\u00e8ne !<br data-start=\"183\" data-end=\"186\" \/>Son design exquis et sa coupe spectaculaire garantissent d\u2019attirer tous les regards sur sc\u00e8ne !<br data-start=\"281\" data-end=\"284\" data-is-only-node=\"\" \/>La robe est compos\u00e9e de <strong data-start=\"308\" data-end=\"323\">deux pi\u00e8ces<\/strong> pour plus de praticit\u00e9 lors de l\u2019habillage et du d\u00e9shabillage, et poss\u00e8de une <strong data-start=\"402\" data-end=\"434\">fermeture \u00e9clair dans le dos<\/strong> pour un meilleur ajustement et un confort optimal.<br data-start=\"485\" data-end=\"488\" \/>Son <strong data-start=\"492\" data-end=\"513\">d\u00e9collet\u00e9 \u00e9l\u00e9gant<\/strong> ajoute une touche de sophistication, sublim\u00e9 par des <strong data-start=\"567\" data-end=\"601\">manches a\u00e9riennes et d\u00e9licates<\/strong> qui accentuent la beaut\u00e9 des mouvements!<\/p>\n<p>*<em>La longueur de la jupe est de 78 cm. <\/em><br \/>\n<em>La longueur du body est de 50 \u00e0 56 cm (la taille varie en raison de la forte \u00e9lasticit\u00e9 du tissu)<\/em>.<\/p>\n<h5><em>Con\u00e7ue pour inspirer et motiver les jeunes danseuses en renfor\u00e7ant leur confiance et leur estime de soi, en veillant \u00e0 ce que chaque mouvement soit v\u00e9ritablement impressionnant!<\/em><\/h5>\n<p>* Laver \u00e0 la main!<\/p>\n<p data-start=\"646\" data-end=\"800\" data-is-last-node=\"\" data-is-only-node=\"\"><em><strong>\u00a0<\/strong><\/em><\/p>\n<p>&nbsp;<\/p>\n","protected":false},"excerpt":{"rendered":"<p>&nbsp;<\/p>\n<ul>\n<li><em>Livraison rapide<\/em><\/li>\n<li><em>D\u00e9lai de retour de 14 jours<\/em><\/li>\n<\/ul>\n","protected":false},"featured_media":6567,"comment_status":"open","ping_status":"closed","template":"","meta":{"_acf_changed":false},"product_brand":[],"product_cat":[207],"product_tag":[459],"class_list":{"0":"post-6107","1":"product","2":"type-product","3":"status-publish","4":"has-post-thumbnail","6":"product_cat-juvenile-fr","7":"product_tag-best-seller-danse-sportive","8":"product_shipping_class-medium-dresses-shipping-fr","10":"first","11":"outofstock","12":"shipping-taxable","13":"product-type-variable","swatches":"rey-swatches","show_selected":"rey-swatches--show-selected--name","stretch_labels":"rey-swatches--stretch-labels"},"acf":[],"yoast_head":"<!-- This site is optimized with the Yoast SEO plugin v27.4 - https:\/\/yoast.com\/product\/yoast-seo-wordpress\/ -->\n<title>Robe de danse sportive Enfants #A109 - Juv\u00e9nile - VSV Design<\/title>\n<meta name=\"description\" content=\"Unique mod\u00e8le Robe de danse sportive Enfants #A109 for sale by VSV Design. Un design exclusif et une qualit\u00e9 excellente \u00e0 un prix abordable!\" \/>\n<meta name=\"robots\" content=\"index, follow, max-snippet:-1, max-image-preview:large, max-video-preview:-1\" \/>\n<link rel=\"canonical\" href=\"https:\/\/www.vsv-design.com\/fr\/products\/danse-sportive\/juvenile-fr\/juvenile-dress\/\" \/>\n<meta property=\"og:locale\" content=\"fr_FR\" \/>\n<meta property=\"og:type\" content=\"article\" \/>\n<meta property=\"og:title\" content=\"Robe de danse sportive Enfants #A109 - Juv\u00e9nile - VSV Design\" \/>\n<meta property=\"og:description\" content=\"Unique mod\u00e8le Robe de danse sportive Enfants #A109 for sale by VSV Design. Un design exclusif et une qualit\u00e9 excellente \u00e0 un prix abordable!\" \/>\n<meta property=\"og:url\" content=\"https:\/\/www.vsv-design.com\/fr\/products\/danse-sportive\/juvenile-fr\/juvenile-dress\/\" \/>\n<meta property=\"og:site_name\" content=\"VSV Design\" \/>\n<meta property=\"article:publisher\" content=\"https:\/\/www.facebook.com\/VSVDesign\" \/>\n<meta property=\"article:modified_time\" content=\"2025-04-03T11:33:04+00:00\" \/>\n<meta property=\"og:image\" content=\"https:\/\/www.vsv-design.com\/wp-content\/uploads\/2025\/03\/Comfort-meets-elegance-26.jpg\" \/>\n\t<meta property=\"og:image:width\" content=\"450\" \/>\n\t<meta property=\"og:image:height\" content=\"750\" \/>\n\t<meta property=\"og:image:type\" content=\"image\/jpeg\" \/>\n<meta name=\"twitter:card\" content=\"summary_large_image\" \/>\n<meta name=\"twitter:label1\" content=\"Dur\u00e9e de lecture estim\u00e9e\" \/>\n\t<meta name=\"twitter:data1\" content=\"1 minute\" \/>\n<script type=\"application\/ld+json\" class=\"yoast-schema-graph\">{\"@context\":\"https:\\\/\\\/schema.org\",\"@graph\":[{\"@type\":\"WebPage\",\"@id\":\"https:\\\/\\\/www.vsv-design.com\\\/fr\\\/products\\\/danse-sportive\\\/juvenile-fr\\\/juvenile-dress\\\/\",\"url\":\"https:\\\/\\\/www.vsv-design.com\\\/fr\\\/products\\\/danse-sportive\\\/juvenile-fr\\\/juvenile-dress\\\/\",\"name\":\"Robe de danse sportive Enfants #A109 - Juv\u00e9nile - VSV Design\",\"isPartOf\":{\"@id\":\"https:\\\/\\\/www.vsv-design.com\\\/#website\"},\"primaryImageOfPage\":{\"@id\":\"https:\\\/\\\/www.vsv-design.com\\\/fr\\\/products\\\/danse-sportive\\\/juvenile-fr\\\/juvenile-dress\\\/#primaryimage\"},\"image\":{\"@id\":\"https:\\\/\\\/www.vsv-design.com\\\/fr\\\/products\\\/danse-sportive\\\/juvenile-fr\\\/juvenile-dress\\\/#primaryimage\"},\"thumbnailUrl\":\"https:\\\/\\\/www.vsv-design.com\\\/wp-content\\\/uploads\\\/2025\\\/03\\\/Comfort-meets-elegance-26.jpg\",\"datePublished\":\"2025-03-19T10:46:58+00:00\",\"dateModified\":\"2025-04-03T11:33:04+00:00\",\"description\":\"Unique mod\u00e8le Robe de danse sportive Enfants #A109 for sale by VSV Design. Un design exclusif et une qualit\u00e9 excellente \u00e0 un prix abordable!\",\"breadcrumb\":{\"@id\":\"https:\\\/\\\/www.vsv-design.com\\\/fr\\\/products\\\/danse-sportive\\\/juvenile-fr\\\/juvenile-dress\\\/#breadcrumb\"},\"inLanguage\":\"fr-FR\",\"potentialAction\":[{\"@type\":\"ReadAction\",\"target\":[\"https:\\\/\\\/www.vsv-design.com\\\/fr\\\/products\\\/danse-sportive\\\/juvenile-fr\\\/juvenile-dress\\\/\"]}]},{\"@type\":\"ImageObject\",\"inLanguage\":\"fr-FR\",\"@id\":\"https:\\\/\\\/www.vsv-design.com\\\/fr\\\/products\\\/danse-sportive\\\/juvenile-fr\\\/juvenile-dress\\\/#primaryimage\",\"url\":\"https:\\\/\\\/www.vsv-design.com\\\/wp-content\\\/uploads\\\/2025\\\/03\\\/Comfort-meets-elegance-26.jpg\",\"contentUrl\":\"https:\\\/\\\/www.vsv-design.com\\\/wp-content\\\/uploads\\\/2025\\\/03\\\/Comfort-meets-elegance-26.jpg\",\"width\":450,\"height\":750},{\"@type\":\"BreadcrumbList\",\"@id\":\"https:\\\/\\\/www.vsv-design.com\\\/fr\\\/products\\\/danse-sportive\\\/juvenile-fr\\\/juvenile-dress\\\/#breadcrumb\",\"itemListElement\":[{\"@type\":\"ListItem\",\"position\":1,\"name\":\"Home\",\"item\":\"https:\\\/\\\/www.vsv-design.com\\\/\"},{\"@type\":\"ListItem\",\"position\":2,\"name\":\"Tous produits\",\"item\":\"https:\\\/\\\/www.vsv-design.com\\\/fr\\\/produits\\\/\"},{\"@type\":\"ListItem\",\"position\":3,\"name\":\"Robe de danse sportive Enfants #A109\"}]},{\"@type\":\"WebSite\",\"@id\":\"https:\\\/\\\/www.vsv-design.com\\\/#website\",\"url\":\"https:\\\/\\\/www.vsv-design.com\\\/\",\"name\":\"VSV Design\",\"description\":\"\",\"publisher\":{\"@id\":\"https:\\\/\\\/www.vsv-design.com\\\/#organization\"},\"potentialAction\":[{\"@type\":\"SearchAction\",\"target\":{\"@type\":\"EntryPoint\",\"urlTemplate\":\"https:\\\/\\\/www.vsv-design.com\\\/?s={search_term_string}\"},\"query-input\":{\"@type\":\"PropertyValueSpecification\",\"valueRequired\":true,\"valueName\":\"search_term_string\"}}],\"inLanguage\":\"fr-FR\"},{\"@type\":\"Organization\",\"@id\":\"https:\\\/\\\/www.vsv-design.com\\\/#organization\",\"name\":\"VSV Design\",\"url\":\"https:\\\/\\\/www.vsv-design.com\\\/\",\"logo\":{\"@type\":\"ImageObject\",\"inLanguage\":\"fr-FR\",\"@id\":\"https:\\\/\\\/www.vsv-design.com\\\/#\\\/schema\\\/logo\\\/image\\\/\",\"url\":\"https:\\\/\\\/www.vsv-design.com\\\/wp-content\\\/uploads\\\/2025\\\/01\\\/cropped-vsv-1.jpg\",\"contentUrl\":\"https:\\\/\\\/www.vsv-design.com\\\/wp-content\\\/uploads\\\/2025\\\/01\\\/cropped-vsv-1.jpg\",\"width\":512,\"height\":512,\"caption\":\"VSV Design\"},\"image\":{\"@id\":\"https:\\\/\\\/www.vsv-design.com\\\/#\\\/schema\\\/logo\\\/image\\\/\"},\"sameAs\":[\"https:\\\/\\\/www.facebook.com\\\/VSVDesign\"]}]}<\/script>\n<!-- \/ Yoast SEO plugin. -->","yoast_head_json":{"title":"Robe de danse sportive Enfants #A109 - Juv\u00e9nile - VSV Design","description":"Unique mod\u00e8le Robe de danse sportive Enfants #A109 for sale by VSV Design. Un design exclusif et une qualit\u00e9 excellente \u00e0 un prix abordable!","robots":{"index":"index","follow":"follow","max-snippet":"max-snippet:-1","max-image-preview":"max-image-preview:large","max-video-preview":"max-video-preview:-1"},"canonical":"https:\/\/www.vsv-design.com\/fr\/products\/danse-sportive\/juvenile-fr\/juvenile-dress\/","og_locale":"fr_FR","og_type":"article","og_title":"Robe de danse sportive Enfants #A109 - Juv\u00e9nile - VSV Design","og_description":"Unique mod\u00e8le Robe de danse sportive Enfants #A109 for sale by VSV Design. Un design exclusif et une qualit\u00e9 excellente \u00e0 un prix abordable!","og_url":"https:\/\/www.vsv-design.com\/fr\/products\/danse-sportive\/juvenile-fr\/juvenile-dress\/","og_site_name":"VSV Design","article_publisher":"https:\/\/www.facebook.com\/VSVDesign","article_modified_time":"2025-04-03T11:33:04+00:00","og_image":[{"width":450,"height":750,"url":"https:\/\/www.vsv-design.com\/wp-content\/uploads\/2025\/03\/Comfort-meets-elegance-26.jpg","type":"image\/jpeg"}],"twitter_card":"summary_large_image","twitter_misc":{"Dur\u00e9e de lecture estim\u00e9e":"1 minute"},"schema":{"@context":"https:\/\/schema.org","@graph":[{"@type":"WebPage","@id":"https:\/\/www.vsv-design.com\/fr\/products\/danse-sportive\/juvenile-fr\/juvenile-dress\/","url":"https:\/\/www.vsv-design.com\/fr\/products\/danse-sportive\/juvenile-fr\/juvenile-dress\/","name":"Robe de danse sportive Enfants #A109 - Juv\u00e9nile - VSV Design","isPartOf":{"@id":"https:\/\/www.vsv-design.com\/#website"},"primaryImageOfPage":{"@id":"https:\/\/www.vsv-design.com\/fr\/products\/danse-sportive\/juvenile-fr\/juvenile-dress\/#primaryimage"},"image":{"@id":"https:\/\/www.vsv-design.com\/fr\/products\/danse-sportive\/juvenile-fr\/juvenile-dress\/#primaryimage"},"thumbnailUrl":"https:\/\/www.vsv-design.com\/wp-content\/uploads\/2025\/03\/Comfort-meets-elegance-26.jpg","datePublished":"2025-03-19T10:46:58+00:00","dateModified":"2025-04-03T11:33:04+00:00","description":"Unique mod\u00e8le Robe de danse sportive Enfants #A109 for sale by VSV Design. Un design exclusif et une qualit\u00e9 excellente \u00e0 un prix abordable!","breadcrumb":{"@id":"https:\/\/www.vsv-design.com\/fr\/products\/danse-sportive\/juvenile-fr\/juvenile-dress\/#breadcrumb"},"inLanguage":"fr-FR","potentialAction":[{"@type":"ReadAction","target":["https:\/\/www.vsv-design.com\/fr\/products\/danse-sportive\/juvenile-fr\/juvenile-dress\/"]}]},{"@type":"ImageObject","inLanguage":"fr-FR","@id":"https:\/\/www.vsv-design.com\/fr\/products\/danse-sportive\/juvenile-fr\/juvenile-dress\/#primaryimage","url":"https:\/\/www.vsv-design.com\/wp-content\/uploads\/2025\/03\/Comfort-meets-elegance-26.jpg","contentUrl":"https:\/\/www.vsv-design.com\/wp-content\/uploads\/2025\/03\/Comfort-meets-elegance-26.jpg","width":450,"height":750},{"@type":"BreadcrumbList","@id":"https:\/\/www.vsv-design.com\/fr\/products\/danse-sportive\/juvenile-fr\/juvenile-dress\/#breadcrumb","itemListElement":[{"@type":"ListItem","position":1,"name":"Home","item":"https:\/\/www.vsv-design.com\/"},{"@type":"ListItem","position":2,"name":"Tous produits","item":"https:\/\/www.vsv-design.com\/fr\/produits\/"},{"@type":"ListItem","position":3,"name":"Robe de danse sportive Enfants #A109"}]},{"@type":"WebSite","@id":"https:\/\/www.vsv-design.com\/#website","url":"https:\/\/www.vsv-design.com\/","name":"VSV Design","description":"","publisher":{"@id":"https:\/\/www.vsv-design.com\/#organization"},"potentialAction":[{"@type":"SearchAction","target":{"@type":"EntryPoint","urlTemplate":"https:\/\/www.vsv-design.com\/?s={search_term_string}"},"query-input":{"@type":"PropertyValueSpecification","valueRequired":true,"valueName":"search_term_string"}}],"inLanguage":"fr-FR"},{"@type":"Organization","@id":"https:\/\/www.vsv-design.com\/#organization","name":"VSV Design","url":"https:\/\/www.vsv-design.com\/","logo":{"@type":"ImageObject","inLanguage":"fr-FR","@id":"https:\/\/www.vsv-design.com\/#\/schema\/logo\/image\/","url":"https:\/\/www.vsv-design.com\/wp-content\/uploads\/2025\/01\/cropped-vsv-1.jpg","contentUrl":"https:\/\/www.vsv-design.com\/wp-content\/uploads\/2025\/01\/cropped-vsv-1.jpg","width":512,"height":512,"caption":"VSV Design"},"image":{"@id":"https:\/\/www.vsv-design.com\/#\/schema\/logo\/image\/"},"sameAs":["https:\/\/www.facebook.com\/VSVDesign"]}]}},"_links":{"self":[{"href":"https:\/\/www.vsv-design.com\/fr\/wp-json\/wp\/v2\/product\/6107","targetHints":{"allow":["GET"]}}],"collection":[{"href":"https:\/\/www.vsv-design.com\/fr\/wp-json\/wp\/v2\/product"}],"about":[{"href":"https:\/\/www.vsv-design.com\/fr\/wp-json\/wp\/v2\/types\/product"}],"replies":[{"embeddable":true,"href":"https:\/\/www.vsv-design.com\/fr\/wp-json\/wp\/v2\/comments?post=6107"}],"wp:featuredmedia":[{"embeddable":true,"href":"https:\/\/www.vsv-design.com\/fr\/wp-json\/wp\/v2\/media\/6567"}],"wp:attachment":[{"href":"https:\/\/www.vsv-design.com\/fr\/wp-json\/wp\/v2\/media?parent=6107"}],"wp:term":[{"taxonomy":"product_brand","embeddable":true,"href":"https:\/\/www.vsv-design.com\/fr\/wp-json\/wp\/v2\/product_brand?post=6107"},{"taxonomy":"product_cat","embeddable":true,"href":"https:\/\/www.vsv-design.com\/fr\/wp-json\/wp\/v2\/product_cat?post=6107"},{"taxonomy":"product_tag","embeddable":true,"href":"https:\/\/www.vsv-design.com\/fr\/wp-json\/wp\/v2\/product_tag?post=6107"}],"curies":[{"name":"wp","href":"https:\/\/api.w.org\/{rel}","templated":true}]}}