{"id":6052,"date":"2025-03-18T22:28:08","date_gmt":"2025-03-18T20:28:08","guid":{"rendered":"https:\/\/dev.vsv-design.com\/products\/non%20class\u00e9\/leotard-blackblue\/"},"modified":"2025-03-24T17:55:34","modified_gmt":"2025-03-24T15:55:34","slug":"leotard-blackblue","status":"publish","type":"product","link":"https:\/\/www.vsv-design.com\/fr\/products\/gymnastique-rythmique\/vetements-gymnastique-rythmique\/leotard-blackblue\/","title":{"rendered":"Justaucorps de gymnastique rythmique #B002"},"content":{"rendered":"<p data-start=\"0\" data-end=\"96\"><strong data-start=\"0\" data-end=\"94\">Justaucorps \u00e9l\u00e9gant de gymnastique rythmique \u2013 Une parfaite alliance de style et d\u2019\u00e9clat!<\/strong><\/p>\n<p data-start=\"98\" data-end=\"389\" data-is-last-node=\"\" data-is-only-node=\"\">Ce justaucorps raffin\u00e9 en noir et bleu est con\u00e7u pour les gymnastes qui aiment impressionner. Fabriqu\u00e9 en tissu brillant, il met en valeur chaque mouvement avec une touche sophistiqu\u00e9e, tandis que les d\u00e9corations en cristaux amplifient l\u2019effet et ajoutent encore plus d\u2019\u00e9clat sur sc\u00e8ne!<\/p>\n","protected":false},"excerpt":{"rendered":"<div class=\"woocommerce-product-details__short-description\">\n<p><b><i>Confort et style pour chaque petite gr\u00e2ce !<br \/>\n<\/i><\/b><\/p>\n<ul>\n<li>Livraison rapide!<\/li>\n<li><i>D\u00e9lai de retour de 14 jours!<\/i><\/li>\n<\/ul>\n<\/div>\n<p>&nbsp;<\/p>\n<div class=\"rey-summaryAcc --layout-acc --has-reviews\"><\/div>\n","protected":false},"featured_media":6047,"comment_status":"open","ping_status":"closed","template":"","meta":{"_acf_changed":false},"product_brand":[],"product_cat":[227],"product_tag":[],"class_list":{"0":"post-6052","1":"product","2":"type-product","3":"status-publish","4":"has-post-thumbnail","6":"product_cat-vetements-gymnastique-rythmique","7":"product_shipping_class-small-dresses-shipping-fr","9":"first","10":"instock","11":"sale","12":"shipping-taxable","13":"purchasable","14":"product-type-variable","swatches":"rey-swatches","show_selected":"rey-swatches--show-selected--name","stretch_labels":"rey-swatches--stretch-labels"},"acf":[],"yoast_head":"<!-- This site is optimized with the Yoast SEO plugin v27.4 - https:\/\/yoast.com\/product\/yoast-seo-wordpress\/ -->\n<title>Justaucorps de gymnastique rythmique #B002 - V\u00eatements pour la gymnastique rythmique - VSV Design<\/title>\n<meta name=\"description\" content=\"Unique mod\u00e8le Justaucorps de gymnastique rythmique #B002 for sale by VSV Design. Un design exclusif et une qualit\u00e9 excellente \u00e0 un prix abordable!\" \/>\n<meta name=\"robots\" content=\"index, follow, max-snippet:-1, max-image-preview:large, max-video-preview:-1\" \/>\n<link rel=\"canonical\" href=\"https:\/\/www.vsv-design.com\/fr\/products\/gymnastique-rythmique\/vetements-gymnastique-rythmique\/leotard-blackblue\/\" \/>\n<meta property=\"og:locale\" content=\"fr_FR\" \/>\n<meta property=\"og:type\" content=\"article\" \/>\n<meta property=\"og:title\" content=\"Justaucorps de gymnastique rythmique #B002 - V\u00eatements pour la gymnastique rythmique - VSV Design\" \/>\n<meta property=\"og:description\" content=\"Unique mod\u00e8le Justaucorps de gymnastique rythmique #B002 for sale by VSV Design. Un design exclusif et une qualit\u00e9 excellente \u00e0 un prix abordable!\" \/>\n<meta property=\"og:url\" content=\"https:\/\/www.vsv-design.com\/fr\/products\/gymnastique-rythmique\/vetements-gymnastique-rythmique\/leotard-blackblue\/\" \/>\n<meta property=\"og:site_name\" content=\"VSV Design\" \/>\n<meta property=\"article:publisher\" content=\"https:\/\/www.facebook.com\/VSVDesign\" \/>\n<meta property=\"article:modified_time\" content=\"2025-03-24T15:55:34+00:00\" \/>\n<meta property=\"og:image\" content=\"https:\/\/www.vsv-design.com\/wp-content\/uploads\/2025\/03\/VSV2-164.jpg\" \/>\n\t<meta property=\"og:image:width\" content=\"1707\" \/>\n\t<meta property=\"og:image:height\" content=\"2560\" \/>\n\t<meta property=\"og:image:type\" content=\"image\/jpeg\" \/>\n<meta name=\"twitter:card\" content=\"summary_large_image\" \/>\n<meta name=\"twitter:label1\" content=\"Dur\u00e9e de lecture estim\u00e9e\" \/>\n\t<meta name=\"twitter:data1\" content=\"1 minute\" \/>\n<script type=\"application\/ld+json\" class=\"yoast-schema-graph\">{\"@context\":\"https:\\\/\\\/schema.org\",\"@graph\":[{\"@type\":\"WebPage\",\"@id\":\"https:\\\/\\\/www.vsv-design.com\\\/fr\\\/products\\\/gymnastique-rythmique\\\/vetements-gymnastique-rythmique\\\/leotard-blackblue\\\/\",\"url\":\"https:\\\/\\\/www.vsv-design.com\\\/fr\\\/products\\\/gymnastique-rythmique\\\/vetements-gymnastique-rythmique\\\/leotard-blackblue\\\/\",\"name\":\"Justaucorps de gymnastique rythmique #B002 - V\u00eatements pour la gymnastique rythmique - VSV Design\",\"isPartOf\":{\"@id\":\"https:\\\/\\\/www.vsv-design.com\\\/#website\"},\"primaryImageOfPage\":{\"@id\":\"https:\\\/\\\/www.vsv-design.com\\\/fr\\\/products\\\/gymnastique-rythmique\\\/vetements-gymnastique-rythmique\\\/leotard-blackblue\\\/#primaryimage\"},\"image\":{\"@id\":\"https:\\\/\\\/www.vsv-design.com\\\/fr\\\/products\\\/gymnastique-rythmique\\\/vetements-gymnastique-rythmique\\\/leotard-blackblue\\\/#primaryimage\"},\"thumbnailUrl\":\"https:\\\/\\\/www.vsv-design.com\\\/wp-content\\\/uploads\\\/2025\\\/03\\\/VSV2-164.jpg\",\"datePublished\":\"2025-03-18T20:28:08+00:00\",\"dateModified\":\"2025-03-24T15:55:34+00:00\",\"description\":\"Unique mod\u00e8le Justaucorps de gymnastique rythmique #B002 for sale by VSV Design. Un design exclusif et une qualit\u00e9 excellente \u00e0 un prix abordable!\",\"breadcrumb\":{\"@id\":\"https:\\\/\\\/www.vsv-design.com\\\/fr\\\/products\\\/gymnastique-rythmique\\\/vetements-gymnastique-rythmique\\\/leotard-blackblue\\\/#breadcrumb\"},\"inLanguage\":\"fr-FR\",\"potentialAction\":[{\"@type\":\"ReadAction\",\"target\":[\"https:\\\/\\\/www.vsv-design.com\\\/fr\\\/products\\\/gymnastique-rythmique\\\/vetements-gymnastique-rythmique\\\/leotard-blackblue\\\/\"]}]},{\"@type\":\"ImageObject\",\"inLanguage\":\"fr-FR\",\"@id\":\"https:\\\/\\\/www.vsv-design.com\\\/fr\\\/products\\\/gymnastique-rythmique\\\/vetements-gymnastique-rythmique\\\/leotard-blackblue\\\/#primaryimage\",\"url\":\"https:\\\/\\\/www.vsv-design.com\\\/wp-content\\\/uploads\\\/2025\\\/03\\\/VSV2-164.jpg\",\"contentUrl\":\"https:\\\/\\\/www.vsv-design.com\\\/wp-content\\\/uploads\\\/2025\\\/03\\\/VSV2-164.jpg\",\"width\":1707,\"height\":2560},{\"@type\":\"BreadcrumbList\",\"@id\":\"https:\\\/\\\/www.vsv-design.com\\\/fr\\\/products\\\/gymnastique-rythmique\\\/vetements-gymnastique-rythmique\\\/leotard-blackblue\\\/#breadcrumb\",\"itemListElement\":[{\"@type\":\"ListItem\",\"position\":1,\"name\":\"Home\",\"item\":\"https:\\\/\\\/www.vsv-design.com\\\/\"},{\"@type\":\"ListItem\",\"position\":2,\"name\":\"Tous produits\",\"item\":\"https:\\\/\\\/www.vsv-design.com\\\/fr\\\/produits\\\/\"},{\"@type\":\"ListItem\",\"position\":3,\"name\":\"Justaucorps de gymnastique rythmique #B002\"}]},{\"@type\":\"WebSite\",\"@id\":\"https:\\\/\\\/www.vsv-design.com\\\/#website\",\"url\":\"https:\\\/\\\/www.vsv-design.com\\\/\",\"name\":\"VSV Design\",\"description\":\"\",\"publisher\":{\"@id\":\"https:\\\/\\\/www.vsv-design.com\\\/#organization\"},\"potentialAction\":[{\"@type\":\"SearchAction\",\"target\":{\"@type\":\"EntryPoint\",\"urlTemplate\":\"https:\\\/\\\/www.vsv-design.com\\\/?s={search_term_string}\"},\"query-input\":{\"@type\":\"PropertyValueSpecification\",\"valueRequired\":true,\"valueName\":\"search_term_string\"}}],\"inLanguage\":\"fr-FR\"},{\"@type\":\"Organization\",\"@id\":\"https:\\\/\\\/www.vsv-design.com\\\/#organization\",\"name\":\"VSV Design\",\"url\":\"https:\\\/\\\/www.vsv-design.com\\\/\",\"logo\":{\"@type\":\"ImageObject\",\"inLanguage\":\"fr-FR\",\"@id\":\"https:\\\/\\\/www.vsv-design.com\\\/#\\\/schema\\\/logo\\\/image\\\/\",\"url\":\"https:\\\/\\\/www.vsv-design.com\\\/wp-content\\\/uploads\\\/2025\\\/01\\\/cropped-vsv-1.jpg\",\"contentUrl\":\"https:\\\/\\\/www.vsv-design.com\\\/wp-content\\\/uploads\\\/2025\\\/01\\\/cropped-vsv-1.jpg\",\"width\":512,\"height\":512,\"caption\":\"VSV Design\"},\"image\":{\"@id\":\"https:\\\/\\\/www.vsv-design.com\\\/#\\\/schema\\\/logo\\\/image\\\/\"},\"sameAs\":[\"https:\\\/\\\/www.facebook.com\\\/VSVDesign\"]}]}<\/script>\n<!-- \/ Yoast SEO plugin. -->","yoast_head_json":{"title":"Justaucorps de gymnastique rythmique #B002 - V\u00eatements pour la gymnastique rythmique - VSV Design","description":"Unique mod\u00e8le Justaucorps de gymnastique rythmique #B002 for sale by VSV Design. Un design exclusif et une qualit\u00e9 excellente \u00e0 un prix abordable!","robots":{"index":"index","follow":"follow","max-snippet":"max-snippet:-1","max-image-preview":"max-image-preview:large","max-video-preview":"max-video-preview:-1"},"canonical":"https:\/\/www.vsv-design.com\/fr\/products\/gymnastique-rythmique\/vetements-gymnastique-rythmique\/leotard-blackblue\/","og_locale":"fr_FR","og_type":"article","og_title":"Justaucorps de gymnastique rythmique #B002 - V\u00eatements pour la gymnastique rythmique - VSV Design","og_description":"Unique mod\u00e8le Justaucorps de gymnastique rythmique #B002 for sale by VSV Design. Un design exclusif et une qualit\u00e9 excellente \u00e0 un prix abordable!","og_url":"https:\/\/www.vsv-design.com\/fr\/products\/gymnastique-rythmique\/vetements-gymnastique-rythmique\/leotard-blackblue\/","og_site_name":"VSV Design","article_publisher":"https:\/\/www.facebook.com\/VSVDesign","article_modified_time":"2025-03-24T15:55:34+00:00","og_image":[{"width":1707,"height":2560,"url":"https:\/\/www.vsv-design.com\/wp-content\/uploads\/2025\/03\/VSV2-164.jpg","type":"image\/jpeg"}],"twitter_card":"summary_large_image","twitter_misc":{"Dur\u00e9e de lecture estim\u00e9e":"1 minute"},"schema":{"@context":"https:\/\/schema.org","@graph":[{"@type":"WebPage","@id":"https:\/\/www.vsv-design.com\/fr\/products\/gymnastique-rythmique\/vetements-gymnastique-rythmique\/leotard-blackblue\/","url":"https:\/\/www.vsv-design.com\/fr\/products\/gymnastique-rythmique\/vetements-gymnastique-rythmique\/leotard-blackblue\/","name":"Justaucorps de gymnastique rythmique #B002 - V\u00eatements pour la gymnastique rythmique - VSV Design","isPartOf":{"@id":"https:\/\/www.vsv-design.com\/#website"},"primaryImageOfPage":{"@id":"https:\/\/www.vsv-design.com\/fr\/products\/gymnastique-rythmique\/vetements-gymnastique-rythmique\/leotard-blackblue\/#primaryimage"},"image":{"@id":"https:\/\/www.vsv-design.com\/fr\/products\/gymnastique-rythmique\/vetements-gymnastique-rythmique\/leotard-blackblue\/#primaryimage"},"thumbnailUrl":"https:\/\/www.vsv-design.com\/wp-content\/uploads\/2025\/03\/VSV2-164.jpg","datePublished":"2025-03-18T20:28:08+00:00","dateModified":"2025-03-24T15:55:34+00:00","description":"Unique mod\u00e8le Justaucorps de gymnastique rythmique #B002 for sale by VSV Design. Un design exclusif et une qualit\u00e9 excellente \u00e0 un prix abordable!","breadcrumb":{"@id":"https:\/\/www.vsv-design.com\/fr\/products\/gymnastique-rythmique\/vetements-gymnastique-rythmique\/leotard-blackblue\/#breadcrumb"},"inLanguage":"fr-FR","potentialAction":[{"@type":"ReadAction","target":["https:\/\/www.vsv-design.com\/fr\/products\/gymnastique-rythmique\/vetements-gymnastique-rythmique\/leotard-blackblue\/"]}]},{"@type":"ImageObject","inLanguage":"fr-FR","@id":"https:\/\/www.vsv-design.com\/fr\/products\/gymnastique-rythmique\/vetements-gymnastique-rythmique\/leotard-blackblue\/#primaryimage","url":"https:\/\/www.vsv-design.com\/wp-content\/uploads\/2025\/03\/VSV2-164.jpg","contentUrl":"https:\/\/www.vsv-design.com\/wp-content\/uploads\/2025\/03\/VSV2-164.jpg","width":1707,"height":2560},{"@type":"BreadcrumbList","@id":"https:\/\/www.vsv-design.com\/fr\/products\/gymnastique-rythmique\/vetements-gymnastique-rythmique\/leotard-blackblue\/#breadcrumb","itemListElement":[{"@type":"ListItem","position":1,"name":"Home","item":"https:\/\/www.vsv-design.com\/"},{"@type":"ListItem","position":2,"name":"Tous produits","item":"https:\/\/www.vsv-design.com\/fr\/produits\/"},{"@type":"ListItem","position":3,"name":"Justaucorps de gymnastique rythmique #B002"}]},{"@type":"WebSite","@id":"https:\/\/www.vsv-design.com\/#website","url":"https:\/\/www.vsv-design.com\/","name":"VSV Design","description":"","publisher":{"@id":"https:\/\/www.vsv-design.com\/#organization"},"potentialAction":[{"@type":"SearchAction","target":{"@type":"EntryPoint","urlTemplate":"https:\/\/www.vsv-design.com\/?s={search_term_string}"},"query-input":{"@type":"PropertyValueSpecification","valueRequired":true,"valueName":"search_term_string"}}],"inLanguage":"fr-FR"},{"@type":"Organization","@id":"https:\/\/www.vsv-design.com\/#organization","name":"VSV Design","url":"https:\/\/www.vsv-design.com\/","logo":{"@type":"ImageObject","inLanguage":"fr-FR","@id":"https:\/\/www.vsv-design.com\/#\/schema\/logo\/image\/","url":"https:\/\/www.vsv-design.com\/wp-content\/uploads\/2025\/01\/cropped-vsv-1.jpg","contentUrl":"https:\/\/www.vsv-design.com\/wp-content\/uploads\/2025\/01\/cropped-vsv-1.jpg","width":512,"height":512,"caption":"VSV Design"},"image":{"@id":"https:\/\/www.vsv-design.com\/#\/schema\/logo\/image\/"},"sameAs":["https:\/\/www.facebook.com\/VSVDesign"]}]}},"_links":{"self":[{"href":"https:\/\/www.vsv-design.com\/fr\/wp-json\/wp\/v2\/product\/6052","targetHints":{"allow":["GET"]}}],"collection":[{"href":"https:\/\/www.vsv-design.com\/fr\/wp-json\/wp\/v2\/product"}],"about":[{"href":"https:\/\/www.vsv-design.com\/fr\/wp-json\/wp\/v2\/types\/product"}],"replies":[{"embeddable":true,"href":"https:\/\/www.vsv-design.com\/fr\/wp-json\/wp\/v2\/comments?post=6052"}],"wp:featuredmedia":[{"embeddable":true,"href":"https:\/\/www.vsv-design.com\/fr\/wp-json\/wp\/v2\/media\/6047"}],"wp:attachment":[{"href":"https:\/\/www.vsv-design.com\/fr\/wp-json\/wp\/v2\/media?parent=6052"}],"wp:term":[{"taxonomy":"product_brand","embeddable":true,"href":"https:\/\/www.vsv-design.com\/fr\/wp-json\/wp\/v2\/product_brand?post=6052"},{"taxonomy":"product_cat","embeddable":true,"href":"https:\/\/www.vsv-design.com\/fr\/wp-json\/wp\/v2\/product_cat?post=6052"},{"taxonomy":"product_tag","embeddable":true,"href":"https:\/\/www.vsv-design.com\/fr\/wp-json\/wp\/v2\/product_tag?post=6052"}],"curies":[{"name":"wp","href":"https:\/\/api.w.org\/{rel}","templated":true}]}}