{"id":4942,"date":"2025-02-12T11:52:27","date_gmt":"2025-02-12T09:52:27","guid":{"rendered":"https:\/\/dev.vsv-design.com\/products\/non%20class\u00e9\/crinoline-6-cm-dark-blue\/"},"modified":"2025-02-12T13:30:14","modified_gmt":"2025-02-12T11:30:14","slug":"crinoline-6-cm-dark-blue","status":"publish","type":"product","link":"https:\/\/www.vsv-design.com\/fr\/products\/tissus-et-embellissements\/crinoline-fr\/crinoline-6-cm-dark-blue\/","title":{"rendered":"Crinoline 6 cm\/8cm  Bleu fonc\u00e9"},"content":{"rendered":"","protected":false},"excerpt":{"rendered":"<ul>\n<li><em><strong>Le prix est pour 1 paquet ( 20m\u00e8tres)!<\/strong><\/em><\/li>\n<li><em>Largeur : 6 cm ou 8 cm<\/em><\/li>\n<li>S\u00e9lectionner la taille souhait\u00e9e!<\/li>\n<\/ul>\n","protected":false},"featured_media":4940,"comment_status":"open","ping_status":"closed","template":"","meta":{"_acf_changed":false},"product_brand":[],"product_cat":[247],"product_tag":[],"class_list":{"0":"post-4942","1":"product","2":"type-product","3":"status-publish","4":"has-post-thumbnail","6":"product_cat-crinoline-fr","7":"product_shipping_class-medium-dresses-shipping-fr","9":"first","10":"outofstock","11":"shipping-taxable","12":"purchasable","13":"product-type-simple","swatches":"rey-swatches","show_selected":"rey-swatches--show-selected--name","stretch_labels":"rey-swatches--stretch-labels"},"acf":[],"yoast_head":"<!-- This site is optimized with the Yoast SEO plugin v26.7 - https:\/\/yoast.com\/wordpress\/plugins\/seo\/ -->\n<title>Crinoline 6 cm\/8cm Bleu fonc\u00e9 - Crinoline - VSV Design<\/title>\n<meta name=\"description\" content=\"Unique mod\u00e8le Crinoline 6 cm\/8cm Bleu fonc\u00e9 for sale by VSV Design. Un design exclusif et une qualit\u00e9 excellente \u00e0 un prix abordable!\" \/>\n<meta name=\"robots\" content=\"index, follow, max-snippet:-1, max-image-preview:large, max-video-preview:-1\" \/>\n<link rel=\"canonical\" href=\"https:\/\/www.vsv-design.com\/fr\/products\/tissus-et-embellissements\/crinoline-fr\/crinoline-6-cm-dark-blue\/\" \/>\n<meta property=\"og:locale\" content=\"fr_FR\" \/>\n<meta property=\"og:type\" content=\"article\" \/>\n<meta property=\"og:title\" content=\"Crinoline 6 cm\/8cm Bleu fonc\u00e9 - Crinoline - VSV Design\" \/>\n<meta property=\"og:description\" content=\"Unique mod\u00e8le Crinoline 6 cm\/8cm Bleu fonc\u00e9 for sale by VSV Design. Un design exclusif et une qualit\u00e9 excellente \u00e0 un prix abordable!\" \/>\n<meta property=\"og:url\" content=\"https:\/\/www.vsv-design.com\/fr\/products\/tissus-et-embellissements\/crinoline-fr\/crinoline-6-cm-dark-blue\/\" \/>\n<meta property=\"og:site_name\" content=\"VSV Design\" \/>\n<meta property=\"article:publisher\" content=\"https:\/\/www.facebook.com\/VSVDesign\" \/>\n<meta property=\"article:modified_time\" content=\"2025-02-12T11:30:14+00:00\" \/>\n<meta property=\"og:image\" content=\"https:\/\/www.vsv-design.com\/wp-content\/uploads\/2025\/02\/1-DRESS-89.jpg\" \/>\n\t<meta property=\"og:image:width\" content=\"1080\" \/>\n\t<meta property=\"og:image:height\" content=\"1920\" \/>\n\t<meta property=\"og:image:type\" content=\"image\/jpeg\" \/>\n<meta name=\"twitter:card\" content=\"summary_large_image\" \/>\n<meta name=\"twitter:label1\" content=\"Dur\u00e9e de lecture estim\u00e9e\" \/>\n\t<meta name=\"twitter:data1\" content=\"1 minute\" \/>\n<script type=\"application\/ld+json\" class=\"yoast-schema-graph\">{\"@context\":\"https:\/\/schema.org\",\"@graph\":[{\"@type\":\"WebPage\",\"@id\":\"https:\/\/www.vsv-design.com\/fr\/products\/tissus-et-embellissements\/crinoline-fr\/crinoline-6-cm-dark-blue\/\",\"url\":\"https:\/\/www.vsv-design.com\/fr\/products\/tissus-et-embellissements\/crinoline-fr\/crinoline-6-cm-dark-blue\/\",\"name\":\"Crinoline 6 cm\/8cm Bleu fonc\u00e9 - Crinoline - VSV Design\",\"isPartOf\":{\"@id\":\"https:\/\/www.vsv-design.com\/#website\"},\"primaryImageOfPage\":{\"@id\":\"https:\/\/www.vsv-design.com\/fr\/products\/tissus-et-embellissements\/crinoline-fr\/crinoline-6-cm-dark-blue\/#primaryimage\"},\"image\":{\"@id\":\"https:\/\/www.vsv-design.com\/fr\/products\/tissus-et-embellissements\/crinoline-fr\/crinoline-6-cm-dark-blue\/#primaryimage\"},\"thumbnailUrl\":\"https:\/\/www.vsv-design.com\/wp-content\/uploads\/2025\/02\/1-DRESS-89.jpg\",\"datePublished\":\"2025-02-12T09:52:27+00:00\",\"dateModified\":\"2025-02-12T11:30:14+00:00\",\"description\":\"Unique mod\u00e8le Crinoline 6 cm\/8cm Bleu fonc\u00e9 for sale by VSV Design. Un design exclusif et une qualit\u00e9 excellente \u00e0 un prix abordable!\",\"breadcrumb\":{\"@id\":\"https:\/\/www.vsv-design.com\/fr\/products\/tissus-et-embellissements\/crinoline-fr\/crinoline-6-cm-dark-blue\/#breadcrumb\"},\"inLanguage\":\"fr-FR\",\"potentialAction\":[{\"@type\":\"ReadAction\",\"target\":[\"https:\/\/www.vsv-design.com\/fr\/products\/tissus-et-embellissements\/crinoline-fr\/crinoline-6-cm-dark-blue\/\"]}]},{\"@type\":\"ImageObject\",\"inLanguage\":\"fr-FR\",\"@id\":\"https:\/\/www.vsv-design.com\/fr\/products\/tissus-et-embellissements\/crinoline-fr\/crinoline-6-cm-dark-blue\/#primaryimage\",\"url\":\"https:\/\/www.vsv-design.com\/wp-content\/uploads\/2025\/02\/1-DRESS-89.jpg\",\"contentUrl\":\"https:\/\/www.vsv-design.com\/wp-content\/uploads\/2025\/02\/1-DRESS-89.jpg\",\"width\":1080,\"height\":1920},{\"@type\":\"BreadcrumbList\",\"@id\":\"https:\/\/www.vsv-design.com\/fr\/products\/tissus-et-embellissements\/crinoline-fr\/crinoline-6-cm-dark-blue\/#breadcrumb\",\"itemListElement\":[{\"@type\":\"ListItem\",\"position\":1,\"name\":\"Home\",\"item\":\"https:\/\/www.vsv-design.com\/\"},{\"@type\":\"ListItem\",\"position\":2,\"name\":\"Tous produits\",\"item\":\"https:\/\/www.vsv-design.com\/fr\/produits\/\"},{\"@type\":\"ListItem\",\"position\":3,\"name\":\"Crinoline 6 cm\/8cm Bleu fonc\u00e9\"}]},{\"@type\":\"WebSite\",\"@id\":\"https:\/\/www.vsv-design.com\/#website\",\"url\":\"https:\/\/www.vsv-design.com\/\",\"name\":\"VSV Design\",\"description\":\"\",\"publisher\":{\"@id\":\"https:\/\/www.vsv-design.com\/#organization\"},\"potentialAction\":[{\"@type\":\"SearchAction\",\"target\":{\"@type\":\"EntryPoint\",\"urlTemplate\":\"https:\/\/www.vsv-design.com\/?s={search_term_string}\"},\"query-input\":{\"@type\":\"PropertyValueSpecification\",\"valueRequired\":true,\"valueName\":\"search_term_string\"}}],\"inLanguage\":\"fr-FR\"},{\"@type\":\"Organization\",\"@id\":\"https:\/\/www.vsv-design.com\/#organization\",\"name\":\"VSV Design\",\"url\":\"https:\/\/www.vsv-design.com\/\",\"logo\":{\"@type\":\"ImageObject\",\"inLanguage\":\"fr-FR\",\"@id\":\"https:\/\/www.vsv-design.com\/#\/schema\/logo\/image\/\",\"url\":\"https:\/\/www.vsv-design.com\/wp-content\/uploads\/2025\/01\/cropped-vsv-1.jpg\",\"contentUrl\":\"https:\/\/www.vsv-design.com\/wp-content\/uploads\/2025\/01\/cropped-vsv-1.jpg\",\"width\":512,\"height\":512,\"caption\":\"VSV Design\"},\"image\":{\"@id\":\"https:\/\/www.vsv-design.com\/#\/schema\/logo\/image\/\"},\"sameAs\":[\"https:\/\/www.facebook.com\/VSVDesign\"]}]}<\/script>\n<!-- \/ Yoast SEO plugin. -->","yoast_head_json":{"title":"Crinoline 6 cm\/8cm Bleu fonc\u00e9 - Crinoline - VSV Design","description":"Unique mod\u00e8le Crinoline 6 cm\/8cm Bleu fonc\u00e9 for sale by VSV Design. Un design exclusif et une qualit\u00e9 excellente \u00e0 un prix abordable!","robots":{"index":"index","follow":"follow","max-snippet":"max-snippet:-1","max-image-preview":"max-image-preview:large","max-video-preview":"max-video-preview:-1"},"canonical":"https:\/\/www.vsv-design.com\/fr\/products\/tissus-et-embellissements\/crinoline-fr\/crinoline-6-cm-dark-blue\/","og_locale":"fr_FR","og_type":"article","og_title":"Crinoline 6 cm\/8cm Bleu fonc\u00e9 - Crinoline - VSV Design","og_description":"Unique mod\u00e8le Crinoline 6 cm\/8cm Bleu fonc\u00e9 for sale by VSV Design. Un design exclusif et une qualit\u00e9 excellente \u00e0 un prix abordable!","og_url":"https:\/\/www.vsv-design.com\/fr\/products\/tissus-et-embellissements\/crinoline-fr\/crinoline-6-cm-dark-blue\/","og_site_name":"VSV Design","article_publisher":"https:\/\/www.facebook.com\/VSVDesign","article_modified_time":"2025-02-12T11:30:14+00:00","og_image":[{"width":1080,"height":1920,"url":"https:\/\/www.vsv-design.com\/wp-content\/uploads\/2025\/02\/1-DRESS-89.jpg","type":"image\/jpeg"}],"twitter_card":"summary_large_image","twitter_misc":{"Dur\u00e9e de lecture estim\u00e9e":"1 minute"},"schema":{"@context":"https:\/\/schema.org","@graph":[{"@type":"WebPage","@id":"https:\/\/www.vsv-design.com\/fr\/products\/tissus-et-embellissements\/crinoline-fr\/crinoline-6-cm-dark-blue\/","url":"https:\/\/www.vsv-design.com\/fr\/products\/tissus-et-embellissements\/crinoline-fr\/crinoline-6-cm-dark-blue\/","name":"Crinoline 6 cm\/8cm Bleu fonc\u00e9 - Crinoline - VSV Design","isPartOf":{"@id":"https:\/\/www.vsv-design.com\/#website"},"primaryImageOfPage":{"@id":"https:\/\/www.vsv-design.com\/fr\/products\/tissus-et-embellissements\/crinoline-fr\/crinoline-6-cm-dark-blue\/#primaryimage"},"image":{"@id":"https:\/\/www.vsv-design.com\/fr\/products\/tissus-et-embellissements\/crinoline-fr\/crinoline-6-cm-dark-blue\/#primaryimage"},"thumbnailUrl":"https:\/\/www.vsv-design.com\/wp-content\/uploads\/2025\/02\/1-DRESS-89.jpg","datePublished":"2025-02-12T09:52:27+00:00","dateModified":"2025-02-12T11:30:14+00:00","description":"Unique mod\u00e8le Crinoline 6 cm\/8cm Bleu fonc\u00e9 for sale by VSV Design. Un design exclusif et une qualit\u00e9 excellente \u00e0 un prix abordable!","breadcrumb":{"@id":"https:\/\/www.vsv-design.com\/fr\/products\/tissus-et-embellissements\/crinoline-fr\/crinoline-6-cm-dark-blue\/#breadcrumb"},"inLanguage":"fr-FR","potentialAction":[{"@type":"ReadAction","target":["https:\/\/www.vsv-design.com\/fr\/products\/tissus-et-embellissements\/crinoline-fr\/crinoline-6-cm-dark-blue\/"]}]},{"@type":"ImageObject","inLanguage":"fr-FR","@id":"https:\/\/www.vsv-design.com\/fr\/products\/tissus-et-embellissements\/crinoline-fr\/crinoline-6-cm-dark-blue\/#primaryimage","url":"https:\/\/www.vsv-design.com\/wp-content\/uploads\/2025\/02\/1-DRESS-89.jpg","contentUrl":"https:\/\/www.vsv-design.com\/wp-content\/uploads\/2025\/02\/1-DRESS-89.jpg","width":1080,"height":1920},{"@type":"BreadcrumbList","@id":"https:\/\/www.vsv-design.com\/fr\/products\/tissus-et-embellissements\/crinoline-fr\/crinoline-6-cm-dark-blue\/#breadcrumb","itemListElement":[{"@type":"ListItem","position":1,"name":"Home","item":"https:\/\/www.vsv-design.com\/"},{"@type":"ListItem","position":2,"name":"Tous produits","item":"https:\/\/www.vsv-design.com\/fr\/produits\/"},{"@type":"ListItem","position":3,"name":"Crinoline 6 cm\/8cm Bleu fonc\u00e9"}]},{"@type":"WebSite","@id":"https:\/\/www.vsv-design.com\/#website","url":"https:\/\/www.vsv-design.com\/","name":"VSV Design","description":"","publisher":{"@id":"https:\/\/www.vsv-design.com\/#organization"},"potentialAction":[{"@type":"SearchAction","target":{"@type":"EntryPoint","urlTemplate":"https:\/\/www.vsv-design.com\/?s={search_term_string}"},"query-input":{"@type":"PropertyValueSpecification","valueRequired":true,"valueName":"search_term_string"}}],"inLanguage":"fr-FR"},{"@type":"Organization","@id":"https:\/\/www.vsv-design.com\/#organization","name":"VSV Design","url":"https:\/\/www.vsv-design.com\/","logo":{"@type":"ImageObject","inLanguage":"fr-FR","@id":"https:\/\/www.vsv-design.com\/#\/schema\/logo\/image\/","url":"https:\/\/www.vsv-design.com\/wp-content\/uploads\/2025\/01\/cropped-vsv-1.jpg","contentUrl":"https:\/\/www.vsv-design.com\/wp-content\/uploads\/2025\/01\/cropped-vsv-1.jpg","width":512,"height":512,"caption":"VSV Design"},"image":{"@id":"https:\/\/www.vsv-design.com\/#\/schema\/logo\/image\/"},"sameAs":["https:\/\/www.facebook.com\/VSVDesign"]}]}},"_links":{"self":[{"href":"https:\/\/www.vsv-design.com\/fr\/wp-json\/wp\/v2\/product\/4942","targetHints":{"allow":["GET"]}}],"collection":[{"href":"https:\/\/www.vsv-design.com\/fr\/wp-json\/wp\/v2\/product"}],"about":[{"href":"https:\/\/www.vsv-design.com\/fr\/wp-json\/wp\/v2\/types\/product"}],"replies":[{"embeddable":true,"href":"https:\/\/www.vsv-design.com\/fr\/wp-json\/wp\/v2\/comments?post=4942"}],"wp:featuredmedia":[{"embeddable":true,"href":"https:\/\/www.vsv-design.com\/fr\/wp-json\/wp\/v2\/media\/4940"}],"wp:attachment":[{"href":"https:\/\/www.vsv-design.com\/fr\/wp-json\/wp\/v2\/media?parent=4942"}],"wp:term":[{"taxonomy":"product_brand","embeddable":true,"href":"https:\/\/www.vsv-design.com\/fr\/wp-json\/wp\/v2\/product_brand?post=4942"},{"taxonomy":"product_cat","embeddable":true,"href":"https:\/\/www.vsv-design.com\/fr\/wp-json\/wp\/v2\/product_cat?post=4942"},{"taxonomy":"product_tag","embeddable":true,"href":"https:\/\/www.vsv-design.com\/fr\/wp-json\/wp\/v2\/product_tag?post=4942"}],"curies":[{"name":"wp","href":"https:\/\/api.w.org\/{rel}","templated":true}]}}