{"id":4142,"date":"2025-02-04T13:12:12","date_gmt":"2025-02-04T11:12:12","guid":{"rendered":"https:\/\/dev.vsv-design.com\/products\/non%20class\u00e9\/ballet-leotard-black\/"},"modified":"2025-02-04T14:01:20","modified_gmt":"2025-02-04T12:01:20","slug":"ballet-leotard-black","status":"publish","type":"product","link":"https:\/\/www.vsv-design.com\/fr\/products\/ballet-fr\/vetements-de-ballet\/ballet-leotard-black\/","title":{"rendered":"Justaucorps de Ballet en noir"},"content":{"rendered":"<p><em><strong>Ressentez la magie du ballet et exprimez votre \u00e9l\u00e9gance!<\/strong><\/em><\/p>\n<p>Justaucorps de danse classique pour fille en noir, en tissu \u00e9lastique qui offre confort et libert\u00e9 de mouvement, ce qui est essentiel pour un entra\u00eenement r\u00e9ussi.<br \/>\nDes v\u00eatements appropri\u00e9s am\u00e9liorent non seulement les performances, mais renforcent \u00e9galement la motivation de l\u2019enfant, l\u2019aidant \u00e0 se sentir confiant et inspir\u00e9 \u00e0 chaque pas!<\/p>\n<p><em><strong>\u00a0<\/strong><\/em><\/p>\n","protected":false},"excerpt":{"rendered":"<p><em><strong>La gr\u00e2ce, le style et l\u2019\u00e9l\u00e9gance \u00e0 chaque pas!<\/strong><\/em><\/p>\n<ul>\n<li>Livraison rapide<\/li>\n<li><em>D\u00e9lais de retour de 14 jours\u00a0<\/em><\/li>\n<\/ul>\n","protected":false},"featured_media":4136,"comment_status":"open","ping_status":"closed","template":"","meta":{"_acf_changed":false},"product_brand":[],"product_cat":[197],"product_tag":[],"class_list":{"0":"post-4142","1":"product","2":"type-product","3":"status-publish","4":"has-post-thumbnail","6":"product_cat-vetements-de-ballet","7":"product_shipping_class-small-dresses-shipping-fr","9":"first","10":"instock","11":"shipping-taxable","12":"product-type-simple","swatches":"rey-swatches","show_selected":"rey-swatches--show-selected--name","stretch_labels":"rey-swatches--stretch-labels"},"acf":[],"yoast_head":"<!-- This site is optimized with the Yoast SEO plugin v27.4 - https:\/\/yoast.com\/product\/yoast-seo-wordpress\/ -->\n<title>Justaucorps de Ballet en noir - V\u00eatements de Ballet - VSV Design<\/title>\n<meta name=\"description\" content=\"Unique mod\u00e8le Justaucorps de Ballet en noir for sale by VSV Design. Un design exclusif et une qualit\u00e9 excellente \u00e0 un prix abordable!\" \/>\n<meta name=\"robots\" content=\"index, follow, max-snippet:-1, max-image-preview:large, max-video-preview:-1\" \/>\n<link rel=\"canonical\" href=\"https:\/\/www.vsv-design.com\/fr\/products\/ballet-fr\/vetements-de-ballet\/ballet-leotard-black\/\" \/>\n<meta property=\"og:locale\" content=\"fr_FR\" \/>\n<meta property=\"og:type\" content=\"article\" \/>\n<meta property=\"og:title\" content=\"Justaucorps de Ballet en noir - V\u00eatements de Ballet - VSV Design\" \/>\n<meta property=\"og:description\" content=\"Unique mod\u00e8le Justaucorps de Ballet en noir for sale by VSV Design. Un design exclusif et une qualit\u00e9 excellente \u00e0 un prix abordable!\" \/>\n<meta property=\"og:url\" content=\"https:\/\/www.vsv-design.com\/fr\/products\/ballet-fr\/vetements-de-ballet\/ballet-leotard-black\/\" \/>\n<meta property=\"og:site_name\" content=\"VSV Design\" \/>\n<meta property=\"article:publisher\" content=\"https:\/\/www.facebook.com\/VSVDesign\" \/>\n<meta property=\"article:modified_time\" content=\"2025-02-04T12:01:20+00:00\" \/>\n<meta property=\"og:image\" content=\"https:\/\/www.vsv-design.com\/wp-content\/uploads\/2025\/02\/\u0427\u0435\u0440\u043d\u043e-\u0442\u0440\u0438\u043a\u043e-1.jpg\" \/>\n\t<meta property=\"og:image:width\" content=\"1340\" \/>\n\t<meta property=\"og:image:height\" content=\"1785\" \/>\n\t<meta property=\"og:image:type\" content=\"image\/jpeg\" \/>\n<meta name=\"twitter:card\" content=\"summary_large_image\" \/>\n<meta name=\"twitter:label1\" content=\"Dur\u00e9e de lecture estim\u00e9e\" \/>\n\t<meta name=\"twitter:data1\" content=\"1 minute\" \/>\n<script type=\"application\/ld+json\" class=\"yoast-schema-graph\">{\"@context\":\"https:\\\/\\\/schema.org\",\"@graph\":[{\"@type\":\"WebPage\",\"@id\":\"https:\\\/\\\/www.vsv-design.com\\\/fr\\\/products\\\/ballet-fr\\\/vetements-de-ballet\\\/ballet-leotard-black\\\/\",\"url\":\"https:\\\/\\\/www.vsv-design.com\\\/fr\\\/products\\\/ballet-fr\\\/vetements-de-ballet\\\/ballet-leotard-black\\\/\",\"name\":\"Justaucorps de Ballet en noir - V\u00eatements de Ballet - VSV Design\",\"isPartOf\":{\"@id\":\"https:\\\/\\\/www.vsv-design.com\\\/#website\"},\"primaryImageOfPage\":{\"@id\":\"https:\\\/\\\/www.vsv-design.com\\\/fr\\\/products\\\/ballet-fr\\\/vetements-de-ballet\\\/ballet-leotard-black\\\/#primaryimage\"},\"image\":{\"@id\":\"https:\\\/\\\/www.vsv-design.com\\\/fr\\\/products\\\/ballet-fr\\\/vetements-de-ballet\\\/ballet-leotard-black\\\/#primaryimage\"},\"thumbnailUrl\":\"https:\\\/\\\/www.vsv-design.com\\\/wp-content\\\/uploads\\\/2025\\\/02\\\/\u0427\u0435\u0440\u043d\u043e-\u0442\u0440\u0438\u043a\u043e-1.jpg\",\"datePublished\":\"2025-02-04T11:12:12+00:00\",\"dateModified\":\"2025-02-04T12:01:20+00:00\",\"description\":\"Unique mod\u00e8le Justaucorps de Ballet en noir for sale by VSV Design. Un design exclusif et une qualit\u00e9 excellente \u00e0 un prix abordable!\",\"breadcrumb\":{\"@id\":\"https:\\\/\\\/www.vsv-design.com\\\/fr\\\/products\\\/ballet-fr\\\/vetements-de-ballet\\\/ballet-leotard-black\\\/#breadcrumb\"},\"inLanguage\":\"fr-FR\",\"potentialAction\":[{\"@type\":\"ReadAction\",\"target\":[\"https:\\\/\\\/www.vsv-design.com\\\/fr\\\/products\\\/ballet-fr\\\/vetements-de-ballet\\\/ballet-leotard-black\\\/\"]}]},{\"@type\":\"ImageObject\",\"inLanguage\":\"fr-FR\",\"@id\":\"https:\\\/\\\/www.vsv-design.com\\\/fr\\\/products\\\/ballet-fr\\\/vetements-de-ballet\\\/ballet-leotard-black\\\/#primaryimage\",\"url\":\"https:\\\/\\\/www.vsv-design.com\\\/wp-content\\\/uploads\\\/2025\\\/02\\\/\u0427\u0435\u0440\u043d\u043e-\u0442\u0440\u0438\u043a\u043e-1.jpg\",\"contentUrl\":\"https:\\\/\\\/www.vsv-design.com\\\/wp-content\\\/uploads\\\/2025\\\/02\\\/\u0427\u0435\u0440\u043d\u043e-\u0442\u0440\u0438\u043a\u043e-1.jpg\",\"width\":1340,\"height\":1785},{\"@type\":\"BreadcrumbList\",\"@id\":\"https:\\\/\\\/www.vsv-design.com\\\/fr\\\/products\\\/ballet-fr\\\/vetements-de-ballet\\\/ballet-leotard-black\\\/#breadcrumb\",\"itemListElement\":[{\"@type\":\"ListItem\",\"position\":1,\"name\":\"Home\",\"item\":\"https:\\\/\\\/www.vsv-design.com\\\/\"},{\"@type\":\"ListItem\",\"position\":2,\"name\":\"Tous produits\",\"item\":\"https:\\\/\\\/www.vsv-design.com\\\/fr\\\/produits\\\/\"},{\"@type\":\"ListItem\",\"position\":3,\"name\":\"Justaucorps de Ballet en noir\"}]},{\"@type\":\"WebSite\",\"@id\":\"https:\\\/\\\/www.vsv-design.com\\\/#website\",\"url\":\"https:\\\/\\\/www.vsv-design.com\\\/\",\"name\":\"VSV Design\",\"description\":\"\",\"publisher\":{\"@id\":\"https:\\\/\\\/www.vsv-design.com\\\/#organization\"},\"potentialAction\":[{\"@type\":\"SearchAction\",\"target\":{\"@type\":\"EntryPoint\",\"urlTemplate\":\"https:\\\/\\\/www.vsv-design.com\\\/?s={search_term_string}\"},\"query-input\":{\"@type\":\"PropertyValueSpecification\",\"valueRequired\":true,\"valueName\":\"search_term_string\"}}],\"inLanguage\":\"fr-FR\"},{\"@type\":\"Organization\",\"@id\":\"https:\\\/\\\/www.vsv-design.com\\\/#organization\",\"name\":\"VSV Design\",\"url\":\"https:\\\/\\\/www.vsv-design.com\\\/\",\"logo\":{\"@type\":\"ImageObject\",\"inLanguage\":\"fr-FR\",\"@id\":\"https:\\\/\\\/www.vsv-design.com\\\/#\\\/schema\\\/logo\\\/image\\\/\",\"url\":\"https:\\\/\\\/www.vsv-design.com\\\/wp-content\\\/uploads\\\/2025\\\/01\\\/cropped-vsv-1.jpg\",\"contentUrl\":\"https:\\\/\\\/www.vsv-design.com\\\/wp-content\\\/uploads\\\/2025\\\/01\\\/cropped-vsv-1.jpg\",\"width\":512,\"height\":512,\"caption\":\"VSV Design\"},\"image\":{\"@id\":\"https:\\\/\\\/www.vsv-design.com\\\/#\\\/schema\\\/logo\\\/image\\\/\"},\"sameAs\":[\"https:\\\/\\\/www.facebook.com\\\/VSVDesign\"]}]}<\/script>\n<!-- \/ Yoast SEO plugin. -->","yoast_head_json":{"title":"Justaucorps de Ballet en noir - V\u00eatements de Ballet - VSV Design","description":"Unique mod\u00e8le Justaucorps de Ballet en noir for sale by VSV Design. Un design exclusif et une qualit\u00e9 excellente \u00e0 un prix abordable!","robots":{"index":"index","follow":"follow","max-snippet":"max-snippet:-1","max-image-preview":"max-image-preview:large","max-video-preview":"max-video-preview:-1"},"canonical":"https:\/\/www.vsv-design.com\/fr\/products\/ballet-fr\/vetements-de-ballet\/ballet-leotard-black\/","og_locale":"fr_FR","og_type":"article","og_title":"Justaucorps de Ballet en noir - V\u00eatements de Ballet - VSV Design","og_description":"Unique mod\u00e8le Justaucorps de Ballet en noir for sale by VSV Design. Un design exclusif et une qualit\u00e9 excellente \u00e0 un prix abordable!","og_url":"https:\/\/www.vsv-design.com\/fr\/products\/ballet-fr\/vetements-de-ballet\/ballet-leotard-black\/","og_site_name":"VSV Design","article_publisher":"https:\/\/www.facebook.com\/VSVDesign","article_modified_time":"2025-02-04T12:01:20+00:00","og_image":[{"width":1340,"height":1785,"url":"https:\/\/www.vsv-design.com\/wp-content\/uploads\/2025\/02\/\u0427\u0435\u0440\u043d\u043e-\u0442\u0440\u0438\u043a\u043e-1.jpg","type":"image\/jpeg"}],"twitter_card":"summary_large_image","twitter_misc":{"Dur\u00e9e de lecture estim\u00e9e":"1 minute"},"schema":{"@context":"https:\/\/schema.org","@graph":[{"@type":"WebPage","@id":"https:\/\/www.vsv-design.com\/fr\/products\/ballet-fr\/vetements-de-ballet\/ballet-leotard-black\/","url":"https:\/\/www.vsv-design.com\/fr\/products\/ballet-fr\/vetements-de-ballet\/ballet-leotard-black\/","name":"Justaucorps de Ballet en noir - V\u00eatements de Ballet - VSV Design","isPartOf":{"@id":"https:\/\/www.vsv-design.com\/#website"},"primaryImageOfPage":{"@id":"https:\/\/www.vsv-design.com\/fr\/products\/ballet-fr\/vetements-de-ballet\/ballet-leotard-black\/#primaryimage"},"image":{"@id":"https:\/\/www.vsv-design.com\/fr\/products\/ballet-fr\/vetements-de-ballet\/ballet-leotard-black\/#primaryimage"},"thumbnailUrl":"https:\/\/www.vsv-design.com\/wp-content\/uploads\/2025\/02\/\u0427\u0435\u0440\u043d\u043e-\u0442\u0440\u0438\u043a\u043e-1.jpg","datePublished":"2025-02-04T11:12:12+00:00","dateModified":"2025-02-04T12:01:20+00:00","description":"Unique mod\u00e8le Justaucorps de Ballet en noir for sale by VSV Design. Un design exclusif et une qualit\u00e9 excellente \u00e0 un prix abordable!","breadcrumb":{"@id":"https:\/\/www.vsv-design.com\/fr\/products\/ballet-fr\/vetements-de-ballet\/ballet-leotard-black\/#breadcrumb"},"inLanguage":"fr-FR","potentialAction":[{"@type":"ReadAction","target":["https:\/\/www.vsv-design.com\/fr\/products\/ballet-fr\/vetements-de-ballet\/ballet-leotard-black\/"]}]},{"@type":"ImageObject","inLanguage":"fr-FR","@id":"https:\/\/www.vsv-design.com\/fr\/products\/ballet-fr\/vetements-de-ballet\/ballet-leotard-black\/#primaryimage","url":"https:\/\/www.vsv-design.com\/wp-content\/uploads\/2025\/02\/\u0427\u0435\u0440\u043d\u043e-\u0442\u0440\u0438\u043a\u043e-1.jpg","contentUrl":"https:\/\/www.vsv-design.com\/wp-content\/uploads\/2025\/02\/\u0427\u0435\u0440\u043d\u043e-\u0442\u0440\u0438\u043a\u043e-1.jpg","width":1340,"height":1785},{"@type":"BreadcrumbList","@id":"https:\/\/www.vsv-design.com\/fr\/products\/ballet-fr\/vetements-de-ballet\/ballet-leotard-black\/#breadcrumb","itemListElement":[{"@type":"ListItem","position":1,"name":"Home","item":"https:\/\/www.vsv-design.com\/"},{"@type":"ListItem","position":2,"name":"Tous produits","item":"https:\/\/www.vsv-design.com\/fr\/produits\/"},{"@type":"ListItem","position":3,"name":"Justaucorps de Ballet en noir"}]},{"@type":"WebSite","@id":"https:\/\/www.vsv-design.com\/#website","url":"https:\/\/www.vsv-design.com\/","name":"VSV Design","description":"","publisher":{"@id":"https:\/\/www.vsv-design.com\/#organization"},"potentialAction":[{"@type":"SearchAction","target":{"@type":"EntryPoint","urlTemplate":"https:\/\/www.vsv-design.com\/?s={search_term_string}"},"query-input":{"@type":"PropertyValueSpecification","valueRequired":true,"valueName":"search_term_string"}}],"inLanguage":"fr-FR"},{"@type":"Organization","@id":"https:\/\/www.vsv-design.com\/#organization","name":"VSV Design","url":"https:\/\/www.vsv-design.com\/","logo":{"@type":"ImageObject","inLanguage":"fr-FR","@id":"https:\/\/www.vsv-design.com\/#\/schema\/logo\/image\/","url":"https:\/\/www.vsv-design.com\/wp-content\/uploads\/2025\/01\/cropped-vsv-1.jpg","contentUrl":"https:\/\/www.vsv-design.com\/wp-content\/uploads\/2025\/01\/cropped-vsv-1.jpg","width":512,"height":512,"caption":"VSV Design"},"image":{"@id":"https:\/\/www.vsv-design.com\/#\/schema\/logo\/image\/"},"sameAs":["https:\/\/www.facebook.com\/VSVDesign"]}]}},"_links":{"self":[{"href":"https:\/\/www.vsv-design.com\/fr\/wp-json\/wp\/v2\/product\/4142","targetHints":{"allow":["GET"]}}],"collection":[{"href":"https:\/\/www.vsv-design.com\/fr\/wp-json\/wp\/v2\/product"}],"about":[{"href":"https:\/\/www.vsv-design.com\/fr\/wp-json\/wp\/v2\/types\/product"}],"replies":[{"embeddable":true,"href":"https:\/\/www.vsv-design.com\/fr\/wp-json\/wp\/v2\/comments?post=4142"}],"wp:featuredmedia":[{"embeddable":true,"href":"https:\/\/www.vsv-design.com\/fr\/wp-json\/wp\/v2\/media\/4136"}],"wp:attachment":[{"href":"https:\/\/www.vsv-design.com\/fr\/wp-json\/wp\/v2\/media?parent=4142"}],"wp:term":[{"taxonomy":"product_brand","embeddable":true,"href":"https:\/\/www.vsv-design.com\/fr\/wp-json\/wp\/v2\/product_brand?post=4142"},{"taxonomy":"product_cat","embeddable":true,"href":"https:\/\/www.vsv-design.com\/fr\/wp-json\/wp\/v2\/product_cat?post=4142"},{"taxonomy":"product_tag","embeddable":true,"href":"https:\/\/www.vsv-design.com\/fr\/wp-json\/wp\/v2\/product_tag?post=4142"}],"curies":[{"name":"wp","href":"https:\/\/api.w.org\/{rel}","templated":true}]}}