{"id":2761,"date":"2025-01-30T10:12:54","date_gmt":"2025-01-30T08:12:54","guid":{"rendered":"https:\/\/dev.vsv-design.com\/products\/non%20class\u00e9\/mens-dance-shirt-3041\/"},"modified":"2025-01-30T10:14:15","modified_gmt":"2025-01-30T08:14:15","slug":"mens-dance-shirt-3041","status":"publish","type":"product","link":"https:\/\/www.vsv-design.com\/fr\/products\/danse-sportive\/vetements-dentrainement\/vetements-dentrainement-hommes\/mens-dance-shirt-3041\/","title":{"rendered":"Chemise homme de danse #3041"},"content":{"rendered":"<h5><em>Exprimez votre STYLE avec \u00c9L\u00c9GANCE \u0435t CONFORT !<\/em><\/h5>\n<p>Haut de danse pour homme \u00e0 col montant et avec les manches longues.\u00a0C\u2019est toujours le bon choix si vous voulez vous sentir \u00e0 l\u2019aise et en m\u00eame temps avoir l\u2019air \u00e9l\u00e9gant. La mati\u00e8re est douce et confortable.<\/p>\n<p><i>Le mod\u00e8le mesure 176 cm et porte la taille S.<br \/>\n<em><br \/>\nEntretien :<\/em><br \/>\n<em>Lavage en machine \u00e0 30\u00b0C<\/em><br \/>\n<em>Ne pas s\u00e9cher au s\u00e8che-linge<\/em><br \/>\n<em>Laver avec des couleurs similaires<\/em><br \/>\n<\/i><\/p>\n<p><i>\u00a0<\/i><\/p>\n<h5><\/h5>\n","protected":false},"excerpt":{"rendered":"<h5><em><strong>STYLE<\/strong>,\u00a0<strong>CONFORT<\/strong>\u00a0et\u00a0<strong>CONFIANCE<\/strong>\u00a0<strong>pendant l\u2019entra\u00eenement !<\/strong><\/em><\/h5>\n<ul>\n<li><em>Livraison rapide<\/em><\/li>\n<li><em>D\u00e9lais de retour de 14 jours\u00a0<\/em><\/li>\n<\/ul>\n","protected":false},"featured_media":10390,"comment_status":"open","ping_status":"closed","template":"","meta":{"_acf_changed":false},"product_brand":[],"product_cat":[218],"product_tag":[],"class_list":{"0":"post-2761","1":"product","2":"type-product","3":"status-publish","4":"has-post-thumbnail","6":"product_cat-vetements-dentrainement-hommes","8":"first","9":"instock","10":"shipping-taxable","11":"product-type-simple","swatches":"rey-swatches","show_selected":"rey-swatches--show-selected--name","stretch_labels":"rey-swatches--stretch-labels"},"acf":[],"yoast_head":"<!-- This site is optimized with the Yoast SEO plugin v27.4 - https:\/\/yoast.com\/product\/yoast-seo-wordpress\/ -->\n<title>Chemise homme de danse #3041 - V\u00eatements d&#039;entra\u00eenement hommes - VSV Design<\/title>\n<meta name=\"description\" content=\"Unique mod\u00e8le Chemise homme de danse #3041 for sale by VSV Design. Un design exclusif et une qualit\u00e9 excellente \u00e0 un prix abordable!\" \/>\n<meta name=\"robots\" content=\"index, follow, max-snippet:-1, max-image-preview:large, max-video-preview:-1\" \/>\n<link rel=\"canonical\" href=\"https:\/\/www.vsv-design.com\/fr\/products\/danse-sportive\/vetements-dentrainement\/vetements-dentrainement-hommes\/mens-dance-shirt-3041\/\" \/>\n<meta property=\"og:locale\" content=\"fr_FR\" \/>\n<meta property=\"og:type\" content=\"article\" \/>\n<meta property=\"og:title\" content=\"Chemise homme de danse #3041 - V\u00eatements d&#039;entra\u00eenement hommes - VSV Design\" \/>\n<meta property=\"og:description\" content=\"Unique mod\u00e8le Chemise homme de danse #3041 for sale by VSV Design. Un design exclusif et une qualit\u00e9 excellente \u00e0 un prix abordable!\" \/>\n<meta property=\"og:url\" content=\"https:\/\/www.vsv-design.com\/fr\/products\/danse-sportive\/vetements-dentrainement\/vetements-dentrainement-hommes\/mens-dance-shirt-3041\/\" \/>\n<meta property=\"og:site_name\" content=\"VSV Design\" \/>\n<meta property=\"article:publisher\" content=\"https:\/\/www.facebook.com\/VSVDesign\" \/>\n<meta property=\"article:modified_time\" content=\"2025-01-30T08:14:15+00:00\" \/>\n<meta name=\"twitter:card\" content=\"summary_large_image\" \/>\n<meta name=\"twitter:label1\" content=\"Dur\u00e9e de lecture estim\u00e9e\" \/>\n\t<meta name=\"twitter:data1\" content=\"1 minute\" \/>\n<script type=\"application\/ld+json\" class=\"yoast-schema-graph\">{\"@context\":\"https:\\\/\\\/schema.org\",\"@graph\":[{\"@type\":\"WebPage\",\"@id\":\"https:\\\/\\\/www.vsv-design.com\\\/fr\\\/products\\\/danse-sportive\\\/vetements-dentrainement\\\/vetements-dentrainement-hommes\\\/mens-dance-shirt-3041\\\/\",\"url\":\"https:\\\/\\\/www.vsv-design.com\\\/fr\\\/products\\\/danse-sportive\\\/vetements-dentrainement\\\/vetements-dentrainement-hommes\\\/mens-dance-shirt-3041\\\/\",\"name\":\"Chemise homme de danse #3041 - V\u00eatements d'entra\u00eenement hommes - VSV Design\",\"isPartOf\":{\"@id\":\"https:\\\/\\\/www.vsv-design.com\\\/#website\"},\"primaryImageOfPage\":{\"@id\":\"https:\\\/\\\/www.vsv-design.com\\\/fr\\\/products\\\/danse-sportive\\\/vetements-dentrainement\\\/vetements-dentrainement-hommes\\\/mens-dance-shirt-3041\\\/#primaryimage\"},\"image\":{\"@id\":\"https:\\\/\\\/www.vsv-design.com\\\/fr\\\/products\\\/danse-sportive\\\/vetements-dentrainement\\\/vetements-dentrainement-hommes\\\/mens-dance-shirt-3041\\\/#primaryimage\"},\"thumbnailUrl\":\"https:\\\/\\\/www.vsv-design.com\\\/wp-content\\\/uploads\\\/2025\\\/01\\\/VSV10634-1.jpg\",\"datePublished\":\"2025-01-30T08:12:54+00:00\",\"dateModified\":\"2025-01-30T08:14:15+00:00\",\"description\":\"Unique mod\u00e8le Chemise homme de danse #3041 for sale by VSV Design. Un design exclusif et une qualit\u00e9 excellente \u00e0 un prix abordable!\",\"breadcrumb\":{\"@id\":\"https:\\\/\\\/www.vsv-design.com\\\/fr\\\/products\\\/danse-sportive\\\/vetements-dentrainement\\\/vetements-dentrainement-hommes\\\/mens-dance-shirt-3041\\\/#breadcrumb\"},\"inLanguage\":\"fr-FR\",\"potentialAction\":[{\"@type\":\"ReadAction\",\"target\":[\"https:\\\/\\\/www.vsv-design.com\\\/fr\\\/products\\\/danse-sportive\\\/vetements-dentrainement\\\/vetements-dentrainement-hommes\\\/mens-dance-shirt-3041\\\/\"]}]},{\"@type\":\"ImageObject\",\"inLanguage\":\"fr-FR\",\"@id\":\"https:\\\/\\\/www.vsv-design.com\\\/fr\\\/products\\\/danse-sportive\\\/vetements-dentrainement\\\/vetements-dentrainement-hommes\\\/mens-dance-shirt-3041\\\/#primaryimage\",\"url\":\"https:\\\/\\\/www.vsv-design.com\\\/wp-content\\\/uploads\\\/2025\\\/01\\\/VSV10634-1.jpg\",\"contentUrl\":\"https:\\\/\\\/www.vsv-design.com\\\/wp-content\\\/uploads\\\/2025\\\/01\\\/VSV10634-1.jpg\",\"width\":1706,\"height\":2560},{\"@type\":\"BreadcrumbList\",\"@id\":\"https:\\\/\\\/www.vsv-design.com\\\/fr\\\/products\\\/danse-sportive\\\/vetements-dentrainement\\\/vetements-dentrainement-hommes\\\/mens-dance-shirt-3041\\\/#breadcrumb\",\"itemListElement\":[{\"@type\":\"ListItem\",\"position\":1,\"name\":\"Home\",\"item\":\"https:\\\/\\\/www.vsv-design.com\\\/\"},{\"@type\":\"ListItem\",\"position\":2,\"name\":\"Tous produits\",\"item\":\"https:\\\/\\\/www.vsv-design.com\\\/fr\\\/produits\\\/\"},{\"@type\":\"ListItem\",\"position\":3,\"name\":\"Chemise homme de danse #3041\"}]},{\"@type\":\"WebSite\",\"@id\":\"https:\\\/\\\/www.vsv-design.com\\\/#website\",\"url\":\"https:\\\/\\\/www.vsv-design.com\\\/\",\"name\":\"VSV Design\",\"description\":\"\",\"publisher\":{\"@id\":\"https:\\\/\\\/www.vsv-design.com\\\/#organization\"},\"potentialAction\":[{\"@type\":\"SearchAction\",\"target\":{\"@type\":\"EntryPoint\",\"urlTemplate\":\"https:\\\/\\\/www.vsv-design.com\\\/?s={search_term_string}\"},\"query-input\":{\"@type\":\"PropertyValueSpecification\",\"valueRequired\":true,\"valueName\":\"search_term_string\"}}],\"inLanguage\":\"fr-FR\"},{\"@type\":\"Organization\",\"@id\":\"https:\\\/\\\/www.vsv-design.com\\\/#organization\",\"name\":\"VSV Design\",\"url\":\"https:\\\/\\\/www.vsv-design.com\\\/\",\"logo\":{\"@type\":\"ImageObject\",\"inLanguage\":\"fr-FR\",\"@id\":\"https:\\\/\\\/www.vsv-design.com\\\/#\\\/schema\\\/logo\\\/image\\\/\",\"url\":\"https:\\\/\\\/www.vsv-design.com\\\/wp-content\\\/uploads\\\/2025\\\/01\\\/cropped-vsv-1.jpg\",\"contentUrl\":\"https:\\\/\\\/www.vsv-design.com\\\/wp-content\\\/uploads\\\/2025\\\/01\\\/cropped-vsv-1.jpg\",\"width\":512,\"height\":512,\"caption\":\"VSV Design\"},\"image\":{\"@id\":\"https:\\\/\\\/www.vsv-design.com\\\/#\\\/schema\\\/logo\\\/image\\\/\"},\"sameAs\":[\"https:\\\/\\\/www.facebook.com\\\/VSVDesign\"]}]}<\/script>\n<!-- \/ Yoast SEO plugin. -->","yoast_head_json":{"title":"Chemise homme de danse #3041 - V\u00eatements d'entra\u00eenement hommes - VSV Design","description":"Unique mod\u00e8le Chemise homme de danse #3041 for sale by VSV Design. Un design exclusif et une qualit\u00e9 excellente \u00e0 un prix abordable!","robots":{"index":"index","follow":"follow","max-snippet":"max-snippet:-1","max-image-preview":"max-image-preview:large","max-video-preview":"max-video-preview:-1"},"canonical":"https:\/\/www.vsv-design.com\/fr\/products\/danse-sportive\/vetements-dentrainement\/vetements-dentrainement-hommes\/mens-dance-shirt-3041\/","og_locale":"fr_FR","og_type":"article","og_title":"Chemise homme de danse #3041 - V\u00eatements d'entra\u00eenement hommes - VSV Design","og_description":"Unique mod\u00e8le Chemise homme de danse #3041 for sale by VSV Design. Un design exclusif et une qualit\u00e9 excellente \u00e0 un prix abordable!","og_url":"https:\/\/www.vsv-design.com\/fr\/products\/danse-sportive\/vetements-dentrainement\/vetements-dentrainement-hommes\/mens-dance-shirt-3041\/","og_site_name":"VSV Design","article_publisher":"https:\/\/www.facebook.com\/VSVDesign","article_modified_time":"2025-01-30T08:14:15+00:00","twitter_card":"summary_large_image","twitter_misc":{"Dur\u00e9e de lecture estim\u00e9e":"1 minute"},"schema":{"@context":"https:\/\/schema.org","@graph":[{"@type":"WebPage","@id":"https:\/\/www.vsv-design.com\/fr\/products\/danse-sportive\/vetements-dentrainement\/vetements-dentrainement-hommes\/mens-dance-shirt-3041\/","url":"https:\/\/www.vsv-design.com\/fr\/products\/danse-sportive\/vetements-dentrainement\/vetements-dentrainement-hommes\/mens-dance-shirt-3041\/","name":"Chemise homme de danse #3041 - V\u00eatements d'entra\u00eenement hommes - VSV Design","isPartOf":{"@id":"https:\/\/www.vsv-design.com\/#website"},"primaryImageOfPage":{"@id":"https:\/\/www.vsv-design.com\/fr\/products\/danse-sportive\/vetements-dentrainement\/vetements-dentrainement-hommes\/mens-dance-shirt-3041\/#primaryimage"},"image":{"@id":"https:\/\/www.vsv-design.com\/fr\/products\/danse-sportive\/vetements-dentrainement\/vetements-dentrainement-hommes\/mens-dance-shirt-3041\/#primaryimage"},"thumbnailUrl":"https:\/\/www.vsv-design.com\/wp-content\/uploads\/2025\/01\/VSV10634-1.jpg","datePublished":"2025-01-30T08:12:54+00:00","dateModified":"2025-01-30T08:14:15+00:00","description":"Unique mod\u00e8le Chemise homme de danse #3041 for sale by VSV Design. Un design exclusif et une qualit\u00e9 excellente \u00e0 un prix abordable!","breadcrumb":{"@id":"https:\/\/www.vsv-design.com\/fr\/products\/danse-sportive\/vetements-dentrainement\/vetements-dentrainement-hommes\/mens-dance-shirt-3041\/#breadcrumb"},"inLanguage":"fr-FR","potentialAction":[{"@type":"ReadAction","target":["https:\/\/www.vsv-design.com\/fr\/products\/danse-sportive\/vetements-dentrainement\/vetements-dentrainement-hommes\/mens-dance-shirt-3041\/"]}]},{"@type":"ImageObject","inLanguage":"fr-FR","@id":"https:\/\/www.vsv-design.com\/fr\/products\/danse-sportive\/vetements-dentrainement\/vetements-dentrainement-hommes\/mens-dance-shirt-3041\/#primaryimage","url":"https:\/\/www.vsv-design.com\/wp-content\/uploads\/2025\/01\/VSV10634-1.jpg","contentUrl":"https:\/\/www.vsv-design.com\/wp-content\/uploads\/2025\/01\/VSV10634-1.jpg","width":1706,"height":2560},{"@type":"BreadcrumbList","@id":"https:\/\/www.vsv-design.com\/fr\/products\/danse-sportive\/vetements-dentrainement\/vetements-dentrainement-hommes\/mens-dance-shirt-3041\/#breadcrumb","itemListElement":[{"@type":"ListItem","position":1,"name":"Home","item":"https:\/\/www.vsv-design.com\/"},{"@type":"ListItem","position":2,"name":"Tous produits","item":"https:\/\/www.vsv-design.com\/fr\/produits\/"},{"@type":"ListItem","position":3,"name":"Chemise homme de danse #3041"}]},{"@type":"WebSite","@id":"https:\/\/www.vsv-design.com\/#website","url":"https:\/\/www.vsv-design.com\/","name":"VSV Design","description":"","publisher":{"@id":"https:\/\/www.vsv-design.com\/#organization"},"potentialAction":[{"@type":"SearchAction","target":{"@type":"EntryPoint","urlTemplate":"https:\/\/www.vsv-design.com\/?s={search_term_string}"},"query-input":{"@type":"PropertyValueSpecification","valueRequired":true,"valueName":"search_term_string"}}],"inLanguage":"fr-FR"},{"@type":"Organization","@id":"https:\/\/www.vsv-design.com\/#organization","name":"VSV Design","url":"https:\/\/www.vsv-design.com\/","logo":{"@type":"ImageObject","inLanguage":"fr-FR","@id":"https:\/\/www.vsv-design.com\/#\/schema\/logo\/image\/","url":"https:\/\/www.vsv-design.com\/wp-content\/uploads\/2025\/01\/cropped-vsv-1.jpg","contentUrl":"https:\/\/www.vsv-design.com\/wp-content\/uploads\/2025\/01\/cropped-vsv-1.jpg","width":512,"height":512,"caption":"VSV Design"},"image":{"@id":"https:\/\/www.vsv-design.com\/#\/schema\/logo\/image\/"},"sameAs":["https:\/\/www.facebook.com\/VSVDesign"]}]}},"_links":{"self":[{"href":"https:\/\/www.vsv-design.com\/fr\/wp-json\/wp\/v2\/product\/2761","targetHints":{"allow":["GET"]}}],"collection":[{"href":"https:\/\/www.vsv-design.com\/fr\/wp-json\/wp\/v2\/product"}],"about":[{"href":"https:\/\/www.vsv-design.com\/fr\/wp-json\/wp\/v2\/types\/product"}],"replies":[{"embeddable":true,"href":"https:\/\/www.vsv-design.com\/fr\/wp-json\/wp\/v2\/comments?post=2761"}],"wp:featuredmedia":[{"embeddable":true,"href":"https:\/\/www.vsv-design.com\/fr\/wp-json\/wp\/v2\/media\/10390"}],"wp:attachment":[{"href":"https:\/\/www.vsv-design.com\/fr\/wp-json\/wp\/v2\/media?parent=2761"}],"wp:term":[{"taxonomy":"product_brand","embeddable":true,"href":"https:\/\/www.vsv-design.com\/fr\/wp-json\/wp\/v2\/product_brand?post=2761"},{"taxonomy":"product_cat","embeddable":true,"href":"https:\/\/www.vsv-design.com\/fr\/wp-json\/wp\/v2\/product_cat?post=2761"},{"taxonomy":"product_tag","embeddable":true,"href":"https:\/\/www.vsv-design.com\/fr\/wp-json\/wp\/v2\/product_tag?post=2761"}],"curies":[{"name":"wp","href":"https:\/\/api.w.org\/{rel}","templated":true}]}}