{"id":2724,"date":"2025-01-29T17:41:09","date_gmt":"2025-01-29T15:41:09","guid":{"rendered":"https:\/\/dev.vsv-design.com\/products\/non%20class\u00e9\/latin-dance-leggings-3019\/"},"modified":"2025-01-29T17:42:43","modified_gmt":"2025-01-29T15:42:43","slug":"latin-dance-leggings-3019","status":"publish","type":"product","link":"https:\/\/www.vsv-design.com\/fr\/products\/danse-sportive\/vetements-dentrainement\/vetements-dentrainement-femme\/latin-dance-leggings-3019\/","title":{"rendered":"Pantalon moulant de danse latine #3019"},"content":{"rendered":"<h5><em>Exprimez votre STYLE avec \u00c9L\u00c9GANCE \u0435t CONFORT !<br \/>\n<\/em><\/h5>\n<p>Voici notre offre exclusive pour toutes les danseuse qui veulent afficher un look original et remarquable pandent les cours de danse ou repr\u00e9sentation.Un pantalon moulant haut taille avec une coupe asym\u00e9trique \u00e0 volants pour creer de belle mouvement quand vous bougez.Ce pantalon est fait d\u2019une mat\u00e8re\u00a0Mati\u00e8re fluide et stretch pour \u00eatre \u00e0 l\u2019aise.<br \/>\n<em>Combinez ce pantalon avec un justaucorps ou un bustier de notre large s\u00e9lection pour un look complet et \u00e9l\u00e9gant!<\/em><\/p>\n<p><i>Le mod\u00e8le mesure 165 cm et porte la taille S.<br \/>\n<em><br \/>\nEntretien :<br \/>\nLavage en machine \u00e0 30\u00b0C<br \/>\nNe pas s\u00e9cher au s\u00e8che-linge<br \/>\nLaver avec des couleurs similaires<\/em><br \/>\n<\/i><\/p>\n<h5><\/h5>\n","protected":false},"excerpt":{"rendered":"<h5><em><strong>STYLE<\/strong>,\u00a0<strong>CONFORT<\/strong>\u00a0et\u00a0<strong>CONFIANCE<\/strong>\u00a0<strong>pendant l\u2019entra\u00eenement !<\/strong><\/em><\/h5>\n<ul>\n<li><em>Livraison rapide<\/em><\/li>\n<li><em>D\u00e9lais de retour de 14 jours\u00a0<\/em><\/li>\n<\/ul>\n","protected":false},"featured_media":2985,"comment_status":"open","ping_status":"closed","template":"","meta":{"_acf_changed":false},"product_brand":[],"product_cat":[219],"product_tag":[],"class_list":{"0":"post-2724","1":"product","2":"type-product","3":"status-publish","4":"has-post-thumbnail","6":"product_cat-vetements-dentrainement-femme","7":"product_shipping_class-small-dresses-shipping-fr","9":"first","10":"instock","11":"shipping-taxable","12":"purchasable","13":"product-type-variable","swatches":"rey-swatches","show_selected":"rey-swatches--show-selected--name","stretch_labels":"rey-swatches--stretch-labels"},"acf":[],"yoast_head":"<!-- This site is optimized with the Yoast SEO plugin v27.4 - https:\/\/yoast.com\/product\/yoast-seo-wordpress\/ -->\n<title>Pantalon moulant de danse latine #3019 - V\u00eatements d&#039;entra\u00eenement femme - VSV Design<\/title>\n<meta name=\"description\" content=\"Unique mod\u00e8le Pantalon moulant de danse latine #3019 for sale by VSV Design. Un design exclusif et une qualit\u00e9 excellente \u00e0 un prix abordable!\" \/>\n<meta name=\"robots\" content=\"index, follow, max-snippet:-1, max-image-preview:large, max-video-preview:-1\" \/>\n<link rel=\"canonical\" href=\"https:\/\/www.vsv-design.com\/fr\/products\/danse-sportive\/vetements-dentrainement\/vetements-dentrainement-femme\/latin-dance-leggings-3019\/\" \/>\n<meta property=\"og:locale\" content=\"fr_FR\" \/>\n<meta property=\"og:type\" content=\"article\" \/>\n<meta property=\"og:title\" content=\"Pantalon moulant de danse latine #3019 - V\u00eatements d&#039;entra\u00eenement femme - VSV Design\" \/>\n<meta property=\"og:description\" content=\"Unique mod\u00e8le Pantalon moulant de danse latine #3019 for sale by VSV Design. Un design exclusif et une qualit\u00e9 excellente \u00e0 un prix abordable!\" \/>\n<meta property=\"og:url\" content=\"https:\/\/www.vsv-design.com\/fr\/products\/danse-sportive\/vetements-dentrainement\/vetements-dentrainement-femme\/latin-dance-leggings-3019\/\" \/>\n<meta property=\"og:site_name\" content=\"VSV Design\" \/>\n<meta property=\"article:publisher\" content=\"https:\/\/www.facebook.com\/VSVDesign\" \/>\n<meta property=\"article:modified_time\" content=\"2025-01-29T15:42:43+00:00\" \/>\n<meta property=\"og:image\" content=\"https:\/\/www.vsv-design.com\/wp-content\/uploads\/2025\/01\/VSV10626.jpg\" \/>\n\t<meta property=\"og:image:width\" content=\"1707\" \/>\n\t<meta property=\"og:image:height\" content=\"2560\" \/>\n\t<meta property=\"og:image:type\" content=\"image\/jpeg\" \/>\n<meta name=\"twitter:card\" content=\"summary_large_image\" \/>\n<meta name=\"twitter:label1\" content=\"Dur\u00e9e de lecture estim\u00e9e\" \/>\n\t<meta name=\"twitter:data1\" content=\"1 minute\" \/>\n<script type=\"application\/ld+json\" class=\"yoast-schema-graph\">{\"@context\":\"https:\\\/\\\/schema.org\",\"@graph\":[{\"@type\":\"WebPage\",\"@id\":\"https:\\\/\\\/www.vsv-design.com\\\/fr\\\/products\\\/danse-sportive\\\/vetements-dentrainement\\\/vetements-dentrainement-femme\\\/latin-dance-leggings-3019\\\/\",\"url\":\"https:\\\/\\\/www.vsv-design.com\\\/fr\\\/products\\\/danse-sportive\\\/vetements-dentrainement\\\/vetements-dentrainement-femme\\\/latin-dance-leggings-3019\\\/\",\"name\":\"Pantalon moulant de danse latine #3019 - V\u00eatements d'entra\u00eenement femme - VSV Design\",\"isPartOf\":{\"@id\":\"https:\\\/\\\/www.vsv-design.com\\\/#website\"},\"primaryImageOfPage\":{\"@id\":\"https:\\\/\\\/www.vsv-design.com\\\/fr\\\/products\\\/danse-sportive\\\/vetements-dentrainement\\\/vetements-dentrainement-femme\\\/latin-dance-leggings-3019\\\/#primaryimage\"},\"image\":{\"@id\":\"https:\\\/\\\/www.vsv-design.com\\\/fr\\\/products\\\/danse-sportive\\\/vetements-dentrainement\\\/vetements-dentrainement-femme\\\/latin-dance-leggings-3019\\\/#primaryimage\"},\"thumbnailUrl\":\"https:\\\/\\\/www.vsv-design.com\\\/wp-content\\\/uploads\\\/2025\\\/01\\\/VSV10626.jpg\",\"datePublished\":\"2025-01-29T15:41:09+00:00\",\"dateModified\":\"2025-01-29T15:42:43+00:00\",\"description\":\"Unique mod\u00e8le Pantalon moulant de danse latine #3019 for sale by VSV Design. Un design exclusif et une qualit\u00e9 excellente \u00e0 un prix abordable!\",\"breadcrumb\":{\"@id\":\"https:\\\/\\\/www.vsv-design.com\\\/fr\\\/products\\\/danse-sportive\\\/vetements-dentrainement\\\/vetements-dentrainement-femme\\\/latin-dance-leggings-3019\\\/#breadcrumb\"},\"inLanguage\":\"fr-FR\",\"potentialAction\":[{\"@type\":\"ReadAction\",\"target\":[\"https:\\\/\\\/www.vsv-design.com\\\/fr\\\/products\\\/danse-sportive\\\/vetements-dentrainement\\\/vetements-dentrainement-femme\\\/latin-dance-leggings-3019\\\/\"]}]},{\"@type\":\"ImageObject\",\"inLanguage\":\"fr-FR\",\"@id\":\"https:\\\/\\\/www.vsv-design.com\\\/fr\\\/products\\\/danse-sportive\\\/vetements-dentrainement\\\/vetements-dentrainement-femme\\\/latin-dance-leggings-3019\\\/#primaryimage\",\"url\":\"https:\\\/\\\/www.vsv-design.com\\\/wp-content\\\/uploads\\\/2025\\\/01\\\/VSV10626.jpg\",\"contentUrl\":\"https:\\\/\\\/www.vsv-design.com\\\/wp-content\\\/uploads\\\/2025\\\/01\\\/VSV10626.jpg\",\"width\":1707,\"height\":2560},{\"@type\":\"BreadcrumbList\",\"@id\":\"https:\\\/\\\/www.vsv-design.com\\\/fr\\\/products\\\/danse-sportive\\\/vetements-dentrainement\\\/vetements-dentrainement-femme\\\/latin-dance-leggings-3019\\\/#breadcrumb\",\"itemListElement\":[{\"@type\":\"ListItem\",\"position\":1,\"name\":\"Home\",\"item\":\"https:\\\/\\\/www.vsv-design.com\\\/\"},{\"@type\":\"ListItem\",\"position\":2,\"name\":\"Tous produits\",\"item\":\"https:\\\/\\\/www.vsv-design.com\\\/fr\\\/produits\\\/\"},{\"@type\":\"ListItem\",\"position\":3,\"name\":\"Pantalon moulant de danse latine #3019\"}]},{\"@type\":\"WebSite\",\"@id\":\"https:\\\/\\\/www.vsv-design.com\\\/#website\",\"url\":\"https:\\\/\\\/www.vsv-design.com\\\/\",\"name\":\"VSV Design\",\"description\":\"\",\"publisher\":{\"@id\":\"https:\\\/\\\/www.vsv-design.com\\\/#organization\"},\"potentialAction\":[{\"@type\":\"SearchAction\",\"target\":{\"@type\":\"EntryPoint\",\"urlTemplate\":\"https:\\\/\\\/www.vsv-design.com\\\/?s={search_term_string}\"},\"query-input\":{\"@type\":\"PropertyValueSpecification\",\"valueRequired\":true,\"valueName\":\"search_term_string\"}}],\"inLanguage\":\"fr-FR\"},{\"@type\":\"Organization\",\"@id\":\"https:\\\/\\\/www.vsv-design.com\\\/#organization\",\"name\":\"VSV Design\",\"url\":\"https:\\\/\\\/www.vsv-design.com\\\/\",\"logo\":{\"@type\":\"ImageObject\",\"inLanguage\":\"fr-FR\",\"@id\":\"https:\\\/\\\/www.vsv-design.com\\\/#\\\/schema\\\/logo\\\/image\\\/\",\"url\":\"https:\\\/\\\/www.vsv-design.com\\\/wp-content\\\/uploads\\\/2025\\\/01\\\/cropped-vsv-1.jpg\",\"contentUrl\":\"https:\\\/\\\/www.vsv-design.com\\\/wp-content\\\/uploads\\\/2025\\\/01\\\/cropped-vsv-1.jpg\",\"width\":512,\"height\":512,\"caption\":\"VSV Design\"},\"image\":{\"@id\":\"https:\\\/\\\/www.vsv-design.com\\\/#\\\/schema\\\/logo\\\/image\\\/\"},\"sameAs\":[\"https:\\\/\\\/www.facebook.com\\\/VSVDesign\"]}]}<\/script>\n<!-- \/ Yoast SEO plugin. -->","yoast_head_json":{"title":"Pantalon moulant de danse latine #3019 - V\u00eatements d'entra\u00eenement femme - VSV Design","description":"Unique mod\u00e8le Pantalon moulant de danse latine #3019 for sale by VSV Design. Un design exclusif et une qualit\u00e9 excellente \u00e0 un prix abordable!","robots":{"index":"index","follow":"follow","max-snippet":"max-snippet:-1","max-image-preview":"max-image-preview:large","max-video-preview":"max-video-preview:-1"},"canonical":"https:\/\/www.vsv-design.com\/fr\/products\/danse-sportive\/vetements-dentrainement\/vetements-dentrainement-femme\/latin-dance-leggings-3019\/","og_locale":"fr_FR","og_type":"article","og_title":"Pantalon moulant de danse latine #3019 - V\u00eatements d'entra\u00eenement femme - VSV Design","og_description":"Unique mod\u00e8le Pantalon moulant de danse latine #3019 for sale by VSV Design. Un design exclusif et une qualit\u00e9 excellente \u00e0 un prix abordable!","og_url":"https:\/\/www.vsv-design.com\/fr\/products\/danse-sportive\/vetements-dentrainement\/vetements-dentrainement-femme\/latin-dance-leggings-3019\/","og_site_name":"VSV Design","article_publisher":"https:\/\/www.facebook.com\/VSVDesign","article_modified_time":"2025-01-29T15:42:43+00:00","og_image":[{"width":1707,"height":2560,"url":"https:\/\/www.vsv-design.com\/wp-content\/uploads\/2025\/01\/VSV10626.jpg","type":"image\/jpeg"}],"twitter_card":"summary_large_image","twitter_misc":{"Dur\u00e9e de lecture estim\u00e9e":"1 minute"},"schema":{"@context":"https:\/\/schema.org","@graph":[{"@type":"WebPage","@id":"https:\/\/www.vsv-design.com\/fr\/products\/danse-sportive\/vetements-dentrainement\/vetements-dentrainement-femme\/latin-dance-leggings-3019\/","url":"https:\/\/www.vsv-design.com\/fr\/products\/danse-sportive\/vetements-dentrainement\/vetements-dentrainement-femme\/latin-dance-leggings-3019\/","name":"Pantalon moulant de danse latine #3019 - V\u00eatements d'entra\u00eenement femme - VSV Design","isPartOf":{"@id":"https:\/\/www.vsv-design.com\/#website"},"primaryImageOfPage":{"@id":"https:\/\/www.vsv-design.com\/fr\/products\/danse-sportive\/vetements-dentrainement\/vetements-dentrainement-femme\/latin-dance-leggings-3019\/#primaryimage"},"image":{"@id":"https:\/\/www.vsv-design.com\/fr\/products\/danse-sportive\/vetements-dentrainement\/vetements-dentrainement-femme\/latin-dance-leggings-3019\/#primaryimage"},"thumbnailUrl":"https:\/\/www.vsv-design.com\/wp-content\/uploads\/2025\/01\/VSV10626.jpg","datePublished":"2025-01-29T15:41:09+00:00","dateModified":"2025-01-29T15:42:43+00:00","description":"Unique mod\u00e8le Pantalon moulant de danse latine #3019 for sale by VSV Design. Un design exclusif et une qualit\u00e9 excellente \u00e0 un prix abordable!","breadcrumb":{"@id":"https:\/\/www.vsv-design.com\/fr\/products\/danse-sportive\/vetements-dentrainement\/vetements-dentrainement-femme\/latin-dance-leggings-3019\/#breadcrumb"},"inLanguage":"fr-FR","potentialAction":[{"@type":"ReadAction","target":["https:\/\/www.vsv-design.com\/fr\/products\/danse-sportive\/vetements-dentrainement\/vetements-dentrainement-femme\/latin-dance-leggings-3019\/"]}]},{"@type":"ImageObject","inLanguage":"fr-FR","@id":"https:\/\/www.vsv-design.com\/fr\/products\/danse-sportive\/vetements-dentrainement\/vetements-dentrainement-femme\/latin-dance-leggings-3019\/#primaryimage","url":"https:\/\/www.vsv-design.com\/wp-content\/uploads\/2025\/01\/VSV10626.jpg","contentUrl":"https:\/\/www.vsv-design.com\/wp-content\/uploads\/2025\/01\/VSV10626.jpg","width":1707,"height":2560},{"@type":"BreadcrumbList","@id":"https:\/\/www.vsv-design.com\/fr\/products\/danse-sportive\/vetements-dentrainement\/vetements-dentrainement-femme\/latin-dance-leggings-3019\/#breadcrumb","itemListElement":[{"@type":"ListItem","position":1,"name":"Home","item":"https:\/\/www.vsv-design.com\/"},{"@type":"ListItem","position":2,"name":"Tous produits","item":"https:\/\/www.vsv-design.com\/fr\/produits\/"},{"@type":"ListItem","position":3,"name":"Pantalon moulant de danse latine #3019"}]},{"@type":"WebSite","@id":"https:\/\/www.vsv-design.com\/#website","url":"https:\/\/www.vsv-design.com\/","name":"VSV Design","description":"","publisher":{"@id":"https:\/\/www.vsv-design.com\/#organization"},"potentialAction":[{"@type":"SearchAction","target":{"@type":"EntryPoint","urlTemplate":"https:\/\/www.vsv-design.com\/?s={search_term_string}"},"query-input":{"@type":"PropertyValueSpecification","valueRequired":true,"valueName":"search_term_string"}}],"inLanguage":"fr-FR"},{"@type":"Organization","@id":"https:\/\/www.vsv-design.com\/#organization","name":"VSV Design","url":"https:\/\/www.vsv-design.com\/","logo":{"@type":"ImageObject","inLanguage":"fr-FR","@id":"https:\/\/www.vsv-design.com\/#\/schema\/logo\/image\/","url":"https:\/\/www.vsv-design.com\/wp-content\/uploads\/2025\/01\/cropped-vsv-1.jpg","contentUrl":"https:\/\/www.vsv-design.com\/wp-content\/uploads\/2025\/01\/cropped-vsv-1.jpg","width":512,"height":512,"caption":"VSV Design"},"image":{"@id":"https:\/\/www.vsv-design.com\/#\/schema\/logo\/image\/"},"sameAs":["https:\/\/www.facebook.com\/VSVDesign"]}]}},"_links":{"self":[{"href":"https:\/\/www.vsv-design.com\/fr\/wp-json\/wp\/v2\/product\/2724","targetHints":{"allow":["GET"]}}],"collection":[{"href":"https:\/\/www.vsv-design.com\/fr\/wp-json\/wp\/v2\/product"}],"about":[{"href":"https:\/\/www.vsv-design.com\/fr\/wp-json\/wp\/v2\/types\/product"}],"replies":[{"embeddable":true,"href":"https:\/\/www.vsv-design.com\/fr\/wp-json\/wp\/v2\/comments?post=2724"}],"wp:featuredmedia":[{"embeddable":true,"href":"https:\/\/www.vsv-design.com\/fr\/wp-json\/wp\/v2\/media\/2985"}],"wp:attachment":[{"href":"https:\/\/www.vsv-design.com\/fr\/wp-json\/wp\/v2\/media?parent=2724"}],"wp:term":[{"taxonomy":"product_brand","embeddable":true,"href":"https:\/\/www.vsv-design.com\/fr\/wp-json\/wp\/v2\/product_brand?post=2724"},{"taxonomy":"product_cat","embeddable":true,"href":"https:\/\/www.vsv-design.com\/fr\/wp-json\/wp\/v2\/product_cat?post=2724"},{"taxonomy":"product_tag","embeddable":true,"href":"https:\/\/www.vsv-design.com\/fr\/wp-json\/wp\/v2\/product_tag?post=2724"}],"curies":[{"name":"wp","href":"https:\/\/api.w.org\/{rel}","templated":true}]}}