{"id":2719,"date":"2025-01-29T17:34:42","date_gmt":"2025-01-29T15:34:42","guid":{"rendered":"https:\/\/dev.vsv-design.com\/products\/non%20class\u00e9\/latin-dance-fringes-trousers-3017\/"},"modified":"2025-01-29T17:36:15","modified_gmt":"2025-01-29T15:36:15","slug":"latin-dance-fringes-trousers-3017","status":"publish","type":"product","link":"https:\/\/www.vsv-design.com\/fr\/products\/danse-sportive\/vetements-dentrainement\/vetements-dentrainement-femme\/latin-dance-fringes-trousers-3017\/","title":{"rendered":"Pantalon de danse latine #3017"},"content":{"rendered":"<div class=\"rey-wcPanels \">\n<div class=\"rey-wcPanel rey-wcPanel--description rey-wcPanel--ord-1\">\n<div class=\"rey-wcPanel-inner\">\n<h5><em>Exprimez votre STYLE avec \u00c9L\u00c9GANCE \u0435t CONFORT !<br \/>\n<\/em><\/h5>\n<p>Un pantalon court \u00e0 franges avec une ceinture \u00e9lastique en velours pour un look sexy et chic pandent vos exercices de danse.<br \/>\n<em>Combinez ce pantalon avec un justaucorps ou un bustier de notre large s\u00e9lection pour un look complet et \u00e9l\u00e9gant!<\/em><\/p>\n<p><i>Le mod\u00e8le mesure 167 cm et porte la taille S.<\/i><\/p>\n<p><em>Entretien :<br \/>\nLavage en machine \u00e0 30\u00b0C<br \/>\nNe pas s\u00e9cher au s\u00e8che-linge<br \/>\nLaver avec des couleurs similaires<\/em><\/p>\n<\/div>\n<\/div>\n<div class=\"rey-wcPanel rey-wcPanel--additional_information rey-wcPanel--ord-2\">\n<div class=\"rey-wcPanel-inner\"><\/div>\n<\/div>\n<div class=\"rey-wcPanel rey-wcPanel--reviews rey-wcPanel--ord-3\">\n<div id=\"toggle-reviews-button\" class=\"rey-reviewsBtn js-reviewsBtn btn btn-secondary-outline btn--block\" role=\"button\"><\/div>\n<div class=\"rey-wcPanel-inner\"><\/div>\n<\/div>\n<\/div>\n<div class=\"__placeholder-wrapper related products\"><\/div>\n","protected":false},"excerpt":{"rendered":"<h5><em><strong>STYLE<\/strong>,\u00a0<strong>CONFORT<\/strong>\u00a0et\u00a0<strong>CONFIANCE<\/strong>\u00a0<strong>pendant l\u2019entra\u00eenement !<\/strong><\/em><\/h5>\n<ul>\n<li><em>Livraison rapide<\/em><\/li>\n<li><em>D\u00e9lais de retour de 14 jours\u00a0<\/em><\/li>\n<\/ul>\n","protected":false},"featured_media":2994,"comment_status":"open","ping_status":"closed","template":"","meta":{"_acf_changed":false},"product_brand":[],"product_cat":[219],"product_tag":[],"class_list":{"0":"post-2719","1":"product","2":"type-product","3":"status-publish","4":"has-post-thumbnail","6":"product_cat-vetements-dentrainement-femme","7":"product_shipping_class-small-dresses-shipping-fr","9":"first","10":"instock","11":"shipping-taxable","12":"purchasable","13":"product-type-variable","swatches":"rey-swatches","show_selected":"rey-swatches--show-selected--name","stretch_labels":"rey-swatches--stretch-labels"},"acf":[],"yoast_head":"<!-- This site is optimized with the Yoast SEO plugin v27.4 - https:\/\/yoast.com\/product\/yoast-seo-wordpress\/ -->\n<title>Pantalon de danse latine #3017 - V\u00eatements d&#039;entra\u00eenement femme - VSV Design<\/title>\n<meta name=\"description\" content=\"Unique mod\u00e8le Pantalon de danse latine #3017 for sale by VSV Design. Un design exclusif et une qualit\u00e9 excellente \u00e0 un prix abordable!\" \/>\n<meta name=\"robots\" content=\"index, follow, max-snippet:-1, max-image-preview:large, max-video-preview:-1\" \/>\n<link rel=\"canonical\" href=\"https:\/\/www.vsv-design.com\/fr\/products\/danse-sportive\/vetements-dentrainement\/vetements-dentrainement-femme\/latin-dance-fringes-trousers-3017\/\" \/>\n<meta property=\"og:locale\" content=\"fr_FR\" \/>\n<meta property=\"og:type\" content=\"article\" \/>\n<meta property=\"og:title\" content=\"Pantalon de danse latine #3017 - V\u00eatements d&#039;entra\u00eenement femme - VSV Design\" \/>\n<meta property=\"og:description\" content=\"Unique mod\u00e8le Pantalon de danse latine #3017 for sale by VSV Design. Un design exclusif et une qualit\u00e9 excellente \u00e0 un prix abordable!\" \/>\n<meta property=\"og:url\" content=\"https:\/\/www.vsv-design.com\/fr\/products\/danse-sportive\/vetements-dentrainement\/vetements-dentrainement-femme\/latin-dance-fringes-trousers-3017\/\" \/>\n<meta property=\"og:site_name\" content=\"VSV Design\" \/>\n<meta property=\"article:publisher\" content=\"https:\/\/www.facebook.com\/VSVDesign\" \/>\n<meta property=\"article:modified_time\" content=\"2025-01-29T15:36:15+00:00\" \/>\n<meta property=\"og:image\" content=\"https:\/\/www.vsv-design.com\/wp-content\/uploads\/2025\/01\/VSV10571.jpg\" \/>\n\t<meta property=\"og:image:width\" content=\"1707\" \/>\n\t<meta property=\"og:image:height\" content=\"2560\" \/>\n\t<meta property=\"og:image:type\" content=\"image\/jpeg\" \/>\n<meta name=\"twitter:card\" content=\"summary_large_image\" \/>\n<meta name=\"twitter:label1\" content=\"Dur\u00e9e de lecture estim\u00e9e\" \/>\n\t<meta name=\"twitter:data1\" content=\"1 minute\" \/>\n<script type=\"application\/ld+json\" class=\"yoast-schema-graph\">{\"@context\":\"https:\\\/\\\/schema.org\",\"@graph\":[{\"@type\":\"WebPage\",\"@id\":\"https:\\\/\\\/www.vsv-design.com\\\/fr\\\/products\\\/danse-sportive\\\/vetements-dentrainement\\\/vetements-dentrainement-femme\\\/latin-dance-fringes-trousers-3017\\\/\",\"url\":\"https:\\\/\\\/www.vsv-design.com\\\/fr\\\/products\\\/danse-sportive\\\/vetements-dentrainement\\\/vetements-dentrainement-femme\\\/latin-dance-fringes-trousers-3017\\\/\",\"name\":\"Pantalon de danse latine #3017 - V\u00eatements d'entra\u00eenement femme - VSV Design\",\"isPartOf\":{\"@id\":\"https:\\\/\\\/www.vsv-design.com\\\/#website\"},\"primaryImageOfPage\":{\"@id\":\"https:\\\/\\\/www.vsv-design.com\\\/fr\\\/products\\\/danse-sportive\\\/vetements-dentrainement\\\/vetements-dentrainement-femme\\\/latin-dance-fringes-trousers-3017\\\/#primaryimage\"},\"image\":{\"@id\":\"https:\\\/\\\/www.vsv-design.com\\\/fr\\\/products\\\/danse-sportive\\\/vetements-dentrainement\\\/vetements-dentrainement-femme\\\/latin-dance-fringes-trousers-3017\\\/#primaryimage\"},\"thumbnailUrl\":\"https:\\\/\\\/www.vsv-design.com\\\/wp-content\\\/uploads\\\/2025\\\/01\\\/VSV10571.jpg\",\"datePublished\":\"2025-01-29T15:34:42+00:00\",\"dateModified\":\"2025-01-29T15:36:15+00:00\",\"description\":\"Unique mod\u00e8le Pantalon de danse latine #3017 for sale by VSV Design. Un design exclusif et une qualit\u00e9 excellente \u00e0 un prix abordable!\",\"breadcrumb\":{\"@id\":\"https:\\\/\\\/www.vsv-design.com\\\/fr\\\/products\\\/danse-sportive\\\/vetements-dentrainement\\\/vetements-dentrainement-femme\\\/latin-dance-fringes-trousers-3017\\\/#breadcrumb\"},\"inLanguage\":\"fr-FR\",\"potentialAction\":[{\"@type\":\"ReadAction\",\"target\":[\"https:\\\/\\\/www.vsv-design.com\\\/fr\\\/products\\\/danse-sportive\\\/vetements-dentrainement\\\/vetements-dentrainement-femme\\\/latin-dance-fringes-trousers-3017\\\/\"]}]},{\"@type\":\"ImageObject\",\"inLanguage\":\"fr-FR\",\"@id\":\"https:\\\/\\\/www.vsv-design.com\\\/fr\\\/products\\\/danse-sportive\\\/vetements-dentrainement\\\/vetements-dentrainement-femme\\\/latin-dance-fringes-trousers-3017\\\/#primaryimage\",\"url\":\"https:\\\/\\\/www.vsv-design.com\\\/wp-content\\\/uploads\\\/2025\\\/01\\\/VSV10571.jpg\",\"contentUrl\":\"https:\\\/\\\/www.vsv-design.com\\\/wp-content\\\/uploads\\\/2025\\\/01\\\/VSV10571.jpg\",\"width\":1707,\"height\":2560},{\"@type\":\"BreadcrumbList\",\"@id\":\"https:\\\/\\\/www.vsv-design.com\\\/fr\\\/products\\\/danse-sportive\\\/vetements-dentrainement\\\/vetements-dentrainement-femme\\\/latin-dance-fringes-trousers-3017\\\/#breadcrumb\",\"itemListElement\":[{\"@type\":\"ListItem\",\"position\":1,\"name\":\"Home\",\"item\":\"https:\\\/\\\/www.vsv-design.com\\\/\"},{\"@type\":\"ListItem\",\"position\":2,\"name\":\"Tous produits\",\"item\":\"https:\\\/\\\/www.vsv-design.com\\\/fr\\\/produits\\\/\"},{\"@type\":\"ListItem\",\"position\":3,\"name\":\"Pantalon de danse latine #3017\"}]},{\"@type\":\"WebSite\",\"@id\":\"https:\\\/\\\/www.vsv-design.com\\\/#website\",\"url\":\"https:\\\/\\\/www.vsv-design.com\\\/\",\"name\":\"VSV Design\",\"description\":\"\",\"publisher\":{\"@id\":\"https:\\\/\\\/www.vsv-design.com\\\/#organization\"},\"potentialAction\":[{\"@type\":\"SearchAction\",\"target\":{\"@type\":\"EntryPoint\",\"urlTemplate\":\"https:\\\/\\\/www.vsv-design.com\\\/?s={search_term_string}\"},\"query-input\":{\"@type\":\"PropertyValueSpecification\",\"valueRequired\":true,\"valueName\":\"search_term_string\"}}],\"inLanguage\":\"fr-FR\"},{\"@type\":\"Organization\",\"@id\":\"https:\\\/\\\/www.vsv-design.com\\\/#organization\",\"name\":\"VSV Design\",\"url\":\"https:\\\/\\\/www.vsv-design.com\\\/\",\"logo\":{\"@type\":\"ImageObject\",\"inLanguage\":\"fr-FR\",\"@id\":\"https:\\\/\\\/www.vsv-design.com\\\/#\\\/schema\\\/logo\\\/image\\\/\",\"url\":\"https:\\\/\\\/www.vsv-design.com\\\/wp-content\\\/uploads\\\/2025\\\/01\\\/cropped-vsv-1.jpg\",\"contentUrl\":\"https:\\\/\\\/www.vsv-design.com\\\/wp-content\\\/uploads\\\/2025\\\/01\\\/cropped-vsv-1.jpg\",\"width\":512,\"height\":512,\"caption\":\"VSV Design\"},\"image\":{\"@id\":\"https:\\\/\\\/www.vsv-design.com\\\/#\\\/schema\\\/logo\\\/image\\\/\"},\"sameAs\":[\"https:\\\/\\\/www.facebook.com\\\/VSVDesign\"]}]}<\/script>\n<!-- \/ Yoast SEO plugin. -->","yoast_head_json":{"title":"Pantalon de danse latine #3017 - V\u00eatements d'entra\u00eenement femme - VSV Design","description":"Unique mod\u00e8le Pantalon de danse latine #3017 for sale by VSV Design. Un design exclusif et une qualit\u00e9 excellente \u00e0 un prix abordable!","robots":{"index":"index","follow":"follow","max-snippet":"max-snippet:-1","max-image-preview":"max-image-preview:large","max-video-preview":"max-video-preview:-1"},"canonical":"https:\/\/www.vsv-design.com\/fr\/products\/danse-sportive\/vetements-dentrainement\/vetements-dentrainement-femme\/latin-dance-fringes-trousers-3017\/","og_locale":"fr_FR","og_type":"article","og_title":"Pantalon de danse latine #3017 - V\u00eatements d'entra\u00eenement femme - VSV Design","og_description":"Unique mod\u00e8le Pantalon de danse latine #3017 for sale by VSV Design. Un design exclusif et une qualit\u00e9 excellente \u00e0 un prix abordable!","og_url":"https:\/\/www.vsv-design.com\/fr\/products\/danse-sportive\/vetements-dentrainement\/vetements-dentrainement-femme\/latin-dance-fringes-trousers-3017\/","og_site_name":"VSV Design","article_publisher":"https:\/\/www.facebook.com\/VSVDesign","article_modified_time":"2025-01-29T15:36:15+00:00","og_image":[{"width":1707,"height":2560,"url":"https:\/\/www.vsv-design.com\/wp-content\/uploads\/2025\/01\/VSV10571.jpg","type":"image\/jpeg"}],"twitter_card":"summary_large_image","twitter_misc":{"Dur\u00e9e de lecture estim\u00e9e":"1 minute"},"schema":{"@context":"https:\/\/schema.org","@graph":[{"@type":"WebPage","@id":"https:\/\/www.vsv-design.com\/fr\/products\/danse-sportive\/vetements-dentrainement\/vetements-dentrainement-femme\/latin-dance-fringes-trousers-3017\/","url":"https:\/\/www.vsv-design.com\/fr\/products\/danse-sportive\/vetements-dentrainement\/vetements-dentrainement-femme\/latin-dance-fringes-trousers-3017\/","name":"Pantalon de danse latine #3017 - V\u00eatements d'entra\u00eenement femme - VSV Design","isPartOf":{"@id":"https:\/\/www.vsv-design.com\/#website"},"primaryImageOfPage":{"@id":"https:\/\/www.vsv-design.com\/fr\/products\/danse-sportive\/vetements-dentrainement\/vetements-dentrainement-femme\/latin-dance-fringes-trousers-3017\/#primaryimage"},"image":{"@id":"https:\/\/www.vsv-design.com\/fr\/products\/danse-sportive\/vetements-dentrainement\/vetements-dentrainement-femme\/latin-dance-fringes-trousers-3017\/#primaryimage"},"thumbnailUrl":"https:\/\/www.vsv-design.com\/wp-content\/uploads\/2025\/01\/VSV10571.jpg","datePublished":"2025-01-29T15:34:42+00:00","dateModified":"2025-01-29T15:36:15+00:00","description":"Unique mod\u00e8le Pantalon de danse latine #3017 for sale by VSV Design. Un design exclusif et une qualit\u00e9 excellente \u00e0 un prix abordable!","breadcrumb":{"@id":"https:\/\/www.vsv-design.com\/fr\/products\/danse-sportive\/vetements-dentrainement\/vetements-dentrainement-femme\/latin-dance-fringes-trousers-3017\/#breadcrumb"},"inLanguage":"fr-FR","potentialAction":[{"@type":"ReadAction","target":["https:\/\/www.vsv-design.com\/fr\/products\/danse-sportive\/vetements-dentrainement\/vetements-dentrainement-femme\/latin-dance-fringes-trousers-3017\/"]}]},{"@type":"ImageObject","inLanguage":"fr-FR","@id":"https:\/\/www.vsv-design.com\/fr\/products\/danse-sportive\/vetements-dentrainement\/vetements-dentrainement-femme\/latin-dance-fringes-trousers-3017\/#primaryimage","url":"https:\/\/www.vsv-design.com\/wp-content\/uploads\/2025\/01\/VSV10571.jpg","contentUrl":"https:\/\/www.vsv-design.com\/wp-content\/uploads\/2025\/01\/VSV10571.jpg","width":1707,"height":2560},{"@type":"BreadcrumbList","@id":"https:\/\/www.vsv-design.com\/fr\/products\/danse-sportive\/vetements-dentrainement\/vetements-dentrainement-femme\/latin-dance-fringes-trousers-3017\/#breadcrumb","itemListElement":[{"@type":"ListItem","position":1,"name":"Home","item":"https:\/\/www.vsv-design.com\/"},{"@type":"ListItem","position":2,"name":"Tous produits","item":"https:\/\/www.vsv-design.com\/fr\/produits\/"},{"@type":"ListItem","position":3,"name":"Pantalon de danse latine #3017"}]},{"@type":"WebSite","@id":"https:\/\/www.vsv-design.com\/#website","url":"https:\/\/www.vsv-design.com\/","name":"VSV Design","description":"","publisher":{"@id":"https:\/\/www.vsv-design.com\/#organization"},"potentialAction":[{"@type":"SearchAction","target":{"@type":"EntryPoint","urlTemplate":"https:\/\/www.vsv-design.com\/?s={search_term_string}"},"query-input":{"@type":"PropertyValueSpecification","valueRequired":true,"valueName":"search_term_string"}}],"inLanguage":"fr-FR"},{"@type":"Organization","@id":"https:\/\/www.vsv-design.com\/#organization","name":"VSV Design","url":"https:\/\/www.vsv-design.com\/","logo":{"@type":"ImageObject","inLanguage":"fr-FR","@id":"https:\/\/www.vsv-design.com\/#\/schema\/logo\/image\/","url":"https:\/\/www.vsv-design.com\/wp-content\/uploads\/2025\/01\/cropped-vsv-1.jpg","contentUrl":"https:\/\/www.vsv-design.com\/wp-content\/uploads\/2025\/01\/cropped-vsv-1.jpg","width":512,"height":512,"caption":"VSV Design"},"image":{"@id":"https:\/\/www.vsv-design.com\/#\/schema\/logo\/image\/"},"sameAs":["https:\/\/www.facebook.com\/VSVDesign"]}]}},"_links":{"self":[{"href":"https:\/\/www.vsv-design.com\/fr\/wp-json\/wp\/v2\/product\/2719","targetHints":{"allow":["GET"]}}],"collection":[{"href":"https:\/\/www.vsv-design.com\/fr\/wp-json\/wp\/v2\/product"}],"about":[{"href":"https:\/\/www.vsv-design.com\/fr\/wp-json\/wp\/v2\/types\/product"}],"replies":[{"embeddable":true,"href":"https:\/\/www.vsv-design.com\/fr\/wp-json\/wp\/v2\/comments?post=2719"}],"wp:featuredmedia":[{"embeddable":true,"href":"https:\/\/www.vsv-design.com\/fr\/wp-json\/wp\/v2\/media\/2994"}],"wp:attachment":[{"href":"https:\/\/www.vsv-design.com\/fr\/wp-json\/wp\/v2\/media?parent=2719"}],"wp:term":[{"taxonomy":"product_brand","embeddable":true,"href":"https:\/\/www.vsv-design.com\/fr\/wp-json\/wp\/v2\/product_brand?post=2719"},{"taxonomy":"product_cat","embeddable":true,"href":"https:\/\/www.vsv-design.com\/fr\/wp-json\/wp\/v2\/product_cat?post=2719"},{"taxonomy":"product_tag","embeddable":true,"href":"https:\/\/www.vsv-design.com\/fr\/wp-json\/wp\/v2\/product_tag?post=2719"}],"curies":[{"name":"wp","href":"https:\/\/api.w.org\/{rel}","templated":true}]}}