{"id":2589,"date":"2025-01-27T14:05:48","date_gmt":"2025-01-27T12:05:48","guid":{"rendered":"https:\/\/dev.vsv-design.com\/products\/non%20class\u00e9\/%d1%80%d0%be%d0%ba%d0%bb%d1%8f-%d0%b7%d0%b0-%d0%bb%d0%b0%d1%82%d0%b8%d0%bd%d0%be%d0%b0%d0%bc%d0%b5%d1%80%d0%b8%d0%ba%d0%b0%d0%bd%d1%81%d0%ba%d0%b8-%d1%82%d0%b0%d0%bd%d1%86%d0%b8-a001\/"},"modified":"2025-01-27T14:36:12","modified_gmt":"2025-01-27T12:36:12","slug":"%d1%80%d0%be%d0%ba%d0%bb%d1%8f-%d0%b7%d0%b0-%d0%bb%d0%b0%d1%82%d0%b8%d0%bd%d0%be%d0%b0%d0%bc%d0%b5%d1%80%d0%b8%d0%ba%d0%b0%d0%bd%d1%81%d0%ba%d0%b8-%d1%82%d0%b0%d0%bd%d1%86%d0%b8-a001","status":"publish","type":"product","link":"https:\/\/www.vsv-design.com\/fr\/products\/danse-sportive\/danse-en-solo\/%d1%80%d0%be%d0%ba%d0%bb%d1%8f-%d0%b7%d0%b0-%d0%bb%d0%b0%d1%82%d0%b8%d0%bd%d0%be%d0%b0%d0%bc%d0%b5%d1%80%d0%b8%d0%ba%d0%b0%d0%bd%d1%81%d0%ba%d0%b8-%d1%82%d0%b0%d0%bd%d1%86%d0%b8-a001\/","title":{"rendered":"Robe de danse latine  #A001"},"content":{"rendered":"<p>Robe de danse latine sans manches en imprim\u00e9 animal . Cette tenue est fabriqu\u00e9e \u00e0 partir d&rsquo;un filet extensible de haute qualit\u00e9 en imprim\u00e9 l\u00e9opard. Elle est dot\u00e9e d&rsquo;un d\u00e9collet\u00e9 en V en velours noir. La jupe fluide et riche avec une fente offre beaucoup de mouvement. Une ceinture en velours noir termine la robe.<br \/>\n<em>* Ce mod\u00e8le mesure 165 cm et porte la taille S.<\/em><\/p>\n<p>&nbsp;<\/p>\n<p>Entretien :<\/p>\n<p>Lavage en machine \u00e0 30\u00b0C<br \/>\nNe pas s\u00e9cher au s\u00e8che-linge<br \/>\nLaver avec des couleurs similaires<\/p>\n<p>&nbsp;<\/p>\n","protected":false},"excerpt":{"rendered":"<p><em><strong>Danser avec style, confort et confiance!<\/strong><\/em><\/p>\n<ul>\n<li><em>Livraison rapide<\/em><\/li>\n<li><i>D\u00e9lai de retour de 14 jours<\/i><\/li>\n<\/ul>\n","protected":false},"featured_media":3236,"comment_status":"open","ping_status":"closed","template":"","meta":{"_acf_changed":false},"product_brand":[],"product_cat":[172],"product_tag":[],"class_list":{"0":"post-2589","1":"product","2":"type-product","3":"status-publish","4":"has-post-thumbnail","6":"product_cat-danse-en-solo","8":"first","9":"instock","10":"shipping-taxable","11":"purchasable","12":"product-type-variable","swatches":"rey-swatches","show_selected":"rey-swatches--show-selected--name","stretch_labels":"rey-swatches--stretch-labels"},"acf":[],"yoast_head":"<!-- This site is optimized with the Yoast SEO plugin v27.4 - https:\/\/yoast.com\/product\/yoast-seo-wordpress\/ -->\n<title>Robe de danse latine #A001 - Danse en solo - VSV Design<\/title>\n<meta name=\"description\" content=\"Unique mod\u00e8le Robe de danse latine #A001 for sale by VSV Design. Un design exclusif et une qualit\u00e9 excellente \u00e0 un prix abordable!\" \/>\n<meta name=\"robots\" content=\"index, follow, max-snippet:-1, max-image-preview:large, max-video-preview:-1\" \/>\n<link rel=\"canonical\" href=\"https:\/\/www.vsv-design.com\/fr\/products\/danse-sportive\/danse-en-solo\/\u0440\u043e\u043a\u043b\u044f-\u0437\u0430-\u043b\u0430\u0442\u0438\u043d\u043e\u0430\u043c\u0435\u0440\u0438\u043a\u0430\u043d\u0441\u043a\u0438-\u0442\u0430\u043d\u0446\u0438-a001\/\" \/>\n<meta property=\"og:locale\" content=\"fr_FR\" \/>\n<meta property=\"og:type\" content=\"article\" \/>\n<meta property=\"og:title\" content=\"Robe de danse latine #A001 - Danse en solo - VSV Design\" \/>\n<meta property=\"og:description\" content=\"Unique mod\u00e8le Robe de danse latine #A001 for sale by VSV Design. Un design exclusif et une qualit\u00e9 excellente \u00e0 un prix abordable!\" \/>\n<meta property=\"og:url\" content=\"https:\/\/www.vsv-design.com\/fr\/products\/danse-sportive\/danse-en-solo\/\u0440\u043e\u043a\u043b\u044f-\u0437\u0430-\u043b\u0430\u0442\u0438\u043d\u043e\u0430\u043c\u0435\u0440\u0438\u043a\u0430\u043d\u0441\u043a\u0438-\u0442\u0430\u043d\u0446\u0438-a001\/\" \/>\n<meta property=\"og:site_name\" content=\"VSV Design\" \/>\n<meta property=\"article:publisher\" content=\"https:\/\/www.facebook.com\/VSVDesign\" \/>\n<meta property=\"article:modified_time\" content=\"2025-01-27T12:36:12+00:00\" \/>\n<meta property=\"og:image\" content=\"https:\/\/www.vsv-design.com\/wp-content\/uploads\/2025\/01\/VSV10663.jpg\" \/>\n\t<meta property=\"og:image:width\" content=\"1706\" \/>\n\t<meta property=\"og:image:height\" content=\"2560\" \/>\n\t<meta property=\"og:image:type\" content=\"image\/jpeg\" \/>\n<meta name=\"twitter:card\" content=\"summary_large_image\" \/>\n<meta name=\"twitter:label1\" content=\"Dur\u00e9e de lecture estim\u00e9e\" \/>\n\t<meta name=\"twitter:data1\" content=\"1 minute\" \/>\n<script type=\"application\/ld+json\" class=\"yoast-schema-graph\">{\"@context\":\"https:\\\/\\\/schema.org\",\"@graph\":[{\"@type\":\"WebPage\",\"@id\":\"https:\\\/\\\/www.vsv-design.com\\\/fr\\\/products\\\/danse-sportive\\\/danse-en-solo\\\/%d1%80%d0%be%d0%ba%d0%bb%d1%8f-%d0%b7%d0%b0-%d0%bb%d0%b0%d1%82%d0%b8%d0%bd%d0%be%d0%b0%d0%bc%d0%b5%d1%80%d0%b8%d0%ba%d0%b0%d0%bd%d1%81%d0%ba%d0%b8-%d1%82%d0%b0%d0%bd%d1%86%d0%b8-a001\\\/\",\"url\":\"https:\\\/\\\/www.vsv-design.com\\\/fr\\\/products\\\/danse-sportive\\\/danse-en-solo\\\/%d1%80%d0%be%d0%ba%d0%bb%d1%8f-%d0%b7%d0%b0-%d0%bb%d0%b0%d1%82%d0%b8%d0%bd%d0%be%d0%b0%d0%bc%d0%b5%d1%80%d0%b8%d0%ba%d0%b0%d0%bd%d1%81%d0%ba%d0%b8-%d1%82%d0%b0%d0%bd%d1%86%d0%b8-a001\\\/\",\"name\":\"Robe de danse latine #A001 - Danse en solo - VSV Design\",\"isPartOf\":{\"@id\":\"https:\\\/\\\/www.vsv-design.com\\\/#website\"},\"primaryImageOfPage\":{\"@id\":\"https:\\\/\\\/www.vsv-design.com\\\/fr\\\/products\\\/danse-sportive\\\/danse-en-solo\\\/%d1%80%d0%be%d0%ba%d0%bb%d1%8f-%d0%b7%d0%b0-%d0%bb%d0%b0%d1%82%d0%b8%d0%bd%d0%be%d0%b0%d0%bc%d0%b5%d1%80%d0%b8%d0%ba%d0%b0%d0%bd%d1%81%d0%ba%d0%b8-%d1%82%d0%b0%d0%bd%d1%86%d0%b8-a001\\\/#primaryimage\"},\"image\":{\"@id\":\"https:\\\/\\\/www.vsv-design.com\\\/fr\\\/products\\\/danse-sportive\\\/danse-en-solo\\\/%d1%80%d0%be%d0%ba%d0%bb%d1%8f-%d0%b7%d0%b0-%d0%bb%d0%b0%d1%82%d0%b8%d0%bd%d0%be%d0%b0%d0%bc%d0%b5%d1%80%d0%b8%d0%ba%d0%b0%d0%bd%d1%81%d0%ba%d0%b8-%d1%82%d0%b0%d0%bd%d1%86%d0%b8-a001\\\/#primaryimage\"},\"thumbnailUrl\":\"https:\\\/\\\/www.vsv-design.com\\\/wp-content\\\/uploads\\\/2025\\\/01\\\/VSV10663.jpg\",\"datePublished\":\"2025-01-27T12:05:48+00:00\",\"dateModified\":\"2025-01-27T12:36:12+00:00\",\"description\":\"Unique mod\u00e8le Robe de danse latine #A001 for sale by VSV Design. Un design exclusif et une qualit\u00e9 excellente \u00e0 un prix abordable!\",\"breadcrumb\":{\"@id\":\"https:\\\/\\\/www.vsv-design.com\\\/fr\\\/products\\\/danse-sportive\\\/danse-en-solo\\\/%d1%80%d0%be%d0%ba%d0%bb%d1%8f-%d0%b7%d0%b0-%d0%bb%d0%b0%d1%82%d0%b8%d0%bd%d0%be%d0%b0%d0%bc%d0%b5%d1%80%d0%b8%d0%ba%d0%b0%d0%bd%d1%81%d0%ba%d0%b8-%d1%82%d0%b0%d0%bd%d1%86%d0%b8-a001\\\/#breadcrumb\"},\"inLanguage\":\"fr-FR\",\"potentialAction\":[{\"@type\":\"ReadAction\",\"target\":[\"https:\\\/\\\/www.vsv-design.com\\\/fr\\\/products\\\/danse-sportive\\\/danse-en-solo\\\/%d1%80%d0%be%d0%ba%d0%bb%d1%8f-%d0%b7%d0%b0-%d0%bb%d0%b0%d1%82%d0%b8%d0%bd%d0%be%d0%b0%d0%bc%d0%b5%d1%80%d0%b8%d0%ba%d0%b0%d0%bd%d1%81%d0%ba%d0%b8-%d1%82%d0%b0%d0%bd%d1%86%d0%b8-a001\\\/\"]}]},{\"@type\":\"ImageObject\",\"inLanguage\":\"fr-FR\",\"@id\":\"https:\\\/\\\/www.vsv-design.com\\\/fr\\\/products\\\/danse-sportive\\\/danse-en-solo\\\/%d1%80%d0%be%d0%ba%d0%bb%d1%8f-%d0%b7%d0%b0-%d0%bb%d0%b0%d1%82%d0%b8%d0%bd%d0%be%d0%b0%d0%bc%d0%b5%d1%80%d0%b8%d0%ba%d0%b0%d0%bd%d1%81%d0%ba%d0%b8-%d1%82%d0%b0%d0%bd%d1%86%d0%b8-a001\\\/#primaryimage\",\"url\":\"https:\\\/\\\/www.vsv-design.com\\\/wp-content\\\/uploads\\\/2025\\\/01\\\/VSV10663.jpg\",\"contentUrl\":\"https:\\\/\\\/www.vsv-design.com\\\/wp-content\\\/uploads\\\/2025\\\/01\\\/VSV10663.jpg\",\"width\":1706,\"height\":2560},{\"@type\":\"BreadcrumbList\",\"@id\":\"https:\\\/\\\/www.vsv-design.com\\\/fr\\\/products\\\/danse-sportive\\\/danse-en-solo\\\/%d1%80%d0%be%d0%ba%d0%bb%d1%8f-%d0%b7%d0%b0-%d0%bb%d0%b0%d1%82%d0%b8%d0%bd%d0%be%d0%b0%d0%bc%d0%b5%d1%80%d0%b8%d0%ba%d0%b0%d0%bd%d1%81%d0%ba%d0%b8-%d1%82%d0%b0%d0%bd%d1%86%d0%b8-a001\\\/#breadcrumb\",\"itemListElement\":[{\"@type\":\"ListItem\",\"position\":1,\"name\":\"Home\",\"item\":\"https:\\\/\\\/www.vsv-design.com\\\/\"},{\"@type\":\"ListItem\",\"position\":2,\"name\":\"Tous produits\",\"item\":\"https:\\\/\\\/www.vsv-design.com\\\/fr\\\/produits\\\/\"},{\"@type\":\"ListItem\",\"position\":3,\"name\":\"Robe de danse latine #A001\"}]},{\"@type\":\"WebSite\",\"@id\":\"https:\\\/\\\/www.vsv-design.com\\\/#website\",\"url\":\"https:\\\/\\\/www.vsv-design.com\\\/\",\"name\":\"VSV Design\",\"description\":\"\",\"publisher\":{\"@id\":\"https:\\\/\\\/www.vsv-design.com\\\/#organization\"},\"potentialAction\":[{\"@type\":\"SearchAction\",\"target\":{\"@type\":\"EntryPoint\",\"urlTemplate\":\"https:\\\/\\\/www.vsv-design.com\\\/?s={search_term_string}\"},\"query-input\":{\"@type\":\"PropertyValueSpecification\",\"valueRequired\":true,\"valueName\":\"search_term_string\"}}],\"inLanguage\":\"fr-FR\"},{\"@type\":\"Organization\",\"@id\":\"https:\\\/\\\/www.vsv-design.com\\\/#organization\",\"name\":\"VSV Design\",\"url\":\"https:\\\/\\\/www.vsv-design.com\\\/\",\"logo\":{\"@type\":\"ImageObject\",\"inLanguage\":\"fr-FR\",\"@id\":\"https:\\\/\\\/www.vsv-design.com\\\/#\\\/schema\\\/logo\\\/image\\\/\",\"url\":\"https:\\\/\\\/www.vsv-design.com\\\/wp-content\\\/uploads\\\/2025\\\/01\\\/cropped-vsv-1.jpg\",\"contentUrl\":\"https:\\\/\\\/www.vsv-design.com\\\/wp-content\\\/uploads\\\/2025\\\/01\\\/cropped-vsv-1.jpg\",\"width\":512,\"height\":512,\"caption\":\"VSV Design\"},\"image\":{\"@id\":\"https:\\\/\\\/www.vsv-design.com\\\/#\\\/schema\\\/logo\\\/image\\\/\"},\"sameAs\":[\"https:\\\/\\\/www.facebook.com\\\/VSVDesign\"]}]}<\/script>\n<!-- \/ Yoast SEO plugin. -->","yoast_head_json":{"title":"Robe de danse latine #A001 - Danse en solo - VSV Design","description":"Unique mod\u00e8le Robe de danse latine #A001 for sale by VSV Design. Un design exclusif et une qualit\u00e9 excellente \u00e0 un prix abordable!","robots":{"index":"index","follow":"follow","max-snippet":"max-snippet:-1","max-image-preview":"max-image-preview:large","max-video-preview":"max-video-preview:-1"},"canonical":"https:\/\/www.vsv-design.com\/fr\/products\/danse-sportive\/danse-en-solo\/\u0440\u043e\u043a\u043b\u044f-\u0437\u0430-\u043b\u0430\u0442\u0438\u043d\u043e\u0430\u043c\u0435\u0440\u0438\u043a\u0430\u043d\u0441\u043a\u0438-\u0442\u0430\u043d\u0446\u0438-a001\/","og_locale":"fr_FR","og_type":"article","og_title":"Robe de danse latine #A001 - Danse en solo - VSV Design","og_description":"Unique mod\u00e8le Robe de danse latine #A001 for sale by VSV Design. Un design exclusif et une qualit\u00e9 excellente \u00e0 un prix abordable!","og_url":"https:\/\/www.vsv-design.com\/fr\/products\/danse-sportive\/danse-en-solo\/\u0440\u043e\u043a\u043b\u044f-\u0437\u0430-\u043b\u0430\u0442\u0438\u043d\u043e\u0430\u043c\u0435\u0440\u0438\u043a\u0430\u043d\u0441\u043a\u0438-\u0442\u0430\u043d\u0446\u0438-a001\/","og_site_name":"VSV Design","article_publisher":"https:\/\/www.facebook.com\/VSVDesign","article_modified_time":"2025-01-27T12:36:12+00:00","og_image":[{"width":1706,"height":2560,"url":"https:\/\/www.vsv-design.com\/wp-content\/uploads\/2025\/01\/VSV10663.jpg","type":"image\/jpeg"}],"twitter_card":"summary_large_image","twitter_misc":{"Dur\u00e9e de lecture estim\u00e9e":"1 minute"},"schema":{"@context":"https:\/\/schema.org","@graph":[{"@type":"WebPage","@id":"https:\/\/www.vsv-design.com\/fr\/products\/danse-sportive\/danse-en-solo\/%d1%80%d0%be%d0%ba%d0%bb%d1%8f-%d0%b7%d0%b0-%d0%bb%d0%b0%d1%82%d0%b8%d0%bd%d0%be%d0%b0%d0%bc%d0%b5%d1%80%d0%b8%d0%ba%d0%b0%d0%bd%d1%81%d0%ba%d0%b8-%d1%82%d0%b0%d0%bd%d1%86%d0%b8-a001\/","url":"https:\/\/www.vsv-design.com\/fr\/products\/danse-sportive\/danse-en-solo\/%d1%80%d0%be%d0%ba%d0%bb%d1%8f-%d0%b7%d0%b0-%d0%bb%d0%b0%d1%82%d0%b8%d0%bd%d0%be%d0%b0%d0%bc%d0%b5%d1%80%d0%b8%d0%ba%d0%b0%d0%bd%d1%81%d0%ba%d0%b8-%d1%82%d0%b0%d0%bd%d1%86%d0%b8-a001\/","name":"Robe de danse latine #A001 - Danse en solo - VSV Design","isPartOf":{"@id":"https:\/\/www.vsv-design.com\/#website"},"primaryImageOfPage":{"@id":"https:\/\/www.vsv-design.com\/fr\/products\/danse-sportive\/danse-en-solo\/%d1%80%d0%be%d0%ba%d0%bb%d1%8f-%d0%b7%d0%b0-%d0%bb%d0%b0%d1%82%d0%b8%d0%bd%d0%be%d0%b0%d0%bc%d0%b5%d1%80%d0%b8%d0%ba%d0%b0%d0%bd%d1%81%d0%ba%d0%b8-%d1%82%d0%b0%d0%bd%d1%86%d0%b8-a001\/#primaryimage"},"image":{"@id":"https:\/\/www.vsv-design.com\/fr\/products\/danse-sportive\/danse-en-solo\/%d1%80%d0%be%d0%ba%d0%bb%d1%8f-%d0%b7%d0%b0-%d0%bb%d0%b0%d1%82%d0%b8%d0%bd%d0%be%d0%b0%d0%bc%d0%b5%d1%80%d0%b8%d0%ba%d0%b0%d0%bd%d1%81%d0%ba%d0%b8-%d1%82%d0%b0%d0%bd%d1%86%d0%b8-a001\/#primaryimage"},"thumbnailUrl":"https:\/\/www.vsv-design.com\/wp-content\/uploads\/2025\/01\/VSV10663.jpg","datePublished":"2025-01-27T12:05:48+00:00","dateModified":"2025-01-27T12:36:12+00:00","description":"Unique mod\u00e8le Robe de danse latine #A001 for sale by VSV Design. Un design exclusif et une qualit\u00e9 excellente \u00e0 un prix abordable!","breadcrumb":{"@id":"https:\/\/www.vsv-design.com\/fr\/products\/danse-sportive\/danse-en-solo\/%d1%80%d0%be%d0%ba%d0%bb%d1%8f-%d0%b7%d0%b0-%d0%bb%d0%b0%d1%82%d0%b8%d0%bd%d0%be%d0%b0%d0%bc%d0%b5%d1%80%d0%b8%d0%ba%d0%b0%d0%bd%d1%81%d0%ba%d0%b8-%d1%82%d0%b0%d0%bd%d1%86%d0%b8-a001\/#breadcrumb"},"inLanguage":"fr-FR","potentialAction":[{"@type":"ReadAction","target":["https:\/\/www.vsv-design.com\/fr\/products\/danse-sportive\/danse-en-solo\/%d1%80%d0%be%d0%ba%d0%bb%d1%8f-%d0%b7%d0%b0-%d0%bb%d0%b0%d1%82%d0%b8%d0%bd%d0%be%d0%b0%d0%bc%d0%b5%d1%80%d0%b8%d0%ba%d0%b0%d0%bd%d1%81%d0%ba%d0%b8-%d1%82%d0%b0%d0%bd%d1%86%d0%b8-a001\/"]}]},{"@type":"ImageObject","inLanguage":"fr-FR","@id":"https:\/\/www.vsv-design.com\/fr\/products\/danse-sportive\/danse-en-solo\/%d1%80%d0%be%d0%ba%d0%bb%d1%8f-%d0%b7%d0%b0-%d0%bb%d0%b0%d1%82%d0%b8%d0%bd%d0%be%d0%b0%d0%bc%d0%b5%d1%80%d0%b8%d0%ba%d0%b0%d0%bd%d1%81%d0%ba%d0%b8-%d1%82%d0%b0%d0%bd%d1%86%d0%b8-a001\/#primaryimage","url":"https:\/\/www.vsv-design.com\/wp-content\/uploads\/2025\/01\/VSV10663.jpg","contentUrl":"https:\/\/www.vsv-design.com\/wp-content\/uploads\/2025\/01\/VSV10663.jpg","width":1706,"height":2560},{"@type":"BreadcrumbList","@id":"https:\/\/www.vsv-design.com\/fr\/products\/danse-sportive\/danse-en-solo\/%d1%80%d0%be%d0%ba%d0%bb%d1%8f-%d0%b7%d0%b0-%d0%bb%d0%b0%d1%82%d0%b8%d0%bd%d0%be%d0%b0%d0%bc%d0%b5%d1%80%d0%b8%d0%ba%d0%b0%d0%bd%d1%81%d0%ba%d0%b8-%d1%82%d0%b0%d0%bd%d1%86%d0%b8-a001\/#breadcrumb","itemListElement":[{"@type":"ListItem","position":1,"name":"Home","item":"https:\/\/www.vsv-design.com\/"},{"@type":"ListItem","position":2,"name":"Tous produits","item":"https:\/\/www.vsv-design.com\/fr\/produits\/"},{"@type":"ListItem","position":3,"name":"Robe de danse latine #A001"}]},{"@type":"WebSite","@id":"https:\/\/www.vsv-design.com\/#website","url":"https:\/\/www.vsv-design.com\/","name":"VSV Design","description":"","publisher":{"@id":"https:\/\/www.vsv-design.com\/#organization"},"potentialAction":[{"@type":"SearchAction","target":{"@type":"EntryPoint","urlTemplate":"https:\/\/www.vsv-design.com\/?s={search_term_string}"},"query-input":{"@type":"PropertyValueSpecification","valueRequired":true,"valueName":"search_term_string"}}],"inLanguage":"fr-FR"},{"@type":"Organization","@id":"https:\/\/www.vsv-design.com\/#organization","name":"VSV Design","url":"https:\/\/www.vsv-design.com\/","logo":{"@type":"ImageObject","inLanguage":"fr-FR","@id":"https:\/\/www.vsv-design.com\/#\/schema\/logo\/image\/","url":"https:\/\/www.vsv-design.com\/wp-content\/uploads\/2025\/01\/cropped-vsv-1.jpg","contentUrl":"https:\/\/www.vsv-design.com\/wp-content\/uploads\/2025\/01\/cropped-vsv-1.jpg","width":512,"height":512,"caption":"VSV Design"},"image":{"@id":"https:\/\/www.vsv-design.com\/#\/schema\/logo\/image\/"},"sameAs":["https:\/\/www.facebook.com\/VSVDesign"]}]}},"_links":{"self":[{"href":"https:\/\/www.vsv-design.com\/fr\/wp-json\/wp\/v2\/product\/2589","targetHints":{"allow":["GET"]}}],"collection":[{"href":"https:\/\/www.vsv-design.com\/fr\/wp-json\/wp\/v2\/product"}],"about":[{"href":"https:\/\/www.vsv-design.com\/fr\/wp-json\/wp\/v2\/types\/product"}],"replies":[{"embeddable":true,"href":"https:\/\/www.vsv-design.com\/fr\/wp-json\/wp\/v2\/comments?post=2589"}],"wp:featuredmedia":[{"embeddable":true,"href":"https:\/\/www.vsv-design.com\/fr\/wp-json\/wp\/v2\/media\/3236"}],"wp:attachment":[{"href":"https:\/\/www.vsv-design.com\/fr\/wp-json\/wp\/v2\/media?parent=2589"}],"wp:term":[{"taxonomy":"product_brand","embeddable":true,"href":"https:\/\/www.vsv-design.com\/fr\/wp-json\/wp\/v2\/product_brand?post=2589"},{"taxonomy":"product_cat","embeddable":true,"href":"https:\/\/www.vsv-design.com\/fr\/wp-json\/wp\/v2\/product_cat?post=2589"},{"taxonomy":"product_tag","embeddable":true,"href":"https:\/\/www.vsv-design.com\/fr\/wp-json\/wp\/v2\/product_tag?post=2589"}],"curies":[{"name":"wp","href":"https:\/\/api.w.org\/{rel}","templated":true}]}}