{"id":2556,"date":"2025-01-27T12:03:44","date_gmt":"2025-01-27T10:03:44","guid":{"rendered":"https:\/\/dev.vsv-design.com\/products\/non%20class\u00e9\/lycra-turqoiuse-blue\/"},"modified":"2025-04-01T21:29:21","modified_gmt":"2025-04-01T19:29:21","slug":"lycra-turqoiuse-blue","status":"publish","type":"product","link":"https:\/\/www.vsv-design.com\/fr\/products\/tissus-et-embellissements\/tissus\/lycra-turqoiuse-blue\/","title":{"rendered":"Lycra Bleu Turqoiuse #F110"},"content":{"rendered":"<p>Lycra en bleu turquoise. Le Lycra est un tissu \u00e9lastique, souvent choisi pour les tenues de sc\u00e8ne pour ses qualit\u00e9s telles que : l\u2019extensibilit\u00e9, la durabilit\u00e9 et la flexibilit\u00e9.<\/p>\n<p>*\u00a0<em>La commande minimum est de 1 m\u00e8tre.<\/em><\/p>\n","protected":false},"excerpt":{"rendered":"<ul>\n<li><em>Entrez la quantit\u00e9 pour commander le nombre de m\u00e8tres dont vous avez besoin.<\/em><\/li>\n<li><em>Largeur\u00a0 : 1,5m<\/em><\/li>\n<li><em>Couleur : bleu turquoise<\/em><\/li>\n<\/ul>\n","protected":false},"featured_media":2554,"comment_status":"open","ping_status":"closed","template":"","meta":{"_acf_changed":false},"product_brand":[],"product_cat":[248],"product_tag":[462],"class_list":{"0":"post-2556","1":"product","2":"type-product","3":"status-publish","4":"has-post-thumbnail","6":"product_cat-tissus","7":"product_tag-nouveaux-produits","8":"product_shipping_class-small-dresses-shipping-fr","10":"first","11":"instock","12":"shipping-taxable","13":"purchasable","14":"product-type-simple","swatches":"rey-swatches","show_selected":"rey-swatches--show-selected--name","stretch_labels":"rey-swatches--stretch-labels"},"acf":[],"yoast_head":"<!-- This site is optimized with the Yoast SEO plugin v27.4 - https:\/\/yoast.com\/product\/yoast-seo-wordpress\/ -->\n<title>Lycra Bleu Turqoiuse #F110 - Tissus - VSV Design<\/title>\n<meta name=\"description\" content=\"Unique mod\u00e8le Lycra Bleu Turqoiuse #F110 for sale by VSV Design. Un design exclusif et une qualit\u00e9 excellente \u00e0 un prix abordable!\" \/>\n<meta name=\"robots\" content=\"index, follow, max-snippet:-1, max-image-preview:large, max-video-preview:-1\" \/>\n<link rel=\"canonical\" href=\"https:\/\/www.vsv-design.com\/fr\/products\/tissus-et-embellissements\/tissus\/lycra-turqoiuse-blue\/\" \/>\n<meta property=\"og:locale\" content=\"fr_FR\" \/>\n<meta property=\"og:type\" content=\"article\" \/>\n<meta property=\"og:title\" content=\"Lycra Bleu Turqoiuse #F110 - Tissus - VSV Design\" \/>\n<meta property=\"og:description\" content=\"Unique mod\u00e8le Lycra Bleu Turqoiuse #F110 for sale by VSV Design. Un design exclusif et une qualit\u00e9 excellente \u00e0 un prix abordable!\" \/>\n<meta property=\"og:url\" content=\"https:\/\/www.vsv-design.com\/fr\/products\/tissus-et-embellissements\/tissus\/lycra-turqoiuse-blue\/\" \/>\n<meta property=\"og:site_name\" content=\"VSV Design\" \/>\n<meta property=\"article:publisher\" content=\"https:\/\/www.facebook.com\/VSVDesign\" \/>\n<meta property=\"article:modified_time\" content=\"2025-04-01T19:29:21+00:00\" \/>\n<meta property=\"og:image\" content=\"https:\/\/www.vsv-design.com\/wp-content\/uploads\/2025\/01\/turqouise-lycra.png\" \/>\n\t<meta property=\"og:image:width\" content=\"500\" \/>\n\t<meta property=\"og:image:height\" content=\"500\" \/>\n\t<meta property=\"og:image:type\" content=\"image\/png\" \/>\n<meta name=\"twitter:card\" content=\"summary_large_image\" \/>\n<meta name=\"twitter:label1\" content=\"Dur\u00e9e de lecture estim\u00e9e\" \/>\n\t<meta name=\"twitter:data1\" content=\"1 minute\" \/>\n<script type=\"application\/ld+json\" class=\"yoast-schema-graph\">{\"@context\":\"https:\\\/\\\/schema.org\",\"@graph\":[{\"@type\":\"WebPage\",\"@id\":\"https:\\\/\\\/www.vsv-design.com\\\/fr\\\/products\\\/tissus-et-embellissements\\\/tissus\\\/lycra-turqoiuse-blue\\\/\",\"url\":\"https:\\\/\\\/www.vsv-design.com\\\/fr\\\/products\\\/tissus-et-embellissements\\\/tissus\\\/lycra-turqoiuse-blue\\\/\",\"name\":\"Lycra Bleu Turqoiuse #F110 - Tissus - VSV Design\",\"isPartOf\":{\"@id\":\"https:\\\/\\\/www.vsv-design.com\\\/#website\"},\"primaryImageOfPage\":{\"@id\":\"https:\\\/\\\/www.vsv-design.com\\\/fr\\\/products\\\/tissus-et-embellissements\\\/tissus\\\/lycra-turqoiuse-blue\\\/#primaryimage\"},\"image\":{\"@id\":\"https:\\\/\\\/www.vsv-design.com\\\/fr\\\/products\\\/tissus-et-embellissements\\\/tissus\\\/lycra-turqoiuse-blue\\\/#primaryimage\"},\"thumbnailUrl\":\"https:\\\/\\\/www.vsv-design.com\\\/wp-content\\\/uploads\\\/2025\\\/01\\\/turqouise-lycra.png\",\"datePublished\":\"2025-01-27T10:03:44+00:00\",\"dateModified\":\"2025-04-01T19:29:21+00:00\",\"description\":\"Unique mod\u00e8le Lycra Bleu Turqoiuse #F110 for sale by VSV Design. Un design exclusif et une qualit\u00e9 excellente \u00e0 un prix abordable!\",\"breadcrumb\":{\"@id\":\"https:\\\/\\\/www.vsv-design.com\\\/fr\\\/products\\\/tissus-et-embellissements\\\/tissus\\\/lycra-turqoiuse-blue\\\/#breadcrumb\"},\"inLanguage\":\"fr-FR\",\"potentialAction\":[{\"@type\":\"ReadAction\",\"target\":[\"https:\\\/\\\/www.vsv-design.com\\\/fr\\\/products\\\/tissus-et-embellissements\\\/tissus\\\/lycra-turqoiuse-blue\\\/\"]}]},{\"@type\":\"ImageObject\",\"inLanguage\":\"fr-FR\",\"@id\":\"https:\\\/\\\/www.vsv-design.com\\\/fr\\\/products\\\/tissus-et-embellissements\\\/tissus\\\/lycra-turqoiuse-blue\\\/#primaryimage\",\"url\":\"https:\\\/\\\/www.vsv-design.com\\\/wp-content\\\/uploads\\\/2025\\\/01\\\/turqouise-lycra.png\",\"contentUrl\":\"https:\\\/\\\/www.vsv-design.com\\\/wp-content\\\/uploads\\\/2025\\\/01\\\/turqouise-lycra.png\",\"width\":500,\"height\":500},{\"@type\":\"BreadcrumbList\",\"@id\":\"https:\\\/\\\/www.vsv-design.com\\\/fr\\\/products\\\/tissus-et-embellissements\\\/tissus\\\/lycra-turqoiuse-blue\\\/#breadcrumb\",\"itemListElement\":[{\"@type\":\"ListItem\",\"position\":1,\"name\":\"Home\",\"item\":\"https:\\\/\\\/www.vsv-design.com\\\/\"},{\"@type\":\"ListItem\",\"position\":2,\"name\":\"Tous produits\",\"item\":\"https:\\\/\\\/www.vsv-design.com\\\/fr\\\/produits\\\/\"},{\"@type\":\"ListItem\",\"position\":3,\"name\":\"Lycra Bleu Turqoiuse #F110\"}]},{\"@type\":\"WebSite\",\"@id\":\"https:\\\/\\\/www.vsv-design.com\\\/#website\",\"url\":\"https:\\\/\\\/www.vsv-design.com\\\/\",\"name\":\"VSV Design\",\"description\":\"\",\"publisher\":{\"@id\":\"https:\\\/\\\/www.vsv-design.com\\\/#organization\"},\"potentialAction\":[{\"@type\":\"SearchAction\",\"target\":{\"@type\":\"EntryPoint\",\"urlTemplate\":\"https:\\\/\\\/www.vsv-design.com\\\/?s={search_term_string}\"},\"query-input\":{\"@type\":\"PropertyValueSpecification\",\"valueRequired\":true,\"valueName\":\"search_term_string\"}}],\"inLanguage\":\"fr-FR\"},{\"@type\":\"Organization\",\"@id\":\"https:\\\/\\\/www.vsv-design.com\\\/#organization\",\"name\":\"VSV Design\",\"url\":\"https:\\\/\\\/www.vsv-design.com\\\/\",\"logo\":{\"@type\":\"ImageObject\",\"inLanguage\":\"fr-FR\",\"@id\":\"https:\\\/\\\/www.vsv-design.com\\\/#\\\/schema\\\/logo\\\/image\\\/\",\"url\":\"https:\\\/\\\/www.vsv-design.com\\\/wp-content\\\/uploads\\\/2025\\\/01\\\/cropped-vsv-1.jpg\",\"contentUrl\":\"https:\\\/\\\/www.vsv-design.com\\\/wp-content\\\/uploads\\\/2025\\\/01\\\/cropped-vsv-1.jpg\",\"width\":512,\"height\":512,\"caption\":\"VSV Design\"},\"image\":{\"@id\":\"https:\\\/\\\/www.vsv-design.com\\\/#\\\/schema\\\/logo\\\/image\\\/\"},\"sameAs\":[\"https:\\\/\\\/www.facebook.com\\\/VSVDesign\"]}]}<\/script>\n<!-- \/ Yoast SEO plugin. -->","yoast_head_json":{"title":"Lycra Bleu Turqoiuse #F110 - Tissus - VSV Design","description":"Unique mod\u00e8le Lycra Bleu Turqoiuse #F110 for sale by VSV Design. Un design exclusif et une qualit\u00e9 excellente \u00e0 un prix abordable!","robots":{"index":"index","follow":"follow","max-snippet":"max-snippet:-1","max-image-preview":"max-image-preview:large","max-video-preview":"max-video-preview:-1"},"canonical":"https:\/\/www.vsv-design.com\/fr\/products\/tissus-et-embellissements\/tissus\/lycra-turqoiuse-blue\/","og_locale":"fr_FR","og_type":"article","og_title":"Lycra Bleu Turqoiuse #F110 - Tissus - VSV Design","og_description":"Unique mod\u00e8le Lycra Bleu Turqoiuse #F110 for sale by VSV Design. Un design exclusif et une qualit\u00e9 excellente \u00e0 un prix abordable!","og_url":"https:\/\/www.vsv-design.com\/fr\/products\/tissus-et-embellissements\/tissus\/lycra-turqoiuse-blue\/","og_site_name":"VSV Design","article_publisher":"https:\/\/www.facebook.com\/VSVDesign","article_modified_time":"2025-04-01T19:29:21+00:00","og_image":[{"width":500,"height":500,"url":"https:\/\/www.vsv-design.com\/wp-content\/uploads\/2025\/01\/turqouise-lycra.png","type":"image\/png"}],"twitter_card":"summary_large_image","twitter_misc":{"Dur\u00e9e de lecture estim\u00e9e":"1 minute"},"schema":{"@context":"https:\/\/schema.org","@graph":[{"@type":"WebPage","@id":"https:\/\/www.vsv-design.com\/fr\/products\/tissus-et-embellissements\/tissus\/lycra-turqoiuse-blue\/","url":"https:\/\/www.vsv-design.com\/fr\/products\/tissus-et-embellissements\/tissus\/lycra-turqoiuse-blue\/","name":"Lycra Bleu Turqoiuse #F110 - Tissus - VSV Design","isPartOf":{"@id":"https:\/\/www.vsv-design.com\/#website"},"primaryImageOfPage":{"@id":"https:\/\/www.vsv-design.com\/fr\/products\/tissus-et-embellissements\/tissus\/lycra-turqoiuse-blue\/#primaryimage"},"image":{"@id":"https:\/\/www.vsv-design.com\/fr\/products\/tissus-et-embellissements\/tissus\/lycra-turqoiuse-blue\/#primaryimage"},"thumbnailUrl":"https:\/\/www.vsv-design.com\/wp-content\/uploads\/2025\/01\/turqouise-lycra.png","datePublished":"2025-01-27T10:03:44+00:00","dateModified":"2025-04-01T19:29:21+00:00","description":"Unique mod\u00e8le Lycra Bleu Turqoiuse #F110 for sale by VSV Design. Un design exclusif et une qualit\u00e9 excellente \u00e0 un prix abordable!","breadcrumb":{"@id":"https:\/\/www.vsv-design.com\/fr\/products\/tissus-et-embellissements\/tissus\/lycra-turqoiuse-blue\/#breadcrumb"},"inLanguage":"fr-FR","potentialAction":[{"@type":"ReadAction","target":["https:\/\/www.vsv-design.com\/fr\/products\/tissus-et-embellissements\/tissus\/lycra-turqoiuse-blue\/"]}]},{"@type":"ImageObject","inLanguage":"fr-FR","@id":"https:\/\/www.vsv-design.com\/fr\/products\/tissus-et-embellissements\/tissus\/lycra-turqoiuse-blue\/#primaryimage","url":"https:\/\/www.vsv-design.com\/wp-content\/uploads\/2025\/01\/turqouise-lycra.png","contentUrl":"https:\/\/www.vsv-design.com\/wp-content\/uploads\/2025\/01\/turqouise-lycra.png","width":500,"height":500},{"@type":"BreadcrumbList","@id":"https:\/\/www.vsv-design.com\/fr\/products\/tissus-et-embellissements\/tissus\/lycra-turqoiuse-blue\/#breadcrumb","itemListElement":[{"@type":"ListItem","position":1,"name":"Home","item":"https:\/\/www.vsv-design.com\/"},{"@type":"ListItem","position":2,"name":"Tous produits","item":"https:\/\/www.vsv-design.com\/fr\/produits\/"},{"@type":"ListItem","position":3,"name":"Lycra Bleu Turqoiuse #F110"}]},{"@type":"WebSite","@id":"https:\/\/www.vsv-design.com\/#website","url":"https:\/\/www.vsv-design.com\/","name":"VSV Design","description":"","publisher":{"@id":"https:\/\/www.vsv-design.com\/#organization"},"potentialAction":[{"@type":"SearchAction","target":{"@type":"EntryPoint","urlTemplate":"https:\/\/www.vsv-design.com\/?s={search_term_string}"},"query-input":{"@type":"PropertyValueSpecification","valueRequired":true,"valueName":"search_term_string"}}],"inLanguage":"fr-FR"},{"@type":"Organization","@id":"https:\/\/www.vsv-design.com\/#organization","name":"VSV Design","url":"https:\/\/www.vsv-design.com\/","logo":{"@type":"ImageObject","inLanguage":"fr-FR","@id":"https:\/\/www.vsv-design.com\/#\/schema\/logo\/image\/","url":"https:\/\/www.vsv-design.com\/wp-content\/uploads\/2025\/01\/cropped-vsv-1.jpg","contentUrl":"https:\/\/www.vsv-design.com\/wp-content\/uploads\/2025\/01\/cropped-vsv-1.jpg","width":512,"height":512,"caption":"VSV Design"},"image":{"@id":"https:\/\/www.vsv-design.com\/#\/schema\/logo\/image\/"},"sameAs":["https:\/\/www.facebook.com\/VSVDesign"]}]}},"_links":{"self":[{"href":"https:\/\/www.vsv-design.com\/fr\/wp-json\/wp\/v2\/product\/2556","targetHints":{"allow":["GET"]}}],"collection":[{"href":"https:\/\/www.vsv-design.com\/fr\/wp-json\/wp\/v2\/product"}],"about":[{"href":"https:\/\/www.vsv-design.com\/fr\/wp-json\/wp\/v2\/types\/product"}],"replies":[{"embeddable":true,"href":"https:\/\/www.vsv-design.com\/fr\/wp-json\/wp\/v2\/comments?post=2556"}],"wp:featuredmedia":[{"embeddable":true,"href":"https:\/\/www.vsv-design.com\/fr\/wp-json\/wp\/v2\/media\/2554"}],"wp:attachment":[{"href":"https:\/\/www.vsv-design.com\/fr\/wp-json\/wp\/v2\/media?parent=2556"}],"wp:term":[{"taxonomy":"product_brand","embeddable":true,"href":"https:\/\/www.vsv-design.com\/fr\/wp-json\/wp\/v2\/product_brand?post=2556"},{"taxonomy":"product_cat","embeddable":true,"href":"https:\/\/www.vsv-design.com\/fr\/wp-json\/wp\/v2\/product_cat?post=2556"},{"taxonomy":"product_tag","embeddable":true,"href":"https:\/\/www.vsv-design.com\/fr\/wp-json\/wp\/v2\/product_tag?post=2556"}],"curies":[{"name":"wp","href":"https:\/\/api.w.org\/{rel}","templated":true}]}}