{"id":1748,"date":"2025-01-20T16:11:44","date_gmt":"2025-01-20T14:11:44","guid":{"rendered":"https:\/\/dev.vsv-design.com\/?post_type=product&#038;p=1748"},"modified":"2025-01-20T16:18:01","modified_gmt":"2025-01-20T14:18:01","slug":"jupe-de-danse-latine-a-franges-2066","status":"publish","type":"product","link":"https:\/\/www.vsv-design.com\/fr\/products\/danse-sportive\/vetements-dentrainement\/vetements-dentrainement-enfants\/jupe-de-danse-latine-a-franges-2066\/","title":{"rendered":"Jupe de Danse Latine \u00e0 franges #2066"},"content":{"rendered":"<h5><em>Exprimez votre STYLE avec \u00c9L\u00c9GANCE \u0435t CONFORT !<\/em><\/h5>\n<p><span style=\"font-weight: 400;\">Optez pour l\u2019\u00e9l\u00e9gance de notre jupe de danse latine, parfaite pour exprimer votre f\u00e9minit\u00e9 avec style et modernit\u00e9. Cette pi\u00e8ce unique mettra en valeur votre silhouette et vous assurera un look tendance en toutes occasions. Cette jupe \u00e0 taille haute est fabriqu\u00e9 en cr\u00eape extensible de haute qualit\u00e9 et d\u00e9cor\u00e9e de franges pour beaucoup de mouvement sur la piste de danse. <\/span><span style=\"font-weight: 400;\"><br \/>\n<\/span><span style=\"font-weight: 400;\">La jupe<\/span> <span style=\"font-weight: 400;\">s\u2019adapte \u00e0 votre morphologie,en vous garantissant une allure irr\u00e9sistible en toute circonstance.<\/span><span style=\"font-weight: 400;\"><br \/>\n<\/span><em><span style=\"font-weight: 400;\">Combinez cette jupe\u00a0 avec un justaucorps ou un bustier de notre large s\u00e9lection pour un look complet et \u00e9l\u00e9gant!<\/p>\n<p><\/span><\/em><span style=\"font-weight: 400;\"><em>Le mod\u00e8le sur les photos mesure 168 cm et porte la taille XS.<\/em><br \/>\n&#8211; Longueur de la jupe pour les tailles : XS\/ S\/ M &#8211; 45 cm<br \/>\n<\/span><span style=\"font-weight: 400;\">&#8211; Longueur de la jupe pour les tailles : L\/ XL &#8211; 50 cm<br \/>\n<\/span><span style=\"font-weight: 400;\">&#8211; Longueur de la jupe pour les tailles : 2\/ 4\/ 6 &#8211; 30 \u0441\u043c<br \/>\n<\/span><span style=\"font-weight: 400;\">&#8211; Longueur de la jupe pour les tailles : 8\/ 10 &#8211; 35 \u0441\u043c<\/span><\/p>\n<p><em><span style=\"font-weight: 400;\">Entretien:<br \/>\n<\/span><span style=\"font-weight: 400;\">Lavage en machine \u00e0 30\u00b0C<br \/>\n<\/span><span style=\"font-weight: 400;\">Ne pas s\u00e9cher au s\u00e8che-linge<br \/>\n<\/span><span style=\"font-weight: 400;\">Laver avec des couleurs similaires.<\/span><\/em><\/p>\n<p><em><span style=\"font-weight: 400;\">\u00a0<\/span><\/em><\/p>\n","protected":false},"excerpt":{"rendered":"<h5><em><strong>STYLE<\/strong>,\u00a0<strong>CONFORT<\/strong>\u00a0et\u00a0<strong>CONFIANCE<\/strong>\u00a0<strong>pendant l\u2019entra\u00eenement !<\/strong><\/em><\/h5>\n<ul>\n<li><em>Livraison rapide<\/em><\/li>\n<li><em>D\u00e9lais de retour de 14 jours\u00a0<\/em><\/li>\n<\/ul>\n","protected":false},"featured_media":5788,"comment_status":"open","ping_status":"closed","template":"","meta":{"_acf_changed":false},"product_brand":[],"product_cat":[166,213,219,217],"product_tag":[459],"class_list":{"0":"post-1748","1":"product","2":"type-product","3":"status-publish","4":"has-post-thumbnail","6":"product_cat-non-classifiee","7":"product_cat-vetements-dentrainement","8":"product_cat-vetements-dentrainement-femme","9":"product_cat-vetements-dentrainement-enfants","10":"product_tag-best-seller-danse-sportive","11":"product_shipping_class-small-dresses-shipping-fr","13":"first","14":"instock","15":"shipping-taxable","16":"purchasable","17":"product-type-variable","swatches":"rey-swatches","show_selected":"rey-swatches--show-selected--name","stretch_labels":"rey-swatches--stretch-labels"},"acf":[],"yoast_head":"<!-- This site is optimized with the Yoast SEO plugin v27.4 - https:\/\/yoast.com\/product\/yoast-seo-wordpress\/ -->\n<title>Jupe de Danse Latine \u00e0 franges #2066 - Non classifi\u00e9(e), V\u00eatements d&#039;entra\u00eenement, V\u00eatements d&#039;entra\u00eenement femme, V\u00eatements d&#039;entra\u00eenement \u0435nfants - VSV Design<\/title>\n<meta name=\"description\" content=\"Unique mod\u00e8le Jupe de Danse Latine \u00e0 franges #2066 for sale by VSV Design. Un design exclusif et une qualit\u00e9 excellente \u00e0 un prix abordable!\" \/>\n<meta name=\"robots\" content=\"index, follow, max-snippet:-1, max-image-preview:large, max-video-preview:-1\" \/>\n<link rel=\"canonical\" href=\"https:\/\/www.vsv-design.com\/fr\/products\/danse-sportive\/vetements-dentrainement\/vetements-dentrainement-enfants\/jupe-de-danse-latine-a-franges-2066\/\" \/>\n<meta property=\"og:locale\" content=\"fr_FR\" \/>\n<meta property=\"og:type\" content=\"article\" \/>\n<meta property=\"og:title\" content=\"Jupe de Danse Latine \u00e0 franges #2066 - Non classifi\u00e9(e), V\u00eatements d&#039;entra\u00eenement, V\u00eatements d&#039;entra\u00eenement femme, V\u00eatements d&#039;entra\u00eenement \u0435nfants - VSV Design\" \/>\n<meta property=\"og:description\" content=\"Unique mod\u00e8le Jupe de Danse Latine \u00e0 franges #2066 for sale by VSV Design. Un design exclusif et une qualit\u00e9 excellente \u00e0 un prix abordable!\" \/>\n<meta property=\"og:url\" content=\"https:\/\/www.vsv-design.com\/fr\/products\/danse-sportive\/vetements-dentrainement\/vetements-dentrainement-enfants\/jupe-de-danse-latine-a-franges-2066\/\" \/>\n<meta property=\"og:site_name\" content=\"VSV Design\" \/>\n<meta property=\"article:publisher\" content=\"https:\/\/www.facebook.com\/VSVDesign\" \/>\n<meta property=\"article:modified_time\" content=\"2025-01-20T14:18:01+00:00\" \/>\n<meta property=\"og:image\" content=\"https:\/\/www.vsv-design.com\/wp-content\/uploads\/2025\/01\/VSV-Design-186-2.jpg\" \/>\n\t<meta property=\"og:image:width\" content=\"1707\" \/>\n\t<meta property=\"og:image:height\" content=\"2560\" \/>\n\t<meta property=\"og:image:type\" content=\"image\/jpeg\" \/>\n<meta name=\"twitter:card\" content=\"summary_large_image\" \/>\n<meta name=\"twitter:label1\" content=\"Dur\u00e9e de lecture estim\u00e9e\" \/>\n\t<meta name=\"twitter:data1\" content=\"1 minute\" \/>\n<script type=\"application\/ld+json\" class=\"yoast-schema-graph\">{\"@context\":\"https:\\\/\\\/schema.org\",\"@graph\":[{\"@type\":\"WebPage\",\"@id\":\"https:\\\/\\\/www.vsv-design.com\\\/fr\\\/products\\\/danse-sportive\\\/vetements-dentrainement\\\/vetements-dentrainement-enfants\\\/jupe-de-danse-latine-a-franges-2066\\\/\",\"url\":\"https:\\\/\\\/www.vsv-design.com\\\/fr\\\/products\\\/danse-sportive\\\/vetements-dentrainement\\\/vetements-dentrainement-enfants\\\/jupe-de-danse-latine-a-franges-2066\\\/\",\"name\":\"Jupe de Danse Latine \u00e0 franges #2066 - Non classifi\u00e9(e), V\u00eatements d'entra\u00eenement, V\u00eatements d'entra\u00eenement femme, V\u00eatements d'entra\u00eenement \u0435nfants - VSV Design\",\"isPartOf\":{\"@id\":\"https:\\\/\\\/www.vsv-design.com\\\/#website\"},\"primaryImageOfPage\":{\"@id\":\"https:\\\/\\\/www.vsv-design.com\\\/fr\\\/products\\\/danse-sportive\\\/vetements-dentrainement\\\/vetements-dentrainement-enfants\\\/jupe-de-danse-latine-a-franges-2066\\\/#primaryimage\"},\"image\":{\"@id\":\"https:\\\/\\\/www.vsv-design.com\\\/fr\\\/products\\\/danse-sportive\\\/vetements-dentrainement\\\/vetements-dentrainement-enfants\\\/jupe-de-danse-latine-a-franges-2066\\\/#primaryimage\"},\"thumbnailUrl\":\"https:\\\/\\\/www.vsv-design.com\\\/wp-content\\\/uploads\\\/2025\\\/01\\\/VSV-Design-186-2.jpg\",\"datePublished\":\"2025-01-20T14:11:44+00:00\",\"dateModified\":\"2025-01-20T14:18:01+00:00\",\"description\":\"Unique mod\u00e8le Jupe de Danse Latine \u00e0 franges #2066 for sale by VSV Design. Un design exclusif et une qualit\u00e9 excellente \u00e0 un prix abordable!\",\"breadcrumb\":{\"@id\":\"https:\\\/\\\/www.vsv-design.com\\\/fr\\\/products\\\/danse-sportive\\\/vetements-dentrainement\\\/vetements-dentrainement-enfants\\\/jupe-de-danse-latine-a-franges-2066\\\/#breadcrumb\"},\"inLanguage\":\"fr-FR\",\"potentialAction\":[{\"@type\":\"ReadAction\",\"target\":[\"https:\\\/\\\/www.vsv-design.com\\\/fr\\\/products\\\/danse-sportive\\\/vetements-dentrainement\\\/vetements-dentrainement-enfants\\\/jupe-de-danse-latine-a-franges-2066\\\/\"]}]},{\"@type\":\"ImageObject\",\"inLanguage\":\"fr-FR\",\"@id\":\"https:\\\/\\\/www.vsv-design.com\\\/fr\\\/products\\\/danse-sportive\\\/vetements-dentrainement\\\/vetements-dentrainement-enfants\\\/jupe-de-danse-latine-a-franges-2066\\\/#primaryimage\",\"url\":\"https:\\\/\\\/www.vsv-design.com\\\/wp-content\\\/uploads\\\/2025\\\/01\\\/VSV-Design-186-2.jpg\",\"contentUrl\":\"https:\\\/\\\/www.vsv-design.com\\\/wp-content\\\/uploads\\\/2025\\\/01\\\/VSV-Design-186-2.jpg\",\"width\":1707,\"height\":2560},{\"@type\":\"BreadcrumbList\",\"@id\":\"https:\\\/\\\/www.vsv-design.com\\\/fr\\\/products\\\/danse-sportive\\\/vetements-dentrainement\\\/vetements-dentrainement-enfants\\\/jupe-de-danse-latine-a-franges-2066\\\/#breadcrumb\",\"itemListElement\":[{\"@type\":\"ListItem\",\"position\":1,\"name\":\"Home\",\"item\":\"https:\\\/\\\/www.vsv-design.com\\\/\"},{\"@type\":\"ListItem\",\"position\":2,\"name\":\"Tous produits\",\"item\":\"https:\\\/\\\/www.vsv-design.com\\\/fr\\\/produits\\\/\"},{\"@type\":\"ListItem\",\"position\":3,\"name\":\"Jupe de Danse Latine \u00e0 franges #2066\"}]},{\"@type\":\"WebSite\",\"@id\":\"https:\\\/\\\/www.vsv-design.com\\\/#website\",\"url\":\"https:\\\/\\\/www.vsv-design.com\\\/\",\"name\":\"VSV Design\",\"description\":\"\",\"publisher\":{\"@id\":\"https:\\\/\\\/www.vsv-design.com\\\/#organization\"},\"potentialAction\":[{\"@type\":\"SearchAction\",\"target\":{\"@type\":\"EntryPoint\",\"urlTemplate\":\"https:\\\/\\\/www.vsv-design.com\\\/?s={search_term_string}\"},\"query-input\":{\"@type\":\"PropertyValueSpecification\",\"valueRequired\":true,\"valueName\":\"search_term_string\"}}],\"inLanguage\":\"fr-FR\"},{\"@type\":\"Organization\",\"@id\":\"https:\\\/\\\/www.vsv-design.com\\\/#organization\",\"name\":\"VSV Design\",\"url\":\"https:\\\/\\\/www.vsv-design.com\\\/\",\"logo\":{\"@type\":\"ImageObject\",\"inLanguage\":\"fr-FR\",\"@id\":\"https:\\\/\\\/www.vsv-design.com\\\/#\\\/schema\\\/logo\\\/image\\\/\",\"url\":\"https:\\\/\\\/www.vsv-design.com\\\/wp-content\\\/uploads\\\/2025\\\/01\\\/cropped-vsv-1.jpg\",\"contentUrl\":\"https:\\\/\\\/www.vsv-design.com\\\/wp-content\\\/uploads\\\/2025\\\/01\\\/cropped-vsv-1.jpg\",\"width\":512,\"height\":512,\"caption\":\"VSV Design\"},\"image\":{\"@id\":\"https:\\\/\\\/www.vsv-design.com\\\/#\\\/schema\\\/logo\\\/image\\\/\"},\"sameAs\":[\"https:\\\/\\\/www.facebook.com\\\/VSVDesign\"]}]}<\/script>\n<!-- \/ Yoast SEO plugin. -->","yoast_head_json":{"title":"Jupe de Danse Latine \u00e0 franges #2066 - Non classifi\u00e9(e), V\u00eatements d'entra\u00eenement, V\u00eatements d'entra\u00eenement femme, V\u00eatements d'entra\u00eenement \u0435nfants - VSV Design","description":"Unique mod\u00e8le Jupe de Danse Latine \u00e0 franges #2066 for sale by VSV Design. Un design exclusif et une qualit\u00e9 excellente \u00e0 un prix abordable!","robots":{"index":"index","follow":"follow","max-snippet":"max-snippet:-1","max-image-preview":"max-image-preview:large","max-video-preview":"max-video-preview:-1"},"canonical":"https:\/\/www.vsv-design.com\/fr\/products\/danse-sportive\/vetements-dentrainement\/vetements-dentrainement-enfants\/jupe-de-danse-latine-a-franges-2066\/","og_locale":"fr_FR","og_type":"article","og_title":"Jupe de Danse Latine \u00e0 franges #2066 - Non classifi\u00e9(e), V\u00eatements d'entra\u00eenement, V\u00eatements d'entra\u00eenement femme, V\u00eatements d'entra\u00eenement \u0435nfants - VSV Design","og_description":"Unique mod\u00e8le Jupe de Danse Latine \u00e0 franges #2066 for sale by VSV Design. Un design exclusif et une qualit\u00e9 excellente \u00e0 un prix abordable!","og_url":"https:\/\/www.vsv-design.com\/fr\/products\/danse-sportive\/vetements-dentrainement\/vetements-dentrainement-enfants\/jupe-de-danse-latine-a-franges-2066\/","og_site_name":"VSV Design","article_publisher":"https:\/\/www.facebook.com\/VSVDesign","article_modified_time":"2025-01-20T14:18:01+00:00","og_image":[{"width":1707,"height":2560,"url":"https:\/\/www.vsv-design.com\/wp-content\/uploads\/2025\/01\/VSV-Design-186-2.jpg","type":"image\/jpeg"}],"twitter_card":"summary_large_image","twitter_misc":{"Dur\u00e9e de lecture estim\u00e9e":"1 minute"},"schema":{"@context":"https:\/\/schema.org","@graph":[{"@type":"WebPage","@id":"https:\/\/www.vsv-design.com\/fr\/products\/danse-sportive\/vetements-dentrainement\/vetements-dentrainement-enfants\/jupe-de-danse-latine-a-franges-2066\/","url":"https:\/\/www.vsv-design.com\/fr\/products\/danse-sportive\/vetements-dentrainement\/vetements-dentrainement-enfants\/jupe-de-danse-latine-a-franges-2066\/","name":"Jupe de Danse Latine \u00e0 franges #2066 - Non classifi\u00e9(e), V\u00eatements d'entra\u00eenement, V\u00eatements d'entra\u00eenement femme, V\u00eatements d'entra\u00eenement \u0435nfants - VSV Design","isPartOf":{"@id":"https:\/\/www.vsv-design.com\/#website"},"primaryImageOfPage":{"@id":"https:\/\/www.vsv-design.com\/fr\/products\/danse-sportive\/vetements-dentrainement\/vetements-dentrainement-enfants\/jupe-de-danse-latine-a-franges-2066\/#primaryimage"},"image":{"@id":"https:\/\/www.vsv-design.com\/fr\/products\/danse-sportive\/vetements-dentrainement\/vetements-dentrainement-enfants\/jupe-de-danse-latine-a-franges-2066\/#primaryimage"},"thumbnailUrl":"https:\/\/www.vsv-design.com\/wp-content\/uploads\/2025\/01\/VSV-Design-186-2.jpg","datePublished":"2025-01-20T14:11:44+00:00","dateModified":"2025-01-20T14:18:01+00:00","description":"Unique mod\u00e8le Jupe de Danse Latine \u00e0 franges #2066 for sale by VSV Design. Un design exclusif et une qualit\u00e9 excellente \u00e0 un prix abordable!","breadcrumb":{"@id":"https:\/\/www.vsv-design.com\/fr\/products\/danse-sportive\/vetements-dentrainement\/vetements-dentrainement-enfants\/jupe-de-danse-latine-a-franges-2066\/#breadcrumb"},"inLanguage":"fr-FR","potentialAction":[{"@type":"ReadAction","target":["https:\/\/www.vsv-design.com\/fr\/products\/danse-sportive\/vetements-dentrainement\/vetements-dentrainement-enfants\/jupe-de-danse-latine-a-franges-2066\/"]}]},{"@type":"ImageObject","inLanguage":"fr-FR","@id":"https:\/\/www.vsv-design.com\/fr\/products\/danse-sportive\/vetements-dentrainement\/vetements-dentrainement-enfants\/jupe-de-danse-latine-a-franges-2066\/#primaryimage","url":"https:\/\/www.vsv-design.com\/wp-content\/uploads\/2025\/01\/VSV-Design-186-2.jpg","contentUrl":"https:\/\/www.vsv-design.com\/wp-content\/uploads\/2025\/01\/VSV-Design-186-2.jpg","width":1707,"height":2560},{"@type":"BreadcrumbList","@id":"https:\/\/www.vsv-design.com\/fr\/products\/danse-sportive\/vetements-dentrainement\/vetements-dentrainement-enfants\/jupe-de-danse-latine-a-franges-2066\/#breadcrumb","itemListElement":[{"@type":"ListItem","position":1,"name":"Home","item":"https:\/\/www.vsv-design.com\/"},{"@type":"ListItem","position":2,"name":"Tous produits","item":"https:\/\/www.vsv-design.com\/fr\/produits\/"},{"@type":"ListItem","position":3,"name":"Jupe de Danse Latine \u00e0 franges #2066"}]},{"@type":"WebSite","@id":"https:\/\/www.vsv-design.com\/#website","url":"https:\/\/www.vsv-design.com\/","name":"VSV Design","description":"","publisher":{"@id":"https:\/\/www.vsv-design.com\/#organization"},"potentialAction":[{"@type":"SearchAction","target":{"@type":"EntryPoint","urlTemplate":"https:\/\/www.vsv-design.com\/?s={search_term_string}"},"query-input":{"@type":"PropertyValueSpecification","valueRequired":true,"valueName":"search_term_string"}}],"inLanguage":"fr-FR"},{"@type":"Organization","@id":"https:\/\/www.vsv-design.com\/#organization","name":"VSV Design","url":"https:\/\/www.vsv-design.com\/","logo":{"@type":"ImageObject","inLanguage":"fr-FR","@id":"https:\/\/www.vsv-design.com\/#\/schema\/logo\/image\/","url":"https:\/\/www.vsv-design.com\/wp-content\/uploads\/2025\/01\/cropped-vsv-1.jpg","contentUrl":"https:\/\/www.vsv-design.com\/wp-content\/uploads\/2025\/01\/cropped-vsv-1.jpg","width":512,"height":512,"caption":"VSV Design"},"image":{"@id":"https:\/\/www.vsv-design.com\/#\/schema\/logo\/image\/"},"sameAs":["https:\/\/www.facebook.com\/VSVDesign"]}]}},"_links":{"self":[{"href":"https:\/\/www.vsv-design.com\/fr\/wp-json\/wp\/v2\/product\/1748","targetHints":{"allow":["GET"]}}],"collection":[{"href":"https:\/\/www.vsv-design.com\/fr\/wp-json\/wp\/v2\/product"}],"about":[{"href":"https:\/\/www.vsv-design.com\/fr\/wp-json\/wp\/v2\/types\/product"}],"replies":[{"embeddable":true,"href":"https:\/\/www.vsv-design.com\/fr\/wp-json\/wp\/v2\/comments?post=1748"}],"wp:featuredmedia":[{"embeddable":true,"href":"https:\/\/www.vsv-design.com\/fr\/wp-json\/wp\/v2\/media\/5788"}],"wp:attachment":[{"href":"https:\/\/www.vsv-design.com\/fr\/wp-json\/wp\/v2\/media?parent=1748"}],"wp:term":[{"taxonomy":"product_brand","embeddable":true,"href":"https:\/\/www.vsv-design.com\/fr\/wp-json\/wp\/v2\/product_brand?post=1748"},{"taxonomy":"product_cat","embeddable":true,"href":"https:\/\/www.vsv-design.com\/fr\/wp-json\/wp\/v2\/product_cat?post=1748"},{"taxonomy":"product_tag","embeddable":true,"href":"https:\/\/www.vsv-design.com\/fr\/wp-json\/wp\/v2\/product_tag?post=1748"}],"curies":[{"name":"wp","href":"https:\/\/api.w.org\/{rel}","templated":true}]}}