{"id":1630,"date":"2025-01-15T09:44:29","date_gmt":"2025-01-15T07:44:29","guid":{"rendered":"https:\/\/dev.vsv-design.com\/products\/non%20class\u00e9\/latin-dress-box-blue\/"},"modified":"2025-02-28T14:28:29","modified_gmt":"2025-02-28T12:28:29","slug":"latin-dress-box-blue","status":"publish","type":"product","link":"https:\/\/www.vsv-design.com\/fr\/products\/danse-sportive\/danse-en-solo\/latin-dress-box-blue\/","title":{"rendered":"Latin DRESS BOX Blue"},"content":{"rendered":"<div class=\"rey-wcPanel rey-wcPanel--description rey-wcPanel--ord-1\">\n<div class=\"rey-wcPanel-inner\">\n<div class=\"rey-wcPanel rey-wcPanel--description rey-wcPanel--ord-1\">\n<div class=\"rey-wcPanel-inner\">\n<h5 data-start=\"64\" data-end=\"246\"><em>Affirmez votre style et brillez sur la piste de danse avec la\u00a0<strong data-start=\"126\" data-end=\"145\">LATIN DRESS BOX<\/strong>\u00a0\u2013 un set exclusif con\u00e7u pour vous offrir polyvalence, \u00e9l\u00e9gance et mouvement en quelques secondes !<\/em><\/h5>\n<p data-start=\"248\" data-end=\"592\"><strong data-start=\"251\" data-end=\"293\">Une robe \u2013 des possibilit\u00e9s infinies !<\/strong><br data-start=\"293\" data-end=\"296\" \/>Transformez votre look en un clin d\u2019\u0153il gr\u00e2ce \u00e0 cet ensemble unique ! Que vous optiez pour l\u2019<strong data-start=\"389\" data-end=\"422\">\u00e9l\u00e9gance intemporelle du bleu roi<\/strong>\u00a0ou que vous souhaitiez apporter une touche audacieuse avec des accessoires blanc<strong>\u00a0roses ou dor\u00e9s<\/strong>, la LATIN DRESS BOX s\u2019adapte \u00e0 toutes vos envies et performances!<\/p>\n<p data-start=\"594\" data-end=\"1069\"><strong data-start=\"596\" data-end=\"630\">Pourquoi vous allez l\u2019adorer ?<\/strong><br data-start=\"630\" data-end=\"633\" \/>\u2714\u00a0<strong data-start=\"635\" data-end=\"660\">Confort &amp; flexibilit\u00e9<\/strong>\u00a0\u2013 Tissu doux et extensible qui \u00e9pouse parfaitement votre silhouette et suit vos mouvements.<br data-start=\"752\" data-end=\"755\" \/>\u2714\u00a0<strong data-start=\"757\" data-end=\"788\">3 transformations \u00e9l\u00e9gantes<\/strong>\u00a0\u2013 Changez de look en un instant avec des accessoires interchangeables.<br data-start=\"859\" data-end=\"862\" \/>\u2714\u00a0<strong data-start=\"864\" data-end=\"886\">\u00c9clat personnalis\u00e9<\/strong>\u00a0\u2013 Ajoutez une touche de glamour avec le\u00a0<strong data-start=\"927\" data-end=\"955\">KIT DE D\u00c9CORATION OFFERT<\/strong>.<br data-start=\"956\" data-end=\"959\" \/>\u2714\u00a0<strong data-start=\"961\" data-end=\"1000\">Le cadeau parfait pour les danseurs<\/strong>\u00a0\u2013 Offrez une surprise originale et utile \u00e0 un passionn\u00e9 de danse !<\/p>\n<p data-start=\"1071\" data-end=\"1425\"><strong data-start=\"1074\" data-end=\"1098\">Contenu du coffret :<\/strong><br data-start=\"1098\" data-end=\"1101\" \/>\u2705\u00a0<strong data-start=\"1103\" data-end=\"1130\">1 robe latine \u00e0 franges<\/strong>\u00a0\u2013 Design noir intemporel qui sublime le mouvement sur sc\u00e8ne.<br data-start=\"1191\" data-end=\"1194\" \/>\u2705\u00a0<strong data-start=\"1196\" data-end=\"1225\">3 ensembles d\u2019accessoires<\/strong>\u00a0\u2013\u00a0<strong data-start=\"1228\" data-end=\"1274\">Ceinture et bracelets blanc, rose et dor\u00e9s<\/strong>\u00a0pour des changements de tenue rapides et faciles.<br data-start=\"1324\" data-end=\"1327\" data-is-only-node=\"\" \/>\u2705\u00a0<strong data-start=\"1329\" data-end=\"1357\">KIT DE D\u00c9CORATION OFFERT<\/strong>\u00a0\u2013 Ajoutez votre touche personnelle avec des strass scintillants !<\/p>\n<p data-start=\"1427\" data-end=\"1613\"><span data-start=\"1429\" data-end=\"1476\">\u00a0 \u00a0 \u00a0 \u00a0 \u00a0 \u00a0 \u00a0 \u00a0 \u00a0 \u00a0 \u00a0 ***<\/span><strong data-start=\"1429\" data-end=\"1476\">STOCK LIMIT\u00c9 \u2013 NE MANQUEZ PAS CETTE OFFRE !<\/strong>\u00a0***<br data-start=\"1478\" data-end=\"1481\" \/><strong data-start=\"1484\" data-end=\"1608\">Commandez votre LATIN DRESS BOX d\u00e8s aujourd\u2019hui et entrez sous les projecteurs avec un look unique \u00e0 chaque prestation !<\/strong><\/p>\n<\/div>\n<\/div>\n<div class=\"rey-wcPanel rey-wcPanel--additional_information rey-wcPanel--ord-2\">\n<div class=\"rey-wcPanel-inner\"><\/div>\n<\/div>\n<p><em><strong>\u00a0<\/strong><\/em><\/p>\n<\/div>\n<\/div>\n<div class=\"rey-wcPanel rey-wcPanel--additional_information rey-wcPanel--ord-2\">\n<div class=\"rey-wcPanel-inner\"><\/div>\n<\/div>\n","protected":false},"excerpt":{"rendered":"<h5><em><strong>Une robe, 3 looks diff\u00e9rents pour un style unique sur la piste de danse!<\/strong><\/em><\/h5>\n<ul>\n<li><em>Livraison rapide<\/em><\/li>\n<li><i><span style=\"font-weight: 400;\">D\u00e9lai de retour de 14 jours<\/span><\/i><i><span style=\"font-weight: 400;\"><br \/>\n<\/span><\/i><\/li>\n<\/ul>\n","protected":false},"featured_media":7378,"comment_status":"open","ping_status":"closed","template":"","meta":{"_acf_changed":false},"product_brand":[],"product_cat":[256,172,205,208],"product_tag":[459],"class_list":{"0":"post-1630","1":"product","2":"type-product","3":"status-publish","4":"has-post-thumbnail","6":"product_cat-cadeaux","7":"product_cat-danse-en-solo","8":"product_cat-junior-fr","9":"product_cat-robes-de-danse-latine","10":"product_tag-best-seller-danse-sportive","11":"product_shipping_class-medium-dresses-shipping-fr","13":"first","14":"instock","15":"shipping-taxable","16":"purchasable","17":"product-type-variable","swatches":"rey-swatches","show_selected":"rey-swatches--show-selected--name","stretch_labels":"rey-swatches--stretch-labels"},"acf":[],"yoast_head":"<!-- This site is optimized with the Yoast SEO plugin v27.4 - https:\/\/yoast.com\/product\/yoast-seo-wordpress\/ -->\n<title>Latin DRESS BOX Blue - Cadeaux, Danse en solo, Junior, Robes de danse latine - VSV Design<\/title>\n<meta name=\"description\" content=\"Unique mod\u00e8le Latin DRESS BOX Blue for sale by VSV Design. Un design exclusif et une qualit\u00e9 excellente \u00e0 un prix abordable!\" \/>\n<meta name=\"robots\" content=\"index, follow, max-snippet:-1, max-image-preview:large, max-video-preview:-1\" \/>\n<link rel=\"canonical\" href=\"https:\/\/www.vsv-design.com\/fr\/products\/danse-sportive\/danse-en-solo\/latin-dress-box-blue\/\" \/>\n<meta property=\"og:locale\" content=\"fr_FR\" \/>\n<meta property=\"og:type\" content=\"article\" \/>\n<meta property=\"og:title\" content=\"Latin DRESS BOX Blue - Cadeaux, Danse en solo, Junior, Robes de danse latine - VSV Design\" \/>\n<meta property=\"og:description\" content=\"Unique mod\u00e8le Latin DRESS BOX Blue for sale by VSV Design. Un design exclusif et une qualit\u00e9 excellente \u00e0 un prix abordable!\" \/>\n<meta property=\"og:url\" content=\"https:\/\/www.vsv-design.com\/fr\/products\/danse-sportive\/danse-en-solo\/latin-dress-box-blue\/\" \/>\n<meta property=\"og:site_name\" content=\"VSV Design\" \/>\n<meta property=\"article:publisher\" content=\"https:\/\/www.facebook.com\/VSVDesign\" \/>\n<meta property=\"article:modified_time\" content=\"2025-02-28T12:28:29+00:00\" \/>\n<meta property=\"og:image\" content=\"https:\/\/www.vsv-design.com\/wp-content\/uploads\/2025\/01\/\u043f\u0440\u043e\u0434\u0443\u043a\u0442\u043e\u0432\u0438-\u0441\u043d\u0438\u043c\u043a\u0438-6.jpgblue-dress-box.jpg\" \/>\n\t<meta property=\"og:image:width\" content=\"1080\" \/>\n\t<meta property=\"og:image:height\" content=\"1920\" \/>\n\t<meta property=\"og:image:type\" content=\"image\/jpeg\" \/>\n<meta name=\"twitter:card\" content=\"summary_large_image\" \/>\n<meta name=\"twitter:label1\" content=\"Dur\u00e9e de lecture estim\u00e9e\" \/>\n\t<meta name=\"twitter:data1\" content=\"2 minutes\" \/>\n<script type=\"application\/ld+json\" class=\"yoast-schema-graph\">{\"@context\":\"https:\\\/\\\/schema.org\",\"@graph\":[{\"@type\":\"WebPage\",\"@id\":\"https:\\\/\\\/www.vsv-design.com\\\/fr\\\/products\\\/danse-sportive\\\/danse-en-solo\\\/latin-dress-box-blue\\\/\",\"url\":\"https:\\\/\\\/www.vsv-design.com\\\/fr\\\/products\\\/danse-sportive\\\/danse-en-solo\\\/latin-dress-box-blue\\\/\",\"name\":\"Latin DRESS BOX Blue - Cadeaux, Danse en solo, Junior, Robes de danse latine - VSV Design\",\"isPartOf\":{\"@id\":\"https:\\\/\\\/www.vsv-design.com\\\/#website\"},\"primaryImageOfPage\":{\"@id\":\"https:\\\/\\\/www.vsv-design.com\\\/fr\\\/products\\\/danse-sportive\\\/danse-en-solo\\\/latin-dress-box-blue\\\/#primaryimage\"},\"image\":{\"@id\":\"https:\\\/\\\/www.vsv-design.com\\\/fr\\\/products\\\/danse-sportive\\\/danse-en-solo\\\/latin-dress-box-blue\\\/#primaryimage\"},\"thumbnailUrl\":\"https:\\\/\\\/www.vsv-design.com\\\/wp-content\\\/uploads\\\/2025\\\/01\\\/\u043f\u0440\u043e\u0434\u0443\u043a\u0442\u043e\u0432\u0438-\u0441\u043d\u0438\u043c\u043a\u0438-6.jpgblue-dress-box.jpg\",\"datePublished\":\"2025-01-15T07:44:29+00:00\",\"dateModified\":\"2025-02-28T12:28:29+00:00\",\"description\":\"Unique mod\u00e8le Latin DRESS BOX Blue for sale by VSV Design. Un design exclusif et une qualit\u00e9 excellente \u00e0 un prix abordable!\",\"breadcrumb\":{\"@id\":\"https:\\\/\\\/www.vsv-design.com\\\/fr\\\/products\\\/danse-sportive\\\/danse-en-solo\\\/latin-dress-box-blue\\\/#breadcrumb\"},\"inLanguage\":\"fr-FR\",\"potentialAction\":[{\"@type\":\"ReadAction\",\"target\":[\"https:\\\/\\\/www.vsv-design.com\\\/fr\\\/products\\\/danse-sportive\\\/danse-en-solo\\\/latin-dress-box-blue\\\/\"]}]},{\"@type\":\"ImageObject\",\"inLanguage\":\"fr-FR\",\"@id\":\"https:\\\/\\\/www.vsv-design.com\\\/fr\\\/products\\\/danse-sportive\\\/danse-en-solo\\\/latin-dress-box-blue\\\/#primaryimage\",\"url\":\"https:\\\/\\\/www.vsv-design.com\\\/wp-content\\\/uploads\\\/2025\\\/01\\\/\u043f\u0440\u043e\u0434\u0443\u043a\u0442\u043e\u0432\u0438-\u0441\u043d\u0438\u043c\u043a\u0438-6.jpgblue-dress-box.jpg\",\"contentUrl\":\"https:\\\/\\\/www.vsv-design.com\\\/wp-content\\\/uploads\\\/2025\\\/01\\\/\u043f\u0440\u043e\u0434\u0443\u043a\u0442\u043e\u0432\u0438-\u0441\u043d\u0438\u043c\u043a\u0438-6.jpgblue-dress-box.jpg\",\"width\":1080,\"height\":1920},{\"@type\":\"BreadcrumbList\",\"@id\":\"https:\\\/\\\/www.vsv-design.com\\\/fr\\\/products\\\/danse-sportive\\\/danse-en-solo\\\/latin-dress-box-blue\\\/#breadcrumb\",\"itemListElement\":[{\"@type\":\"ListItem\",\"position\":1,\"name\":\"Home\",\"item\":\"https:\\\/\\\/www.vsv-design.com\\\/\"},{\"@type\":\"ListItem\",\"position\":2,\"name\":\"Tous produits\",\"item\":\"https:\\\/\\\/www.vsv-design.com\\\/fr\\\/produits\\\/\"},{\"@type\":\"ListItem\",\"position\":3,\"name\":\"Latin DRESS BOX Blue\"}]},{\"@type\":\"WebSite\",\"@id\":\"https:\\\/\\\/www.vsv-design.com\\\/#website\",\"url\":\"https:\\\/\\\/www.vsv-design.com\\\/\",\"name\":\"VSV Design\",\"description\":\"\",\"publisher\":{\"@id\":\"https:\\\/\\\/www.vsv-design.com\\\/#organization\"},\"potentialAction\":[{\"@type\":\"SearchAction\",\"target\":{\"@type\":\"EntryPoint\",\"urlTemplate\":\"https:\\\/\\\/www.vsv-design.com\\\/?s={search_term_string}\"},\"query-input\":{\"@type\":\"PropertyValueSpecification\",\"valueRequired\":true,\"valueName\":\"search_term_string\"}}],\"inLanguage\":\"fr-FR\"},{\"@type\":\"Organization\",\"@id\":\"https:\\\/\\\/www.vsv-design.com\\\/#organization\",\"name\":\"VSV Design\",\"url\":\"https:\\\/\\\/www.vsv-design.com\\\/\",\"logo\":{\"@type\":\"ImageObject\",\"inLanguage\":\"fr-FR\",\"@id\":\"https:\\\/\\\/www.vsv-design.com\\\/#\\\/schema\\\/logo\\\/image\\\/\",\"url\":\"https:\\\/\\\/www.vsv-design.com\\\/wp-content\\\/uploads\\\/2025\\\/01\\\/cropped-vsv-1.jpg\",\"contentUrl\":\"https:\\\/\\\/www.vsv-design.com\\\/wp-content\\\/uploads\\\/2025\\\/01\\\/cropped-vsv-1.jpg\",\"width\":512,\"height\":512,\"caption\":\"VSV Design\"},\"image\":{\"@id\":\"https:\\\/\\\/www.vsv-design.com\\\/#\\\/schema\\\/logo\\\/image\\\/\"},\"sameAs\":[\"https:\\\/\\\/www.facebook.com\\\/VSVDesign\"]}]}<\/script>\n<!-- \/ Yoast SEO plugin. -->","yoast_head_json":{"title":"Latin DRESS BOX Blue - Cadeaux, Danse en solo, Junior, Robes de danse latine - VSV Design","description":"Unique mod\u00e8le Latin DRESS BOX Blue for sale by VSV Design. Un design exclusif et une qualit\u00e9 excellente \u00e0 un prix abordable!","robots":{"index":"index","follow":"follow","max-snippet":"max-snippet:-1","max-image-preview":"max-image-preview:large","max-video-preview":"max-video-preview:-1"},"canonical":"https:\/\/www.vsv-design.com\/fr\/products\/danse-sportive\/danse-en-solo\/latin-dress-box-blue\/","og_locale":"fr_FR","og_type":"article","og_title":"Latin DRESS BOX Blue - Cadeaux, Danse en solo, Junior, Robes de danse latine - VSV Design","og_description":"Unique mod\u00e8le Latin DRESS BOX Blue for sale by VSV Design. Un design exclusif et une qualit\u00e9 excellente \u00e0 un prix abordable!","og_url":"https:\/\/www.vsv-design.com\/fr\/products\/danse-sportive\/danse-en-solo\/latin-dress-box-blue\/","og_site_name":"VSV Design","article_publisher":"https:\/\/www.facebook.com\/VSVDesign","article_modified_time":"2025-02-28T12:28:29+00:00","og_image":[{"width":1080,"height":1920,"url":"https:\/\/www.vsv-design.com\/wp-content\/uploads\/2025\/01\/\u043f\u0440\u043e\u0434\u0443\u043a\u0442\u043e\u0432\u0438-\u0441\u043d\u0438\u043c\u043a\u0438-6.jpgblue-dress-box.jpg","type":"image\/jpeg"}],"twitter_card":"summary_large_image","twitter_misc":{"Dur\u00e9e de lecture estim\u00e9e":"2 minutes"},"schema":{"@context":"https:\/\/schema.org","@graph":[{"@type":"WebPage","@id":"https:\/\/www.vsv-design.com\/fr\/products\/danse-sportive\/danse-en-solo\/latin-dress-box-blue\/","url":"https:\/\/www.vsv-design.com\/fr\/products\/danse-sportive\/danse-en-solo\/latin-dress-box-blue\/","name":"Latin DRESS BOX Blue - Cadeaux, Danse en solo, Junior, Robes de danse latine - VSV Design","isPartOf":{"@id":"https:\/\/www.vsv-design.com\/#website"},"primaryImageOfPage":{"@id":"https:\/\/www.vsv-design.com\/fr\/products\/danse-sportive\/danse-en-solo\/latin-dress-box-blue\/#primaryimage"},"image":{"@id":"https:\/\/www.vsv-design.com\/fr\/products\/danse-sportive\/danse-en-solo\/latin-dress-box-blue\/#primaryimage"},"thumbnailUrl":"https:\/\/www.vsv-design.com\/wp-content\/uploads\/2025\/01\/\u043f\u0440\u043e\u0434\u0443\u043a\u0442\u043e\u0432\u0438-\u0441\u043d\u0438\u043c\u043a\u0438-6.jpgblue-dress-box.jpg","datePublished":"2025-01-15T07:44:29+00:00","dateModified":"2025-02-28T12:28:29+00:00","description":"Unique mod\u00e8le Latin DRESS BOX Blue for sale by VSV Design. Un design exclusif et une qualit\u00e9 excellente \u00e0 un prix abordable!","breadcrumb":{"@id":"https:\/\/www.vsv-design.com\/fr\/products\/danse-sportive\/danse-en-solo\/latin-dress-box-blue\/#breadcrumb"},"inLanguage":"fr-FR","potentialAction":[{"@type":"ReadAction","target":["https:\/\/www.vsv-design.com\/fr\/products\/danse-sportive\/danse-en-solo\/latin-dress-box-blue\/"]}]},{"@type":"ImageObject","inLanguage":"fr-FR","@id":"https:\/\/www.vsv-design.com\/fr\/products\/danse-sportive\/danse-en-solo\/latin-dress-box-blue\/#primaryimage","url":"https:\/\/www.vsv-design.com\/wp-content\/uploads\/2025\/01\/\u043f\u0440\u043e\u0434\u0443\u043a\u0442\u043e\u0432\u0438-\u0441\u043d\u0438\u043c\u043a\u0438-6.jpgblue-dress-box.jpg","contentUrl":"https:\/\/www.vsv-design.com\/wp-content\/uploads\/2025\/01\/\u043f\u0440\u043e\u0434\u0443\u043a\u0442\u043e\u0432\u0438-\u0441\u043d\u0438\u043c\u043a\u0438-6.jpgblue-dress-box.jpg","width":1080,"height":1920},{"@type":"BreadcrumbList","@id":"https:\/\/www.vsv-design.com\/fr\/products\/danse-sportive\/danse-en-solo\/latin-dress-box-blue\/#breadcrumb","itemListElement":[{"@type":"ListItem","position":1,"name":"Home","item":"https:\/\/www.vsv-design.com\/"},{"@type":"ListItem","position":2,"name":"Tous produits","item":"https:\/\/www.vsv-design.com\/fr\/produits\/"},{"@type":"ListItem","position":3,"name":"Latin DRESS BOX Blue"}]},{"@type":"WebSite","@id":"https:\/\/www.vsv-design.com\/#website","url":"https:\/\/www.vsv-design.com\/","name":"VSV Design","description":"","publisher":{"@id":"https:\/\/www.vsv-design.com\/#organization"},"potentialAction":[{"@type":"SearchAction","target":{"@type":"EntryPoint","urlTemplate":"https:\/\/www.vsv-design.com\/?s={search_term_string}"},"query-input":{"@type":"PropertyValueSpecification","valueRequired":true,"valueName":"search_term_string"}}],"inLanguage":"fr-FR"},{"@type":"Organization","@id":"https:\/\/www.vsv-design.com\/#organization","name":"VSV Design","url":"https:\/\/www.vsv-design.com\/","logo":{"@type":"ImageObject","inLanguage":"fr-FR","@id":"https:\/\/www.vsv-design.com\/#\/schema\/logo\/image\/","url":"https:\/\/www.vsv-design.com\/wp-content\/uploads\/2025\/01\/cropped-vsv-1.jpg","contentUrl":"https:\/\/www.vsv-design.com\/wp-content\/uploads\/2025\/01\/cropped-vsv-1.jpg","width":512,"height":512,"caption":"VSV Design"},"image":{"@id":"https:\/\/www.vsv-design.com\/#\/schema\/logo\/image\/"},"sameAs":["https:\/\/www.facebook.com\/VSVDesign"]}]}},"_links":{"self":[{"href":"https:\/\/www.vsv-design.com\/fr\/wp-json\/wp\/v2\/product\/1630","targetHints":{"allow":["GET"]}}],"collection":[{"href":"https:\/\/www.vsv-design.com\/fr\/wp-json\/wp\/v2\/product"}],"about":[{"href":"https:\/\/www.vsv-design.com\/fr\/wp-json\/wp\/v2\/types\/product"}],"replies":[{"embeddable":true,"href":"https:\/\/www.vsv-design.com\/fr\/wp-json\/wp\/v2\/comments?post=1630"}],"wp:featuredmedia":[{"embeddable":true,"href":"https:\/\/www.vsv-design.com\/fr\/wp-json\/wp\/v2\/media\/7378"}],"wp:attachment":[{"href":"https:\/\/www.vsv-design.com\/fr\/wp-json\/wp\/v2\/media?parent=1630"}],"wp:term":[{"taxonomy":"product_brand","embeddable":true,"href":"https:\/\/www.vsv-design.com\/fr\/wp-json\/wp\/v2\/product_brand?post=1630"},{"taxonomy":"product_cat","embeddable":true,"href":"https:\/\/www.vsv-design.com\/fr\/wp-json\/wp\/v2\/product_cat?post=1630"},{"taxonomy":"product_tag","embeddable":true,"href":"https:\/\/www.vsv-design.com\/fr\/wp-json\/wp\/v2\/product_tag?post=1630"}],"curies":[{"name":"wp","href":"https:\/\/api.w.org\/{rel}","templated":true}]}}