{"id":1625,"date":"2025-01-15T09:26:31","date_gmt":"2025-01-15T07:26:31","guid":{"rendered":"https:\/\/dev.vsv-design.com\/products\/non%20class\u00e9\/ballroom-dress-box-red\/"},"modified":"2025-03-23T19:32:41","modified_gmt":"2025-03-23T17:32:41","slug":"ballroom-dress-box-red","status":"publish","type":"product","link":"https:\/\/www.vsv-design.com\/fr\/products\/danse-sportive\/danse-en-solo\/ballroom-dress-box-red\/","title":{"rendered":"Ballroom DRESS BOX Rouge"},"content":{"rendered":"<h5><em>Profitez de la danse avec \u00e9l\u00e9gance, confiance et un style infini !<\/p>\n<p><\/em><\/h5>\n<p>Une robe &#8211; des possibilit\u00e9s infinies !<br \/>\nCet ensemble exclusif vous permet de transformer votre look sans effort. Que vous souhaitiez adopter la beaut\u00e9 intemporelle du rouge classique ou rehausser votre style avec des accents blancs, noirs ou dor\u00e9s, BALLROOM DRESS BOX s&rsquo;adapte \u00e0 vos performances !<\/p>\n<p><strong data-start=\"596\" data-end=\"630\">Pourquoi vous allez l\u2019adorer ?<\/strong><br \/>\n\u2714 \u00c9l\u00e9gance et confort &#8211; Fabriqu\u00e9e dans un tissu doux et extensible qui bouge avec votre corps et met en valeur votre silhouette !<br \/>\n\u2714 3 looks stylis\u00e9s &#8211; Changez instantan\u00e9ment de look gr\u00e2ce aux accessoires interchangeables !<br \/>\n\u2714 <strong data-start=\"864\" data-end=\"886\">\u00c9clat personnalis\u00e9<\/strong>\u00a0\u2013 Ajoutez une touche de glamour avec le\u00a0<strong data-start=\"927\" data-end=\"955\">KIT DE D\u00c9CORATION OFFERT<\/strong>.<br \/>\n\u2714 Cadeau parfait pour les danseurs &#8211; Une surprise unique et pratique pour tout amateur de danse de salon !<\/p>\n<p>Ce qu&rsquo;il y a \u00e0 l&rsquo;int\u00e9rieur<br \/>\n\u2705 1 robe de danse de salon &#8211; Une superbe robe de danse de salon classique en rouge, con\u00e7ue pour l&rsquo;\u00e9l\u00e9gance et la fluidit\u00e9 des mouvements.<br \/>\n\u2705 3 ensembles d&rsquo;accessoires &#8211; Comprend une ceinture et des bracelets en blanc, noir et or pour des changements de style rapides et faciles.<br \/>\n\u2705 BONUS : Kit de d\u00e9coration en strass &#8211; \u00a0Ajoutez votre touche personnelle avec des strass scintillants\u00a0 !<\/p>\n<p>***STOCK LIMIT\u00c9 DISPONIBLE ! ***<br \/>\nTransformez votre style de danse standard d\u00e8s aujourd&rsquo;hui avec la BALLROOM DRESS BOX et brillez comme jamais auparavant!<\/p>\n<p>&nbsp;<\/p>\n","protected":false},"excerpt":{"rendered":"<h5><em><strong>Une robe, 3 looks diff\u00e9rents pour un style unique sur la piste de danse!<\/strong><\/em><\/h5>\n<ul>\n<li><em>Livraison rapide<\/em><\/li>\n<li><i><span style=\"font-weight: 400;\">D\u00e9lai de retour de 14 jours<\/span><\/i><\/li>\n<\/ul>\n","protected":false},"featured_media":11333,"comment_status":"open","ping_status":"closed","template":"","meta":{"_acf_changed":false},"product_brand":[],"product_cat":[256,172,205,166,199],"product_tag":[459],"class_list":{"0":"post-1625","1":"product","2":"type-product","3":"status-publish","4":"has-post-thumbnail","6":"product_cat-cadeaux","7":"product_cat-danse-en-solo","8":"product_cat-junior-fr","9":"product_cat-non-classifiee","10":"product_cat-robe-de-danse-standard","11":"product_tag-best-seller-danse-sportive","12":"product_shipping_class-medium-dresses-shipping-fr","14":"first","15":"instock","16":"shipping-taxable","17":"purchasable","18":"product-type-variable","swatches":"rey-swatches","show_selected":"rey-swatches--show-selected--name","stretch_labels":"rey-swatches--stretch-labels"},"acf":[],"yoast_head":"<!-- This site is optimized with the Yoast SEO plugin v27.4 - https:\/\/yoast.com\/product\/yoast-seo-wordpress\/ -->\n<title>Ballroom DRESS BOX Rouge - Cadeaux, Danse en solo, Junior, Non classifi\u00e9(e), Robe de danse standard - VSV Design<\/title>\n<meta name=\"description\" content=\"Unique mod\u00e8le Ballroom DRESS BOX Rouge for sale by VSV Design. Un design exclusif et une qualit\u00e9 excellente \u00e0 un prix abordable!\" \/>\n<meta name=\"robots\" content=\"index, follow, max-snippet:-1, max-image-preview:large, max-video-preview:-1\" \/>\n<link rel=\"canonical\" href=\"https:\/\/www.vsv-design.com\/products\/dancesport\/solo-dance\/ballroom-dress-box-red\/\" \/>\n<meta property=\"og:locale\" content=\"fr_FR\" \/>\n<meta property=\"og:type\" content=\"article\" \/>\n<meta property=\"og:title\" content=\"Ballroom DRESS BOX Rouge - Cadeaux, Danse en solo, Junior, Non classifi\u00e9(e), Robe de danse standard - VSV Design\" \/>\n<meta property=\"og:description\" content=\"Unique mod\u00e8le Ballroom DRESS BOX Rouge for sale by VSV Design. Un design exclusif et une qualit\u00e9 excellente \u00e0 un prix abordable!\" \/>\n<meta property=\"og:url\" content=\"https:\/\/www.vsv-design.com\/products\/dancesport\/solo-dance\/ballroom-dress-box-red\/\" \/>\n<meta property=\"og:site_name\" content=\"VSV Design\" \/>\n<meta property=\"article:publisher\" content=\"https:\/\/www.facebook.com\/VSVDesign\" \/>\n<meta property=\"article:modified_time\" content=\"2025-03-23T17:32:41+00:00\" \/>\n<meta property=\"og:image\" content=\"https:\/\/www.vsv-design.com\/wp-content\/uploads\/2025\/01\/red-ballroom-box.jpg\" \/>\n\t<meta property=\"og:image:width\" content=\"1080\" \/>\n\t<meta property=\"og:image:height\" content=\"1920\" \/>\n\t<meta property=\"og:image:type\" content=\"image\/jpeg\" \/>\n<meta name=\"twitter:card\" content=\"summary_large_image\" \/>\n<meta name=\"twitter:label1\" content=\"Dur\u00e9e de lecture estim\u00e9e\" \/>\n\t<meta name=\"twitter:data1\" content=\"2 minutes\" \/>\n<script type=\"application\/ld+json\" class=\"yoast-schema-graph\">{\"@context\":\"https:\\\/\\\/schema.org\",\"@graph\":[{\"@type\":\"WebPage\",\"@id\":\"https:\\\/\\\/www.vsv-design.com\\\/products\\\/dancesport\\\/solo-dance\\\/ballroom-dress-box-red\\\/\",\"url\":\"https:\\\/\\\/www.vsv-design.com\\\/products\\\/dancesport\\\/solo-dance\\\/ballroom-dress-box-red\\\/\",\"name\":\"Ballroom DRESS BOX Rouge - Cadeaux, Danse en solo, Junior, Non classifi\u00e9(e), Robe de danse standard - VSV Design\",\"isPartOf\":{\"@id\":\"https:\\\/\\\/www.vsv-design.com\\\/#website\"},\"primaryImageOfPage\":{\"@id\":\"https:\\\/\\\/www.vsv-design.com\\\/products\\\/dancesport\\\/solo-dance\\\/ballroom-dress-box-red\\\/#primaryimage\"},\"image\":{\"@id\":\"https:\\\/\\\/www.vsv-design.com\\\/products\\\/dancesport\\\/solo-dance\\\/ballroom-dress-box-red\\\/#primaryimage\"},\"thumbnailUrl\":\"https:\\\/\\\/www.vsv-design.com\\\/wp-content\\\/uploads\\\/2025\\\/01\\\/\u043f\u0440\u043e\u0434\u0443\u043a\u0442\u043e\u0432\u0438-\u0441\u043d\u0438\u043c\u043a\u0438-51.jpg\",\"datePublished\":\"2025-01-15T07:26:31+00:00\",\"dateModified\":\"2025-03-23T17:32:41+00:00\",\"description\":\"Unique mod\u00e8le Ballroom DRESS BOX Rouge for sale by VSV Design. Un design exclusif et une qualit\u00e9 excellente \u00e0 un prix abordable!\",\"breadcrumb\":{\"@id\":\"https:\\\/\\\/www.vsv-design.com\\\/products\\\/dancesport\\\/solo-dance\\\/ballroom-dress-box-red\\\/#breadcrumb\"},\"inLanguage\":\"fr-FR\",\"potentialAction\":[{\"@type\":\"ReadAction\",\"target\":[\"https:\\\/\\\/www.vsv-design.com\\\/products\\\/dancesport\\\/solo-dance\\\/ballroom-dress-box-red\\\/\"]}]},{\"@type\":\"ImageObject\",\"inLanguage\":\"fr-FR\",\"@id\":\"https:\\\/\\\/www.vsv-design.com\\\/products\\\/dancesport\\\/solo-dance\\\/ballroom-dress-box-red\\\/#primaryimage\",\"url\":\"https:\\\/\\\/www.vsv-design.com\\\/wp-content\\\/uploads\\\/2025\\\/01\\\/\u043f\u0440\u043e\u0434\u0443\u043a\u0442\u043e\u0432\u0438-\u0441\u043d\u0438\u043c\u043a\u0438-51.jpg\",\"contentUrl\":\"https:\\\/\\\/www.vsv-design.com\\\/wp-content\\\/uploads\\\/2025\\\/01\\\/\u043f\u0440\u043e\u0434\u0443\u043a\u0442\u043e\u0432\u0438-\u0441\u043d\u0438\u043c\u043a\u0438-51.jpg\",\"width\":1080,\"height\":1920},{\"@type\":\"BreadcrumbList\",\"@id\":\"https:\\\/\\\/www.vsv-design.com\\\/products\\\/dancesport\\\/solo-dance\\\/ballroom-dress-box-red\\\/#breadcrumb\",\"itemListElement\":[{\"@type\":\"ListItem\",\"position\":1,\"name\":\"Home\",\"item\":\"https:\\\/\\\/www.vsv-design.com\\\/\"},{\"@type\":\"ListItem\",\"position\":2,\"name\":\"Tous produits\",\"item\":\"https:\\\/\\\/www.vsv-design.com\\\/fr\\\/produits\\\/\"},{\"@type\":\"ListItem\",\"position\":3,\"name\":\"Ballroom DRESS BOX Rouge\"}]},{\"@type\":\"WebSite\",\"@id\":\"https:\\\/\\\/www.vsv-design.com\\\/#website\",\"url\":\"https:\\\/\\\/www.vsv-design.com\\\/\",\"name\":\"VSV Design\",\"description\":\"\",\"publisher\":{\"@id\":\"https:\\\/\\\/www.vsv-design.com\\\/#organization\"},\"potentialAction\":[{\"@type\":\"SearchAction\",\"target\":{\"@type\":\"EntryPoint\",\"urlTemplate\":\"https:\\\/\\\/www.vsv-design.com\\\/?s={search_term_string}\"},\"query-input\":{\"@type\":\"PropertyValueSpecification\",\"valueRequired\":true,\"valueName\":\"search_term_string\"}}],\"inLanguage\":\"fr-FR\"},{\"@type\":\"Organization\",\"@id\":\"https:\\\/\\\/www.vsv-design.com\\\/#organization\",\"name\":\"VSV Design\",\"url\":\"https:\\\/\\\/www.vsv-design.com\\\/\",\"logo\":{\"@type\":\"ImageObject\",\"inLanguage\":\"fr-FR\",\"@id\":\"https:\\\/\\\/www.vsv-design.com\\\/#\\\/schema\\\/logo\\\/image\\\/\",\"url\":\"https:\\\/\\\/www.vsv-design.com\\\/wp-content\\\/uploads\\\/2025\\\/01\\\/cropped-vsv-1.jpg\",\"contentUrl\":\"https:\\\/\\\/www.vsv-design.com\\\/wp-content\\\/uploads\\\/2025\\\/01\\\/cropped-vsv-1.jpg\",\"width\":512,\"height\":512,\"caption\":\"VSV Design\"},\"image\":{\"@id\":\"https:\\\/\\\/www.vsv-design.com\\\/#\\\/schema\\\/logo\\\/image\\\/\"},\"sameAs\":[\"https:\\\/\\\/www.facebook.com\\\/VSVDesign\"]}]}<\/script>\n<!-- \/ Yoast SEO plugin. -->","yoast_head_json":{"title":"Ballroom DRESS BOX Rouge - Cadeaux, Danse en solo, Junior, Non classifi\u00e9(e), Robe de danse standard - VSV Design","description":"Unique mod\u00e8le Ballroom DRESS BOX Rouge for sale by VSV Design. Un design exclusif et une qualit\u00e9 excellente \u00e0 un prix abordable!","robots":{"index":"index","follow":"follow","max-snippet":"max-snippet:-1","max-image-preview":"max-image-preview:large","max-video-preview":"max-video-preview:-1"},"canonical":"https:\/\/www.vsv-design.com\/products\/dancesport\/solo-dance\/ballroom-dress-box-red\/","og_locale":"fr_FR","og_type":"article","og_title":"Ballroom DRESS BOX Rouge - Cadeaux, Danse en solo, Junior, Non classifi\u00e9(e), Robe de danse standard - VSV Design","og_description":"Unique mod\u00e8le Ballroom DRESS BOX Rouge for sale by VSV Design. Un design exclusif et une qualit\u00e9 excellente \u00e0 un prix abordable!","og_url":"https:\/\/www.vsv-design.com\/products\/dancesport\/solo-dance\/ballroom-dress-box-red\/","og_site_name":"VSV Design","article_publisher":"https:\/\/www.facebook.com\/VSVDesign","article_modified_time":"2025-03-23T17:32:41+00:00","og_image":[{"width":1080,"height":1920,"url":"https:\/\/www.vsv-design.com\/wp-content\/uploads\/2025\/01\/red-ballroom-box.jpg","type":"image\/jpeg"}],"twitter_card":"summary_large_image","twitter_misc":{"Dur\u00e9e de lecture estim\u00e9e":"2 minutes"},"schema":{"@context":"https:\/\/schema.org","@graph":[{"@type":"WebPage","@id":"https:\/\/www.vsv-design.com\/products\/dancesport\/solo-dance\/ballroom-dress-box-red\/","url":"https:\/\/www.vsv-design.com\/products\/dancesport\/solo-dance\/ballroom-dress-box-red\/","name":"Ballroom DRESS BOX Rouge - Cadeaux, Danse en solo, Junior, Non classifi\u00e9(e), Robe de danse standard - VSV Design","isPartOf":{"@id":"https:\/\/www.vsv-design.com\/#website"},"primaryImageOfPage":{"@id":"https:\/\/www.vsv-design.com\/products\/dancesport\/solo-dance\/ballroom-dress-box-red\/#primaryimage"},"image":{"@id":"https:\/\/www.vsv-design.com\/products\/dancesport\/solo-dance\/ballroom-dress-box-red\/#primaryimage"},"thumbnailUrl":"https:\/\/www.vsv-design.com\/wp-content\/uploads\/2025\/01\/\u043f\u0440\u043e\u0434\u0443\u043a\u0442\u043e\u0432\u0438-\u0441\u043d\u0438\u043c\u043a\u0438-51.jpg","datePublished":"2025-01-15T07:26:31+00:00","dateModified":"2025-03-23T17:32:41+00:00","description":"Unique mod\u00e8le Ballroom DRESS BOX Rouge for sale by VSV Design. Un design exclusif et une qualit\u00e9 excellente \u00e0 un prix abordable!","breadcrumb":{"@id":"https:\/\/www.vsv-design.com\/products\/dancesport\/solo-dance\/ballroom-dress-box-red\/#breadcrumb"},"inLanguage":"fr-FR","potentialAction":[{"@type":"ReadAction","target":["https:\/\/www.vsv-design.com\/products\/dancesport\/solo-dance\/ballroom-dress-box-red\/"]}]},{"@type":"ImageObject","inLanguage":"fr-FR","@id":"https:\/\/www.vsv-design.com\/products\/dancesport\/solo-dance\/ballroom-dress-box-red\/#primaryimage","url":"https:\/\/www.vsv-design.com\/wp-content\/uploads\/2025\/01\/\u043f\u0440\u043e\u0434\u0443\u043a\u0442\u043e\u0432\u0438-\u0441\u043d\u0438\u043c\u043a\u0438-51.jpg","contentUrl":"https:\/\/www.vsv-design.com\/wp-content\/uploads\/2025\/01\/\u043f\u0440\u043e\u0434\u0443\u043a\u0442\u043e\u0432\u0438-\u0441\u043d\u0438\u043c\u043a\u0438-51.jpg","width":1080,"height":1920},{"@type":"BreadcrumbList","@id":"https:\/\/www.vsv-design.com\/products\/dancesport\/solo-dance\/ballroom-dress-box-red\/#breadcrumb","itemListElement":[{"@type":"ListItem","position":1,"name":"Home","item":"https:\/\/www.vsv-design.com\/"},{"@type":"ListItem","position":2,"name":"Tous produits","item":"https:\/\/www.vsv-design.com\/fr\/produits\/"},{"@type":"ListItem","position":3,"name":"Ballroom DRESS BOX Rouge"}]},{"@type":"WebSite","@id":"https:\/\/www.vsv-design.com\/#website","url":"https:\/\/www.vsv-design.com\/","name":"VSV Design","description":"","publisher":{"@id":"https:\/\/www.vsv-design.com\/#organization"},"potentialAction":[{"@type":"SearchAction","target":{"@type":"EntryPoint","urlTemplate":"https:\/\/www.vsv-design.com\/?s={search_term_string}"},"query-input":{"@type":"PropertyValueSpecification","valueRequired":true,"valueName":"search_term_string"}}],"inLanguage":"fr-FR"},{"@type":"Organization","@id":"https:\/\/www.vsv-design.com\/#organization","name":"VSV Design","url":"https:\/\/www.vsv-design.com\/","logo":{"@type":"ImageObject","inLanguage":"fr-FR","@id":"https:\/\/www.vsv-design.com\/#\/schema\/logo\/image\/","url":"https:\/\/www.vsv-design.com\/wp-content\/uploads\/2025\/01\/cropped-vsv-1.jpg","contentUrl":"https:\/\/www.vsv-design.com\/wp-content\/uploads\/2025\/01\/cropped-vsv-1.jpg","width":512,"height":512,"caption":"VSV Design"},"image":{"@id":"https:\/\/www.vsv-design.com\/#\/schema\/logo\/image\/"},"sameAs":["https:\/\/www.facebook.com\/VSVDesign"]}]}},"_links":{"self":[{"href":"https:\/\/www.vsv-design.com\/fr\/wp-json\/wp\/v2\/product\/1625","targetHints":{"allow":["GET"]}}],"collection":[{"href":"https:\/\/www.vsv-design.com\/fr\/wp-json\/wp\/v2\/product"}],"about":[{"href":"https:\/\/www.vsv-design.com\/fr\/wp-json\/wp\/v2\/types\/product"}],"replies":[{"embeddable":true,"href":"https:\/\/www.vsv-design.com\/fr\/wp-json\/wp\/v2\/comments?post=1625"}],"wp:featuredmedia":[{"embeddable":true,"href":"https:\/\/www.vsv-design.com\/fr\/wp-json\/wp\/v2\/media\/11333"}],"wp:attachment":[{"href":"https:\/\/www.vsv-design.com\/fr\/wp-json\/wp\/v2\/media?parent=1625"}],"wp:term":[{"taxonomy":"product_brand","embeddable":true,"href":"https:\/\/www.vsv-design.com\/fr\/wp-json\/wp\/v2\/product_brand?post=1625"},{"taxonomy":"product_cat","embeddable":true,"href":"https:\/\/www.vsv-design.com\/fr\/wp-json\/wp\/v2\/product_cat?post=1625"},{"taxonomy":"product_tag","embeddable":true,"href":"https:\/\/www.vsv-design.com\/fr\/wp-json\/wp\/v2\/product_tag?post=1625"}],"curies":[{"name":"wp","href":"https:\/\/api.w.org\/{rel}","templated":true}]}}