{"id":1425,"date":"2025-01-13T17:38:31","date_gmt":"2025-01-13T15:38:31","guid":{"rendered":"https:\/\/dev.vsv-design.com\/products\/non%20class\u00e9\/electra-latin-dance-dress\/"},"modified":"2025-01-14T12:15:48","modified_gmt":"2025-01-14T10:15:48","slug":"electra-latin-dance-dress","status":"publish","type":"product","link":"https:\/\/www.vsv-design.com\/fr\/products\/danse-sportive\/robes-de-danse-latine\/electra-latin-dance-dress\/","title":{"rendered":"Robe de danse latine ELECTRA"},"content":{"rendered":"<p><span style=\"font-weight: 400;\">Une belle robe de danse latine aux couleurs vives et \u00e9lectriques. <\/span><span style=\"font-weight: 400;\">Le mod\u00e8le pr\u00e9sente de belles ouvertures, mises en valeur par une d\u00e9coration spectaculaire aux couleurs vives et contrast\u00e9es, et une jupe pleine de mouvement.<br \/>\n<\/span><span style=\"font-weight: 400;\">Combinez-la avec des accessoires de notre s\u00e9lection pour plus d&rsquo;\u00e9clat et d&rsquo;effet sur sc\u00e8ne.<\/span><\/p>\n<p><i><span style=\"font-weight: 400;\">Longueur de la robe :101cm<\/span><\/i><i><span style=\"font-weight: 400;\"> (de l&rsquo;\u00e9paule vers le bas)<br \/>\nSi vous avez des difficult\u00e9s avec les tailles, n&rsquo;h\u00e9sitez pas \u00e0 nous contacter !<\/span><\/i><\/p>\n<p>&nbsp;<\/p>\n<p><i><span style=\"font-weight: 400;\">\u00a0 \u00a0 \u00a0 \u00a0 \u00a0 \u00a0 \u00a0 \u00a0 \u00a0 \u00a0 \u00a0 \u00a0 \u00a0 \u00a0 \u00a0 \u00a0 \u00a0 \u00a0 \u00a0 \u00a0 \u00a0<\/span><\/i><span style=\"font-weight: 400;\"><i><br \/>\n<\/i><i><br \/>\n<\/i><br \/>\n<\/span><\/p>\n<p><span style=\"font-weight: 400;\">\u00a0<\/span><\/p>\n<p><span style=\"font-weight: 400;\"><br \/>\n<\/span><span style=\"font-weight: 400;\"><br \/>\n<\/span><\/p>\n","protected":false},"excerpt":{"rendered":"<ul>\n<li><em>Taille: XS<\/em><\/li>\n<li>Livraison rapide<\/li>\n<li><i><span style=\"font-weight: 400;\">D\u00e9lai de retour de 14 jours<\/span><\/i><\/li>\n<\/ul>\n","protected":false},"featured_media":1368,"comment_status":"open","ping_status":"closed","template":"","meta":{"_acf_changed":false},"product_brand":[],"product_cat":[208],"product_tag":[],"class_list":{"0":"post-1425","1":"product","2":"type-product","3":"status-publish","4":"has-post-thumbnail","6":"product_cat-robes-de-danse-latine","7":"product_shipping_class-small-dresses-shipping-fr","9":"first","10":"outofstock","11":"sale","12":"shipping-taxable","13":"purchasable","14":"product-type-simple","swatches":"rey-swatches","show_selected":"rey-swatches--show-selected--name","stretch_labels":"rey-swatches--stretch-labels"},"acf":[],"yoast_head":"<!-- This site is optimized with the Yoast SEO plugin v26.7 - https:\/\/yoast.com\/wordpress\/plugins\/seo\/ -->\n<title>Robe de danse latine ELECTRA - Robes de danse latine - VSV Design<\/title>\n<meta name=\"description\" content=\"Unique mod\u00e8le Robe de danse latine ELECTRA for sale by VSV Design. Un design exclusif et une qualit\u00e9 excellente \u00e0 un prix abordable!\" \/>\n<meta name=\"robots\" content=\"index, follow, max-snippet:-1, max-image-preview:large, max-video-preview:-1\" \/>\n<link rel=\"canonical\" href=\"https:\/\/www.vsv-design.com\/fr\/products\/danse-sportive\/robes-de-danse-latine\/electra-latin-dance-dress\/\" \/>\n<meta property=\"og:locale\" content=\"fr_FR\" \/>\n<meta property=\"og:type\" content=\"article\" \/>\n<meta property=\"og:title\" content=\"Robe de danse latine ELECTRA - Robes de danse latine - VSV Design\" \/>\n<meta property=\"og:description\" content=\"Unique mod\u00e8le Robe de danse latine ELECTRA for sale by VSV Design. Un design exclusif et une qualit\u00e9 excellente \u00e0 un prix abordable!\" \/>\n<meta property=\"og:url\" content=\"https:\/\/www.vsv-design.com\/fr\/products\/danse-sportive\/robes-de-danse-latine\/electra-latin-dance-dress\/\" \/>\n<meta property=\"og:site_name\" content=\"VSV Design\" \/>\n<meta property=\"article:publisher\" content=\"https:\/\/www.facebook.com\/VSVDesign\" \/>\n<meta property=\"article:modified_time\" content=\"2025-01-14T10:15:48+00:00\" \/>\n<meta property=\"og:image\" content=\"https:\/\/www.vsv-design.com\/wp-content\/uploads\/2025\/01\/ELECTRA-1-1-1.jpg\" \/>\n\t<meta property=\"og:image:width\" content=\"1707\" \/>\n\t<meta property=\"og:image:height\" content=\"2560\" \/>\n\t<meta property=\"og:image:type\" content=\"image\/jpeg\" \/>\n<meta name=\"twitter:card\" content=\"summary_large_image\" \/>\n<meta name=\"twitter:label1\" content=\"Dur\u00e9e de lecture estim\u00e9e\" \/>\n\t<meta name=\"twitter:data1\" content=\"1 minute\" \/>\n<script type=\"application\/ld+json\" class=\"yoast-schema-graph\">{\"@context\":\"https:\/\/schema.org\",\"@graph\":[{\"@type\":\"WebPage\",\"@id\":\"https:\/\/www.vsv-design.com\/fr\/products\/danse-sportive\/robes-de-danse-latine\/electra-latin-dance-dress\/\",\"url\":\"https:\/\/www.vsv-design.com\/fr\/products\/danse-sportive\/robes-de-danse-latine\/electra-latin-dance-dress\/\",\"name\":\"Robe de danse latine ELECTRA - Robes de danse latine - VSV Design\",\"isPartOf\":{\"@id\":\"https:\/\/www.vsv-design.com\/#website\"},\"primaryImageOfPage\":{\"@id\":\"https:\/\/www.vsv-design.com\/fr\/products\/danse-sportive\/robes-de-danse-latine\/electra-latin-dance-dress\/#primaryimage\"},\"image\":{\"@id\":\"https:\/\/www.vsv-design.com\/fr\/products\/danse-sportive\/robes-de-danse-latine\/electra-latin-dance-dress\/#primaryimage\"},\"thumbnailUrl\":\"https:\/\/www.vsv-design.com\/wp-content\/uploads\/2025\/01\/ELECTRA-1-1-1.jpg\",\"datePublished\":\"2025-01-13T15:38:31+00:00\",\"dateModified\":\"2025-01-14T10:15:48+00:00\",\"description\":\"Unique mod\u00e8le Robe de danse latine ELECTRA for sale by VSV Design. Un design exclusif et une qualit\u00e9 excellente \u00e0 un prix abordable!\",\"breadcrumb\":{\"@id\":\"https:\/\/www.vsv-design.com\/fr\/products\/danse-sportive\/robes-de-danse-latine\/electra-latin-dance-dress\/#breadcrumb\"},\"inLanguage\":\"fr-FR\",\"potentialAction\":[{\"@type\":\"ReadAction\",\"target\":[\"https:\/\/www.vsv-design.com\/fr\/products\/danse-sportive\/robes-de-danse-latine\/electra-latin-dance-dress\/\"]}]},{\"@type\":\"ImageObject\",\"inLanguage\":\"fr-FR\",\"@id\":\"https:\/\/www.vsv-design.com\/fr\/products\/danse-sportive\/robes-de-danse-latine\/electra-latin-dance-dress\/#primaryimage\",\"url\":\"https:\/\/www.vsv-design.com\/wp-content\/uploads\/2025\/01\/ELECTRA-1-1-1.jpg\",\"contentUrl\":\"https:\/\/www.vsv-design.com\/wp-content\/uploads\/2025\/01\/ELECTRA-1-1-1.jpg\",\"width\":1707,\"height\":2560},{\"@type\":\"BreadcrumbList\",\"@id\":\"https:\/\/www.vsv-design.com\/fr\/products\/danse-sportive\/robes-de-danse-latine\/electra-latin-dance-dress\/#breadcrumb\",\"itemListElement\":[{\"@type\":\"ListItem\",\"position\":1,\"name\":\"Home\",\"item\":\"https:\/\/www.vsv-design.com\/\"},{\"@type\":\"ListItem\",\"position\":2,\"name\":\"Tous produits\",\"item\":\"https:\/\/www.vsv-design.com\/fr\/produits\/\"},{\"@type\":\"ListItem\",\"position\":3,\"name\":\"Robe de danse latine ELECTRA\"}]},{\"@type\":\"WebSite\",\"@id\":\"https:\/\/www.vsv-design.com\/#website\",\"url\":\"https:\/\/www.vsv-design.com\/\",\"name\":\"VSV Design\",\"description\":\"\",\"publisher\":{\"@id\":\"https:\/\/www.vsv-design.com\/#organization\"},\"potentialAction\":[{\"@type\":\"SearchAction\",\"target\":{\"@type\":\"EntryPoint\",\"urlTemplate\":\"https:\/\/www.vsv-design.com\/?s={search_term_string}\"},\"query-input\":{\"@type\":\"PropertyValueSpecification\",\"valueRequired\":true,\"valueName\":\"search_term_string\"}}],\"inLanguage\":\"fr-FR\"},{\"@type\":\"Organization\",\"@id\":\"https:\/\/www.vsv-design.com\/#organization\",\"name\":\"VSV Design\",\"url\":\"https:\/\/www.vsv-design.com\/\",\"logo\":{\"@type\":\"ImageObject\",\"inLanguage\":\"fr-FR\",\"@id\":\"https:\/\/www.vsv-design.com\/#\/schema\/logo\/image\/\",\"url\":\"https:\/\/www.vsv-design.com\/wp-content\/uploads\/2025\/01\/cropped-vsv-1.jpg\",\"contentUrl\":\"https:\/\/www.vsv-design.com\/wp-content\/uploads\/2025\/01\/cropped-vsv-1.jpg\",\"width\":512,\"height\":512,\"caption\":\"VSV Design\"},\"image\":{\"@id\":\"https:\/\/www.vsv-design.com\/#\/schema\/logo\/image\/\"},\"sameAs\":[\"https:\/\/www.facebook.com\/VSVDesign\"]}]}<\/script>\n<!-- \/ Yoast SEO plugin. -->","yoast_head_json":{"title":"Robe de danse latine ELECTRA - Robes de danse latine - VSV Design","description":"Unique mod\u00e8le Robe de danse latine ELECTRA for sale by VSV Design. Un design exclusif et une qualit\u00e9 excellente \u00e0 un prix abordable!","robots":{"index":"index","follow":"follow","max-snippet":"max-snippet:-1","max-image-preview":"max-image-preview:large","max-video-preview":"max-video-preview:-1"},"canonical":"https:\/\/www.vsv-design.com\/fr\/products\/danse-sportive\/robes-de-danse-latine\/electra-latin-dance-dress\/","og_locale":"fr_FR","og_type":"article","og_title":"Robe de danse latine ELECTRA - Robes de danse latine - VSV Design","og_description":"Unique mod\u00e8le Robe de danse latine ELECTRA for sale by VSV Design. Un design exclusif et une qualit\u00e9 excellente \u00e0 un prix abordable!","og_url":"https:\/\/www.vsv-design.com\/fr\/products\/danse-sportive\/robes-de-danse-latine\/electra-latin-dance-dress\/","og_site_name":"VSV Design","article_publisher":"https:\/\/www.facebook.com\/VSVDesign","article_modified_time":"2025-01-14T10:15:48+00:00","og_image":[{"width":1707,"height":2560,"url":"https:\/\/www.vsv-design.com\/wp-content\/uploads\/2025\/01\/ELECTRA-1-1-1.jpg","type":"image\/jpeg"}],"twitter_card":"summary_large_image","twitter_misc":{"Dur\u00e9e de lecture estim\u00e9e":"1 minute"},"schema":{"@context":"https:\/\/schema.org","@graph":[{"@type":"WebPage","@id":"https:\/\/www.vsv-design.com\/fr\/products\/danse-sportive\/robes-de-danse-latine\/electra-latin-dance-dress\/","url":"https:\/\/www.vsv-design.com\/fr\/products\/danse-sportive\/robes-de-danse-latine\/electra-latin-dance-dress\/","name":"Robe de danse latine ELECTRA - Robes de danse latine - VSV Design","isPartOf":{"@id":"https:\/\/www.vsv-design.com\/#website"},"primaryImageOfPage":{"@id":"https:\/\/www.vsv-design.com\/fr\/products\/danse-sportive\/robes-de-danse-latine\/electra-latin-dance-dress\/#primaryimage"},"image":{"@id":"https:\/\/www.vsv-design.com\/fr\/products\/danse-sportive\/robes-de-danse-latine\/electra-latin-dance-dress\/#primaryimage"},"thumbnailUrl":"https:\/\/www.vsv-design.com\/wp-content\/uploads\/2025\/01\/ELECTRA-1-1-1.jpg","datePublished":"2025-01-13T15:38:31+00:00","dateModified":"2025-01-14T10:15:48+00:00","description":"Unique mod\u00e8le Robe de danse latine ELECTRA for sale by VSV Design. Un design exclusif et une qualit\u00e9 excellente \u00e0 un prix abordable!","breadcrumb":{"@id":"https:\/\/www.vsv-design.com\/fr\/products\/danse-sportive\/robes-de-danse-latine\/electra-latin-dance-dress\/#breadcrumb"},"inLanguage":"fr-FR","potentialAction":[{"@type":"ReadAction","target":["https:\/\/www.vsv-design.com\/fr\/products\/danse-sportive\/robes-de-danse-latine\/electra-latin-dance-dress\/"]}]},{"@type":"ImageObject","inLanguage":"fr-FR","@id":"https:\/\/www.vsv-design.com\/fr\/products\/danse-sportive\/robes-de-danse-latine\/electra-latin-dance-dress\/#primaryimage","url":"https:\/\/www.vsv-design.com\/wp-content\/uploads\/2025\/01\/ELECTRA-1-1-1.jpg","contentUrl":"https:\/\/www.vsv-design.com\/wp-content\/uploads\/2025\/01\/ELECTRA-1-1-1.jpg","width":1707,"height":2560},{"@type":"BreadcrumbList","@id":"https:\/\/www.vsv-design.com\/fr\/products\/danse-sportive\/robes-de-danse-latine\/electra-latin-dance-dress\/#breadcrumb","itemListElement":[{"@type":"ListItem","position":1,"name":"Home","item":"https:\/\/www.vsv-design.com\/"},{"@type":"ListItem","position":2,"name":"Tous produits","item":"https:\/\/www.vsv-design.com\/fr\/produits\/"},{"@type":"ListItem","position":3,"name":"Robe de danse latine ELECTRA"}]},{"@type":"WebSite","@id":"https:\/\/www.vsv-design.com\/#website","url":"https:\/\/www.vsv-design.com\/","name":"VSV Design","description":"","publisher":{"@id":"https:\/\/www.vsv-design.com\/#organization"},"potentialAction":[{"@type":"SearchAction","target":{"@type":"EntryPoint","urlTemplate":"https:\/\/www.vsv-design.com\/?s={search_term_string}"},"query-input":{"@type":"PropertyValueSpecification","valueRequired":true,"valueName":"search_term_string"}}],"inLanguage":"fr-FR"},{"@type":"Organization","@id":"https:\/\/www.vsv-design.com\/#organization","name":"VSV Design","url":"https:\/\/www.vsv-design.com\/","logo":{"@type":"ImageObject","inLanguage":"fr-FR","@id":"https:\/\/www.vsv-design.com\/#\/schema\/logo\/image\/","url":"https:\/\/www.vsv-design.com\/wp-content\/uploads\/2025\/01\/cropped-vsv-1.jpg","contentUrl":"https:\/\/www.vsv-design.com\/wp-content\/uploads\/2025\/01\/cropped-vsv-1.jpg","width":512,"height":512,"caption":"VSV Design"},"image":{"@id":"https:\/\/www.vsv-design.com\/#\/schema\/logo\/image\/"},"sameAs":["https:\/\/www.facebook.com\/VSVDesign"]}]}},"_links":{"self":[{"href":"https:\/\/www.vsv-design.com\/fr\/wp-json\/wp\/v2\/product\/1425","targetHints":{"allow":["GET"]}}],"collection":[{"href":"https:\/\/www.vsv-design.com\/fr\/wp-json\/wp\/v2\/product"}],"about":[{"href":"https:\/\/www.vsv-design.com\/fr\/wp-json\/wp\/v2\/types\/product"}],"replies":[{"embeddable":true,"href":"https:\/\/www.vsv-design.com\/fr\/wp-json\/wp\/v2\/comments?post=1425"}],"wp:featuredmedia":[{"embeddable":true,"href":"https:\/\/www.vsv-design.com\/fr\/wp-json\/wp\/v2\/media\/1368"}],"wp:attachment":[{"href":"https:\/\/www.vsv-design.com\/fr\/wp-json\/wp\/v2\/media?parent=1425"}],"wp:term":[{"taxonomy":"product_brand","embeddable":true,"href":"https:\/\/www.vsv-design.com\/fr\/wp-json\/wp\/v2\/product_brand?post=1425"},{"taxonomy":"product_cat","embeddable":true,"href":"https:\/\/www.vsv-design.com\/fr\/wp-json\/wp\/v2\/product_cat?post=1425"},{"taxonomy":"product_tag","embeddable":true,"href":"https:\/\/www.vsv-design.com\/fr\/wp-json\/wp\/v2\/product_tag?post=1425"}],"curies":[{"name":"wp","href":"https:\/\/api.w.org\/{rel}","templated":true}]}}