{"id":13214,"date":"2026-05-09T07:54:30","date_gmt":"2026-05-09T05:54:30","guid":{"rendered":"https:\/\/www.vsv-design.com\/products\/non%20class\u00e9\/rebeca-latin-dress\/"},"modified":"2026-05-09T08:01:41","modified_gmt":"2026-05-09T06:01:41","slug":"rebeca-latin-dress","status":"publish","type":"product","link":"https:\/\/www.vsv-design.com\/fr\/products\/danse-sportive\/danse-en-solo\/rebeca-latin-dress\/","title":{"rendered":"Robe de danse latine REBECA"},"content":{"rendered":"<p data-path-to-node=\"14\"><b data-path-to-node=\"14\" data-index-in-node=\"0\">Robe de Danse Latine de Luxe au Design Unique<\/b><\/p>\n<p data-path-to-node=\"15\">Cette magnifique <b data-path-to-node=\"15\" data-index-in-node=\"17\">robe pour danses latines<\/b> est con\u00e7ue pour celles qui souhaitent dominer la piste. Elle se distingue par un <b data-path-to-node=\"15\" data-index-in-node=\"123\">design unique, \u00e9labor\u00e9 avec une attention particuli\u00e8re \u00e0 chaque d\u00e9tail<\/b>, garantissant \u00e0 la fois confort et une allure \u00e9poustouflante sur sc\u00e8ne.<\/p>\n<p data-path-to-node=\"16\">La robe est dot\u00e9e d&rsquo;une <b data-path-to-node=\"16\" data-index-in-node=\"24\">jupe volumineuse qui cr\u00e9e un effet spectaculaire en mouvement<\/b>, soulignant chaque rotation et la dynamique de la danse. Une attention sp\u00e9ciale est port\u00e9e \u00e0 la <b data-path-to-node=\"16\" data-index-in-node=\"182\">d\u00e9coration de couleur contrast\u00e9e<\/b>, qui donne un caract\u00e8re moderne et audacieux au mod\u00e8le, en faisant un v\u00e9ritable chef-d&rsquo;\u0153uvre sous les projecteurs.<\/p>\n<p data-path-to-node=\"17\"><i data-path-to-node=\"17\" data-index-in-node=\"0\">Si vous vous demandez si elle vous ira bien et que vous souhaitez l&rsquo;essayer, \u00e9crivez-nous simplement. Notre \u00e9quipe de professionnels est l\u00e0 pour vous conseiller.<\/i><\/p>\n","protected":false},"excerpt":{"rendered":"<ul>\n<li>Taille: XS-S<\/li>\n<li>Livrasaison rapide<\/li>\n<li><i>Retours simples et rapides<\/i><\/li>\n<\/ul>\n","protected":false},"featured_media":13204,"comment_status":"open","ping_status":"closed","template":"","meta":{"_acf_changed":false},"product_brand":[],"product_cat":[172,205,208],"product_tag":[462],"class_list":{"0":"post-13214","1":"product","2":"type-product","3":"status-publish","4":"has-post-thumbnail","6":"product_cat-danse-en-solo","7":"product_cat-junior-fr","8":"product_cat-robes-de-danse-latine","9":"product_tag-nouveaux-produits","11":"first","12":"instock","13":"shipping-taxable","14":"purchasable","15":"product-type-variable","swatches":"rey-swatches","show_selected":"rey-swatches--show-selected--name","stretch_labels":"rey-swatches--stretch-labels"},"acf":[],"yoast_head":"<!-- This site is optimized with the Yoast SEO plugin v27.4 - https:\/\/yoast.com\/product\/yoast-seo-wordpress\/ -->\n<title>Robe de danse latine REBECA - Danse en solo, Junior, Robes de danse latine - VSV Design<\/title>\n<meta name=\"description\" content=\"Unique mod\u00e8le Robe de danse latine REBECA for sale by VSV Design. Un design exclusif et une qualit\u00e9 excellente \u00e0 un prix abordable!\" \/>\n<meta name=\"robots\" content=\"index, follow, max-snippet:-1, max-image-preview:large, max-video-preview:-1\" \/>\n<link rel=\"canonical\" href=\"https:\/\/www.vsv-design.com\/fr\/products\/\u0441\u043f\u043e\u0440\u0442\u043d\u0438-\u0442\u0430\u043d\u0446\u0438\/\u0441\u043e\u043b\u043e-\u0442\u0430\u043d\u0446\u0438\/rebeca-latin-dress\/\" \/>\n<meta property=\"og:locale\" content=\"fr_FR\" \/>\n<meta property=\"og:type\" content=\"article\" \/>\n<meta property=\"og:title\" content=\"Robe de danse latine REBECA - Danse en solo, Junior, Robes de danse latine - VSV Design\" \/>\n<meta property=\"og:description\" content=\"Unique mod\u00e8le Robe de danse latine REBECA for sale by VSV Design. Un design exclusif et une qualit\u00e9 excellente \u00e0 un prix abordable!\" \/>\n<meta property=\"og:url\" content=\"https:\/\/www.vsv-design.com\/fr\/products\/\u0441\u043f\u043e\u0440\u0442\u043d\u0438-\u0442\u0430\u043d\u0446\u0438\/\u0441\u043e\u043b\u043e-\u0442\u0430\u043d\u0446\u0438\/rebeca-latin-dress\/\" \/>\n<meta property=\"og:site_name\" content=\"VSV Design\" \/>\n<meta property=\"article:publisher\" content=\"https:\/\/www.facebook.com\/VSVDesign\" \/>\n<meta property=\"article:modified_time\" content=\"2026-05-09T06:01:41+00:00\" \/>\n<meta property=\"og:image\" content=\"https:\/\/www.vsv-design.com\/wp-content\/uploads\/2026\/05\/59.jpg\" \/>\n\t<meta property=\"og:image:width\" content=\"1080\" \/>\n\t<meta property=\"og:image:height\" content=\"1920\" \/>\n\t<meta property=\"og:image:type\" content=\"image\/jpeg\" \/>\n<meta name=\"twitter:card\" content=\"summary_large_image\" \/>\n<meta name=\"twitter:label1\" content=\"Dur\u00e9e de lecture estim\u00e9e\" \/>\n\t<meta name=\"twitter:data1\" content=\"1 minute\" \/>\n<script type=\"application\/ld+json\" class=\"yoast-schema-graph\">{\"@context\":\"https:\\\/\\\/schema.org\",\"@graph\":[{\"@type\":\"WebPage\",\"@id\":\"https:\\\/\\\/www.vsv-design.com\\\/fr\\\/products\\\/%d1%81%d0%bf%d0%be%d1%80%d1%82%d0%bd%d0%b8-%d1%82%d0%b0%d0%bd%d1%86%d0%b8\\\/%d1%81%d0%be%d0%bb%d0%be-%d1%82%d0%b0%d0%bd%d1%86%d0%b8\\\/rebeca-latin-dress\\\/\",\"url\":\"https:\\\/\\\/www.vsv-design.com\\\/fr\\\/products\\\/%d1%81%d0%bf%d0%be%d1%80%d1%82%d0%bd%d0%b8-%d1%82%d0%b0%d0%bd%d1%86%d0%b8\\\/%d1%81%d0%be%d0%bb%d0%be-%d1%82%d0%b0%d0%bd%d1%86%d0%b8\\\/rebeca-latin-dress\\\/\",\"name\":\"Robe de danse latine REBECA - Danse en solo, Junior, Robes de danse latine - VSV Design\",\"isPartOf\":{\"@id\":\"https:\\\/\\\/www.vsv-design.com\\\/#website\"},\"primaryImageOfPage\":{\"@id\":\"https:\\\/\\\/www.vsv-design.com\\\/fr\\\/products\\\/%d1%81%d0%bf%d0%be%d1%80%d1%82%d0%bd%d0%b8-%d1%82%d0%b0%d0%bd%d1%86%d0%b8\\\/%d1%81%d0%be%d0%bb%d0%be-%d1%82%d0%b0%d0%bd%d1%86%d0%b8\\\/rebeca-latin-dress\\\/#primaryimage\"},\"image\":{\"@id\":\"https:\\\/\\\/www.vsv-design.com\\\/fr\\\/products\\\/%d1%81%d0%bf%d0%be%d1%80%d1%82%d0%bd%d0%b8-%d1%82%d0%b0%d0%bd%d1%86%d0%b8\\\/%d1%81%d0%be%d0%bb%d0%be-%d1%82%d0%b0%d0%bd%d1%86%d0%b8\\\/rebeca-latin-dress\\\/#primaryimage\"},\"thumbnailUrl\":\"https:\\\/\\\/www.vsv-design.com\\\/wp-content\\\/uploads\\\/2026\\\/05\\\/59.jpg\",\"datePublished\":\"2026-05-09T05:54:30+00:00\",\"dateModified\":\"2026-05-09T06:01:41+00:00\",\"description\":\"Unique mod\u00e8le Robe de danse latine REBECA for sale by VSV Design. Un design exclusif et une qualit\u00e9 excellente \u00e0 un prix abordable!\",\"breadcrumb\":{\"@id\":\"https:\\\/\\\/www.vsv-design.com\\\/fr\\\/products\\\/%d1%81%d0%bf%d0%be%d1%80%d1%82%d0%bd%d0%b8-%d1%82%d0%b0%d0%bd%d1%86%d0%b8\\\/%d1%81%d0%be%d0%bb%d0%be-%d1%82%d0%b0%d0%bd%d1%86%d0%b8\\\/rebeca-latin-dress\\\/#breadcrumb\"},\"inLanguage\":\"fr-FR\",\"potentialAction\":[{\"@type\":\"ReadAction\",\"target\":[\"https:\\\/\\\/www.vsv-design.com\\\/fr\\\/products\\\/%d1%81%d0%bf%d0%be%d1%80%d1%82%d0%bd%d0%b8-%d1%82%d0%b0%d0%bd%d1%86%d0%b8\\\/%d1%81%d0%be%d0%bb%d0%be-%d1%82%d0%b0%d0%bd%d1%86%d0%b8\\\/rebeca-latin-dress\\\/\"]}]},{\"@type\":\"ImageObject\",\"inLanguage\":\"fr-FR\",\"@id\":\"https:\\\/\\\/www.vsv-design.com\\\/fr\\\/products\\\/%d1%81%d0%bf%d0%be%d1%80%d1%82%d0%bd%d0%b8-%d1%82%d0%b0%d0%bd%d1%86%d0%b8\\\/%d1%81%d0%be%d0%bb%d0%be-%d1%82%d0%b0%d0%bd%d1%86%d0%b8\\\/rebeca-latin-dress\\\/#primaryimage\",\"url\":\"https:\\\/\\\/www.vsv-design.com\\\/wp-content\\\/uploads\\\/2026\\\/05\\\/59.jpg\",\"contentUrl\":\"https:\\\/\\\/www.vsv-design.com\\\/wp-content\\\/uploads\\\/2026\\\/05\\\/59.jpg\",\"width\":1080,\"height\":1920},{\"@type\":\"BreadcrumbList\",\"@id\":\"https:\\\/\\\/www.vsv-design.com\\\/fr\\\/products\\\/%d1%81%d0%bf%d0%be%d1%80%d1%82%d0%bd%d0%b8-%d1%82%d0%b0%d0%bd%d1%86%d0%b8\\\/%d1%81%d0%be%d0%bb%d0%be-%d1%82%d0%b0%d0%bd%d1%86%d0%b8\\\/rebeca-latin-dress\\\/#breadcrumb\",\"itemListElement\":[{\"@type\":\"ListItem\",\"position\":1,\"name\":\"Home\",\"item\":\"https:\\\/\\\/www.vsv-design.com\\\/\"},{\"@type\":\"ListItem\",\"position\":2,\"name\":\"Tous produits\",\"item\":\"https:\\\/\\\/www.vsv-design.com\\\/fr\\\/produits\\\/\"},{\"@type\":\"ListItem\",\"position\":3,\"name\":\"Robe de danse latine REBECA\"}]},{\"@type\":\"WebSite\",\"@id\":\"https:\\\/\\\/www.vsv-design.com\\\/#website\",\"url\":\"https:\\\/\\\/www.vsv-design.com\\\/\",\"name\":\"VSV Design\",\"description\":\"\",\"publisher\":{\"@id\":\"https:\\\/\\\/www.vsv-design.com\\\/#organization\"},\"potentialAction\":[{\"@type\":\"SearchAction\",\"target\":{\"@type\":\"EntryPoint\",\"urlTemplate\":\"https:\\\/\\\/www.vsv-design.com\\\/?s={search_term_string}\"},\"query-input\":{\"@type\":\"PropertyValueSpecification\",\"valueRequired\":true,\"valueName\":\"search_term_string\"}}],\"inLanguage\":\"fr-FR\"},{\"@type\":\"Organization\",\"@id\":\"https:\\\/\\\/www.vsv-design.com\\\/#organization\",\"name\":\"VSV Design\",\"url\":\"https:\\\/\\\/www.vsv-design.com\\\/\",\"logo\":{\"@type\":\"ImageObject\",\"inLanguage\":\"fr-FR\",\"@id\":\"https:\\\/\\\/www.vsv-design.com\\\/#\\\/schema\\\/logo\\\/image\\\/\",\"url\":\"https:\\\/\\\/www.vsv-design.com\\\/wp-content\\\/uploads\\\/2025\\\/01\\\/cropped-vsv-1.jpg\",\"contentUrl\":\"https:\\\/\\\/www.vsv-design.com\\\/wp-content\\\/uploads\\\/2025\\\/01\\\/cropped-vsv-1.jpg\",\"width\":512,\"height\":512,\"caption\":\"VSV Design\"},\"image\":{\"@id\":\"https:\\\/\\\/www.vsv-design.com\\\/#\\\/schema\\\/logo\\\/image\\\/\"},\"sameAs\":[\"https:\\\/\\\/www.facebook.com\\\/VSVDesign\"]}]}<\/script>\n<!-- \/ Yoast SEO plugin. -->","yoast_head_json":{"title":"Robe de danse latine REBECA - Danse en solo, Junior, Robes de danse latine - VSV Design","description":"Unique mod\u00e8le Robe de danse latine REBECA for sale by VSV Design. Un design exclusif et une qualit\u00e9 excellente \u00e0 un prix abordable!","robots":{"index":"index","follow":"follow","max-snippet":"max-snippet:-1","max-image-preview":"max-image-preview:large","max-video-preview":"max-video-preview:-1"},"canonical":"https:\/\/www.vsv-design.com\/fr\/products\/\u0441\u043f\u043e\u0440\u0442\u043d\u0438-\u0442\u0430\u043d\u0446\u0438\/\u0441\u043e\u043b\u043e-\u0442\u0430\u043d\u0446\u0438\/rebeca-latin-dress\/","og_locale":"fr_FR","og_type":"article","og_title":"Robe de danse latine REBECA - Danse en solo, Junior, Robes de danse latine - VSV Design","og_description":"Unique mod\u00e8le Robe de danse latine REBECA for sale by VSV Design. Un design exclusif et une qualit\u00e9 excellente \u00e0 un prix abordable!","og_url":"https:\/\/www.vsv-design.com\/fr\/products\/\u0441\u043f\u043e\u0440\u0442\u043d\u0438-\u0442\u0430\u043d\u0446\u0438\/\u0441\u043e\u043b\u043e-\u0442\u0430\u043d\u0446\u0438\/rebeca-latin-dress\/","og_site_name":"VSV Design","article_publisher":"https:\/\/www.facebook.com\/VSVDesign","article_modified_time":"2026-05-09T06:01:41+00:00","og_image":[{"width":1080,"height":1920,"url":"https:\/\/www.vsv-design.com\/wp-content\/uploads\/2026\/05\/59.jpg","type":"image\/jpeg"}],"twitter_card":"summary_large_image","twitter_misc":{"Dur\u00e9e de lecture estim\u00e9e":"1 minute"},"schema":{"@context":"https:\/\/schema.org","@graph":[{"@type":"WebPage","@id":"https:\/\/www.vsv-design.com\/fr\/products\/%d1%81%d0%bf%d0%be%d1%80%d1%82%d0%bd%d0%b8-%d1%82%d0%b0%d0%bd%d1%86%d0%b8\/%d1%81%d0%be%d0%bb%d0%be-%d1%82%d0%b0%d0%bd%d1%86%d0%b8\/rebeca-latin-dress\/","url":"https:\/\/www.vsv-design.com\/fr\/products\/%d1%81%d0%bf%d0%be%d1%80%d1%82%d0%bd%d0%b8-%d1%82%d0%b0%d0%bd%d1%86%d0%b8\/%d1%81%d0%be%d0%bb%d0%be-%d1%82%d0%b0%d0%bd%d1%86%d0%b8\/rebeca-latin-dress\/","name":"Robe de danse latine REBECA - Danse en solo, Junior, Robes de danse latine - VSV Design","isPartOf":{"@id":"https:\/\/www.vsv-design.com\/#website"},"primaryImageOfPage":{"@id":"https:\/\/www.vsv-design.com\/fr\/products\/%d1%81%d0%bf%d0%be%d1%80%d1%82%d0%bd%d0%b8-%d1%82%d0%b0%d0%bd%d1%86%d0%b8\/%d1%81%d0%be%d0%bb%d0%be-%d1%82%d0%b0%d0%bd%d1%86%d0%b8\/rebeca-latin-dress\/#primaryimage"},"image":{"@id":"https:\/\/www.vsv-design.com\/fr\/products\/%d1%81%d0%bf%d0%be%d1%80%d1%82%d0%bd%d0%b8-%d1%82%d0%b0%d0%bd%d1%86%d0%b8\/%d1%81%d0%be%d0%bb%d0%be-%d1%82%d0%b0%d0%bd%d1%86%d0%b8\/rebeca-latin-dress\/#primaryimage"},"thumbnailUrl":"https:\/\/www.vsv-design.com\/wp-content\/uploads\/2026\/05\/59.jpg","datePublished":"2026-05-09T05:54:30+00:00","dateModified":"2026-05-09T06:01:41+00:00","description":"Unique mod\u00e8le Robe de danse latine REBECA for sale by VSV Design. Un design exclusif et une qualit\u00e9 excellente \u00e0 un prix abordable!","breadcrumb":{"@id":"https:\/\/www.vsv-design.com\/fr\/products\/%d1%81%d0%bf%d0%be%d1%80%d1%82%d0%bd%d0%b8-%d1%82%d0%b0%d0%bd%d1%86%d0%b8\/%d1%81%d0%be%d0%bb%d0%be-%d1%82%d0%b0%d0%bd%d1%86%d0%b8\/rebeca-latin-dress\/#breadcrumb"},"inLanguage":"fr-FR","potentialAction":[{"@type":"ReadAction","target":["https:\/\/www.vsv-design.com\/fr\/products\/%d1%81%d0%bf%d0%be%d1%80%d1%82%d0%bd%d0%b8-%d1%82%d0%b0%d0%bd%d1%86%d0%b8\/%d1%81%d0%be%d0%bb%d0%be-%d1%82%d0%b0%d0%bd%d1%86%d0%b8\/rebeca-latin-dress\/"]}]},{"@type":"ImageObject","inLanguage":"fr-FR","@id":"https:\/\/www.vsv-design.com\/fr\/products\/%d1%81%d0%bf%d0%be%d1%80%d1%82%d0%bd%d0%b8-%d1%82%d0%b0%d0%bd%d1%86%d0%b8\/%d1%81%d0%be%d0%bb%d0%be-%d1%82%d0%b0%d0%bd%d1%86%d0%b8\/rebeca-latin-dress\/#primaryimage","url":"https:\/\/www.vsv-design.com\/wp-content\/uploads\/2026\/05\/59.jpg","contentUrl":"https:\/\/www.vsv-design.com\/wp-content\/uploads\/2026\/05\/59.jpg","width":1080,"height":1920},{"@type":"BreadcrumbList","@id":"https:\/\/www.vsv-design.com\/fr\/products\/%d1%81%d0%bf%d0%be%d1%80%d1%82%d0%bd%d0%b8-%d1%82%d0%b0%d0%bd%d1%86%d0%b8\/%d1%81%d0%be%d0%bb%d0%be-%d1%82%d0%b0%d0%bd%d1%86%d0%b8\/rebeca-latin-dress\/#breadcrumb","itemListElement":[{"@type":"ListItem","position":1,"name":"Home","item":"https:\/\/www.vsv-design.com\/"},{"@type":"ListItem","position":2,"name":"Tous produits","item":"https:\/\/www.vsv-design.com\/fr\/produits\/"},{"@type":"ListItem","position":3,"name":"Robe de danse latine REBECA"}]},{"@type":"WebSite","@id":"https:\/\/www.vsv-design.com\/#website","url":"https:\/\/www.vsv-design.com\/","name":"VSV Design","description":"","publisher":{"@id":"https:\/\/www.vsv-design.com\/#organization"},"potentialAction":[{"@type":"SearchAction","target":{"@type":"EntryPoint","urlTemplate":"https:\/\/www.vsv-design.com\/?s={search_term_string}"},"query-input":{"@type":"PropertyValueSpecification","valueRequired":true,"valueName":"search_term_string"}}],"inLanguage":"fr-FR"},{"@type":"Organization","@id":"https:\/\/www.vsv-design.com\/#organization","name":"VSV Design","url":"https:\/\/www.vsv-design.com\/","logo":{"@type":"ImageObject","inLanguage":"fr-FR","@id":"https:\/\/www.vsv-design.com\/#\/schema\/logo\/image\/","url":"https:\/\/www.vsv-design.com\/wp-content\/uploads\/2025\/01\/cropped-vsv-1.jpg","contentUrl":"https:\/\/www.vsv-design.com\/wp-content\/uploads\/2025\/01\/cropped-vsv-1.jpg","width":512,"height":512,"caption":"VSV Design"},"image":{"@id":"https:\/\/www.vsv-design.com\/#\/schema\/logo\/image\/"},"sameAs":["https:\/\/www.facebook.com\/VSVDesign"]}]}},"_links":{"self":[{"href":"https:\/\/www.vsv-design.com\/fr\/wp-json\/wp\/v2\/product\/13214","targetHints":{"allow":["GET"]}}],"collection":[{"href":"https:\/\/www.vsv-design.com\/fr\/wp-json\/wp\/v2\/product"}],"about":[{"href":"https:\/\/www.vsv-design.com\/fr\/wp-json\/wp\/v2\/types\/product"}],"replies":[{"embeddable":true,"href":"https:\/\/www.vsv-design.com\/fr\/wp-json\/wp\/v2\/comments?post=13214"}],"wp:featuredmedia":[{"embeddable":true,"href":"https:\/\/www.vsv-design.com\/fr\/wp-json\/wp\/v2\/media\/13204"}],"wp:attachment":[{"href":"https:\/\/www.vsv-design.com\/fr\/wp-json\/wp\/v2\/media?parent=13214"}],"wp:term":[{"taxonomy":"product_brand","embeddable":true,"href":"https:\/\/www.vsv-design.com\/fr\/wp-json\/wp\/v2\/product_brand?post=13214"},{"taxonomy":"product_cat","embeddable":true,"href":"https:\/\/www.vsv-design.com\/fr\/wp-json\/wp\/v2\/product_cat?post=13214"},{"taxonomy":"product_tag","embeddable":true,"href":"https:\/\/www.vsv-design.com\/fr\/wp-json\/wp\/v2\/product_tag?post=13214"}],"curies":[{"name":"wp","href":"https:\/\/api.w.org\/{rel}","templated":true}]}}