{"id":12851,"date":"2026-04-22T14:21:05","date_gmt":"2026-04-22T12:21:05","guid":{"rendered":"https:\/\/www.vsv-design.com\/products\/non%20class\u00e9\/juvenile-dancesport-dress-13\/"},"modified":"2026-04-22T14:57:00","modified_gmt":"2026-04-22T12:57:00","slug":"juvenile-dancesport-dress-13","status":"publish","type":"product","link":"https:\/\/www.vsv-design.com\/fr\/products\/danse-sportive\/juvenile-fr\/juvenile-dancesport-dress-13\/","title":{"rendered":"Robe de danse sportive Enfant #A123"},"content":{"rendered":"<p data-path-to-node=\"1\"><b data-path-to-node=\"1\" data-index-in-node=\"0\">Robe de danse sportive pour enfant \u2013 Mod\u00e8le \u00e9l\u00e9gant aux couleurs vives<\/b><\/p>\n<p data-path-to-node=\"2\">Offrez \u00e0 votre enfant confiance et style sur la piste de danse ! Cette \u00e9l\u00e9gante robe de danse sportive (cat\u00e9gorie Juv\u00e9nile) est con\u00e7ue pour sublimer chaque mouvement avec gr\u00e2ce et finesse.<\/p>\n<ul data-path-to-node=\"4\">\n<li>\n<p data-path-to-node=\"4,0,0\"><b data-path-to-node=\"4,0,0\" data-index-in-node=\"0\">Confort et magie en mouvement :<\/b> Nos jupes sont confectionn\u00e9es avec un volume g\u00e9n\u00e9reux qui prend vie \u00e0 chaque rotation. Cela cr\u00e9e un effet visuel magique sur sc\u00e8ne et souligne la dynamique du mouvement \u2013 exactement ce que les juges recherchent.<\/p>\n<\/li>\n<li>\n<p data-path-to-node=\"4,1,0\"><b data-path-to-node=\"4,1,0\" data-index-in-node=\"0\">Design pratique en deux pi\u00e8ces :<\/b> Extr\u00eamement facile \u00e0 enfiler et \u00e0 retirer \u2013 id\u00e9al pour les comp\u00e9titions.<\/p>\n<\/li>\n<\/ul>\n","protected":false},"excerpt":{"rendered":"<p>Robe de danse sportive pour enfant \u2013 Mod\u00e8le \u00e9l\u00e9gant aux couleurs vives Offrez \u00e0 votre enfant confiance et style sur la piste de danse ! Cette \u00e9l\u00e9gante robe de danse sportive (cat\u00e9gorie Juv\u00e9nile) est con\u00e7ue pour sublimer chaque mouvement avec gr\u00e2ce et finesse. Confort et magie en mouvement : Nos jupes sont confectionn\u00e9es avec un [&hellip;]<\/p>\n","protected":false},"featured_media":13037,"comment_status":"open","ping_status":"closed","template":"","meta":{"_acf_changed":false},"product_brand":[],"product_cat":[207],"product_tag":[462],"class_list":{"0":"post-12851","1":"product","2":"type-product","3":"status-publish","4":"has-post-thumbnail","6":"product_cat-juvenile-fr","7":"product_tag-nouveaux-produits","9":"first","10":"instock","11":"shipping-taxable","12":"purchasable","13":"product-type-variable","swatches":"rey-swatches","show_selected":"rey-swatches--show-selected--name","stretch_labels":"rey-swatches--stretch-labels"},"acf":[],"yoast_head":"<!-- This site is optimized with the Yoast SEO plugin v27.4 - https:\/\/yoast.com\/product\/yoast-seo-wordpress\/ -->\n<title>Robe de danse sportive Enfant #A123 - Juv\u00e9nile - VSV Design<\/title>\n<meta name=\"description\" content=\"Stunning green juvenile dance dress for ballroom competitions. Features a comfortable two-piece design and classic sleeveless cut. Shop now and shine on stage!\" \/>\n<meta name=\"robots\" content=\"index, follow, max-snippet:-1, max-image-preview:large, max-video-preview:-1\" \/>\n<link rel=\"canonical\" href=\"https:\/\/www.vsv-design.com\/fr\/products\/\u0441\u043f\u043e\u0440\u0442\u043d\u0438-\u0442\u0430\u043d\u0446\u0438\/\u0434\u0435\u0446\u0430-\u0434\u043e-11\/juvenile-dancesport-dress-13\/\" \/>\n<meta property=\"og:locale\" content=\"fr_FR\" \/>\n<meta property=\"og:type\" content=\"article\" \/>\n<meta property=\"og:title\" content=\"Robe de danse sportive Enfant #A123 - Juv\u00e9nile - VSV Design\" \/>\n<meta property=\"og:description\" content=\"Stunning green juvenile dance dress for ballroom competitions. Features a comfortable two-piece design and classic sleeveless cut. Shop now and shine on stage!\" \/>\n<meta property=\"og:url\" content=\"https:\/\/www.vsv-design.com\/fr\/products\/\u0441\u043f\u043e\u0440\u0442\u043d\u0438-\u0442\u0430\u043d\u0446\u0438\/\u0434\u0435\u0446\u0430-\u0434\u043e-11\/juvenile-dancesport-dress-13\/\" \/>\n<meta property=\"og:site_name\" content=\"VSV Design\" \/>\n<meta property=\"article:publisher\" content=\"https:\/\/www.facebook.com\/VSVDesign\" \/>\n<meta property=\"article:modified_time\" content=\"2026-04-22T12:57:00+00:00\" \/>\n<meta property=\"og:image\" content=\"https:\/\/www.vsv-design.com\/wp-content\/uploads\/2026\/04\/16.jpg\" \/>\n\t<meta property=\"og:image:width\" content=\"1080\" \/>\n\t<meta property=\"og:image:height\" content=\"1920\" \/>\n\t<meta property=\"og:image:type\" content=\"image\/jpeg\" \/>\n<meta name=\"twitter:card\" content=\"summary_large_image\" \/>\n<meta name=\"twitter:label1\" content=\"Dur\u00e9e de lecture estim\u00e9e\" \/>\n\t<meta name=\"twitter:data1\" content=\"1 minute\" \/>\n<script type=\"application\/ld+json\" class=\"yoast-schema-graph\">{\"@context\":\"https:\\\/\\\/schema.org\",\"@graph\":[{\"@type\":\"WebPage\",\"@id\":\"https:\\\/\\\/www.vsv-design.com\\\/fr\\\/products\\\/%d1%81%d0%bf%d0%be%d1%80%d1%82%d0%bd%d0%b8-%d1%82%d0%b0%d0%bd%d1%86%d0%b8\\\/%d0%b4%d0%b5%d1%86%d0%b0-%d0%b4%d0%be-11\\\/juvenile-dancesport-dress-13\\\/\",\"url\":\"https:\\\/\\\/www.vsv-design.com\\\/fr\\\/products\\\/%d1%81%d0%bf%d0%be%d1%80%d1%82%d0%bd%d0%b8-%d1%82%d0%b0%d0%bd%d1%86%d0%b8\\\/%d0%b4%d0%b5%d1%86%d0%b0-%d0%b4%d0%be-11\\\/juvenile-dancesport-dress-13\\\/\",\"name\":\"Robe de danse sportive Enfant #A123 - Juv\u00e9nile - VSV Design\",\"isPartOf\":{\"@id\":\"https:\\\/\\\/www.vsv-design.com\\\/#website\"},\"primaryImageOfPage\":{\"@id\":\"https:\\\/\\\/www.vsv-design.com\\\/fr\\\/products\\\/%d1%81%d0%bf%d0%be%d1%80%d1%82%d0%bd%d0%b8-%d1%82%d0%b0%d0%bd%d1%86%d0%b8\\\/%d0%b4%d0%b5%d1%86%d0%b0-%d0%b4%d0%be-11\\\/juvenile-dancesport-dress-13\\\/#primaryimage\"},\"image\":{\"@id\":\"https:\\\/\\\/www.vsv-design.com\\\/fr\\\/products\\\/%d1%81%d0%bf%d0%be%d1%80%d1%82%d0%bd%d0%b8-%d1%82%d0%b0%d0%bd%d1%86%d0%b8\\\/%d0%b4%d0%b5%d1%86%d0%b0-%d0%b4%d0%be-11\\\/juvenile-dancesport-dress-13\\\/#primaryimage\"},\"thumbnailUrl\":\"https:\\\/\\\/www.vsv-design.com\\\/wp-content\\\/uploads\\\/2026\\\/04\\\/Gemini_Generated_Image_x01yy1x01yy1x01y.png\",\"datePublished\":\"2026-04-22T12:21:05+00:00\",\"dateModified\":\"2026-04-22T12:57:00+00:00\",\"description\":\"Stunning green juvenile dance dress for ballroom competitions. Features a comfortable two-piece design and classic sleeveless cut. Shop now and shine on stage!\",\"breadcrumb\":{\"@id\":\"https:\\\/\\\/www.vsv-design.com\\\/fr\\\/products\\\/%d1%81%d0%bf%d0%be%d1%80%d1%82%d0%bd%d0%b8-%d1%82%d0%b0%d0%bd%d1%86%d0%b8\\\/%d0%b4%d0%b5%d1%86%d0%b0-%d0%b4%d0%be-11\\\/juvenile-dancesport-dress-13\\\/#breadcrumb\"},\"inLanguage\":\"fr-FR\",\"potentialAction\":[{\"@type\":\"ReadAction\",\"target\":[\"https:\\\/\\\/www.vsv-design.com\\\/fr\\\/products\\\/%d1%81%d0%bf%d0%be%d1%80%d1%82%d0%bd%d0%b8-%d1%82%d0%b0%d0%bd%d1%86%d0%b8\\\/%d0%b4%d0%b5%d1%86%d0%b0-%d0%b4%d0%be-11\\\/juvenile-dancesport-dress-13\\\/\"]}]},{\"@type\":\"ImageObject\",\"inLanguage\":\"fr-FR\",\"@id\":\"https:\\\/\\\/www.vsv-design.com\\\/fr\\\/products\\\/%d1%81%d0%bf%d0%be%d1%80%d1%82%d0%bd%d0%b8-%d1%82%d0%b0%d0%bd%d1%86%d0%b8\\\/%d0%b4%d0%b5%d1%86%d0%b0-%d0%b4%d0%be-11\\\/juvenile-dancesport-dress-13\\\/#primaryimage\",\"url\":\"https:\\\/\\\/www.vsv-design.com\\\/wp-content\\\/uploads\\\/2026\\\/04\\\/Gemini_Generated_Image_x01yy1x01yy1x01y.png\",\"contentUrl\":\"https:\\\/\\\/www.vsv-design.com\\\/wp-content\\\/uploads\\\/2026\\\/04\\\/Gemini_Generated_Image_x01yy1x01yy1x01y.png\",\"width\":1440,\"height\":2560},{\"@type\":\"BreadcrumbList\",\"@id\":\"https:\\\/\\\/www.vsv-design.com\\\/fr\\\/products\\\/%d1%81%d0%bf%d0%be%d1%80%d1%82%d0%bd%d0%b8-%d1%82%d0%b0%d0%bd%d1%86%d0%b8\\\/%d0%b4%d0%b5%d1%86%d0%b0-%d0%b4%d0%be-11\\\/juvenile-dancesport-dress-13\\\/#breadcrumb\",\"itemListElement\":[{\"@type\":\"ListItem\",\"position\":1,\"name\":\"Home\",\"item\":\"https:\\\/\\\/www.vsv-design.com\\\/\"},{\"@type\":\"ListItem\",\"position\":2,\"name\":\"Tous produits\",\"item\":\"https:\\\/\\\/www.vsv-design.com\\\/fr\\\/produits\\\/\"},{\"@type\":\"ListItem\",\"position\":3,\"name\":\"Robe de danse sportive Enfant #A123\"}]},{\"@type\":\"WebSite\",\"@id\":\"https:\\\/\\\/www.vsv-design.com\\\/#website\",\"url\":\"https:\\\/\\\/www.vsv-design.com\\\/\",\"name\":\"VSV Design\",\"description\":\"\",\"publisher\":{\"@id\":\"https:\\\/\\\/www.vsv-design.com\\\/#organization\"},\"potentialAction\":[{\"@type\":\"SearchAction\",\"target\":{\"@type\":\"EntryPoint\",\"urlTemplate\":\"https:\\\/\\\/www.vsv-design.com\\\/?s={search_term_string}\"},\"query-input\":{\"@type\":\"PropertyValueSpecification\",\"valueRequired\":true,\"valueName\":\"search_term_string\"}}],\"inLanguage\":\"fr-FR\"},{\"@type\":\"Organization\",\"@id\":\"https:\\\/\\\/www.vsv-design.com\\\/#organization\",\"name\":\"VSV Design\",\"url\":\"https:\\\/\\\/www.vsv-design.com\\\/\",\"logo\":{\"@type\":\"ImageObject\",\"inLanguage\":\"fr-FR\",\"@id\":\"https:\\\/\\\/www.vsv-design.com\\\/#\\\/schema\\\/logo\\\/image\\\/\",\"url\":\"https:\\\/\\\/www.vsv-design.com\\\/wp-content\\\/uploads\\\/2025\\\/01\\\/cropped-vsv-1.jpg\",\"contentUrl\":\"https:\\\/\\\/www.vsv-design.com\\\/wp-content\\\/uploads\\\/2025\\\/01\\\/cropped-vsv-1.jpg\",\"width\":512,\"height\":512,\"caption\":\"VSV Design\"},\"image\":{\"@id\":\"https:\\\/\\\/www.vsv-design.com\\\/#\\\/schema\\\/logo\\\/image\\\/\"},\"sameAs\":[\"https:\\\/\\\/www.facebook.com\\\/VSVDesign\"]}]}<\/script>\n<!-- \/ Yoast SEO plugin. -->","yoast_head_json":{"title":"Robe de danse sportive Enfant #A123 - Juv\u00e9nile - VSV Design","description":"Stunning green juvenile dance dress for ballroom competitions. Features a comfortable two-piece design and classic sleeveless cut. Shop now and shine on stage!","robots":{"index":"index","follow":"follow","max-snippet":"max-snippet:-1","max-image-preview":"max-image-preview:large","max-video-preview":"max-video-preview:-1"},"canonical":"https:\/\/www.vsv-design.com\/fr\/products\/\u0441\u043f\u043e\u0440\u0442\u043d\u0438-\u0442\u0430\u043d\u0446\u0438\/\u0434\u0435\u0446\u0430-\u0434\u043e-11\/juvenile-dancesport-dress-13\/","og_locale":"fr_FR","og_type":"article","og_title":"Robe de danse sportive Enfant #A123 - Juv\u00e9nile - VSV Design","og_description":"Stunning green juvenile dance dress for ballroom competitions. Features a comfortable two-piece design and classic sleeveless cut. Shop now and shine on stage!","og_url":"https:\/\/www.vsv-design.com\/fr\/products\/\u0441\u043f\u043e\u0440\u0442\u043d\u0438-\u0442\u0430\u043d\u0446\u0438\/\u0434\u0435\u0446\u0430-\u0434\u043e-11\/juvenile-dancesport-dress-13\/","og_site_name":"VSV Design","article_publisher":"https:\/\/www.facebook.com\/VSVDesign","article_modified_time":"2026-04-22T12:57:00+00:00","og_image":[{"width":1080,"height":1920,"url":"https:\/\/www.vsv-design.com\/wp-content\/uploads\/2026\/04\/16.jpg","type":"image\/jpeg"}],"twitter_card":"summary_large_image","twitter_misc":{"Dur\u00e9e de lecture estim\u00e9e":"1 minute"},"schema":{"@context":"https:\/\/schema.org","@graph":[{"@type":"WebPage","@id":"https:\/\/www.vsv-design.com\/fr\/products\/%d1%81%d0%bf%d0%be%d1%80%d1%82%d0%bd%d0%b8-%d1%82%d0%b0%d0%bd%d1%86%d0%b8\/%d0%b4%d0%b5%d1%86%d0%b0-%d0%b4%d0%be-11\/juvenile-dancesport-dress-13\/","url":"https:\/\/www.vsv-design.com\/fr\/products\/%d1%81%d0%bf%d0%be%d1%80%d1%82%d0%bd%d0%b8-%d1%82%d0%b0%d0%bd%d1%86%d0%b8\/%d0%b4%d0%b5%d1%86%d0%b0-%d0%b4%d0%be-11\/juvenile-dancesport-dress-13\/","name":"Robe de danse sportive Enfant #A123 - Juv\u00e9nile - VSV Design","isPartOf":{"@id":"https:\/\/www.vsv-design.com\/#website"},"primaryImageOfPage":{"@id":"https:\/\/www.vsv-design.com\/fr\/products\/%d1%81%d0%bf%d0%be%d1%80%d1%82%d0%bd%d0%b8-%d1%82%d0%b0%d0%bd%d1%86%d0%b8\/%d0%b4%d0%b5%d1%86%d0%b0-%d0%b4%d0%be-11\/juvenile-dancesport-dress-13\/#primaryimage"},"image":{"@id":"https:\/\/www.vsv-design.com\/fr\/products\/%d1%81%d0%bf%d0%be%d1%80%d1%82%d0%bd%d0%b8-%d1%82%d0%b0%d0%bd%d1%86%d0%b8\/%d0%b4%d0%b5%d1%86%d0%b0-%d0%b4%d0%be-11\/juvenile-dancesport-dress-13\/#primaryimage"},"thumbnailUrl":"https:\/\/www.vsv-design.com\/wp-content\/uploads\/2026\/04\/Gemini_Generated_Image_x01yy1x01yy1x01y.png","datePublished":"2026-04-22T12:21:05+00:00","dateModified":"2026-04-22T12:57:00+00:00","description":"Stunning green juvenile dance dress for ballroom competitions. Features a comfortable two-piece design and classic sleeveless cut. Shop now and shine on stage!","breadcrumb":{"@id":"https:\/\/www.vsv-design.com\/fr\/products\/%d1%81%d0%bf%d0%be%d1%80%d1%82%d0%bd%d0%b8-%d1%82%d0%b0%d0%bd%d1%86%d0%b8\/%d0%b4%d0%b5%d1%86%d0%b0-%d0%b4%d0%be-11\/juvenile-dancesport-dress-13\/#breadcrumb"},"inLanguage":"fr-FR","potentialAction":[{"@type":"ReadAction","target":["https:\/\/www.vsv-design.com\/fr\/products\/%d1%81%d0%bf%d0%be%d1%80%d1%82%d0%bd%d0%b8-%d1%82%d0%b0%d0%bd%d1%86%d0%b8\/%d0%b4%d0%b5%d1%86%d0%b0-%d0%b4%d0%be-11\/juvenile-dancesport-dress-13\/"]}]},{"@type":"ImageObject","inLanguage":"fr-FR","@id":"https:\/\/www.vsv-design.com\/fr\/products\/%d1%81%d0%bf%d0%be%d1%80%d1%82%d0%bd%d0%b8-%d1%82%d0%b0%d0%bd%d1%86%d0%b8\/%d0%b4%d0%b5%d1%86%d0%b0-%d0%b4%d0%be-11\/juvenile-dancesport-dress-13\/#primaryimage","url":"https:\/\/www.vsv-design.com\/wp-content\/uploads\/2026\/04\/Gemini_Generated_Image_x01yy1x01yy1x01y.png","contentUrl":"https:\/\/www.vsv-design.com\/wp-content\/uploads\/2026\/04\/Gemini_Generated_Image_x01yy1x01yy1x01y.png","width":1440,"height":2560},{"@type":"BreadcrumbList","@id":"https:\/\/www.vsv-design.com\/fr\/products\/%d1%81%d0%bf%d0%be%d1%80%d1%82%d0%bd%d0%b8-%d1%82%d0%b0%d0%bd%d1%86%d0%b8\/%d0%b4%d0%b5%d1%86%d0%b0-%d0%b4%d0%be-11\/juvenile-dancesport-dress-13\/#breadcrumb","itemListElement":[{"@type":"ListItem","position":1,"name":"Home","item":"https:\/\/www.vsv-design.com\/"},{"@type":"ListItem","position":2,"name":"Tous produits","item":"https:\/\/www.vsv-design.com\/fr\/produits\/"},{"@type":"ListItem","position":3,"name":"Robe de danse sportive Enfant #A123"}]},{"@type":"WebSite","@id":"https:\/\/www.vsv-design.com\/#website","url":"https:\/\/www.vsv-design.com\/","name":"VSV Design","description":"","publisher":{"@id":"https:\/\/www.vsv-design.com\/#organization"},"potentialAction":[{"@type":"SearchAction","target":{"@type":"EntryPoint","urlTemplate":"https:\/\/www.vsv-design.com\/?s={search_term_string}"},"query-input":{"@type":"PropertyValueSpecification","valueRequired":true,"valueName":"search_term_string"}}],"inLanguage":"fr-FR"},{"@type":"Organization","@id":"https:\/\/www.vsv-design.com\/#organization","name":"VSV Design","url":"https:\/\/www.vsv-design.com\/","logo":{"@type":"ImageObject","inLanguage":"fr-FR","@id":"https:\/\/www.vsv-design.com\/#\/schema\/logo\/image\/","url":"https:\/\/www.vsv-design.com\/wp-content\/uploads\/2025\/01\/cropped-vsv-1.jpg","contentUrl":"https:\/\/www.vsv-design.com\/wp-content\/uploads\/2025\/01\/cropped-vsv-1.jpg","width":512,"height":512,"caption":"VSV Design"},"image":{"@id":"https:\/\/www.vsv-design.com\/#\/schema\/logo\/image\/"},"sameAs":["https:\/\/www.facebook.com\/VSVDesign"]}]}},"_links":{"self":[{"href":"https:\/\/www.vsv-design.com\/fr\/wp-json\/wp\/v2\/product\/12851","targetHints":{"allow":["GET"]}}],"collection":[{"href":"https:\/\/www.vsv-design.com\/fr\/wp-json\/wp\/v2\/product"}],"about":[{"href":"https:\/\/www.vsv-design.com\/fr\/wp-json\/wp\/v2\/types\/product"}],"replies":[{"embeddable":true,"href":"https:\/\/www.vsv-design.com\/fr\/wp-json\/wp\/v2\/comments?post=12851"}],"wp:featuredmedia":[{"embeddable":true,"href":"https:\/\/www.vsv-design.com\/fr\/wp-json\/wp\/v2\/media\/13037"}],"wp:attachment":[{"href":"https:\/\/www.vsv-design.com\/fr\/wp-json\/wp\/v2\/media?parent=12851"}],"wp:term":[{"taxonomy":"product_brand","embeddable":true,"href":"https:\/\/www.vsv-design.com\/fr\/wp-json\/wp\/v2\/product_brand?post=12851"},{"taxonomy":"product_cat","embeddable":true,"href":"https:\/\/www.vsv-design.com\/fr\/wp-json\/wp\/v2\/product_cat?post=12851"},{"taxonomy":"product_tag","embeddable":true,"href":"https:\/\/www.vsv-design.com\/fr\/wp-json\/wp\/v2\/product_tag?post=12851"}],"curies":[{"name":"wp","href":"https:\/\/api.w.org\/{rel}","templated":true}]}}