{"id":12679,"date":"2026-01-20T13:05:32","date_gmt":"2026-01-20T11:05:32","guid":{"rendered":"https:\/\/www.vsv-design.com\/products\/non%20class\u00e9\/emilio-latin-dance-shirt\/"},"modified":"2026-01-20T13:11:27","modified_gmt":"2026-01-20T11:11:27","slug":"emilio-latin-dance-shirt","status":"publish","type":"product","link":"https:\/\/www.vsv-design.com\/fr\/products\/danse-sportive\/vetements-homme\/emilio-latin-dance-shirt\/","title":{"rendered":"Chemise de Dance Latine EMILIO"},"content":{"rendered":"<h4 data-path-to-node=\"16\"><em>Sublimez votre pr\u00e9sence sur sc\u00e8ne avec cette chemise de danse sportive pour homme, alliant \u00e9l\u00e9gance technique et design audacieux.<\/em><\/h4>\n<ul data-path-to-node=\"17\">\n<li>\n<p data-path-to-node=\"17,0,0\"><b data-path-to-node=\"17,0,0\" data-index-in-node=\"0\">Volume et Mouvement :<\/b> Les volants sur la partie sup\u00e9rieure apportent du relief et accentuent chaque geste, offrant une fluidit\u00e9 spectaculaire \u00e0 vos mouvements.<\/p>\n<\/li>\n<li>\n<p data-path-to-node=\"17,1,0\"><b data-path-to-node=\"17,1,0\" data-index-in-node=\"0\">D\u00e9tails Raffin\u00e9s :<\/b> Le col montant conf\u00e8re une allure sophistiqu\u00e9e et une posture impeccable.<\/p>\n<\/li>\n<li>\n<p data-path-to-node=\"17,2,0\"><b data-path-to-node=\"17,2,0\" data-index-in-node=\"0\">Mati\u00e8re Technique :<\/b> Con\u00e7ue dans un tissu transparent et respirant, elle garantit une gestion optimale de l&rsquo;humidit\u00e9 et un confort total durant l&rsquo;effort intense.<\/p>\n<\/li>\n<\/ul>\n<p data-path-to-node=\"18\">Un choix de premier ordre pour les comp\u00e9titions de danses latines et les spectacles de salon.<\/p>\n","protected":false},"excerpt":{"rendered":"<ul>\n<li><em><strong>L&rsquo;article est exp\u00e9di\u00e9 sous 3 \u00e0 10 jours ouvrables<\/strong>.<\/em><\/li>\n<li><em>Livraison : 5 \u00e0 7 jours ouvrables.<\/em><\/li>\n<li><em>Retour sous 14 jours<\/em><\/li>\n<\/ul>\n","protected":false},"featured_media":12664,"comment_status":"open","ping_status":"closed","template":"","meta":{"_acf_changed":false},"product_brand":[],"product_cat":[211],"product_tag":[],"class_list":{"0":"post-12679","1":"product","2":"type-product","3":"status-publish","4":"has-post-thumbnail","6":"product_cat-vetements-homme","7":"product_shipping_class-small-dresses-shipping-fr","9":"first","10":"instock","11":"shipping-taxable","12":"purchasable","13":"product-type-variable","swatches":"rey-swatches","show_selected":"rey-swatches--show-selected--name","stretch_labels":"rey-swatches--stretch-labels"},"acf":[],"yoast_head":"<!-- This site is optimized with the Yoast SEO plugin v27.4 - https:\/\/yoast.com\/product\/yoast-seo-wordpress\/ -->\n<title>Chemise de Dance Latine EMILIO - V\u00eatements Homme - VSV Design<\/title>\n<meta name=\"description\" content=\"Unique mod\u00e8le Chemise de Dance Latine EMILIO for sale by VSV Design. Un design exclusif et une qualit\u00e9 excellente \u00e0 un prix abordable!\" \/>\n<meta name=\"robots\" content=\"index, follow, max-snippet:-1, max-image-preview:large, max-video-preview:-1\" \/>\n<link rel=\"canonical\" href=\"https:\/\/www.vsv-design.com\/fr\/products\/\u0441\u043f\u043e\u0440\u0442\u043d\u0438-\u0442\u0430\u043d\u0446\u0438\/\u043c\u044a\u0436\u043a\u043e-\u043e\u0431\u043b\u0435\u043a\u043b\u043e\/emilio-latin-dance-shirt\/\" \/>\n<meta property=\"og:locale\" content=\"fr_FR\" \/>\n<meta property=\"og:type\" content=\"article\" \/>\n<meta property=\"og:title\" content=\"Chemise de Dance Latine EMILIO - V\u00eatements Homme - VSV Design\" \/>\n<meta property=\"og:description\" content=\"Unique mod\u00e8le Chemise de Dance Latine EMILIO for sale by VSV Design. Un design exclusif et une qualit\u00e9 excellente \u00e0 un prix abordable!\" \/>\n<meta property=\"og:url\" content=\"https:\/\/www.vsv-design.com\/fr\/products\/\u0441\u043f\u043e\u0440\u0442\u043d\u0438-\u0442\u0430\u043d\u0446\u0438\/\u043c\u044a\u0436\u043a\u043e-\u043e\u0431\u043b\u0435\u043a\u043b\u043e\/emilio-latin-dance-shirt\/\" \/>\n<meta property=\"og:site_name\" content=\"VSV Design\" \/>\n<meta property=\"article:publisher\" content=\"https:\/\/www.facebook.com\/VSVDesign\" \/>\n<meta property=\"article:modified_time\" content=\"2026-01-20T11:11:27+00:00\" \/>\n<meta property=\"og:image\" content=\"https:\/\/www.vsv-design.com\/wp-content\/uploads\/2026\/01\/32.jpg\" \/>\n\t<meta property=\"og:image:width\" content=\"1080\" \/>\n\t<meta property=\"og:image:height\" content=\"1920\" \/>\n\t<meta property=\"og:image:type\" content=\"image\/jpeg\" \/>\n<meta name=\"twitter:card\" content=\"summary_large_image\" \/>\n<meta name=\"twitter:label1\" content=\"Dur\u00e9e de lecture estim\u00e9e\" \/>\n\t<meta name=\"twitter:data1\" content=\"1 minute\" \/>\n<script type=\"application\/ld+json\" class=\"yoast-schema-graph\">{\"@context\":\"https:\\\/\\\/schema.org\",\"@graph\":[{\"@type\":\"WebPage\",\"@id\":\"https:\\\/\\\/www.vsv-design.com\\\/fr\\\/products\\\/%d1%81%d0%bf%d0%be%d1%80%d1%82%d0%bd%d0%b8-%d1%82%d0%b0%d0%bd%d1%86%d0%b8\\\/%d0%bc%d1%8a%d0%b6%d0%ba%d0%be-%d0%be%d0%b1%d0%bb%d0%b5%d0%ba%d0%bb%d0%be\\\/emilio-latin-dance-shirt\\\/\",\"url\":\"https:\\\/\\\/www.vsv-design.com\\\/fr\\\/products\\\/%d1%81%d0%bf%d0%be%d1%80%d1%82%d0%bd%d0%b8-%d1%82%d0%b0%d0%bd%d1%86%d0%b8\\\/%d0%bc%d1%8a%d0%b6%d0%ba%d0%be-%d0%be%d0%b1%d0%bb%d0%b5%d0%ba%d0%bb%d0%be\\\/emilio-latin-dance-shirt\\\/\",\"name\":\"Chemise de Dance Latine EMILIO - V\u00eatements Homme - VSV Design\",\"isPartOf\":{\"@id\":\"https:\\\/\\\/www.vsv-design.com\\\/#website\"},\"primaryImageOfPage\":{\"@id\":\"https:\\\/\\\/www.vsv-design.com\\\/fr\\\/products\\\/%d1%81%d0%bf%d0%be%d1%80%d1%82%d0%bd%d0%b8-%d1%82%d0%b0%d0%bd%d1%86%d0%b8\\\/%d0%bc%d1%8a%d0%b6%d0%ba%d0%be-%d0%be%d0%b1%d0%bb%d0%b5%d0%ba%d0%bb%d0%be\\\/emilio-latin-dance-shirt\\\/#primaryimage\"},\"image\":{\"@id\":\"https:\\\/\\\/www.vsv-design.com\\\/fr\\\/products\\\/%d1%81%d0%bf%d0%be%d1%80%d1%82%d0%bd%d0%b8-%d1%82%d0%b0%d0%bd%d1%86%d0%b8\\\/%d0%bc%d1%8a%d0%b6%d0%ba%d0%be-%d0%be%d0%b1%d0%bb%d0%b5%d0%ba%d0%bb%d0%be\\\/emilio-latin-dance-shirt\\\/#primaryimage\"},\"thumbnailUrl\":\"https:\\\/\\\/www.vsv-design.com\\\/wp-content\\\/uploads\\\/2026\\\/01\\\/32.jpg\",\"datePublished\":\"2026-01-20T11:05:32+00:00\",\"dateModified\":\"2026-01-20T11:11:27+00:00\",\"description\":\"Unique mod\u00e8le Chemise de Dance Latine EMILIO for sale by VSV Design. Un design exclusif et une qualit\u00e9 excellente \u00e0 un prix abordable!\",\"breadcrumb\":{\"@id\":\"https:\\\/\\\/www.vsv-design.com\\\/fr\\\/products\\\/%d1%81%d0%bf%d0%be%d1%80%d1%82%d0%bd%d0%b8-%d1%82%d0%b0%d0%bd%d1%86%d0%b8\\\/%d0%bc%d1%8a%d0%b6%d0%ba%d0%be-%d0%be%d0%b1%d0%bb%d0%b5%d0%ba%d0%bb%d0%be\\\/emilio-latin-dance-shirt\\\/#breadcrumb\"},\"inLanguage\":\"fr-FR\",\"potentialAction\":[{\"@type\":\"ReadAction\",\"target\":[\"https:\\\/\\\/www.vsv-design.com\\\/fr\\\/products\\\/%d1%81%d0%bf%d0%be%d1%80%d1%82%d0%bd%d0%b8-%d1%82%d0%b0%d0%bd%d1%86%d0%b8\\\/%d0%bc%d1%8a%d0%b6%d0%ba%d0%be-%d0%be%d0%b1%d0%bb%d0%b5%d0%ba%d0%bb%d0%be\\\/emilio-latin-dance-shirt\\\/\"]}]},{\"@type\":\"ImageObject\",\"inLanguage\":\"fr-FR\",\"@id\":\"https:\\\/\\\/www.vsv-design.com\\\/fr\\\/products\\\/%d1%81%d0%bf%d0%be%d1%80%d1%82%d0%bd%d0%b8-%d1%82%d0%b0%d0%bd%d1%86%d0%b8\\\/%d0%bc%d1%8a%d0%b6%d0%ba%d0%be-%d0%be%d0%b1%d0%bb%d0%b5%d0%ba%d0%bb%d0%be\\\/emilio-latin-dance-shirt\\\/#primaryimage\",\"url\":\"https:\\\/\\\/www.vsv-design.com\\\/wp-content\\\/uploads\\\/2026\\\/01\\\/32.jpg\",\"contentUrl\":\"https:\\\/\\\/www.vsv-design.com\\\/wp-content\\\/uploads\\\/2026\\\/01\\\/32.jpg\",\"width\":1080,\"height\":1920},{\"@type\":\"BreadcrumbList\",\"@id\":\"https:\\\/\\\/www.vsv-design.com\\\/fr\\\/products\\\/%d1%81%d0%bf%d0%be%d1%80%d1%82%d0%bd%d0%b8-%d1%82%d0%b0%d0%bd%d1%86%d0%b8\\\/%d0%bc%d1%8a%d0%b6%d0%ba%d0%be-%d0%be%d0%b1%d0%bb%d0%b5%d0%ba%d0%bb%d0%be\\\/emilio-latin-dance-shirt\\\/#breadcrumb\",\"itemListElement\":[{\"@type\":\"ListItem\",\"position\":1,\"name\":\"Home\",\"item\":\"https:\\\/\\\/www.vsv-design.com\\\/\"},{\"@type\":\"ListItem\",\"position\":2,\"name\":\"Tous produits\",\"item\":\"https:\\\/\\\/www.vsv-design.com\\\/fr\\\/produits\\\/\"},{\"@type\":\"ListItem\",\"position\":3,\"name\":\"Chemise de Dance Latine EMILIO\"}]},{\"@type\":\"WebSite\",\"@id\":\"https:\\\/\\\/www.vsv-design.com\\\/#website\",\"url\":\"https:\\\/\\\/www.vsv-design.com\\\/\",\"name\":\"VSV Design\",\"description\":\"\",\"publisher\":{\"@id\":\"https:\\\/\\\/www.vsv-design.com\\\/#organization\"},\"potentialAction\":[{\"@type\":\"SearchAction\",\"target\":{\"@type\":\"EntryPoint\",\"urlTemplate\":\"https:\\\/\\\/www.vsv-design.com\\\/?s={search_term_string}\"},\"query-input\":{\"@type\":\"PropertyValueSpecification\",\"valueRequired\":true,\"valueName\":\"search_term_string\"}}],\"inLanguage\":\"fr-FR\"},{\"@type\":\"Organization\",\"@id\":\"https:\\\/\\\/www.vsv-design.com\\\/#organization\",\"name\":\"VSV Design\",\"url\":\"https:\\\/\\\/www.vsv-design.com\\\/\",\"logo\":{\"@type\":\"ImageObject\",\"inLanguage\":\"fr-FR\",\"@id\":\"https:\\\/\\\/www.vsv-design.com\\\/#\\\/schema\\\/logo\\\/image\\\/\",\"url\":\"https:\\\/\\\/www.vsv-design.com\\\/wp-content\\\/uploads\\\/2025\\\/01\\\/cropped-vsv-1.jpg\",\"contentUrl\":\"https:\\\/\\\/www.vsv-design.com\\\/wp-content\\\/uploads\\\/2025\\\/01\\\/cropped-vsv-1.jpg\",\"width\":512,\"height\":512,\"caption\":\"VSV Design\"},\"image\":{\"@id\":\"https:\\\/\\\/www.vsv-design.com\\\/#\\\/schema\\\/logo\\\/image\\\/\"},\"sameAs\":[\"https:\\\/\\\/www.facebook.com\\\/VSVDesign\"]}]}<\/script>\n<!-- \/ Yoast SEO plugin. -->","yoast_head_json":{"title":"Chemise de Dance Latine EMILIO - V\u00eatements Homme - VSV Design","description":"Unique mod\u00e8le Chemise de Dance Latine EMILIO for sale by VSV Design. Un design exclusif et une qualit\u00e9 excellente \u00e0 un prix abordable!","robots":{"index":"index","follow":"follow","max-snippet":"max-snippet:-1","max-image-preview":"max-image-preview:large","max-video-preview":"max-video-preview:-1"},"canonical":"https:\/\/www.vsv-design.com\/fr\/products\/\u0441\u043f\u043e\u0440\u0442\u043d\u0438-\u0442\u0430\u043d\u0446\u0438\/\u043c\u044a\u0436\u043a\u043e-\u043e\u0431\u043b\u0435\u043a\u043b\u043e\/emilio-latin-dance-shirt\/","og_locale":"fr_FR","og_type":"article","og_title":"Chemise de Dance Latine EMILIO - V\u00eatements Homme - VSV Design","og_description":"Unique mod\u00e8le Chemise de Dance Latine EMILIO for sale by VSV Design. Un design exclusif et une qualit\u00e9 excellente \u00e0 un prix abordable!","og_url":"https:\/\/www.vsv-design.com\/fr\/products\/\u0441\u043f\u043e\u0440\u0442\u043d\u0438-\u0442\u0430\u043d\u0446\u0438\/\u043c\u044a\u0436\u043a\u043e-\u043e\u0431\u043b\u0435\u043a\u043b\u043e\/emilio-latin-dance-shirt\/","og_site_name":"VSV Design","article_publisher":"https:\/\/www.facebook.com\/VSVDesign","article_modified_time":"2026-01-20T11:11:27+00:00","og_image":[{"width":1080,"height":1920,"url":"https:\/\/www.vsv-design.com\/wp-content\/uploads\/2026\/01\/32.jpg","type":"image\/jpeg"}],"twitter_card":"summary_large_image","twitter_misc":{"Dur\u00e9e de lecture estim\u00e9e":"1 minute"},"schema":{"@context":"https:\/\/schema.org","@graph":[{"@type":"WebPage","@id":"https:\/\/www.vsv-design.com\/fr\/products\/%d1%81%d0%bf%d0%be%d1%80%d1%82%d0%bd%d0%b8-%d1%82%d0%b0%d0%bd%d1%86%d0%b8\/%d0%bc%d1%8a%d0%b6%d0%ba%d0%be-%d0%be%d0%b1%d0%bb%d0%b5%d0%ba%d0%bb%d0%be\/emilio-latin-dance-shirt\/","url":"https:\/\/www.vsv-design.com\/fr\/products\/%d1%81%d0%bf%d0%be%d1%80%d1%82%d0%bd%d0%b8-%d1%82%d0%b0%d0%bd%d1%86%d0%b8\/%d0%bc%d1%8a%d0%b6%d0%ba%d0%be-%d0%be%d0%b1%d0%bb%d0%b5%d0%ba%d0%bb%d0%be\/emilio-latin-dance-shirt\/","name":"Chemise de Dance Latine EMILIO - V\u00eatements Homme - VSV Design","isPartOf":{"@id":"https:\/\/www.vsv-design.com\/#website"},"primaryImageOfPage":{"@id":"https:\/\/www.vsv-design.com\/fr\/products\/%d1%81%d0%bf%d0%be%d1%80%d1%82%d0%bd%d0%b8-%d1%82%d0%b0%d0%bd%d1%86%d0%b8\/%d0%bc%d1%8a%d0%b6%d0%ba%d0%be-%d0%be%d0%b1%d0%bb%d0%b5%d0%ba%d0%bb%d0%be\/emilio-latin-dance-shirt\/#primaryimage"},"image":{"@id":"https:\/\/www.vsv-design.com\/fr\/products\/%d1%81%d0%bf%d0%be%d1%80%d1%82%d0%bd%d0%b8-%d1%82%d0%b0%d0%bd%d1%86%d0%b8\/%d0%bc%d1%8a%d0%b6%d0%ba%d0%be-%d0%be%d0%b1%d0%bb%d0%b5%d0%ba%d0%bb%d0%be\/emilio-latin-dance-shirt\/#primaryimage"},"thumbnailUrl":"https:\/\/www.vsv-design.com\/wp-content\/uploads\/2026\/01\/32.jpg","datePublished":"2026-01-20T11:05:32+00:00","dateModified":"2026-01-20T11:11:27+00:00","description":"Unique mod\u00e8le Chemise de Dance Latine EMILIO for sale by VSV Design. Un design exclusif et une qualit\u00e9 excellente \u00e0 un prix abordable!","breadcrumb":{"@id":"https:\/\/www.vsv-design.com\/fr\/products\/%d1%81%d0%bf%d0%be%d1%80%d1%82%d0%bd%d0%b8-%d1%82%d0%b0%d0%bd%d1%86%d0%b8\/%d0%bc%d1%8a%d0%b6%d0%ba%d0%be-%d0%be%d0%b1%d0%bb%d0%b5%d0%ba%d0%bb%d0%be\/emilio-latin-dance-shirt\/#breadcrumb"},"inLanguage":"fr-FR","potentialAction":[{"@type":"ReadAction","target":["https:\/\/www.vsv-design.com\/fr\/products\/%d1%81%d0%bf%d0%be%d1%80%d1%82%d0%bd%d0%b8-%d1%82%d0%b0%d0%bd%d1%86%d0%b8\/%d0%bc%d1%8a%d0%b6%d0%ba%d0%be-%d0%be%d0%b1%d0%bb%d0%b5%d0%ba%d0%bb%d0%be\/emilio-latin-dance-shirt\/"]}]},{"@type":"ImageObject","inLanguage":"fr-FR","@id":"https:\/\/www.vsv-design.com\/fr\/products\/%d1%81%d0%bf%d0%be%d1%80%d1%82%d0%bd%d0%b8-%d1%82%d0%b0%d0%bd%d1%86%d0%b8\/%d0%bc%d1%8a%d0%b6%d0%ba%d0%be-%d0%be%d0%b1%d0%bb%d0%b5%d0%ba%d0%bb%d0%be\/emilio-latin-dance-shirt\/#primaryimage","url":"https:\/\/www.vsv-design.com\/wp-content\/uploads\/2026\/01\/32.jpg","contentUrl":"https:\/\/www.vsv-design.com\/wp-content\/uploads\/2026\/01\/32.jpg","width":1080,"height":1920},{"@type":"BreadcrumbList","@id":"https:\/\/www.vsv-design.com\/fr\/products\/%d1%81%d0%bf%d0%be%d1%80%d1%82%d0%bd%d0%b8-%d1%82%d0%b0%d0%bd%d1%86%d0%b8\/%d0%bc%d1%8a%d0%b6%d0%ba%d0%be-%d0%be%d0%b1%d0%bb%d0%b5%d0%ba%d0%bb%d0%be\/emilio-latin-dance-shirt\/#breadcrumb","itemListElement":[{"@type":"ListItem","position":1,"name":"Home","item":"https:\/\/www.vsv-design.com\/"},{"@type":"ListItem","position":2,"name":"Tous produits","item":"https:\/\/www.vsv-design.com\/fr\/produits\/"},{"@type":"ListItem","position":3,"name":"Chemise de Dance Latine EMILIO"}]},{"@type":"WebSite","@id":"https:\/\/www.vsv-design.com\/#website","url":"https:\/\/www.vsv-design.com\/","name":"VSV Design","description":"","publisher":{"@id":"https:\/\/www.vsv-design.com\/#organization"},"potentialAction":[{"@type":"SearchAction","target":{"@type":"EntryPoint","urlTemplate":"https:\/\/www.vsv-design.com\/?s={search_term_string}"},"query-input":{"@type":"PropertyValueSpecification","valueRequired":true,"valueName":"search_term_string"}}],"inLanguage":"fr-FR"},{"@type":"Organization","@id":"https:\/\/www.vsv-design.com\/#organization","name":"VSV Design","url":"https:\/\/www.vsv-design.com\/","logo":{"@type":"ImageObject","inLanguage":"fr-FR","@id":"https:\/\/www.vsv-design.com\/#\/schema\/logo\/image\/","url":"https:\/\/www.vsv-design.com\/wp-content\/uploads\/2025\/01\/cropped-vsv-1.jpg","contentUrl":"https:\/\/www.vsv-design.com\/wp-content\/uploads\/2025\/01\/cropped-vsv-1.jpg","width":512,"height":512,"caption":"VSV Design"},"image":{"@id":"https:\/\/www.vsv-design.com\/#\/schema\/logo\/image\/"},"sameAs":["https:\/\/www.facebook.com\/VSVDesign"]}]}},"_links":{"self":[{"href":"https:\/\/www.vsv-design.com\/fr\/wp-json\/wp\/v2\/product\/12679","targetHints":{"allow":["GET"]}}],"collection":[{"href":"https:\/\/www.vsv-design.com\/fr\/wp-json\/wp\/v2\/product"}],"about":[{"href":"https:\/\/www.vsv-design.com\/fr\/wp-json\/wp\/v2\/types\/product"}],"replies":[{"embeddable":true,"href":"https:\/\/www.vsv-design.com\/fr\/wp-json\/wp\/v2\/comments?post=12679"}],"wp:featuredmedia":[{"embeddable":true,"href":"https:\/\/www.vsv-design.com\/fr\/wp-json\/wp\/v2\/media\/12664"}],"wp:attachment":[{"href":"https:\/\/www.vsv-design.com\/fr\/wp-json\/wp\/v2\/media?parent=12679"}],"wp:term":[{"taxonomy":"product_brand","embeddable":true,"href":"https:\/\/www.vsv-design.com\/fr\/wp-json\/wp\/v2\/product_brand?post=12679"},{"taxonomy":"product_cat","embeddable":true,"href":"https:\/\/www.vsv-design.com\/fr\/wp-json\/wp\/v2\/product_cat?post=12679"},{"taxonomy":"product_tag","embeddable":true,"href":"https:\/\/www.vsv-design.com\/fr\/wp-json\/wp\/v2\/product_tag?post=12679"}],"curies":[{"name":"wp","href":"https:\/\/api.w.org\/{rel}","templated":true}]}}