{"id":12196,"date":"2025-09-16T14:20:13","date_gmt":"2025-09-16T12:20:13","guid":{"rendered":"https:\/\/www.vsv-design.com\/products\/non%20class\u00e9\/alana-latin-dance-dress\/"},"modified":"2025-09-16T14:22:24","modified_gmt":"2025-09-16T12:22:24","slug":"alana-latin-dance-dress","status":"publish","type":"product","link":"https:\/\/www.vsv-design.com\/fr\/products\/danse-sportive\/danse-en-solo\/alana-latin-dance-dress\/","title":{"rendered":"Robe de danse latine ALANA"},"content":{"rendered":"<p>Magnifique robe de danse latine avec franges. La robe est r\u00e9alis\u00e9e en 2 couleurs contrast\u00e9es et la d\u00e9coration de pierres et d\u2019\u00e9l\u00e9ments en relief cr\u00e9e un effet unique sur sc\u00e8ne. Avec ce mod\u00e8le, vous ne passerez certainement pas inaper\u00e7ue sur la piste de danse !<br \/>\nCombinez-la avec des bijoux de notre s\u00e9lection d\u2019accessoires pour plus de glamour sur sc\u00e8ne.<\/p>\n","protected":false},"excerpt":{"rendered":"<ul>\n<li>Livraison rapide<\/li>\n<li><i>D\u00e9lai de retour de 14 jours<\/i><\/li>\n<\/ul>\n","protected":false},"featured_media":12645,"comment_status":"open","ping_status":"closed","template":"","meta":{"_acf_changed":false},"product_brand":[],"product_cat":[172,208],"product_tag":[462],"class_list":{"0":"post-12196","1":"product","2":"type-product","3":"status-publish","4":"has-post-thumbnail","6":"product_cat-danse-en-solo","7":"product_cat-robes-de-danse-latine","8":"product_tag-nouveaux-produits","9":"product_shipping_class-small-dresses-shipping-fr","11":"first","12":"instock","13":"shipping-taxable","14":"purchasable","15":"product-type-variable","swatches":"rey-swatches","show_selected":"rey-swatches--show-selected--name","stretch_labels":"rey-swatches--stretch-labels"},"acf":[],"yoast_head":"<!-- This site is optimized with the Yoast SEO plugin v27.4 - https:\/\/yoast.com\/product\/yoast-seo-wordpress\/ -->\n<title>Robe de danse latine ALANA - Danse en solo, Robes de danse latine - VSV Design<\/title>\n<meta name=\"description\" content=\"Unique mod\u00e8le Robe de danse latine ALANA for sale by VSV Design. Un design exclusif et une qualit\u00e9 excellente \u00e0 un prix abordable!\" \/>\n<meta name=\"robots\" content=\"index, follow, max-snippet:-1, max-image-preview:large, max-video-preview:-1\" \/>\n<link rel=\"canonical\" href=\"https:\/\/www.vsv-design.com\/fr\/products\/danse-sportive\/danse-en-solo\/alana-latin-dance-dress\/\" \/>\n<meta property=\"og:locale\" content=\"fr_FR\" \/>\n<meta property=\"og:type\" content=\"article\" \/>\n<meta property=\"og:title\" content=\"Robe de danse latine ALANA - Danse en solo, Robes de danse latine - VSV Design\" \/>\n<meta property=\"og:description\" content=\"Unique mod\u00e8le Robe de danse latine ALANA for sale by VSV Design. Un design exclusif et une qualit\u00e9 excellente \u00e0 un prix abordable!\" \/>\n<meta property=\"og:url\" content=\"https:\/\/www.vsv-design.com\/fr\/products\/danse-sportive\/danse-en-solo\/alana-latin-dance-dress\/\" \/>\n<meta property=\"og:site_name\" content=\"VSV Design\" \/>\n<meta property=\"article:publisher\" content=\"https:\/\/www.facebook.com\/VSVDesign\" \/>\n<meta property=\"article:modified_time\" content=\"2025-09-16T12:22:24+00:00\" \/>\n<meta property=\"og:image\" content=\"https:\/\/www.vsv-design.com\/wp-content\/uploads\/2025\/09\/34-1.jpg\" \/>\n\t<meta property=\"og:image:width\" content=\"1080\" \/>\n\t<meta property=\"og:image:height\" content=\"1920\" \/>\n\t<meta property=\"og:image:type\" content=\"image\/jpeg\" \/>\n<meta name=\"twitter:card\" content=\"summary_large_image\" \/>\n<meta name=\"twitter:label1\" content=\"Dur\u00e9e de lecture estim\u00e9e\" \/>\n\t<meta name=\"twitter:data1\" content=\"1 minute\" \/>\n<script type=\"application\/ld+json\" class=\"yoast-schema-graph\">{\"@context\":\"https:\\\/\\\/schema.org\",\"@graph\":[{\"@type\":\"WebPage\",\"@id\":\"https:\\\/\\\/www.vsv-design.com\\\/fr\\\/products\\\/danse-sportive\\\/danse-en-solo\\\/alana-latin-dance-dress\\\/\",\"url\":\"https:\\\/\\\/www.vsv-design.com\\\/fr\\\/products\\\/danse-sportive\\\/danse-en-solo\\\/alana-latin-dance-dress\\\/\",\"name\":\"Robe de danse latine ALANA - Danse en solo, Robes de danse latine - VSV Design\",\"isPartOf\":{\"@id\":\"https:\\\/\\\/www.vsv-design.com\\\/#website\"},\"primaryImageOfPage\":{\"@id\":\"https:\\\/\\\/www.vsv-design.com\\\/fr\\\/products\\\/danse-sportive\\\/danse-en-solo\\\/alana-latin-dance-dress\\\/#primaryimage\"},\"image\":{\"@id\":\"https:\\\/\\\/www.vsv-design.com\\\/fr\\\/products\\\/danse-sportive\\\/danse-en-solo\\\/alana-latin-dance-dress\\\/#primaryimage\"},\"thumbnailUrl\":\"https:\\\/\\\/www.vsv-design.com\\\/wp-content\\\/uploads\\\/2025\\\/09\\\/3-1.jpg\",\"datePublished\":\"2025-09-16T12:20:13+00:00\",\"dateModified\":\"2025-09-16T12:22:24+00:00\",\"description\":\"Unique mod\u00e8le Robe de danse latine ALANA for sale by VSV Design. Un design exclusif et une qualit\u00e9 excellente \u00e0 un prix abordable!\",\"breadcrumb\":{\"@id\":\"https:\\\/\\\/www.vsv-design.com\\\/fr\\\/products\\\/danse-sportive\\\/danse-en-solo\\\/alana-latin-dance-dress\\\/#breadcrumb\"},\"inLanguage\":\"fr-FR\",\"potentialAction\":[{\"@type\":\"ReadAction\",\"target\":[\"https:\\\/\\\/www.vsv-design.com\\\/fr\\\/products\\\/danse-sportive\\\/danse-en-solo\\\/alana-latin-dance-dress\\\/\"]}]},{\"@type\":\"ImageObject\",\"inLanguage\":\"fr-FR\",\"@id\":\"https:\\\/\\\/www.vsv-design.com\\\/fr\\\/products\\\/danse-sportive\\\/danse-en-solo\\\/alana-latin-dance-dress\\\/#primaryimage\",\"url\":\"https:\\\/\\\/www.vsv-design.com\\\/wp-content\\\/uploads\\\/2025\\\/09\\\/3-1.jpg\",\"contentUrl\":\"https:\\\/\\\/www.vsv-design.com\\\/wp-content\\\/uploads\\\/2025\\\/09\\\/3-1.jpg\",\"width\":1080,\"height\":1920},{\"@type\":\"BreadcrumbList\",\"@id\":\"https:\\\/\\\/www.vsv-design.com\\\/fr\\\/products\\\/danse-sportive\\\/danse-en-solo\\\/alana-latin-dance-dress\\\/#breadcrumb\",\"itemListElement\":[{\"@type\":\"ListItem\",\"position\":1,\"name\":\"Home\",\"item\":\"https:\\\/\\\/www.vsv-design.com\\\/\"},{\"@type\":\"ListItem\",\"position\":2,\"name\":\"Tous produits\",\"item\":\"https:\\\/\\\/www.vsv-design.com\\\/fr\\\/produits\\\/\"},{\"@type\":\"ListItem\",\"position\":3,\"name\":\"Robe de danse latine ALANA\"}]},{\"@type\":\"WebSite\",\"@id\":\"https:\\\/\\\/www.vsv-design.com\\\/#website\",\"url\":\"https:\\\/\\\/www.vsv-design.com\\\/\",\"name\":\"VSV Design\",\"description\":\"\",\"publisher\":{\"@id\":\"https:\\\/\\\/www.vsv-design.com\\\/#organization\"},\"potentialAction\":[{\"@type\":\"SearchAction\",\"target\":{\"@type\":\"EntryPoint\",\"urlTemplate\":\"https:\\\/\\\/www.vsv-design.com\\\/?s={search_term_string}\"},\"query-input\":{\"@type\":\"PropertyValueSpecification\",\"valueRequired\":true,\"valueName\":\"search_term_string\"}}],\"inLanguage\":\"fr-FR\"},{\"@type\":\"Organization\",\"@id\":\"https:\\\/\\\/www.vsv-design.com\\\/#organization\",\"name\":\"VSV Design\",\"url\":\"https:\\\/\\\/www.vsv-design.com\\\/\",\"logo\":{\"@type\":\"ImageObject\",\"inLanguage\":\"fr-FR\",\"@id\":\"https:\\\/\\\/www.vsv-design.com\\\/#\\\/schema\\\/logo\\\/image\\\/\",\"url\":\"https:\\\/\\\/www.vsv-design.com\\\/wp-content\\\/uploads\\\/2025\\\/01\\\/cropped-vsv-1.jpg\",\"contentUrl\":\"https:\\\/\\\/www.vsv-design.com\\\/wp-content\\\/uploads\\\/2025\\\/01\\\/cropped-vsv-1.jpg\",\"width\":512,\"height\":512,\"caption\":\"VSV Design\"},\"image\":{\"@id\":\"https:\\\/\\\/www.vsv-design.com\\\/#\\\/schema\\\/logo\\\/image\\\/\"},\"sameAs\":[\"https:\\\/\\\/www.facebook.com\\\/VSVDesign\"]}]}<\/script>\n<!-- \/ Yoast SEO plugin. -->","yoast_head_json":{"title":"Robe de danse latine ALANA - Danse en solo, Robes de danse latine - VSV Design","description":"Unique mod\u00e8le Robe de danse latine ALANA for sale by VSV Design. Un design exclusif et une qualit\u00e9 excellente \u00e0 un prix abordable!","robots":{"index":"index","follow":"follow","max-snippet":"max-snippet:-1","max-image-preview":"max-image-preview:large","max-video-preview":"max-video-preview:-1"},"canonical":"https:\/\/www.vsv-design.com\/fr\/products\/danse-sportive\/danse-en-solo\/alana-latin-dance-dress\/","og_locale":"fr_FR","og_type":"article","og_title":"Robe de danse latine ALANA - Danse en solo, Robes de danse latine - VSV Design","og_description":"Unique mod\u00e8le Robe de danse latine ALANA for sale by VSV Design. Un design exclusif et une qualit\u00e9 excellente \u00e0 un prix abordable!","og_url":"https:\/\/www.vsv-design.com\/fr\/products\/danse-sportive\/danse-en-solo\/alana-latin-dance-dress\/","og_site_name":"VSV Design","article_publisher":"https:\/\/www.facebook.com\/VSVDesign","article_modified_time":"2025-09-16T12:22:24+00:00","og_image":[{"width":1080,"height":1920,"url":"https:\/\/www.vsv-design.com\/wp-content\/uploads\/2025\/09\/34-1.jpg","type":"image\/jpeg"}],"twitter_card":"summary_large_image","twitter_misc":{"Dur\u00e9e de lecture estim\u00e9e":"1 minute"},"schema":{"@context":"https:\/\/schema.org","@graph":[{"@type":"WebPage","@id":"https:\/\/www.vsv-design.com\/fr\/products\/danse-sportive\/danse-en-solo\/alana-latin-dance-dress\/","url":"https:\/\/www.vsv-design.com\/fr\/products\/danse-sportive\/danse-en-solo\/alana-latin-dance-dress\/","name":"Robe de danse latine ALANA - Danse en solo, Robes de danse latine - VSV Design","isPartOf":{"@id":"https:\/\/www.vsv-design.com\/#website"},"primaryImageOfPage":{"@id":"https:\/\/www.vsv-design.com\/fr\/products\/danse-sportive\/danse-en-solo\/alana-latin-dance-dress\/#primaryimage"},"image":{"@id":"https:\/\/www.vsv-design.com\/fr\/products\/danse-sportive\/danse-en-solo\/alana-latin-dance-dress\/#primaryimage"},"thumbnailUrl":"https:\/\/www.vsv-design.com\/wp-content\/uploads\/2025\/09\/3-1.jpg","datePublished":"2025-09-16T12:20:13+00:00","dateModified":"2025-09-16T12:22:24+00:00","description":"Unique mod\u00e8le Robe de danse latine ALANA for sale by VSV Design. Un design exclusif et une qualit\u00e9 excellente \u00e0 un prix abordable!","breadcrumb":{"@id":"https:\/\/www.vsv-design.com\/fr\/products\/danse-sportive\/danse-en-solo\/alana-latin-dance-dress\/#breadcrumb"},"inLanguage":"fr-FR","potentialAction":[{"@type":"ReadAction","target":["https:\/\/www.vsv-design.com\/fr\/products\/danse-sportive\/danse-en-solo\/alana-latin-dance-dress\/"]}]},{"@type":"ImageObject","inLanguage":"fr-FR","@id":"https:\/\/www.vsv-design.com\/fr\/products\/danse-sportive\/danse-en-solo\/alana-latin-dance-dress\/#primaryimage","url":"https:\/\/www.vsv-design.com\/wp-content\/uploads\/2025\/09\/3-1.jpg","contentUrl":"https:\/\/www.vsv-design.com\/wp-content\/uploads\/2025\/09\/3-1.jpg","width":1080,"height":1920},{"@type":"BreadcrumbList","@id":"https:\/\/www.vsv-design.com\/fr\/products\/danse-sportive\/danse-en-solo\/alana-latin-dance-dress\/#breadcrumb","itemListElement":[{"@type":"ListItem","position":1,"name":"Home","item":"https:\/\/www.vsv-design.com\/"},{"@type":"ListItem","position":2,"name":"Tous produits","item":"https:\/\/www.vsv-design.com\/fr\/produits\/"},{"@type":"ListItem","position":3,"name":"Robe de danse latine ALANA"}]},{"@type":"WebSite","@id":"https:\/\/www.vsv-design.com\/#website","url":"https:\/\/www.vsv-design.com\/","name":"VSV Design","description":"","publisher":{"@id":"https:\/\/www.vsv-design.com\/#organization"},"potentialAction":[{"@type":"SearchAction","target":{"@type":"EntryPoint","urlTemplate":"https:\/\/www.vsv-design.com\/?s={search_term_string}"},"query-input":{"@type":"PropertyValueSpecification","valueRequired":true,"valueName":"search_term_string"}}],"inLanguage":"fr-FR"},{"@type":"Organization","@id":"https:\/\/www.vsv-design.com\/#organization","name":"VSV Design","url":"https:\/\/www.vsv-design.com\/","logo":{"@type":"ImageObject","inLanguage":"fr-FR","@id":"https:\/\/www.vsv-design.com\/#\/schema\/logo\/image\/","url":"https:\/\/www.vsv-design.com\/wp-content\/uploads\/2025\/01\/cropped-vsv-1.jpg","contentUrl":"https:\/\/www.vsv-design.com\/wp-content\/uploads\/2025\/01\/cropped-vsv-1.jpg","width":512,"height":512,"caption":"VSV Design"},"image":{"@id":"https:\/\/www.vsv-design.com\/#\/schema\/logo\/image\/"},"sameAs":["https:\/\/www.facebook.com\/VSVDesign"]}]}},"_links":{"self":[{"href":"https:\/\/www.vsv-design.com\/fr\/wp-json\/wp\/v2\/product\/12196","targetHints":{"allow":["GET"]}}],"collection":[{"href":"https:\/\/www.vsv-design.com\/fr\/wp-json\/wp\/v2\/product"}],"about":[{"href":"https:\/\/www.vsv-design.com\/fr\/wp-json\/wp\/v2\/types\/product"}],"replies":[{"embeddable":true,"href":"https:\/\/www.vsv-design.com\/fr\/wp-json\/wp\/v2\/comments?post=12196"}],"wp:featuredmedia":[{"embeddable":true,"href":"https:\/\/www.vsv-design.com\/fr\/wp-json\/wp\/v2\/media\/12645"}],"wp:attachment":[{"href":"https:\/\/www.vsv-design.com\/fr\/wp-json\/wp\/v2\/media?parent=12196"}],"wp:term":[{"taxonomy":"product_brand","embeddable":true,"href":"https:\/\/www.vsv-design.com\/fr\/wp-json\/wp\/v2\/product_brand?post=12196"},{"taxonomy":"product_cat","embeddable":true,"href":"https:\/\/www.vsv-design.com\/fr\/wp-json\/wp\/v2\/product_cat?post=12196"},{"taxonomy":"product_tag","embeddable":true,"href":"https:\/\/www.vsv-design.com\/fr\/wp-json\/wp\/v2\/product_tag?post=12196"}],"curies":[{"name":"wp","href":"https:\/\/api.w.org\/{rel}","templated":true}]}}