{"id":11528,"date":"2025-07-16T09:38:38","date_gmt":"2025-07-16T07:38:38","guid":{"rendered":"https:\/\/www.vsv-design.com\/?post_type=product&#038;p=11528"},"modified":"2025-07-16T10:21:39","modified_gmt":"2025-07-16T08:21:39","slug":"chemise-de-danse-latine-nicko","status":"publish","type":"product","link":"https:\/\/www.vsv-design.com\/fr\/products\/danse-sportive\/vetements-homme\/chemise-de-danse-latine-nicko\/","title":{"rendered":"Chemise de danse latine NICKO"},"content":{"rendered":"<p data-start=\"232\" data-end=\"448\">Cette chemise de danse latine pour homme allie \u00e9l\u00e9gance classique et confort moderne. Confectionn\u00e9e en cr\u00eape de luxe et en filet extensible, elle offre une coupe parfaite qui accompagne chaque mouvement sur la piste.<\/p>\n<p data-start=\"450\" data-end=\"721\">Son design raffin\u00e9 est accentu\u00e9 par des plis verticaux sur le devant et des d\u00e9tails en velours subtils, apportant du caract\u00e8re et de la structure \u00e0 la silhouette. L\u2019ouverture profonde sur le torse ajoute une touche audacieuse, id\u00e9ale pour les performances de haut niveau.<\/p>\n<p data-start=\"723\" data-end=\"890\">&#8211; Disponible en noir ou blanc<br data-start=\"753\" data-end=\"756\" \/>&#8211; Tailles vari\u00e9es pour un ajustement parfait<br data-start=\"801\" data-end=\"804\" \/>&#8211; Style intemporel avec finitions soign\u00e9es<\/p>\n<p><em>N&rsquo;h\u00e9sitez pas \u00e0 nous contacter pour toute question!<\/em><\/p>\n","protected":false},"excerpt":{"rendered":"<ul>\n<li><em><strong data-start=\"386\" data-end=\"441\">Le produit est exp\u00e9di\u00e9 sous 3 \u00e0 10 jours ouvrable.<\/strong><\/em><\/li>\n<li><i>D\u00e9lai de retour de 14 jours<\/i><\/li>\n<\/ul>\n","protected":false},"featured_media":11513,"comment_status":"open","ping_status":"closed","template":"","meta":{"_acf_changed":false},"product_brand":[],"product_cat":[211],"product_tag":[459],"class_list":{"0":"post-11528","1":"product","2":"type-product","3":"status-publish","4":"has-post-thumbnail","6":"product_cat-vetements-homme","7":"product_tag-best-seller-danse-sportive","9":"first","10":"instock","11":"shipping-taxable","12":"purchasable","13":"product-type-variable","swatches":"rey-swatches","show_selected":"rey-swatches--show-selected--name","stretch_labels":"rey-swatches--stretch-labels"},"acf":[],"yoast_head":"<!-- This site is optimized with the Yoast SEO plugin v27.4 - https:\/\/yoast.com\/product\/yoast-seo-wordpress\/ -->\n<title>Chemise de danse latine NICKO - V\u00eatements Homme - VSV Design<\/title>\n<meta name=\"description\" content=\"Unique mod\u00e8le Chemise de danse latine NICKO for sale by VSV Design. Un design exclusif et une qualit\u00e9 excellente \u00e0 un prix abordable!\" \/>\n<meta name=\"robots\" content=\"index, follow, max-snippet:-1, max-image-preview:large, max-video-preview:-1\" \/>\n<link rel=\"canonical\" href=\"https:\/\/www.vsv-design.com\/fr\/products\/danse-sportive\/vetements-homme\/chemise-de-danse-latine-nicko\/\" \/>\n<meta property=\"og:locale\" content=\"fr_FR\" \/>\n<meta property=\"og:type\" content=\"article\" \/>\n<meta property=\"og:title\" content=\"Chemise de danse latine NICKO - V\u00eatements Homme - VSV Design\" \/>\n<meta property=\"og:description\" content=\"Unique mod\u00e8le Chemise de danse latine NICKO for sale by VSV Design. Un design exclusif et une qualit\u00e9 excellente \u00e0 un prix abordable!\" \/>\n<meta property=\"og:url\" content=\"https:\/\/www.vsv-design.com\/fr\/products\/danse-sportive\/vetements-homme\/chemise-de-danse-latine-nicko\/\" \/>\n<meta property=\"og:site_name\" content=\"VSV Design\" \/>\n<meta property=\"article:publisher\" content=\"https:\/\/www.facebook.com\/VSVDesign\" \/>\n<meta property=\"article:modified_time\" content=\"2025-07-16T08:21:39+00:00\" \/>\n<meta property=\"og:image\" content=\"https:\/\/www.vsv-design.com\/wp-content\/uploads\/2025\/07\/VSV-17-June-041.jpg\" \/>\n\t<meta property=\"og:image:width\" content=\"2048\" \/>\n\t<meta property=\"og:image:height\" content=\"2560\" \/>\n\t<meta property=\"og:image:type\" content=\"image\/jpeg\" \/>\n<meta name=\"twitter:card\" content=\"summary_large_image\" \/>\n<meta name=\"twitter:label1\" content=\"Dur\u00e9e de lecture estim\u00e9e\" \/>\n\t<meta name=\"twitter:data1\" content=\"1 minute\" \/>\n<script type=\"application\/ld+json\" class=\"yoast-schema-graph\">{\"@context\":\"https:\\\/\\\/schema.org\",\"@graph\":[{\"@type\":\"WebPage\",\"@id\":\"https:\\\/\\\/www.vsv-design.com\\\/fr\\\/products\\\/danse-sportive\\\/vetements-homme\\\/chemise-de-danse-latine-nicko\\\/\",\"url\":\"https:\\\/\\\/www.vsv-design.com\\\/fr\\\/products\\\/danse-sportive\\\/vetements-homme\\\/chemise-de-danse-latine-nicko\\\/\",\"name\":\"Chemise de danse latine NICKO - V\u00eatements Homme - VSV Design\",\"isPartOf\":{\"@id\":\"https:\\\/\\\/www.vsv-design.com\\\/#website\"},\"primaryImageOfPage\":{\"@id\":\"https:\\\/\\\/www.vsv-design.com\\\/fr\\\/products\\\/danse-sportive\\\/vetements-homme\\\/chemise-de-danse-latine-nicko\\\/#primaryimage\"},\"image\":{\"@id\":\"https:\\\/\\\/www.vsv-design.com\\\/fr\\\/products\\\/danse-sportive\\\/vetements-homme\\\/chemise-de-danse-latine-nicko\\\/#primaryimage\"},\"thumbnailUrl\":\"https:\\\/\\\/www.vsv-design.com\\\/wp-content\\\/uploads\\\/2025\\\/07\\\/VSV-17-June-041.jpg\",\"datePublished\":\"2025-07-16T07:38:38+00:00\",\"dateModified\":\"2025-07-16T08:21:39+00:00\",\"description\":\"Unique mod\u00e8le Chemise de danse latine NICKO for sale by VSV Design. Un design exclusif et une qualit\u00e9 excellente \u00e0 un prix abordable!\",\"breadcrumb\":{\"@id\":\"https:\\\/\\\/www.vsv-design.com\\\/fr\\\/products\\\/danse-sportive\\\/vetements-homme\\\/chemise-de-danse-latine-nicko\\\/#breadcrumb\"},\"inLanguage\":\"fr-FR\",\"potentialAction\":[{\"@type\":\"ReadAction\",\"target\":[\"https:\\\/\\\/www.vsv-design.com\\\/fr\\\/products\\\/danse-sportive\\\/vetements-homme\\\/chemise-de-danse-latine-nicko\\\/\"]}]},{\"@type\":\"ImageObject\",\"inLanguage\":\"fr-FR\",\"@id\":\"https:\\\/\\\/www.vsv-design.com\\\/fr\\\/products\\\/danse-sportive\\\/vetements-homme\\\/chemise-de-danse-latine-nicko\\\/#primaryimage\",\"url\":\"https:\\\/\\\/www.vsv-design.com\\\/wp-content\\\/uploads\\\/2025\\\/07\\\/VSV-17-June-041.jpg\",\"contentUrl\":\"https:\\\/\\\/www.vsv-design.com\\\/wp-content\\\/uploads\\\/2025\\\/07\\\/VSV-17-June-041.jpg\",\"width\":2048,\"height\":2560},{\"@type\":\"BreadcrumbList\",\"@id\":\"https:\\\/\\\/www.vsv-design.com\\\/fr\\\/products\\\/danse-sportive\\\/vetements-homme\\\/chemise-de-danse-latine-nicko\\\/#breadcrumb\",\"itemListElement\":[{\"@type\":\"ListItem\",\"position\":1,\"name\":\"Home\",\"item\":\"https:\\\/\\\/www.vsv-design.com\\\/\"},{\"@type\":\"ListItem\",\"position\":2,\"name\":\"Tous produits\",\"item\":\"https:\\\/\\\/www.vsv-design.com\\\/fr\\\/produits\\\/\"},{\"@type\":\"ListItem\",\"position\":3,\"name\":\"Chemise de danse latine NICKO\"}]},{\"@type\":\"WebSite\",\"@id\":\"https:\\\/\\\/www.vsv-design.com\\\/#website\",\"url\":\"https:\\\/\\\/www.vsv-design.com\\\/\",\"name\":\"VSV Design\",\"description\":\"\",\"publisher\":{\"@id\":\"https:\\\/\\\/www.vsv-design.com\\\/#organization\"},\"potentialAction\":[{\"@type\":\"SearchAction\",\"target\":{\"@type\":\"EntryPoint\",\"urlTemplate\":\"https:\\\/\\\/www.vsv-design.com\\\/?s={search_term_string}\"},\"query-input\":{\"@type\":\"PropertyValueSpecification\",\"valueRequired\":true,\"valueName\":\"search_term_string\"}}],\"inLanguage\":\"fr-FR\"},{\"@type\":\"Organization\",\"@id\":\"https:\\\/\\\/www.vsv-design.com\\\/#organization\",\"name\":\"VSV Design\",\"url\":\"https:\\\/\\\/www.vsv-design.com\\\/\",\"logo\":{\"@type\":\"ImageObject\",\"inLanguage\":\"fr-FR\",\"@id\":\"https:\\\/\\\/www.vsv-design.com\\\/#\\\/schema\\\/logo\\\/image\\\/\",\"url\":\"https:\\\/\\\/www.vsv-design.com\\\/wp-content\\\/uploads\\\/2025\\\/01\\\/cropped-vsv-1.jpg\",\"contentUrl\":\"https:\\\/\\\/www.vsv-design.com\\\/wp-content\\\/uploads\\\/2025\\\/01\\\/cropped-vsv-1.jpg\",\"width\":512,\"height\":512,\"caption\":\"VSV Design\"},\"image\":{\"@id\":\"https:\\\/\\\/www.vsv-design.com\\\/#\\\/schema\\\/logo\\\/image\\\/\"},\"sameAs\":[\"https:\\\/\\\/www.facebook.com\\\/VSVDesign\"]}]}<\/script>\n<!-- \/ Yoast SEO plugin. -->","yoast_head_json":{"title":"Chemise de danse latine NICKO - V\u00eatements Homme - VSV Design","description":"Unique mod\u00e8le Chemise de danse latine NICKO for sale by VSV Design. Un design exclusif et une qualit\u00e9 excellente \u00e0 un prix abordable!","robots":{"index":"index","follow":"follow","max-snippet":"max-snippet:-1","max-image-preview":"max-image-preview:large","max-video-preview":"max-video-preview:-1"},"canonical":"https:\/\/www.vsv-design.com\/fr\/products\/danse-sportive\/vetements-homme\/chemise-de-danse-latine-nicko\/","og_locale":"fr_FR","og_type":"article","og_title":"Chemise de danse latine NICKO - V\u00eatements Homme - VSV Design","og_description":"Unique mod\u00e8le Chemise de danse latine NICKO for sale by VSV Design. Un design exclusif et une qualit\u00e9 excellente \u00e0 un prix abordable!","og_url":"https:\/\/www.vsv-design.com\/fr\/products\/danse-sportive\/vetements-homme\/chemise-de-danse-latine-nicko\/","og_site_name":"VSV Design","article_publisher":"https:\/\/www.facebook.com\/VSVDesign","article_modified_time":"2025-07-16T08:21:39+00:00","og_image":[{"width":2048,"height":2560,"url":"https:\/\/www.vsv-design.com\/wp-content\/uploads\/2025\/07\/VSV-17-June-041.jpg","type":"image\/jpeg"}],"twitter_card":"summary_large_image","twitter_misc":{"Dur\u00e9e de lecture estim\u00e9e":"1 minute"},"schema":{"@context":"https:\/\/schema.org","@graph":[{"@type":"WebPage","@id":"https:\/\/www.vsv-design.com\/fr\/products\/danse-sportive\/vetements-homme\/chemise-de-danse-latine-nicko\/","url":"https:\/\/www.vsv-design.com\/fr\/products\/danse-sportive\/vetements-homme\/chemise-de-danse-latine-nicko\/","name":"Chemise de danse latine NICKO - V\u00eatements Homme - VSV Design","isPartOf":{"@id":"https:\/\/www.vsv-design.com\/#website"},"primaryImageOfPage":{"@id":"https:\/\/www.vsv-design.com\/fr\/products\/danse-sportive\/vetements-homme\/chemise-de-danse-latine-nicko\/#primaryimage"},"image":{"@id":"https:\/\/www.vsv-design.com\/fr\/products\/danse-sportive\/vetements-homme\/chemise-de-danse-latine-nicko\/#primaryimage"},"thumbnailUrl":"https:\/\/www.vsv-design.com\/wp-content\/uploads\/2025\/07\/VSV-17-June-041.jpg","datePublished":"2025-07-16T07:38:38+00:00","dateModified":"2025-07-16T08:21:39+00:00","description":"Unique mod\u00e8le Chemise de danse latine NICKO for sale by VSV Design. Un design exclusif et une qualit\u00e9 excellente \u00e0 un prix abordable!","breadcrumb":{"@id":"https:\/\/www.vsv-design.com\/fr\/products\/danse-sportive\/vetements-homme\/chemise-de-danse-latine-nicko\/#breadcrumb"},"inLanguage":"fr-FR","potentialAction":[{"@type":"ReadAction","target":["https:\/\/www.vsv-design.com\/fr\/products\/danse-sportive\/vetements-homme\/chemise-de-danse-latine-nicko\/"]}]},{"@type":"ImageObject","inLanguage":"fr-FR","@id":"https:\/\/www.vsv-design.com\/fr\/products\/danse-sportive\/vetements-homme\/chemise-de-danse-latine-nicko\/#primaryimage","url":"https:\/\/www.vsv-design.com\/wp-content\/uploads\/2025\/07\/VSV-17-June-041.jpg","contentUrl":"https:\/\/www.vsv-design.com\/wp-content\/uploads\/2025\/07\/VSV-17-June-041.jpg","width":2048,"height":2560},{"@type":"BreadcrumbList","@id":"https:\/\/www.vsv-design.com\/fr\/products\/danse-sportive\/vetements-homme\/chemise-de-danse-latine-nicko\/#breadcrumb","itemListElement":[{"@type":"ListItem","position":1,"name":"Home","item":"https:\/\/www.vsv-design.com\/"},{"@type":"ListItem","position":2,"name":"Tous produits","item":"https:\/\/www.vsv-design.com\/fr\/produits\/"},{"@type":"ListItem","position":3,"name":"Chemise de danse latine NICKO"}]},{"@type":"WebSite","@id":"https:\/\/www.vsv-design.com\/#website","url":"https:\/\/www.vsv-design.com\/","name":"VSV Design","description":"","publisher":{"@id":"https:\/\/www.vsv-design.com\/#organization"},"potentialAction":[{"@type":"SearchAction","target":{"@type":"EntryPoint","urlTemplate":"https:\/\/www.vsv-design.com\/?s={search_term_string}"},"query-input":{"@type":"PropertyValueSpecification","valueRequired":true,"valueName":"search_term_string"}}],"inLanguage":"fr-FR"},{"@type":"Organization","@id":"https:\/\/www.vsv-design.com\/#organization","name":"VSV Design","url":"https:\/\/www.vsv-design.com\/","logo":{"@type":"ImageObject","inLanguage":"fr-FR","@id":"https:\/\/www.vsv-design.com\/#\/schema\/logo\/image\/","url":"https:\/\/www.vsv-design.com\/wp-content\/uploads\/2025\/01\/cropped-vsv-1.jpg","contentUrl":"https:\/\/www.vsv-design.com\/wp-content\/uploads\/2025\/01\/cropped-vsv-1.jpg","width":512,"height":512,"caption":"VSV Design"},"image":{"@id":"https:\/\/www.vsv-design.com\/#\/schema\/logo\/image\/"},"sameAs":["https:\/\/www.facebook.com\/VSVDesign"]}]}},"_links":{"self":[{"href":"https:\/\/www.vsv-design.com\/fr\/wp-json\/wp\/v2\/product\/11528","targetHints":{"allow":["GET"]}}],"collection":[{"href":"https:\/\/www.vsv-design.com\/fr\/wp-json\/wp\/v2\/product"}],"about":[{"href":"https:\/\/www.vsv-design.com\/fr\/wp-json\/wp\/v2\/types\/product"}],"replies":[{"embeddable":true,"href":"https:\/\/www.vsv-design.com\/fr\/wp-json\/wp\/v2\/comments?post=11528"}],"wp:featuredmedia":[{"embeddable":true,"href":"https:\/\/www.vsv-design.com\/fr\/wp-json\/wp\/v2\/media\/11513"}],"wp:attachment":[{"href":"https:\/\/www.vsv-design.com\/fr\/wp-json\/wp\/v2\/media?parent=11528"}],"wp:term":[{"taxonomy":"product_brand","embeddable":true,"href":"https:\/\/www.vsv-design.com\/fr\/wp-json\/wp\/v2\/product_brand?post=11528"},{"taxonomy":"product_cat","embeddable":true,"href":"https:\/\/www.vsv-design.com\/fr\/wp-json\/wp\/v2\/product_cat?post=11528"},{"taxonomy":"product_tag","embeddable":true,"href":"https:\/\/www.vsv-design.com\/fr\/wp-json\/wp\/v2\/product_tag?post=11528"}],"curies":[{"name":"wp","href":"https:\/\/api.w.org\/{rel}","templated":true}]}}