{"id":11408,"date":"2025-07-15T10:17:46","date_gmt":"2025-07-15T08:17:46","guid":{"rendered":"https:\/\/www.vsv-design.com\/products\/non%20class\u00e9\/leotard-b024\/"},"modified":"2025-07-15T10:20:31","modified_gmt":"2025-07-15T08:20:31","slug":"leotard-b024","status":"publish","type":"product","link":"https:\/\/www.vsv-design.com\/fr\/products\/gymnastique-rythmique\/vetements-gymnastique-rythmique\/leotard-b024\/","title":{"rendered":"Justaucorps de gymnastique rythmique #B024"},"content":{"rendered":"<h5><em><strong>Justaucorps de gymnastique rythmique \u00e9l\u00e9gant et artistique &#8211; Une combinaison parfaite de style et d&rsquo;\u00e9clat !<\/strong><\/em><\/h5>\n<p>Ce magnifique justaucorps \u00e0 l&rsquo;imprim\u00e9 animalier et aux accents bleus est con\u00e7u pour les gymnastes qui aiment impressionner. Fabriqu\u00e9 en tissu extensible, il met en valeur chaque mouvement avec une brillance raffin\u00e9e, tandis que les ornements en cristal rehaussent l&rsquo;effet et ajoutent de l&rsquo;\u00e9clat sur sc\u00e8ne !<\/p>\n<p>&nbsp;<\/p>\n","protected":false},"excerpt":{"rendered":"<p><b><i>Confort et style pour chaque petite gr\u00e2ce !<br \/>\n<\/i><\/b><\/p>\n<ul>\n<li>Livraison rapide!<\/li>\n<li><i>D\u00e9lai de retour de 14 jours!<\/i><\/li>\n<\/ul>\n","protected":false},"featured_media":11401,"comment_status":"open","ping_status":"closed","template":"","meta":{"_acf_changed":false},"product_brand":[],"product_cat":[227],"product_tag":[462],"class_list":{"0":"post-11408","1":"product","2":"type-product","3":"status-publish","4":"has-post-thumbnail","6":"product_cat-vetements-gymnastique-rythmique","7":"product_tag-nouveaux-produits","8":"product_shipping_class-small-dresses-shipping-fr","10":"first","11":"instock","12":"shipping-taxable","13":"purchasable","14":"product-type-variable","swatches":"rey-swatches","show_selected":"rey-swatches--show-selected--name","stretch_labels":"rey-swatches--stretch-labels"},"acf":[],"yoast_head":"<!-- This site is optimized with the Yoast SEO plugin v27.4 - https:\/\/yoast.com\/product\/yoast-seo-wordpress\/ -->\n<title>Justaucorps de gymnastique rythmique #B024 - V\u00eatements pour la gymnastique rythmique - VSV Design<\/title>\n<meta name=\"description\" content=\"Unique mod\u00e8le Justaucorps de gymnastique rythmique #B024 for sale by VSV Design. Un design exclusif et une qualit\u00e9 excellente \u00e0 un prix abordable!\" \/>\n<meta name=\"robots\" content=\"index, follow, max-snippet:-1, max-image-preview:large, max-video-preview:-1\" \/>\n<link rel=\"canonical\" href=\"https:\/\/www.vsv-design.com\/fr\/products\/gymnastique-rythmique\/vetements-gymnastique-rythmique\/leotard-b024\/\" \/>\n<meta property=\"og:locale\" content=\"fr_FR\" \/>\n<meta property=\"og:type\" content=\"article\" \/>\n<meta property=\"og:title\" content=\"Justaucorps de gymnastique rythmique #B024 - V\u00eatements pour la gymnastique rythmique - VSV Design\" \/>\n<meta property=\"og:description\" content=\"Unique mod\u00e8le Justaucorps de gymnastique rythmique #B024 for sale by VSV Design. Un design exclusif et une qualit\u00e9 excellente \u00e0 un prix abordable!\" \/>\n<meta property=\"og:url\" content=\"https:\/\/www.vsv-design.com\/fr\/products\/gymnastique-rythmique\/vetements-gymnastique-rythmique\/leotard-b024\/\" \/>\n<meta property=\"og:site_name\" content=\"VSV Design\" \/>\n<meta property=\"article:publisher\" content=\"https:\/\/www.facebook.com\/VSVDesign\" \/>\n<meta property=\"article:modified_time\" content=\"2025-07-15T08:20:31+00:00\" \/>\n<meta property=\"og:image\" content=\"https:\/\/www.vsv-design.com\/wp-content\/uploads\/2025\/07\/VSV-17-June-012.jpg\" \/>\n\t<meta property=\"og:image:width\" content=\"2048\" \/>\n\t<meta property=\"og:image:height\" content=\"2560\" \/>\n\t<meta property=\"og:image:type\" content=\"image\/jpeg\" \/>\n<meta name=\"twitter:card\" content=\"summary_large_image\" \/>\n<meta name=\"twitter:label1\" content=\"Dur\u00e9e de lecture estim\u00e9e\" \/>\n\t<meta name=\"twitter:data1\" content=\"1 minute\" \/>\n<script type=\"application\/ld+json\" class=\"yoast-schema-graph\">{\"@context\":\"https:\\\/\\\/schema.org\",\"@graph\":[{\"@type\":\"WebPage\",\"@id\":\"https:\\\/\\\/www.vsv-design.com\\\/fr\\\/products\\\/gymnastique-rythmique\\\/vetements-gymnastique-rythmique\\\/leotard-b024\\\/\",\"url\":\"https:\\\/\\\/www.vsv-design.com\\\/fr\\\/products\\\/gymnastique-rythmique\\\/vetements-gymnastique-rythmique\\\/leotard-b024\\\/\",\"name\":\"Justaucorps de gymnastique rythmique #B024 - V\u00eatements pour la gymnastique rythmique - VSV Design\",\"isPartOf\":{\"@id\":\"https:\\\/\\\/www.vsv-design.com\\\/#website\"},\"primaryImageOfPage\":{\"@id\":\"https:\\\/\\\/www.vsv-design.com\\\/fr\\\/products\\\/gymnastique-rythmique\\\/vetements-gymnastique-rythmique\\\/leotard-b024\\\/#primaryimage\"},\"image\":{\"@id\":\"https:\\\/\\\/www.vsv-design.com\\\/fr\\\/products\\\/gymnastique-rythmique\\\/vetements-gymnastique-rythmique\\\/leotard-b024\\\/#primaryimage\"},\"thumbnailUrl\":\"https:\\\/\\\/www.vsv-design.com\\\/wp-content\\\/uploads\\\/2025\\\/07\\\/VSV-17-June-012.jpg\",\"datePublished\":\"2025-07-15T08:17:46+00:00\",\"dateModified\":\"2025-07-15T08:20:31+00:00\",\"description\":\"Unique mod\u00e8le Justaucorps de gymnastique rythmique #B024 for sale by VSV Design. Un design exclusif et une qualit\u00e9 excellente \u00e0 un prix abordable!\",\"breadcrumb\":{\"@id\":\"https:\\\/\\\/www.vsv-design.com\\\/fr\\\/products\\\/gymnastique-rythmique\\\/vetements-gymnastique-rythmique\\\/leotard-b024\\\/#breadcrumb\"},\"inLanguage\":\"fr-FR\",\"potentialAction\":[{\"@type\":\"ReadAction\",\"target\":[\"https:\\\/\\\/www.vsv-design.com\\\/fr\\\/products\\\/gymnastique-rythmique\\\/vetements-gymnastique-rythmique\\\/leotard-b024\\\/\"]}]},{\"@type\":\"ImageObject\",\"inLanguage\":\"fr-FR\",\"@id\":\"https:\\\/\\\/www.vsv-design.com\\\/fr\\\/products\\\/gymnastique-rythmique\\\/vetements-gymnastique-rythmique\\\/leotard-b024\\\/#primaryimage\",\"url\":\"https:\\\/\\\/www.vsv-design.com\\\/wp-content\\\/uploads\\\/2025\\\/07\\\/VSV-17-June-012.jpg\",\"contentUrl\":\"https:\\\/\\\/www.vsv-design.com\\\/wp-content\\\/uploads\\\/2025\\\/07\\\/VSV-17-June-012.jpg\",\"width\":2048,\"height\":2560},{\"@type\":\"BreadcrumbList\",\"@id\":\"https:\\\/\\\/www.vsv-design.com\\\/fr\\\/products\\\/gymnastique-rythmique\\\/vetements-gymnastique-rythmique\\\/leotard-b024\\\/#breadcrumb\",\"itemListElement\":[{\"@type\":\"ListItem\",\"position\":1,\"name\":\"Home\",\"item\":\"https:\\\/\\\/www.vsv-design.com\\\/\"},{\"@type\":\"ListItem\",\"position\":2,\"name\":\"Tous produits\",\"item\":\"https:\\\/\\\/www.vsv-design.com\\\/fr\\\/produits\\\/\"},{\"@type\":\"ListItem\",\"position\":3,\"name\":\"Justaucorps de gymnastique rythmique #B024\"}]},{\"@type\":\"WebSite\",\"@id\":\"https:\\\/\\\/www.vsv-design.com\\\/#website\",\"url\":\"https:\\\/\\\/www.vsv-design.com\\\/\",\"name\":\"VSV Design\",\"description\":\"\",\"publisher\":{\"@id\":\"https:\\\/\\\/www.vsv-design.com\\\/#organization\"},\"potentialAction\":[{\"@type\":\"SearchAction\",\"target\":{\"@type\":\"EntryPoint\",\"urlTemplate\":\"https:\\\/\\\/www.vsv-design.com\\\/?s={search_term_string}\"},\"query-input\":{\"@type\":\"PropertyValueSpecification\",\"valueRequired\":true,\"valueName\":\"search_term_string\"}}],\"inLanguage\":\"fr-FR\"},{\"@type\":\"Organization\",\"@id\":\"https:\\\/\\\/www.vsv-design.com\\\/#organization\",\"name\":\"VSV Design\",\"url\":\"https:\\\/\\\/www.vsv-design.com\\\/\",\"logo\":{\"@type\":\"ImageObject\",\"inLanguage\":\"fr-FR\",\"@id\":\"https:\\\/\\\/www.vsv-design.com\\\/#\\\/schema\\\/logo\\\/image\\\/\",\"url\":\"https:\\\/\\\/www.vsv-design.com\\\/wp-content\\\/uploads\\\/2025\\\/01\\\/cropped-vsv-1.jpg\",\"contentUrl\":\"https:\\\/\\\/www.vsv-design.com\\\/wp-content\\\/uploads\\\/2025\\\/01\\\/cropped-vsv-1.jpg\",\"width\":512,\"height\":512,\"caption\":\"VSV Design\"},\"image\":{\"@id\":\"https:\\\/\\\/www.vsv-design.com\\\/#\\\/schema\\\/logo\\\/image\\\/\"},\"sameAs\":[\"https:\\\/\\\/www.facebook.com\\\/VSVDesign\"]}]}<\/script>\n<!-- \/ Yoast SEO plugin. -->","yoast_head_json":{"title":"Justaucorps de gymnastique rythmique #B024 - V\u00eatements pour la gymnastique rythmique - VSV Design","description":"Unique mod\u00e8le Justaucorps de gymnastique rythmique #B024 for sale by VSV Design. Un design exclusif et une qualit\u00e9 excellente \u00e0 un prix abordable!","robots":{"index":"index","follow":"follow","max-snippet":"max-snippet:-1","max-image-preview":"max-image-preview:large","max-video-preview":"max-video-preview:-1"},"canonical":"https:\/\/www.vsv-design.com\/fr\/products\/gymnastique-rythmique\/vetements-gymnastique-rythmique\/leotard-b024\/","og_locale":"fr_FR","og_type":"article","og_title":"Justaucorps de gymnastique rythmique #B024 - V\u00eatements pour la gymnastique rythmique - VSV Design","og_description":"Unique mod\u00e8le Justaucorps de gymnastique rythmique #B024 for sale by VSV Design. Un design exclusif et une qualit\u00e9 excellente \u00e0 un prix abordable!","og_url":"https:\/\/www.vsv-design.com\/fr\/products\/gymnastique-rythmique\/vetements-gymnastique-rythmique\/leotard-b024\/","og_site_name":"VSV Design","article_publisher":"https:\/\/www.facebook.com\/VSVDesign","article_modified_time":"2025-07-15T08:20:31+00:00","og_image":[{"width":2048,"height":2560,"url":"https:\/\/www.vsv-design.com\/wp-content\/uploads\/2025\/07\/VSV-17-June-012.jpg","type":"image\/jpeg"}],"twitter_card":"summary_large_image","twitter_misc":{"Dur\u00e9e de lecture estim\u00e9e":"1 minute"},"schema":{"@context":"https:\/\/schema.org","@graph":[{"@type":"WebPage","@id":"https:\/\/www.vsv-design.com\/fr\/products\/gymnastique-rythmique\/vetements-gymnastique-rythmique\/leotard-b024\/","url":"https:\/\/www.vsv-design.com\/fr\/products\/gymnastique-rythmique\/vetements-gymnastique-rythmique\/leotard-b024\/","name":"Justaucorps de gymnastique rythmique #B024 - V\u00eatements pour la gymnastique rythmique - VSV Design","isPartOf":{"@id":"https:\/\/www.vsv-design.com\/#website"},"primaryImageOfPage":{"@id":"https:\/\/www.vsv-design.com\/fr\/products\/gymnastique-rythmique\/vetements-gymnastique-rythmique\/leotard-b024\/#primaryimage"},"image":{"@id":"https:\/\/www.vsv-design.com\/fr\/products\/gymnastique-rythmique\/vetements-gymnastique-rythmique\/leotard-b024\/#primaryimage"},"thumbnailUrl":"https:\/\/www.vsv-design.com\/wp-content\/uploads\/2025\/07\/VSV-17-June-012.jpg","datePublished":"2025-07-15T08:17:46+00:00","dateModified":"2025-07-15T08:20:31+00:00","description":"Unique mod\u00e8le Justaucorps de gymnastique rythmique #B024 for sale by VSV Design. Un design exclusif et une qualit\u00e9 excellente \u00e0 un prix abordable!","breadcrumb":{"@id":"https:\/\/www.vsv-design.com\/fr\/products\/gymnastique-rythmique\/vetements-gymnastique-rythmique\/leotard-b024\/#breadcrumb"},"inLanguage":"fr-FR","potentialAction":[{"@type":"ReadAction","target":["https:\/\/www.vsv-design.com\/fr\/products\/gymnastique-rythmique\/vetements-gymnastique-rythmique\/leotard-b024\/"]}]},{"@type":"ImageObject","inLanguage":"fr-FR","@id":"https:\/\/www.vsv-design.com\/fr\/products\/gymnastique-rythmique\/vetements-gymnastique-rythmique\/leotard-b024\/#primaryimage","url":"https:\/\/www.vsv-design.com\/wp-content\/uploads\/2025\/07\/VSV-17-June-012.jpg","contentUrl":"https:\/\/www.vsv-design.com\/wp-content\/uploads\/2025\/07\/VSV-17-June-012.jpg","width":2048,"height":2560},{"@type":"BreadcrumbList","@id":"https:\/\/www.vsv-design.com\/fr\/products\/gymnastique-rythmique\/vetements-gymnastique-rythmique\/leotard-b024\/#breadcrumb","itemListElement":[{"@type":"ListItem","position":1,"name":"Home","item":"https:\/\/www.vsv-design.com\/"},{"@type":"ListItem","position":2,"name":"Tous produits","item":"https:\/\/www.vsv-design.com\/fr\/produits\/"},{"@type":"ListItem","position":3,"name":"Justaucorps de gymnastique rythmique #B024"}]},{"@type":"WebSite","@id":"https:\/\/www.vsv-design.com\/#website","url":"https:\/\/www.vsv-design.com\/","name":"VSV Design","description":"","publisher":{"@id":"https:\/\/www.vsv-design.com\/#organization"},"potentialAction":[{"@type":"SearchAction","target":{"@type":"EntryPoint","urlTemplate":"https:\/\/www.vsv-design.com\/?s={search_term_string}"},"query-input":{"@type":"PropertyValueSpecification","valueRequired":true,"valueName":"search_term_string"}}],"inLanguage":"fr-FR"},{"@type":"Organization","@id":"https:\/\/www.vsv-design.com\/#organization","name":"VSV Design","url":"https:\/\/www.vsv-design.com\/","logo":{"@type":"ImageObject","inLanguage":"fr-FR","@id":"https:\/\/www.vsv-design.com\/#\/schema\/logo\/image\/","url":"https:\/\/www.vsv-design.com\/wp-content\/uploads\/2025\/01\/cropped-vsv-1.jpg","contentUrl":"https:\/\/www.vsv-design.com\/wp-content\/uploads\/2025\/01\/cropped-vsv-1.jpg","width":512,"height":512,"caption":"VSV Design"},"image":{"@id":"https:\/\/www.vsv-design.com\/#\/schema\/logo\/image\/"},"sameAs":["https:\/\/www.facebook.com\/VSVDesign"]}]}},"_links":{"self":[{"href":"https:\/\/www.vsv-design.com\/fr\/wp-json\/wp\/v2\/product\/11408","targetHints":{"allow":["GET"]}}],"collection":[{"href":"https:\/\/www.vsv-design.com\/fr\/wp-json\/wp\/v2\/product"}],"about":[{"href":"https:\/\/www.vsv-design.com\/fr\/wp-json\/wp\/v2\/types\/product"}],"replies":[{"embeddable":true,"href":"https:\/\/www.vsv-design.com\/fr\/wp-json\/wp\/v2\/comments?post=11408"}],"wp:featuredmedia":[{"embeddable":true,"href":"https:\/\/www.vsv-design.com\/fr\/wp-json\/wp\/v2\/media\/11401"}],"wp:attachment":[{"href":"https:\/\/www.vsv-design.com\/fr\/wp-json\/wp\/v2\/media?parent=11408"}],"wp:term":[{"taxonomy":"product_brand","embeddable":true,"href":"https:\/\/www.vsv-design.com\/fr\/wp-json\/wp\/v2\/product_brand?post=11408"},{"taxonomy":"product_cat","embeddable":true,"href":"https:\/\/www.vsv-design.com\/fr\/wp-json\/wp\/v2\/product_cat?post=11408"},{"taxonomy":"product_tag","embeddable":true,"href":"https:\/\/www.vsv-design.com\/fr\/wp-json\/wp\/v2\/product_tag?post=11408"}],"curies":[{"name":"wp","href":"https:\/\/api.w.org\/{rel}","templated":true}]}}