{"id":11284,"date":"2025-07-11T17:00:49","date_gmt":"2025-07-11T15:00:49","guid":{"rendered":"https:\/\/www.vsv-design.com\/products\/non%20class\u00e9\/serena-ballroom-dance-dress\/"},"modified":"2025-07-11T17:11:21","modified_gmt":"2025-07-11T15:11:21","slug":"serena-ballroom-dance-dress","status":"publish","type":"product","link":"https:\/\/www.vsv-design.com\/fr\/products\/danse-sportive\/robe-de-danse-standard\/serena-ballroom-dance-dress\/","title":{"rendered":"Robe de danse standard SERENA"},"content":{"rendered":"<h5 data-start=\"1666\" data-end=\"1990\"><strong data-start=\"1666\" data-end=\"1755\">Faites sensation avec notre magnifique robe de\u00a0 danse standard premium en bleu turquoise profond.<\/strong> Con\u00e7ue pour les danseurs exigeants \u2013 pour se d\u00e9marquer, se sentir puissant et laisser une impression durable. Orn\u00e9e de sublimes d\u00e9corations 3D et de plumes d\u00e9licates, cette robe c\u00e9l\u00e8bre la beaut\u00e9 audacieuse et l\u2019\u00e9l\u00e9gance intemporelle.<\/h5>\n<h5 data-start=\"1992\" data-end=\"2028\">Ce que cette robe vous apporte:<\/h5>\n<p data-start=\"2030\" data-end=\"2335\"><strong data-start=\"2030\" data-end=\"2082\">\u2022 Un Impact Visuel Fort &amp; une Qualit\u00e9 Sup\u00e9rieure<\/strong><br data-start=\"2082\" data-end=\"2085\" \/>Chaque d\u00e9tail est pens\u00e9 pour captiver. De la teinte bleu profond luxueuse aux accents de plumes et textures sculpt\u00e9es, le design respire la sophistication. Les cristaux scintillants captent la lumi\u00e8re en mouvement, vous rendant inoubliable sur sc\u00e8ne.<\/p>\n<p data-start=\"2337\" data-end=\"2603\"><strong data-start=\"2337\" data-end=\"2377\">\u2022 Mouvement Expressif &amp; Gr\u00e2ce Fluide<\/strong><br data-start=\"2377\" data-end=\"2380\" \/>Les plumes et la jupe l\u00e9g\u00e8re suivent chacun de vos pas, amplifiant votre pr\u00e9sence avec un mouvement a\u00e9rien. La robe bouge avec \u00e9motion \u2013 elle vous permet de raconter une histoire \u00e0 chaque tour, chaque souffle, chaque pause.<\/p>\n<p data-start=\"2605\" data-end=\"2905\"><strong data-start=\"2605\" data-end=\"2647\">\u2022 Confort Exceptionnel, Sans Compromis<\/strong><br data-start=\"2647\" data-end=\"2650\" \/>Coup\u00e9e avec pr\u00e9cision pour un ajustement flatteur et s\u00e9curis\u00e9, cette robe offre une libert\u00e9 totale de mouvement tout en conservant une allure \u00e9l\u00e9gante. Que vous dansiez un paso doble passionn\u00e9 ou un foxtrot fluide, vous vous sentirez confiant(e) et libre.<\/p>\n<p data-start=\"2907\" data-end=\"3181\"><strong data-start=\"2907\" data-end=\"2939\">\u2022 Une Allure Professionnelle<\/strong><br data-start=\"2939\" data-end=\"2942\" \/>Audacieuse. Distinctive. \u00c9l\u00e9gante. Cette robe n\u2019est pas qu\u2019un costume \u2013 c\u2019est une affirmation. Parfaite pour les danseurs professionnels qui recherchent un style inimitable et une pr\u00e9sence sc\u00e9nique forte en comp\u00e9tition ou en d\u00e9monstration.<\/p>\n<p data-start=\"3183\" data-end=\"3357\">\ud83d\udce9 N&rsquo;h\u00e9sitez pas \u00e0 nous contacter pour toute question \u2013 notre \u00e9quipe se fera un plaisir de vous aider \u00e0 choisir la taille et la coupe id\u00e9ales pour vos besoins en performance.<\/p>\n<p><strong>\u00a0<\/strong><br \/>\n<iframe title=\"YouTube video player\" src=\"https:\/\/www.youtube.com\/embed\/IGRyoRG_Buw\" width=\"360\" height=\"640\" frameborder=\"0\" allowfullscreen=\"allowfullscreen\"><br \/>\n<\/iframe><\/p>\n","protected":false},"excerpt":{"rendered":"<ul>\n<li><em>Taille: XS<\/em><\/li>\n<li><em>Livraison rapide<\/em><\/li>\n<li><em>Retour facile si la robe ne vous va pas.<\/em><\/li>\n<\/ul>\n","protected":false},"featured_media":11269,"comment_status":"open","ping_status":"closed","template":"","meta":{"_acf_changed":false},"product_brand":[],"product_cat":[199],"product_tag":[],"class_list":{"0":"post-11284","1":"product","2":"type-product","3":"status-publish","4":"has-post-thumbnail","6":"product_cat-robe-de-danse-standard","7":"product_shipping_class-small-dresses-shipping-fr","9":"first","10":"outofstock","11":"shipping-taxable","12":"purchasable","13":"product-type-simple","swatches":"rey-swatches","show_selected":"rey-swatches--show-selected--name","stretch_labels":"rey-swatches--stretch-labels"},"acf":[],"yoast_head":"<!-- This site is optimized with the Yoast SEO plugin v27.4 - https:\/\/yoast.com\/product\/yoast-seo-wordpress\/ -->\n<title>Robe de danse standard SERENA - Robe de danse standard - VSV Design<\/title>\n<meta name=\"description\" content=\"Unique mod\u00e8le Robe de danse standard SERENA for sale by VSV Design. Un design exclusif et une qualit\u00e9 excellente \u00e0 un prix abordable!\" \/>\n<meta name=\"robots\" content=\"index, follow, max-snippet:-1, max-image-preview:large, max-video-preview:-1\" \/>\n<link rel=\"canonical\" href=\"https:\/\/www.vsv-design.com\/fr\/products\/danse-sportive\/robe-de-danse-standard\/serena-ballroom-dance-dress\/\" \/>\n<meta property=\"og:locale\" content=\"fr_FR\" \/>\n<meta property=\"og:type\" content=\"article\" \/>\n<meta property=\"og:title\" content=\"Robe de danse standard SERENA - Robe de danse standard - VSV Design\" \/>\n<meta property=\"og:description\" content=\"Unique mod\u00e8le Robe de danse standard SERENA for sale by VSV Design. Un design exclusif et une qualit\u00e9 excellente \u00e0 un prix abordable!\" \/>\n<meta property=\"og:url\" content=\"https:\/\/www.vsv-design.com\/fr\/products\/danse-sportive\/robe-de-danse-standard\/serena-ballroom-dance-dress\/\" \/>\n<meta property=\"og:site_name\" content=\"VSV Design\" \/>\n<meta property=\"article:publisher\" content=\"https:\/\/www.facebook.com\/VSVDesign\" \/>\n<meta property=\"article:modified_time\" content=\"2025-07-11T15:11:21+00:00\" \/>\n<meta property=\"og:image\" content=\"https:\/\/www.vsv-design.com\/wp-content\/uploads\/2025\/07\/VSV-17-June-303.jpg\" \/>\n\t<meta property=\"og:image:width\" content=\"2048\" \/>\n\t<meta property=\"og:image:height\" content=\"2560\" \/>\n\t<meta property=\"og:image:type\" content=\"image\/jpeg\" \/>\n<meta name=\"twitter:card\" content=\"summary_large_image\" \/>\n<meta name=\"twitter:label1\" content=\"Dur\u00e9e de lecture estim\u00e9e\" \/>\n\t<meta name=\"twitter:data1\" content=\"2 minutes\" \/>\n<script type=\"application\/ld+json\" class=\"yoast-schema-graph\">{\"@context\":\"https:\\\/\\\/schema.org\",\"@graph\":[{\"@type\":\"WebPage\",\"@id\":\"https:\\\/\\\/www.vsv-design.com\\\/fr\\\/products\\\/danse-sportive\\\/robe-de-danse-standard\\\/serena-ballroom-dance-dress\\\/\",\"url\":\"https:\\\/\\\/www.vsv-design.com\\\/fr\\\/products\\\/danse-sportive\\\/robe-de-danse-standard\\\/serena-ballroom-dance-dress\\\/\",\"name\":\"Robe de danse standard SERENA - Robe de danse standard - VSV Design\",\"isPartOf\":{\"@id\":\"https:\\\/\\\/www.vsv-design.com\\\/#website\"},\"primaryImageOfPage\":{\"@id\":\"https:\\\/\\\/www.vsv-design.com\\\/fr\\\/products\\\/danse-sportive\\\/robe-de-danse-standard\\\/serena-ballroom-dance-dress\\\/#primaryimage\"},\"image\":{\"@id\":\"https:\\\/\\\/www.vsv-design.com\\\/fr\\\/products\\\/danse-sportive\\\/robe-de-danse-standard\\\/serena-ballroom-dance-dress\\\/#primaryimage\"},\"thumbnailUrl\":\"https:\\\/\\\/www.vsv-design.com\\\/wp-content\\\/uploads\\\/2025\\\/07\\\/VSV-17-June-303.jpg\",\"datePublished\":\"2025-07-11T15:00:49+00:00\",\"dateModified\":\"2025-07-11T15:11:21+00:00\",\"description\":\"Unique mod\u00e8le Robe de danse standard SERENA for sale by VSV Design. Un design exclusif et une qualit\u00e9 excellente \u00e0 un prix abordable!\",\"breadcrumb\":{\"@id\":\"https:\\\/\\\/www.vsv-design.com\\\/fr\\\/products\\\/danse-sportive\\\/robe-de-danse-standard\\\/serena-ballroom-dance-dress\\\/#breadcrumb\"},\"inLanguage\":\"fr-FR\",\"potentialAction\":[{\"@type\":\"ReadAction\",\"target\":[\"https:\\\/\\\/www.vsv-design.com\\\/fr\\\/products\\\/danse-sportive\\\/robe-de-danse-standard\\\/serena-ballroom-dance-dress\\\/\"]}]},{\"@type\":\"ImageObject\",\"inLanguage\":\"fr-FR\",\"@id\":\"https:\\\/\\\/www.vsv-design.com\\\/fr\\\/products\\\/danse-sportive\\\/robe-de-danse-standard\\\/serena-ballroom-dance-dress\\\/#primaryimage\",\"url\":\"https:\\\/\\\/www.vsv-design.com\\\/wp-content\\\/uploads\\\/2025\\\/07\\\/VSV-17-June-303.jpg\",\"contentUrl\":\"https:\\\/\\\/www.vsv-design.com\\\/wp-content\\\/uploads\\\/2025\\\/07\\\/VSV-17-June-303.jpg\",\"width\":2048,\"height\":2560},{\"@type\":\"BreadcrumbList\",\"@id\":\"https:\\\/\\\/www.vsv-design.com\\\/fr\\\/products\\\/danse-sportive\\\/robe-de-danse-standard\\\/serena-ballroom-dance-dress\\\/#breadcrumb\",\"itemListElement\":[{\"@type\":\"ListItem\",\"position\":1,\"name\":\"Home\",\"item\":\"https:\\\/\\\/www.vsv-design.com\\\/\"},{\"@type\":\"ListItem\",\"position\":2,\"name\":\"Tous produits\",\"item\":\"https:\\\/\\\/www.vsv-design.com\\\/fr\\\/produits\\\/\"},{\"@type\":\"ListItem\",\"position\":3,\"name\":\"Robe de danse standard SERENA\"}]},{\"@type\":\"WebSite\",\"@id\":\"https:\\\/\\\/www.vsv-design.com\\\/#website\",\"url\":\"https:\\\/\\\/www.vsv-design.com\\\/\",\"name\":\"VSV Design\",\"description\":\"\",\"publisher\":{\"@id\":\"https:\\\/\\\/www.vsv-design.com\\\/#organization\"},\"potentialAction\":[{\"@type\":\"SearchAction\",\"target\":{\"@type\":\"EntryPoint\",\"urlTemplate\":\"https:\\\/\\\/www.vsv-design.com\\\/?s={search_term_string}\"},\"query-input\":{\"@type\":\"PropertyValueSpecification\",\"valueRequired\":true,\"valueName\":\"search_term_string\"}}],\"inLanguage\":\"fr-FR\"},{\"@type\":\"Organization\",\"@id\":\"https:\\\/\\\/www.vsv-design.com\\\/#organization\",\"name\":\"VSV Design\",\"url\":\"https:\\\/\\\/www.vsv-design.com\\\/\",\"logo\":{\"@type\":\"ImageObject\",\"inLanguage\":\"fr-FR\",\"@id\":\"https:\\\/\\\/www.vsv-design.com\\\/#\\\/schema\\\/logo\\\/image\\\/\",\"url\":\"https:\\\/\\\/www.vsv-design.com\\\/wp-content\\\/uploads\\\/2025\\\/01\\\/cropped-vsv-1.jpg\",\"contentUrl\":\"https:\\\/\\\/www.vsv-design.com\\\/wp-content\\\/uploads\\\/2025\\\/01\\\/cropped-vsv-1.jpg\",\"width\":512,\"height\":512,\"caption\":\"VSV Design\"},\"image\":{\"@id\":\"https:\\\/\\\/www.vsv-design.com\\\/#\\\/schema\\\/logo\\\/image\\\/\"},\"sameAs\":[\"https:\\\/\\\/www.facebook.com\\\/VSVDesign\"]}]}<\/script>\n<!-- \/ Yoast SEO plugin. -->","yoast_head_json":{"title":"Robe de danse standard SERENA - Robe de danse standard - VSV Design","description":"Unique mod\u00e8le Robe de danse standard SERENA for sale by VSV Design. Un design exclusif et une qualit\u00e9 excellente \u00e0 un prix abordable!","robots":{"index":"index","follow":"follow","max-snippet":"max-snippet:-1","max-image-preview":"max-image-preview:large","max-video-preview":"max-video-preview:-1"},"canonical":"https:\/\/www.vsv-design.com\/fr\/products\/danse-sportive\/robe-de-danse-standard\/serena-ballroom-dance-dress\/","og_locale":"fr_FR","og_type":"article","og_title":"Robe de danse standard SERENA - Robe de danse standard - VSV Design","og_description":"Unique mod\u00e8le Robe de danse standard SERENA for sale by VSV Design. Un design exclusif et une qualit\u00e9 excellente \u00e0 un prix abordable!","og_url":"https:\/\/www.vsv-design.com\/fr\/products\/danse-sportive\/robe-de-danse-standard\/serena-ballroom-dance-dress\/","og_site_name":"VSV Design","article_publisher":"https:\/\/www.facebook.com\/VSVDesign","article_modified_time":"2025-07-11T15:11:21+00:00","og_image":[{"width":2048,"height":2560,"url":"https:\/\/www.vsv-design.com\/wp-content\/uploads\/2025\/07\/VSV-17-June-303.jpg","type":"image\/jpeg"}],"twitter_card":"summary_large_image","twitter_misc":{"Dur\u00e9e de lecture estim\u00e9e":"2 minutes"},"schema":{"@context":"https:\/\/schema.org","@graph":[{"@type":"WebPage","@id":"https:\/\/www.vsv-design.com\/fr\/products\/danse-sportive\/robe-de-danse-standard\/serena-ballroom-dance-dress\/","url":"https:\/\/www.vsv-design.com\/fr\/products\/danse-sportive\/robe-de-danse-standard\/serena-ballroom-dance-dress\/","name":"Robe de danse standard SERENA - Robe de danse standard - VSV Design","isPartOf":{"@id":"https:\/\/www.vsv-design.com\/#website"},"primaryImageOfPage":{"@id":"https:\/\/www.vsv-design.com\/fr\/products\/danse-sportive\/robe-de-danse-standard\/serena-ballroom-dance-dress\/#primaryimage"},"image":{"@id":"https:\/\/www.vsv-design.com\/fr\/products\/danse-sportive\/robe-de-danse-standard\/serena-ballroom-dance-dress\/#primaryimage"},"thumbnailUrl":"https:\/\/www.vsv-design.com\/wp-content\/uploads\/2025\/07\/VSV-17-June-303.jpg","datePublished":"2025-07-11T15:00:49+00:00","dateModified":"2025-07-11T15:11:21+00:00","description":"Unique mod\u00e8le Robe de danse standard SERENA for sale by VSV Design. Un design exclusif et une qualit\u00e9 excellente \u00e0 un prix abordable!","breadcrumb":{"@id":"https:\/\/www.vsv-design.com\/fr\/products\/danse-sportive\/robe-de-danse-standard\/serena-ballroom-dance-dress\/#breadcrumb"},"inLanguage":"fr-FR","potentialAction":[{"@type":"ReadAction","target":["https:\/\/www.vsv-design.com\/fr\/products\/danse-sportive\/robe-de-danse-standard\/serena-ballroom-dance-dress\/"]}]},{"@type":"ImageObject","inLanguage":"fr-FR","@id":"https:\/\/www.vsv-design.com\/fr\/products\/danse-sportive\/robe-de-danse-standard\/serena-ballroom-dance-dress\/#primaryimage","url":"https:\/\/www.vsv-design.com\/wp-content\/uploads\/2025\/07\/VSV-17-June-303.jpg","contentUrl":"https:\/\/www.vsv-design.com\/wp-content\/uploads\/2025\/07\/VSV-17-June-303.jpg","width":2048,"height":2560},{"@type":"BreadcrumbList","@id":"https:\/\/www.vsv-design.com\/fr\/products\/danse-sportive\/robe-de-danse-standard\/serena-ballroom-dance-dress\/#breadcrumb","itemListElement":[{"@type":"ListItem","position":1,"name":"Home","item":"https:\/\/www.vsv-design.com\/"},{"@type":"ListItem","position":2,"name":"Tous produits","item":"https:\/\/www.vsv-design.com\/fr\/produits\/"},{"@type":"ListItem","position":3,"name":"Robe de danse standard SERENA"}]},{"@type":"WebSite","@id":"https:\/\/www.vsv-design.com\/#website","url":"https:\/\/www.vsv-design.com\/","name":"VSV Design","description":"","publisher":{"@id":"https:\/\/www.vsv-design.com\/#organization"},"potentialAction":[{"@type":"SearchAction","target":{"@type":"EntryPoint","urlTemplate":"https:\/\/www.vsv-design.com\/?s={search_term_string}"},"query-input":{"@type":"PropertyValueSpecification","valueRequired":true,"valueName":"search_term_string"}}],"inLanguage":"fr-FR"},{"@type":"Organization","@id":"https:\/\/www.vsv-design.com\/#organization","name":"VSV Design","url":"https:\/\/www.vsv-design.com\/","logo":{"@type":"ImageObject","inLanguage":"fr-FR","@id":"https:\/\/www.vsv-design.com\/#\/schema\/logo\/image\/","url":"https:\/\/www.vsv-design.com\/wp-content\/uploads\/2025\/01\/cropped-vsv-1.jpg","contentUrl":"https:\/\/www.vsv-design.com\/wp-content\/uploads\/2025\/01\/cropped-vsv-1.jpg","width":512,"height":512,"caption":"VSV Design"},"image":{"@id":"https:\/\/www.vsv-design.com\/#\/schema\/logo\/image\/"},"sameAs":["https:\/\/www.facebook.com\/VSVDesign"]}]}},"_links":{"self":[{"href":"https:\/\/www.vsv-design.com\/fr\/wp-json\/wp\/v2\/product\/11284","targetHints":{"allow":["GET"]}}],"collection":[{"href":"https:\/\/www.vsv-design.com\/fr\/wp-json\/wp\/v2\/product"}],"about":[{"href":"https:\/\/www.vsv-design.com\/fr\/wp-json\/wp\/v2\/types\/product"}],"replies":[{"embeddable":true,"href":"https:\/\/www.vsv-design.com\/fr\/wp-json\/wp\/v2\/comments?post=11284"}],"wp:featuredmedia":[{"embeddable":true,"href":"https:\/\/www.vsv-design.com\/fr\/wp-json\/wp\/v2\/media\/11269"}],"wp:attachment":[{"href":"https:\/\/www.vsv-design.com\/fr\/wp-json\/wp\/v2\/media?parent=11284"}],"wp:term":[{"taxonomy":"product_brand","embeddable":true,"href":"https:\/\/www.vsv-design.com\/fr\/wp-json\/wp\/v2\/product_brand?post=11284"},{"taxonomy":"product_cat","embeddable":true,"href":"https:\/\/www.vsv-design.com\/fr\/wp-json\/wp\/v2\/product_cat?post=11284"},{"taxonomy":"product_tag","embeddable":true,"href":"https:\/\/www.vsv-design.com\/fr\/wp-json\/wp\/v2\/product_tag?post=11284"}],"curies":[{"name":"wp","href":"https:\/\/api.w.org\/{rel}","templated":true}]}}