{"id":11263,"date":"2025-07-11T14:59:22","date_gmt":"2025-07-11T12:59:22","guid":{"rendered":"https:\/\/www.vsv-design.com\/products\/non%20class\u00e9\/rayna-ballroom-dance-dress\/"},"modified":"2025-07-11T15:06:10","modified_gmt":"2025-07-11T13:06:10","slug":"rayna-ballroom-dance-dress","status":"publish","type":"product","link":"https:\/\/www.vsv-design.com\/fr\/products\/danse-sportive\/robe-de-danse-standard\/rayna-ballroom-dance-dress\/","title":{"rendered":"Robe de danse standard RAYNA"},"content":{"rendered":"<h5 data-start=\"305\" data-end=\"513\"><em>Magnifique robe de danse standard cr\u00e9\u00e9e pour les danseurs qui appr\u00e9cient l\u2019art, le contraste et une pr\u00e9sence inoubliable. Ce design ne se contente pas d\u2019\u00eatre vu \u2013 il laisse une empreinte.\u00a0<\/em><\/h5>\n<h5 data-start=\"515\" data-end=\"559\"><em><strong data-start=\"519\" data-end=\"559\">Voici ce que cette robe vous offre :<\/strong><\/em><\/h5>\n<p data-start=\"561\" data-end=\"910\"><strong data-start=\"561\" data-end=\"609\">* Qualit\u00e9 haut de gamme<\/strong><br data-start=\"609\" data-end=\"612\" \/>Une base noire profonde sublim\u00e9e par des accents color\u00e9s et audacieux dans une composition qui ne passe pas inaper\u00e7ue. Chaque couture est r\u00e9alis\u00e9e avec une pr\u00e9cision experte. Les cristaux brillants et les d\u00e9tails \u00e9clatants captent la lumi\u00e8re \u00e0 chaque mouvement pour un effet sc\u00e9nique \u00e9poustouflant.<\/p>\n<p data-start=\"912\" data-end=\"1158\"><strong data-start=\"912\" data-end=\"957\">* Mouvement dynamique\u00a0<\/strong><br data-start=\"957\" data-end=\"960\" \/>La jupe, fluide et expressivement coup\u00e9e, accompagne vos pas avec puissance et \u00e9l\u00e9gance. Con\u00e7ue pour valoriser votre technique et vos \u00e9motions, la robe danse avec vous \u2013 intens\u00e9ment et avec passion.<\/p>\n<p data-start=\"1160\" data-end=\"1392\"><strong data-start=\"1160\" data-end=\"1200\">* Confort absolu &amp; confiance totale<\/strong><br data-start=\"1200\" data-end=\"1203\" \/>Malgr\u00e9 son style affirm\u00e9, cette robe assure un confort optimal. Elle \u00e9pouse la silhouette tout en laissant une totale libert\u00e9 de mouvement, pour que vous puissiez danser en toute confiance.<\/p>\n<p data-start=\"1394\" data-end=\"1678\"><strong data-start=\"1394\" data-end=\"1449\">* \u00c9l\u00e9gance distinctive\u00a0<\/strong><br data-start=\"1449\" data-end=\"1452\" \/>Avec son contraste dramatique et ses d\u00e9tails artistiques, cette robe s\u2019adresse aux danseurs qui recherchent plus que la beaut\u00e9 : l\u2019originalit\u00e9, l\u2019\u00e9motion et la personnalit\u00e9. Ce n\u2019est pas juste une robe \u2013 c\u2019est une d\u00e9claration.<\/p>\n<hr data-start=\"1680\" data-end=\"1683\" \/>\n<p data-start=\"1685\" data-end=\"1806\"><em><strong data-start=\"1685\" data-end=\"1806\">N\u2019h\u00e9sitez pas \u00e0 nous contacter pour toute question. Notre \u00e9quipe sera ravie de vous aider \u00e0 choisir la taille id\u00e9ale.<\/strong><\/em><\/p>\n<p><iframe title=\"YouTube video player\" src=\"https:\/\/www.youtube.com\/embed\/3eLZBgu9FhE\" width=\"360\" height=\"640\" frameborder=\"0\" allowfullscreen=\"allowfullscreen\"><br \/>\n<\/iframe><\/p>\n","protected":false},"excerpt":{"rendered":"<ul>\n<li><em>Taille: XS<\/em><\/li>\n<li><em>Livraison rapide<\/em><\/li>\n<li><em>Retour facile si la robe ne vous va pas.<\/em><\/li>\n<\/ul>\n","protected":false},"featured_media":11261,"comment_status":"open","ping_status":"closed","template":"","meta":{"_acf_changed":false},"product_brand":[],"product_cat":[199],"product_tag":[],"class_list":{"0":"post-11263","1":"product","2":"type-product","3":"status-publish","4":"has-post-thumbnail","6":"product_cat-robe-de-danse-standard","7":"product_shipping_class-small-dresses-shipping-fr","9":"first","10":"instock","11":"shipping-taxable","12":"purchasable","13":"product-type-simple","swatches":"rey-swatches","show_selected":"rey-swatches--show-selected--name","stretch_labels":"rey-swatches--stretch-labels"},"acf":[],"yoast_head":"<!-- This site is optimized with the Yoast SEO plugin v27.4 - https:\/\/yoast.com\/product\/yoast-seo-wordpress\/ -->\n<title>Robe de danse standard RAYNA - Robe de danse standard - VSV Design<\/title>\n<meta name=\"description\" content=\"Unique mod\u00e8le Robe de danse standard RAYNA for sale by VSV Design. Un design exclusif et une qualit\u00e9 excellente \u00e0 un prix abordable!\" \/>\n<meta name=\"robots\" content=\"index, follow, max-snippet:-1, max-image-preview:large, max-video-preview:-1\" \/>\n<link rel=\"canonical\" href=\"https:\/\/www.vsv-design.com\/fr\/products\/danse-sportive\/robe-de-danse-standard\/rayna-ballroom-dance-dress\/\" \/>\n<meta property=\"og:locale\" content=\"fr_FR\" \/>\n<meta property=\"og:type\" content=\"article\" \/>\n<meta property=\"og:title\" content=\"Robe de danse standard RAYNA - Robe de danse standard - VSV Design\" \/>\n<meta property=\"og:description\" content=\"Unique mod\u00e8le Robe de danse standard RAYNA for sale by VSV Design. Un design exclusif et une qualit\u00e9 excellente \u00e0 un prix abordable!\" \/>\n<meta property=\"og:url\" content=\"https:\/\/www.vsv-design.com\/fr\/products\/danse-sportive\/robe-de-danse-standard\/rayna-ballroom-dance-dress\/\" \/>\n<meta property=\"og:site_name\" content=\"VSV Design\" \/>\n<meta property=\"article:publisher\" content=\"https:\/\/www.facebook.com\/VSVDesign\" \/>\n<meta property=\"article:modified_time\" content=\"2025-07-11T13:06:10+00:00\" \/>\n<meta property=\"og:image\" content=\"https:\/\/www.vsv-design.com\/wp-content\/uploads\/2025\/07\/VSV-17-June-186.jpg\" \/>\n\t<meta property=\"og:image:width\" content=\"2048\" \/>\n\t<meta property=\"og:image:height\" content=\"2560\" \/>\n\t<meta property=\"og:image:type\" content=\"image\/jpeg\" \/>\n<meta name=\"twitter:card\" content=\"summary_large_image\" \/>\n<meta name=\"twitter:label1\" content=\"Dur\u00e9e de lecture estim\u00e9e\" \/>\n\t<meta name=\"twitter:data1\" content=\"2 minutes\" \/>\n<script type=\"application\/ld+json\" class=\"yoast-schema-graph\">{\"@context\":\"https:\\\/\\\/schema.org\",\"@graph\":[{\"@type\":\"WebPage\",\"@id\":\"https:\\\/\\\/www.vsv-design.com\\\/fr\\\/products\\\/danse-sportive\\\/robe-de-danse-standard\\\/rayna-ballroom-dance-dress\\\/\",\"url\":\"https:\\\/\\\/www.vsv-design.com\\\/fr\\\/products\\\/danse-sportive\\\/robe-de-danse-standard\\\/rayna-ballroom-dance-dress\\\/\",\"name\":\"Robe de danse standard RAYNA - Robe de danse standard - VSV Design\",\"isPartOf\":{\"@id\":\"https:\\\/\\\/www.vsv-design.com\\\/#website\"},\"primaryImageOfPage\":{\"@id\":\"https:\\\/\\\/www.vsv-design.com\\\/fr\\\/products\\\/danse-sportive\\\/robe-de-danse-standard\\\/rayna-ballroom-dance-dress\\\/#primaryimage\"},\"image\":{\"@id\":\"https:\\\/\\\/www.vsv-design.com\\\/fr\\\/products\\\/danse-sportive\\\/robe-de-danse-standard\\\/rayna-ballroom-dance-dress\\\/#primaryimage\"},\"thumbnailUrl\":\"https:\\\/\\\/www.vsv-design.com\\\/wp-content\\\/uploads\\\/2025\\\/07\\\/VSV-17-June-186.jpg\",\"datePublished\":\"2025-07-11T12:59:22+00:00\",\"dateModified\":\"2025-07-11T13:06:10+00:00\",\"description\":\"Unique mod\u00e8le Robe de danse standard RAYNA for sale by VSV Design. Un design exclusif et une qualit\u00e9 excellente \u00e0 un prix abordable!\",\"breadcrumb\":{\"@id\":\"https:\\\/\\\/www.vsv-design.com\\\/fr\\\/products\\\/danse-sportive\\\/robe-de-danse-standard\\\/rayna-ballroom-dance-dress\\\/#breadcrumb\"},\"inLanguage\":\"fr-FR\",\"potentialAction\":[{\"@type\":\"ReadAction\",\"target\":[\"https:\\\/\\\/www.vsv-design.com\\\/fr\\\/products\\\/danse-sportive\\\/robe-de-danse-standard\\\/rayna-ballroom-dance-dress\\\/\"]}]},{\"@type\":\"ImageObject\",\"inLanguage\":\"fr-FR\",\"@id\":\"https:\\\/\\\/www.vsv-design.com\\\/fr\\\/products\\\/danse-sportive\\\/robe-de-danse-standard\\\/rayna-ballroom-dance-dress\\\/#primaryimage\",\"url\":\"https:\\\/\\\/www.vsv-design.com\\\/wp-content\\\/uploads\\\/2025\\\/07\\\/VSV-17-June-186.jpg\",\"contentUrl\":\"https:\\\/\\\/www.vsv-design.com\\\/wp-content\\\/uploads\\\/2025\\\/07\\\/VSV-17-June-186.jpg\",\"width\":2048,\"height\":2560},{\"@type\":\"BreadcrumbList\",\"@id\":\"https:\\\/\\\/www.vsv-design.com\\\/fr\\\/products\\\/danse-sportive\\\/robe-de-danse-standard\\\/rayna-ballroom-dance-dress\\\/#breadcrumb\",\"itemListElement\":[{\"@type\":\"ListItem\",\"position\":1,\"name\":\"Home\",\"item\":\"https:\\\/\\\/www.vsv-design.com\\\/\"},{\"@type\":\"ListItem\",\"position\":2,\"name\":\"Tous produits\",\"item\":\"https:\\\/\\\/www.vsv-design.com\\\/fr\\\/produits\\\/\"},{\"@type\":\"ListItem\",\"position\":3,\"name\":\"Robe de danse standard RAYNA\"}]},{\"@type\":\"WebSite\",\"@id\":\"https:\\\/\\\/www.vsv-design.com\\\/#website\",\"url\":\"https:\\\/\\\/www.vsv-design.com\\\/\",\"name\":\"VSV Design\",\"description\":\"\",\"publisher\":{\"@id\":\"https:\\\/\\\/www.vsv-design.com\\\/#organization\"},\"potentialAction\":[{\"@type\":\"SearchAction\",\"target\":{\"@type\":\"EntryPoint\",\"urlTemplate\":\"https:\\\/\\\/www.vsv-design.com\\\/?s={search_term_string}\"},\"query-input\":{\"@type\":\"PropertyValueSpecification\",\"valueRequired\":true,\"valueName\":\"search_term_string\"}}],\"inLanguage\":\"fr-FR\"},{\"@type\":\"Organization\",\"@id\":\"https:\\\/\\\/www.vsv-design.com\\\/#organization\",\"name\":\"VSV Design\",\"url\":\"https:\\\/\\\/www.vsv-design.com\\\/\",\"logo\":{\"@type\":\"ImageObject\",\"inLanguage\":\"fr-FR\",\"@id\":\"https:\\\/\\\/www.vsv-design.com\\\/#\\\/schema\\\/logo\\\/image\\\/\",\"url\":\"https:\\\/\\\/www.vsv-design.com\\\/wp-content\\\/uploads\\\/2025\\\/01\\\/cropped-vsv-1.jpg\",\"contentUrl\":\"https:\\\/\\\/www.vsv-design.com\\\/wp-content\\\/uploads\\\/2025\\\/01\\\/cropped-vsv-1.jpg\",\"width\":512,\"height\":512,\"caption\":\"VSV Design\"},\"image\":{\"@id\":\"https:\\\/\\\/www.vsv-design.com\\\/#\\\/schema\\\/logo\\\/image\\\/\"},\"sameAs\":[\"https:\\\/\\\/www.facebook.com\\\/VSVDesign\"]}]}<\/script>\n<!-- \/ Yoast SEO plugin. -->","yoast_head_json":{"title":"Robe de danse standard RAYNA - Robe de danse standard - VSV Design","description":"Unique mod\u00e8le Robe de danse standard RAYNA for sale by VSV Design. Un design exclusif et une qualit\u00e9 excellente \u00e0 un prix abordable!","robots":{"index":"index","follow":"follow","max-snippet":"max-snippet:-1","max-image-preview":"max-image-preview:large","max-video-preview":"max-video-preview:-1"},"canonical":"https:\/\/www.vsv-design.com\/fr\/products\/danse-sportive\/robe-de-danse-standard\/rayna-ballroom-dance-dress\/","og_locale":"fr_FR","og_type":"article","og_title":"Robe de danse standard RAYNA - Robe de danse standard - VSV Design","og_description":"Unique mod\u00e8le Robe de danse standard RAYNA for sale by VSV Design. Un design exclusif et une qualit\u00e9 excellente \u00e0 un prix abordable!","og_url":"https:\/\/www.vsv-design.com\/fr\/products\/danse-sportive\/robe-de-danse-standard\/rayna-ballroom-dance-dress\/","og_site_name":"VSV Design","article_publisher":"https:\/\/www.facebook.com\/VSVDesign","article_modified_time":"2025-07-11T13:06:10+00:00","og_image":[{"width":2048,"height":2560,"url":"https:\/\/www.vsv-design.com\/wp-content\/uploads\/2025\/07\/VSV-17-June-186.jpg","type":"image\/jpeg"}],"twitter_card":"summary_large_image","twitter_misc":{"Dur\u00e9e de lecture estim\u00e9e":"2 minutes"},"schema":{"@context":"https:\/\/schema.org","@graph":[{"@type":"WebPage","@id":"https:\/\/www.vsv-design.com\/fr\/products\/danse-sportive\/robe-de-danse-standard\/rayna-ballroom-dance-dress\/","url":"https:\/\/www.vsv-design.com\/fr\/products\/danse-sportive\/robe-de-danse-standard\/rayna-ballroom-dance-dress\/","name":"Robe de danse standard RAYNA - Robe de danse standard - VSV Design","isPartOf":{"@id":"https:\/\/www.vsv-design.com\/#website"},"primaryImageOfPage":{"@id":"https:\/\/www.vsv-design.com\/fr\/products\/danse-sportive\/robe-de-danse-standard\/rayna-ballroom-dance-dress\/#primaryimage"},"image":{"@id":"https:\/\/www.vsv-design.com\/fr\/products\/danse-sportive\/robe-de-danse-standard\/rayna-ballroom-dance-dress\/#primaryimage"},"thumbnailUrl":"https:\/\/www.vsv-design.com\/wp-content\/uploads\/2025\/07\/VSV-17-June-186.jpg","datePublished":"2025-07-11T12:59:22+00:00","dateModified":"2025-07-11T13:06:10+00:00","description":"Unique mod\u00e8le Robe de danse standard RAYNA for sale by VSV Design. Un design exclusif et une qualit\u00e9 excellente \u00e0 un prix abordable!","breadcrumb":{"@id":"https:\/\/www.vsv-design.com\/fr\/products\/danse-sportive\/robe-de-danse-standard\/rayna-ballroom-dance-dress\/#breadcrumb"},"inLanguage":"fr-FR","potentialAction":[{"@type":"ReadAction","target":["https:\/\/www.vsv-design.com\/fr\/products\/danse-sportive\/robe-de-danse-standard\/rayna-ballroom-dance-dress\/"]}]},{"@type":"ImageObject","inLanguage":"fr-FR","@id":"https:\/\/www.vsv-design.com\/fr\/products\/danse-sportive\/robe-de-danse-standard\/rayna-ballroom-dance-dress\/#primaryimage","url":"https:\/\/www.vsv-design.com\/wp-content\/uploads\/2025\/07\/VSV-17-June-186.jpg","contentUrl":"https:\/\/www.vsv-design.com\/wp-content\/uploads\/2025\/07\/VSV-17-June-186.jpg","width":2048,"height":2560},{"@type":"BreadcrumbList","@id":"https:\/\/www.vsv-design.com\/fr\/products\/danse-sportive\/robe-de-danse-standard\/rayna-ballroom-dance-dress\/#breadcrumb","itemListElement":[{"@type":"ListItem","position":1,"name":"Home","item":"https:\/\/www.vsv-design.com\/"},{"@type":"ListItem","position":2,"name":"Tous produits","item":"https:\/\/www.vsv-design.com\/fr\/produits\/"},{"@type":"ListItem","position":3,"name":"Robe de danse standard RAYNA"}]},{"@type":"WebSite","@id":"https:\/\/www.vsv-design.com\/#website","url":"https:\/\/www.vsv-design.com\/","name":"VSV Design","description":"","publisher":{"@id":"https:\/\/www.vsv-design.com\/#organization"},"potentialAction":[{"@type":"SearchAction","target":{"@type":"EntryPoint","urlTemplate":"https:\/\/www.vsv-design.com\/?s={search_term_string}"},"query-input":{"@type":"PropertyValueSpecification","valueRequired":true,"valueName":"search_term_string"}}],"inLanguage":"fr-FR"},{"@type":"Organization","@id":"https:\/\/www.vsv-design.com\/#organization","name":"VSV Design","url":"https:\/\/www.vsv-design.com\/","logo":{"@type":"ImageObject","inLanguage":"fr-FR","@id":"https:\/\/www.vsv-design.com\/#\/schema\/logo\/image\/","url":"https:\/\/www.vsv-design.com\/wp-content\/uploads\/2025\/01\/cropped-vsv-1.jpg","contentUrl":"https:\/\/www.vsv-design.com\/wp-content\/uploads\/2025\/01\/cropped-vsv-1.jpg","width":512,"height":512,"caption":"VSV Design"},"image":{"@id":"https:\/\/www.vsv-design.com\/#\/schema\/logo\/image\/"},"sameAs":["https:\/\/www.facebook.com\/VSVDesign"]}]}},"_links":{"self":[{"href":"https:\/\/www.vsv-design.com\/fr\/wp-json\/wp\/v2\/product\/11263","targetHints":{"allow":["GET"]}}],"collection":[{"href":"https:\/\/www.vsv-design.com\/fr\/wp-json\/wp\/v2\/product"}],"about":[{"href":"https:\/\/www.vsv-design.com\/fr\/wp-json\/wp\/v2\/types\/product"}],"replies":[{"embeddable":true,"href":"https:\/\/www.vsv-design.com\/fr\/wp-json\/wp\/v2\/comments?post=11263"}],"wp:featuredmedia":[{"embeddable":true,"href":"https:\/\/www.vsv-design.com\/fr\/wp-json\/wp\/v2\/media\/11261"}],"wp:attachment":[{"href":"https:\/\/www.vsv-design.com\/fr\/wp-json\/wp\/v2\/media?parent=11263"}],"wp:term":[{"taxonomy":"product_brand","embeddable":true,"href":"https:\/\/www.vsv-design.com\/fr\/wp-json\/wp\/v2\/product_brand?post=11263"},{"taxonomy":"product_cat","embeddable":true,"href":"https:\/\/www.vsv-design.com\/fr\/wp-json\/wp\/v2\/product_cat?post=11263"},{"taxonomy":"product_tag","embeddable":true,"href":"https:\/\/www.vsv-design.com\/fr\/wp-json\/wp\/v2\/product_tag?post=11263"}],"curies":[{"name":"wp","href":"https:\/\/api.w.org\/{rel}","templated":true}]}}