{"id":11237,"date":"2025-07-10T13:06:12","date_gmt":"2025-07-10T11:06:12","guid":{"rendered":"https:\/\/www.vsv-design.com\/products\/non%20class\u00e9\/charlote-ballroom-dance-dress\/"},"modified":"2025-07-11T14:41:50","modified_gmt":"2025-07-11T12:41:50","slug":"charlote-ballroom-dance-dress","status":"publish","type":"product","link":"https:\/\/www.vsv-design.com\/fr\/products\/danse-sportive\/robe-de-danse-standard\/charlote-ballroom-dance-dress\/","title":{"rendered":"Robe de danse standard CHARLOTTE"},"content":{"rendered":"<h5 data-start=\"1418\" data-end=\"1705\"><em>Conqu\u00e9rez la sc\u00e8ne et laissez une impression inoubliable avec notre robe de danse standard haut de gamme.<\/em><br data-start=\"1527\" data-end=\"1530\" \/><em>Con\u00e7ue pour les danseurs exigeants \u2013 ceux qui veulent se d\u00e9marquer, se sentir extraordinaires et captiver chaque public. Choisissez la perfection. Ma\u00eetrisez la piste de danse!<\/em><\/h5>\n<p data-start=\"1707\" data-end=\"1747\"><em><strong data-start=\"1707\" data-end=\"1747\">Voici ce que cette robe vous offre :<\/strong><\/em><\/p>\n<p data-start=\"1749\" data-end=\"2112\"><strong data-start=\"1749\" data-end=\"1791\">* Visuel \u00c9blouissant &amp; Qualit\u00e9 Premium<\/strong><br data-start=\"1791\" data-end=\"1794\" \/>Plongez dans un luxe qui bouge avec vous. Chaque couture et chaque courbe sont r\u00e9alis\u00e9es avec pr\u00e9cision pour garantir une qualit\u00e9 irr\u00e9prochable et une durabilit\u00e9 exceptionnelle. Orn\u00e9e d&rsquo;innombrables cristaux scintillants, cette robe capte la lumi\u00e8re \u00e0 chaque mouvement, vous pla\u00e7ant au centre de toutes les attentions.<\/p>\n<p data-start=\"2114\" data-end=\"2383\"><strong data-start=\"2114\" data-end=\"2150\">* Mouvement \u00e0 Couper le Souffle<\/strong><br data-start=\"2150\" data-end=\"2153\" \/>La jupe, sp\u00e9cialement con\u00e7ue, sublime vos mouvements, cr\u00e9ant une fluidit\u00e9 spectaculaire et une pr\u00e9sence sc\u00e9nique inoubliable. Laissez la robe danser avec vous, amplifiant l&rsquo;\u00e9motion et l&rsquo;expression artistique de chaque performance.<\/p>\n<p data-start=\"2385\" data-end=\"2626\"><strong data-start=\"2385\" data-end=\"2426\">* Confort In\u00e9gal\u00e9 &amp; Confiance Totale<\/strong><br data-start=\"2426\" data-end=\"2429\" \/>Coup\u00e9e sur mesure pour un ajustement parfait, cette robe offre un confort optimal sans limiter vos mouvements. Ressentez la libert\u00e9, respirez la confiance \u2013 du premier pas jusqu&rsquo;\u00e0 la derni\u00e8re pose.<\/p>\n<p data-start=\"2628\" data-end=\"2876\"><strong data-start=\"2628\" data-end=\"2677\">* \u00c9l\u00e9gance Professionnelle &amp; Impact Sc\u00e9nique<\/strong><br data-start=\"2677\" data-end=\"2680\" \/>Avec son design raffin\u00e9 et sa confection exceptionnelle, cette robe vous donne un v\u00e9ritable avantage \u2013 vous aidant non seulement \u00e0 avoir l\u2019allure d\u2019un professionnel, mais aussi \u00e0 danser comme tel.<\/p>\n<p><strong><em>\/Vous pouvez nous contacter \u00e0 tout moment pour toute question. Notre \u00e9quipe se fera un plaisir de vous accompagner dans le choix de la bonne taille.\/<\/em><\/strong><\/p>\n<p><iframe title=\"YouTube video player\" src=\"https:\/\/www.youtube.com\/embed\/jMsJZ4Dvi70\" width=\"360\" height=\"640\" frameborder=\"0\" allowfullscreen=\"allowfullscreen\"><br \/>\n<\/iframe><\/p>\n","protected":false},"excerpt":{"rendered":"<ul>\n<li><em>Taille: XS<\/em><\/li>\n<li><em>Livraison rapide<\/em><\/li>\n<li><em>Retour facile si la robe ne vous va pas.<\/em><\/li>\n<\/ul>\n","protected":false},"featured_media":11223,"comment_status":"open","ping_status":"closed","template":"","meta":{"_acf_changed":false},"product_brand":[],"product_cat":[199],"product_tag":[],"class_list":{"0":"post-11237","1":"product","2":"type-product","3":"status-publish","4":"has-post-thumbnail","6":"product_cat-robe-de-danse-standard","7":"product_shipping_class-small-dresses-shipping-fr","9":"first","10":"outofstock","11":"shipping-taxable","12":"purchasable","13":"product-type-simple","swatches":"rey-swatches","show_selected":"rey-swatches--show-selected--name","stretch_labels":"rey-swatches--stretch-labels"},"acf":[],"yoast_head":"<!-- This site is optimized with the Yoast SEO plugin v27.4 - https:\/\/yoast.com\/product\/yoast-seo-wordpress\/ -->\n<title>Robe de danse standard CHARLOTTE - Robe de danse standard - VSV Design<\/title>\n<meta name=\"description\" content=\"Unique mod\u00e8le Robe de danse standard CHARLOTTE for sale by VSV Design. Un design exclusif et une qualit\u00e9 excellente \u00e0 un prix abordable!\" \/>\n<meta name=\"robots\" content=\"index, follow, max-snippet:-1, max-image-preview:large, max-video-preview:-1\" \/>\n<link rel=\"canonical\" href=\"https:\/\/www.vsv-design.com\/fr\/products\/danse-sportive\/robe-de-danse-standard\/charlote-ballroom-dance-dress\/\" \/>\n<meta property=\"og:locale\" content=\"fr_FR\" \/>\n<meta property=\"og:type\" content=\"article\" \/>\n<meta property=\"og:title\" content=\"Robe de danse standard CHARLOTTE - Robe de danse standard - VSV Design\" \/>\n<meta property=\"og:description\" content=\"Unique mod\u00e8le Robe de danse standard CHARLOTTE for sale by VSV Design. Un design exclusif et une qualit\u00e9 excellente \u00e0 un prix abordable!\" \/>\n<meta property=\"og:url\" content=\"https:\/\/www.vsv-design.com\/fr\/products\/danse-sportive\/robe-de-danse-standard\/charlote-ballroom-dance-dress\/\" \/>\n<meta property=\"og:site_name\" content=\"VSV Design\" \/>\n<meta property=\"article:publisher\" content=\"https:\/\/www.facebook.com\/VSVDesign\" \/>\n<meta property=\"article:modified_time\" content=\"2025-07-11T12:41:50+00:00\" \/>\n<meta property=\"og:image\" content=\"https:\/\/www.vsv-design.com\/wp-content\/uploads\/2025\/07\/VSV-17-June-146.jpg\" \/>\n\t<meta property=\"og:image:width\" content=\"2048\" \/>\n\t<meta property=\"og:image:height\" content=\"2560\" \/>\n\t<meta property=\"og:image:type\" content=\"image\/jpeg\" \/>\n<meta name=\"twitter:card\" content=\"summary_large_image\" \/>\n<meta name=\"twitter:label1\" content=\"Dur\u00e9e de lecture estim\u00e9e\" \/>\n\t<meta name=\"twitter:data1\" content=\"2 minutes\" \/>\n<script type=\"application\/ld+json\" class=\"yoast-schema-graph\">{\"@context\":\"https:\\\/\\\/schema.org\",\"@graph\":[{\"@type\":\"WebPage\",\"@id\":\"https:\\\/\\\/www.vsv-design.com\\\/fr\\\/products\\\/danse-sportive\\\/robe-de-danse-standard\\\/charlote-ballroom-dance-dress\\\/\",\"url\":\"https:\\\/\\\/www.vsv-design.com\\\/fr\\\/products\\\/danse-sportive\\\/robe-de-danse-standard\\\/charlote-ballroom-dance-dress\\\/\",\"name\":\"Robe de danse standard CHARLOTTE - Robe de danse standard - VSV Design\",\"isPartOf\":{\"@id\":\"https:\\\/\\\/www.vsv-design.com\\\/#website\"},\"primaryImageOfPage\":{\"@id\":\"https:\\\/\\\/www.vsv-design.com\\\/fr\\\/products\\\/danse-sportive\\\/robe-de-danse-standard\\\/charlote-ballroom-dance-dress\\\/#primaryimage\"},\"image\":{\"@id\":\"https:\\\/\\\/www.vsv-design.com\\\/fr\\\/products\\\/danse-sportive\\\/robe-de-danse-standard\\\/charlote-ballroom-dance-dress\\\/#primaryimage\"},\"thumbnailUrl\":\"https:\\\/\\\/www.vsv-design.com\\\/wp-content\\\/uploads\\\/2025\\\/07\\\/VSV-17-June-146.jpg\",\"datePublished\":\"2025-07-10T11:06:12+00:00\",\"dateModified\":\"2025-07-11T12:41:50+00:00\",\"description\":\"Unique mod\u00e8le Robe de danse standard CHARLOTTE for sale by VSV Design. Un design exclusif et une qualit\u00e9 excellente \u00e0 un prix abordable!\",\"breadcrumb\":{\"@id\":\"https:\\\/\\\/www.vsv-design.com\\\/fr\\\/products\\\/danse-sportive\\\/robe-de-danse-standard\\\/charlote-ballroom-dance-dress\\\/#breadcrumb\"},\"inLanguage\":\"fr-FR\",\"potentialAction\":[{\"@type\":\"ReadAction\",\"target\":[\"https:\\\/\\\/www.vsv-design.com\\\/fr\\\/products\\\/danse-sportive\\\/robe-de-danse-standard\\\/charlote-ballroom-dance-dress\\\/\"]}]},{\"@type\":\"ImageObject\",\"inLanguage\":\"fr-FR\",\"@id\":\"https:\\\/\\\/www.vsv-design.com\\\/fr\\\/products\\\/danse-sportive\\\/robe-de-danse-standard\\\/charlote-ballroom-dance-dress\\\/#primaryimage\",\"url\":\"https:\\\/\\\/www.vsv-design.com\\\/wp-content\\\/uploads\\\/2025\\\/07\\\/VSV-17-June-146.jpg\",\"contentUrl\":\"https:\\\/\\\/www.vsv-design.com\\\/wp-content\\\/uploads\\\/2025\\\/07\\\/VSV-17-June-146.jpg\",\"width\":2048,\"height\":2560},{\"@type\":\"BreadcrumbList\",\"@id\":\"https:\\\/\\\/www.vsv-design.com\\\/fr\\\/products\\\/danse-sportive\\\/robe-de-danse-standard\\\/charlote-ballroom-dance-dress\\\/#breadcrumb\",\"itemListElement\":[{\"@type\":\"ListItem\",\"position\":1,\"name\":\"Home\",\"item\":\"https:\\\/\\\/www.vsv-design.com\\\/\"},{\"@type\":\"ListItem\",\"position\":2,\"name\":\"Tous produits\",\"item\":\"https:\\\/\\\/www.vsv-design.com\\\/fr\\\/produits\\\/\"},{\"@type\":\"ListItem\",\"position\":3,\"name\":\"Robe de danse standard CHARLOTTE\"}]},{\"@type\":\"WebSite\",\"@id\":\"https:\\\/\\\/www.vsv-design.com\\\/#website\",\"url\":\"https:\\\/\\\/www.vsv-design.com\\\/\",\"name\":\"VSV Design\",\"description\":\"\",\"publisher\":{\"@id\":\"https:\\\/\\\/www.vsv-design.com\\\/#organization\"},\"potentialAction\":[{\"@type\":\"SearchAction\",\"target\":{\"@type\":\"EntryPoint\",\"urlTemplate\":\"https:\\\/\\\/www.vsv-design.com\\\/?s={search_term_string}\"},\"query-input\":{\"@type\":\"PropertyValueSpecification\",\"valueRequired\":true,\"valueName\":\"search_term_string\"}}],\"inLanguage\":\"fr-FR\"},{\"@type\":\"Organization\",\"@id\":\"https:\\\/\\\/www.vsv-design.com\\\/#organization\",\"name\":\"VSV Design\",\"url\":\"https:\\\/\\\/www.vsv-design.com\\\/\",\"logo\":{\"@type\":\"ImageObject\",\"inLanguage\":\"fr-FR\",\"@id\":\"https:\\\/\\\/www.vsv-design.com\\\/#\\\/schema\\\/logo\\\/image\\\/\",\"url\":\"https:\\\/\\\/www.vsv-design.com\\\/wp-content\\\/uploads\\\/2025\\\/01\\\/cropped-vsv-1.jpg\",\"contentUrl\":\"https:\\\/\\\/www.vsv-design.com\\\/wp-content\\\/uploads\\\/2025\\\/01\\\/cropped-vsv-1.jpg\",\"width\":512,\"height\":512,\"caption\":\"VSV Design\"},\"image\":{\"@id\":\"https:\\\/\\\/www.vsv-design.com\\\/#\\\/schema\\\/logo\\\/image\\\/\"},\"sameAs\":[\"https:\\\/\\\/www.facebook.com\\\/VSVDesign\"]}]}<\/script>\n<!-- \/ Yoast SEO plugin. -->","yoast_head_json":{"title":"Robe de danse standard CHARLOTTE - Robe de danse standard - VSV Design","description":"Unique mod\u00e8le Robe de danse standard CHARLOTTE for sale by VSV Design. Un design exclusif et une qualit\u00e9 excellente \u00e0 un prix abordable!","robots":{"index":"index","follow":"follow","max-snippet":"max-snippet:-1","max-image-preview":"max-image-preview:large","max-video-preview":"max-video-preview:-1"},"canonical":"https:\/\/www.vsv-design.com\/fr\/products\/danse-sportive\/robe-de-danse-standard\/charlote-ballroom-dance-dress\/","og_locale":"fr_FR","og_type":"article","og_title":"Robe de danse standard CHARLOTTE - Robe de danse standard - VSV Design","og_description":"Unique mod\u00e8le Robe de danse standard CHARLOTTE for sale by VSV Design. Un design exclusif et une qualit\u00e9 excellente \u00e0 un prix abordable!","og_url":"https:\/\/www.vsv-design.com\/fr\/products\/danse-sportive\/robe-de-danse-standard\/charlote-ballroom-dance-dress\/","og_site_name":"VSV Design","article_publisher":"https:\/\/www.facebook.com\/VSVDesign","article_modified_time":"2025-07-11T12:41:50+00:00","og_image":[{"width":2048,"height":2560,"url":"https:\/\/www.vsv-design.com\/wp-content\/uploads\/2025\/07\/VSV-17-June-146.jpg","type":"image\/jpeg"}],"twitter_card":"summary_large_image","twitter_misc":{"Dur\u00e9e de lecture estim\u00e9e":"2 minutes"},"schema":{"@context":"https:\/\/schema.org","@graph":[{"@type":"WebPage","@id":"https:\/\/www.vsv-design.com\/fr\/products\/danse-sportive\/robe-de-danse-standard\/charlote-ballroom-dance-dress\/","url":"https:\/\/www.vsv-design.com\/fr\/products\/danse-sportive\/robe-de-danse-standard\/charlote-ballroom-dance-dress\/","name":"Robe de danse standard CHARLOTTE - Robe de danse standard - VSV Design","isPartOf":{"@id":"https:\/\/www.vsv-design.com\/#website"},"primaryImageOfPage":{"@id":"https:\/\/www.vsv-design.com\/fr\/products\/danse-sportive\/robe-de-danse-standard\/charlote-ballroom-dance-dress\/#primaryimage"},"image":{"@id":"https:\/\/www.vsv-design.com\/fr\/products\/danse-sportive\/robe-de-danse-standard\/charlote-ballroom-dance-dress\/#primaryimage"},"thumbnailUrl":"https:\/\/www.vsv-design.com\/wp-content\/uploads\/2025\/07\/VSV-17-June-146.jpg","datePublished":"2025-07-10T11:06:12+00:00","dateModified":"2025-07-11T12:41:50+00:00","description":"Unique mod\u00e8le Robe de danse standard CHARLOTTE for sale by VSV Design. Un design exclusif et une qualit\u00e9 excellente \u00e0 un prix abordable!","breadcrumb":{"@id":"https:\/\/www.vsv-design.com\/fr\/products\/danse-sportive\/robe-de-danse-standard\/charlote-ballroom-dance-dress\/#breadcrumb"},"inLanguage":"fr-FR","potentialAction":[{"@type":"ReadAction","target":["https:\/\/www.vsv-design.com\/fr\/products\/danse-sportive\/robe-de-danse-standard\/charlote-ballroom-dance-dress\/"]}]},{"@type":"ImageObject","inLanguage":"fr-FR","@id":"https:\/\/www.vsv-design.com\/fr\/products\/danse-sportive\/robe-de-danse-standard\/charlote-ballroom-dance-dress\/#primaryimage","url":"https:\/\/www.vsv-design.com\/wp-content\/uploads\/2025\/07\/VSV-17-June-146.jpg","contentUrl":"https:\/\/www.vsv-design.com\/wp-content\/uploads\/2025\/07\/VSV-17-June-146.jpg","width":2048,"height":2560},{"@type":"BreadcrumbList","@id":"https:\/\/www.vsv-design.com\/fr\/products\/danse-sportive\/robe-de-danse-standard\/charlote-ballroom-dance-dress\/#breadcrumb","itemListElement":[{"@type":"ListItem","position":1,"name":"Home","item":"https:\/\/www.vsv-design.com\/"},{"@type":"ListItem","position":2,"name":"Tous produits","item":"https:\/\/www.vsv-design.com\/fr\/produits\/"},{"@type":"ListItem","position":3,"name":"Robe de danse standard CHARLOTTE"}]},{"@type":"WebSite","@id":"https:\/\/www.vsv-design.com\/#website","url":"https:\/\/www.vsv-design.com\/","name":"VSV Design","description":"","publisher":{"@id":"https:\/\/www.vsv-design.com\/#organization"},"potentialAction":[{"@type":"SearchAction","target":{"@type":"EntryPoint","urlTemplate":"https:\/\/www.vsv-design.com\/?s={search_term_string}"},"query-input":{"@type":"PropertyValueSpecification","valueRequired":true,"valueName":"search_term_string"}}],"inLanguage":"fr-FR"},{"@type":"Organization","@id":"https:\/\/www.vsv-design.com\/#organization","name":"VSV Design","url":"https:\/\/www.vsv-design.com\/","logo":{"@type":"ImageObject","inLanguage":"fr-FR","@id":"https:\/\/www.vsv-design.com\/#\/schema\/logo\/image\/","url":"https:\/\/www.vsv-design.com\/wp-content\/uploads\/2025\/01\/cropped-vsv-1.jpg","contentUrl":"https:\/\/www.vsv-design.com\/wp-content\/uploads\/2025\/01\/cropped-vsv-1.jpg","width":512,"height":512,"caption":"VSV Design"},"image":{"@id":"https:\/\/www.vsv-design.com\/#\/schema\/logo\/image\/"},"sameAs":["https:\/\/www.facebook.com\/VSVDesign"]}]}},"_links":{"self":[{"href":"https:\/\/www.vsv-design.com\/fr\/wp-json\/wp\/v2\/product\/11237","targetHints":{"allow":["GET"]}}],"collection":[{"href":"https:\/\/www.vsv-design.com\/fr\/wp-json\/wp\/v2\/product"}],"about":[{"href":"https:\/\/www.vsv-design.com\/fr\/wp-json\/wp\/v2\/types\/product"}],"replies":[{"embeddable":true,"href":"https:\/\/www.vsv-design.com\/fr\/wp-json\/wp\/v2\/comments?post=11237"}],"wp:featuredmedia":[{"embeddable":true,"href":"https:\/\/www.vsv-design.com\/fr\/wp-json\/wp\/v2\/media\/11223"}],"wp:attachment":[{"href":"https:\/\/www.vsv-design.com\/fr\/wp-json\/wp\/v2\/media?parent=11237"}],"wp:term":[{"taxonomy":"product_brand","embeddable":true,"href":"https:\/\/www.vsv-design.com\/fr\/wp-json\/wp\/v2\/product_brand?post=11237"},{"taxonomy":"product_cat","embeddable":true,"href":"https:\/\/www.vsv-design.com\/fr\/wp-json\/wp\/v2\/product_cat?post=11237"},{"taxonomy":"product_tag","embeddable":true,"href":"https:\/\/www.vsv-design.com\/fr\/wp-json\/wp\/v2\/product_tag?post=11237"}],"curies":[{"name":"wp","href":"https:\/\/api.w.org\/{rel}","templated":true}]}}