{"id":10269,"date":"2025-05-24T08:31:02","date_gmt":"2025-05-24T06:31:02","guid":{"rendered":"https:\/\/www.vsv-design.com\/products\/non%20class\u00e9\/gymnastics-t-shirt-with-artistic-print-b015\/"},"modified":"2025-05-30T10:05:57","modified_gmt":"2025-05-30T08:05:57","slug":"gymnastics-t-shirt-with-artistic-print-b015","status":"publish","type":"product","link":"https:\/\/www.vsv-design.com\/fr\/products\/gymnastique-rythmique\/vetements-gymnastique-rythmique\/gymnastics-t-shirt-with-artistic-print-b015\/","title":{"rendered":"T-shirt de gymnastique #B017"},"content":{"rendered":"<p>Ajoutez une touche de couleur et d\u2019inspiration \u00e0 chaque entra\u00eenement avec ce t-shirt de gymnastique!<br data-start=\"921\" data-end=\"924\" \/>Orn\u00e9 d\u2019un imprim\u00e9 artistique, il est con\u00e7u pour les petites gymnastes qui r\u00eavent grand et bougent avec gr\u00e2ce. Id\u00e9al pour l\u2019entra\u00eenement ou au quotidien \u2013 doux, l\u00e9ger et plein de charme.<\/p>\n","protected":false},"excerpt":{"rendered":"<p><b><i>Confort et style pour chaque petite gr\u00e2ce!<\/i><\/b><\/p>\n<p><b><i>\u00a0<\/i><\/b><\/p>\n","protected":false},"featured_media":10264,"comment_status":"open","ping_status":"closed","template":"","meta":{"_acf_changed":false},"product_brand":[],"product_cat":[227],"product_tag":[462],"class_list":{"0":"post-10269","1":"product","2":"type-product","3":"status-publish","4":"has-post-thumbnail","6":"product_cat-vetements-gymnastique-rythmique","7":"product_tag-nouveaux-produits","8":"product_shipping_class-small-dresses-shipping-fr","10":"first","11":"instock","12":"shipping-taxable","13":"purchasable","14":"product-type-variable","swatches":"rey-swatches","show_selected":"rey-swatches--show-selected--name","stretch_labels":"rey-swatches--stretch-labels"},"acf":[],"yoast_head":"<!-- This site is optimized with the Yoast SEO plugin v27.4 - https:\/\/yoast.com\/product\/yoast-seo-wordpress\/ -->\n<title>T-shirt de gymnastique #B017 - V\u00eatements pour la gymnastique rythmique - VSV Design<\/title>\n<meta name=\"description\" content=\"Unique mod\u00e8le T-shirt de gymnastique #B017 for sale by VSV Design. Un design exclusif et une qualit\u00e9 excellente \u00e0 un prix abordable!\" \/>\n<meta name=\"robots\" content=\"index, follow, max-snippet:-1, max-image-preview:large, max-video-preview:-1\" \/>\n<link rel=\"canonical\" href=\"https:\/\/www.vsv-design.com\/fr\/products\/gymnastique-rythmique\/vetements-gymnastique-rythmique\/gymnastics-t-shirt-with-artistic-print-b015\/\" \/>\n<meta property=\"og:locale\" content=\"fr_FR\" \/>\n<meta property=\"og:type\" content=\"article\" \/>\n<meta property=\"og:title\" content=\"T-shirt de gymnastique #B017 - V\u00eatements pour la gymnastique rythmique - VSV Design\" \/>\n<meta property=\"og:description\" content=\"Unique mod\u00e8le T-shirt de gymnastique #B017 for sale by VSV Design. Un design exclusif et une qualit\u00e9 excellente \u00e0 un prix abordable!\" \/>\n<meta property=\"og:url\" content=\"https:\/\/www.vsv-design.com\/fr\/products\/gymnastique-rythmique\/vetements-gymnastique-rythmique\/gymnastics-t-shirt-with-artistic-print-b015\/\" \/>\n<meta property=\"og:site_name\" content=\"VSV Design\" \/>\n<meta property=\"article:publisher\" content=\"https:\/\/www.facebook.com\/VSVDesign\" \/>\n<meta property=\"article:modified_time\" content=\"2025-05-30T08:05:57+00:00\" \/>\n<meta property=\"og:image\" content=\"https:\/\/www.vsv-design.com\/wp-content\/uploads\/2025\/05\/VSV-26April-359-1.jpg\" \/>\n\t<meta property=\"og:image:width\" content=\"1707\" \/>\n\t<meta property=\"og:image:height\" content=\"2560\" \/>\n\t<meta property=\"og:image:type\" content=\"image\/jpeg\" \/>\n<meta name=\"twitter:card\" content=\"summary_large_image\" \/>\n<meta name=\"twitter:label1\" content=\"Dur\u00e9e de lecture estim\u00e9e\" \/>\n\t<meta name=\"twitter:data1\" content=\"1 minute\" \/>\n<script type=\"application\/ld+json\" class=\"yoast-schema-graph\">{\"@context\":\"https:\\\/\\\/schema.org\",\"@graph\":[{\"@type\":\"WebPage\",\"@id\":\"https:\\\/\\\/www.vsv-design.com\\\/fr\\\/products\\\/gymnastique-rythmique\\\/vetements-gymnastique-rythmique\\\/gymnastics-t-shirt-with-artistic-print-b015\\\/\",\"url\":\"https:\\\/\\\/www.vsv-design.com\\\/fr\\\/products\\\/gymnastique-rythmique\\\/vetements-gymnastique-rythmique\\\/gymnastics-t-shirt-with-artistic-print-b015\\\/\",\"name\":\"T-shirt de gymnastique #B017 - V\u00eatements pour la gymnastique rythmique - VSV Design\",\"isPartOf\":{\"@id\":\"https:\\\/\\\/www.vsv-design.com\\\/#website\"},\"primaryImageOfPage\":{\"@id\":\"https:\\\/\\\/www.vsv-design.com\\\/fr\\\/products\\\/gymnastique-rythmique\\\/vetements-gymnastique-rythmique\\\/gymnastics-t-shirt-with-artistic-print-b015\\\/#primaryimage\"},\"image\":{\"@id\":\"https:\\\/\\\/www.vsv-design.com\\\/fr\\\/products\\\/gymnastique-rythmique\\\/vetements-gymnastique-rythmique\\\/gymnastics-t-shirt-with-artistic-print-b015\\\/#primaryimage\"},\"thumbnailUrl\":\"https:\\\/\\\/www.vsv-design.com\\\/wp-content\\\/uploads\\\/2025\\\/05\\\/VSV-26April-359-1.jpg\",\"datePublished\":\"2025-05-24T06:31:02+00:00\",\"dateModified\":\"2025-05-30T08:05:57+00:00\",\"description\":\"Unique mod\u00e8le T-shirt de gymnastique #B017 for sale by VSV Design. Un design exclusif et une qualit\u00e9 excellente \u00e0 un prix abordable!\",\"breadcrumb\":{\"@id\":\"https:\\\/\\\/www.vsv-design.com\\\/fr\\\/products\\\/gymnastique-rythmique\\\/vetements-gymnastique-rythmique\\\/gymnastics-t-shirt-with-artistic-print-b015\\\/#breadcrumb\"},\"inLanguage\":\"fr-FR\",\"potentialAction\":[{\"@type\":\"ReadAction\",\"target\":[\"https:\\\/\\\/www.vsv-design.com\\\/fr\\\/products\\\/gymnastique-rythmique\\\/vetements-gymnastique-rythmique\\\/gymnastics-t-shirt-with-artistic-print-b015\\\/\"]}]},{\"@type\":\"ImageObject\",\"inLanguage\":\"fr-FR\",\"@id\":\"https:\\\/\\\/www.vsv-design.com\\\/fr\\\/products\\\/gymnastique-rythmique\\\/vetements-gymnastique-rythmique\\\/gymnastics-t-shirt-with-artistic-print-b015\\\/#primaryimage\",\"url\":\"https:\\\/\\\/www.vsv-design.com\\\/wp-content\\\/uploads\\\/2025\\\/05\\\/VSV-26April-359-1.jpg\",\"contentUrl\":\"https:\\\/\\\/www.vsv-design.com\\\/wp-content\\\/uploads\\\/2025\\\/05\\\/VSV-26April-359-1.jpg\",\"width\":1707,\"height\":2560},{\"@type\":\"BreadcrumbList\",\"@id\":\"https:\\\/\\\/www.vsv-design.com\\\/fr\\\/products\\\/gymnastique-rythmique\\\/vetements-gymnastique-rythmique\\\/gymnastics-t-shirt-with-artistic-print-b015\\\/#breadcrumb\",\"itemListElement\":[{\"@type\":\"ListItem\",\"position\":1,\"name\":\"Home\",\"item\":\"https:\\\/\\\/www.vsv-design.com\\\/\"},{\"@type\":\"ListItem\",\"position\":2,\"name\":\"Tous produits\",\"item\":\"https:\\\/\\\/www.vsv-design.com\\\/fr\\\/produits\\\/\"},{\"@type\":\"ListItem\",\"position\":3,\"name\":\"T-shirt de gymnastique #B017\"}]},{\"@type\":\"WebSite\",\"@id\":\"https:\\\/\\\/www.vsv-design.com\\\/#website\",\"url\":\"https:\\\/\\\/www.vsv-design.com\\\/\",\"name\":\"VSV Design\",\"description\":\"\",\"publisher\":{\"@id\":\"https:\\\/\\\/www.vsv-design.com\\\/#organization\"},\"potentialAction\":[{\"@type\":\"SearchAction\",\"target\":{\"@type\":\"EntryPoint\",\"urlTemplate\":\"https:\\\/\\\/www.vsv-design.com\\\/?s={search_term_string}\"},\"query-input\":{\"@type\":\"PropertyValueSpecification\",\"valueRequired\":true,\"valueName\":\"search_term_string\"}}],\"inLanguage\":\"fr-FR\"},{\"@type\":\"Organization\",\"@id\":\"https:\\\/\\\/www.vsv-design.com\\\/#organization\",\"name\":\"VSV Design\",\"url\":\"https:\\\/\\\/www.vsv-design.com\\\/\",\"logo\":{\"@type\":\"ImageObject\",\"inLanguage\":\"fr-FR\",\"@id\":\"https:\\\/\\\/www.vsv-design.com\\\/#\\\/schema\\\/logo\\\/image\\\/\",\"url\":\"https:\\\/\\\/www.vsv-design.com\\\/wp-content\\\/uploads\\\/2025\\\/01\\\/cropped-vsv-1.jpg\",\"contentUrl\":\"https:\\\/\\\/www.vsv-design.com\\\/wp-content\\\/uploads\\\/2025\\\/01\\\/cropped-vsv-1.jpg\",\"width\":512,\"height\":512,\"caption\":\"VSV Design\"},\"image\":{\"@id\":\"https:\\\/\\\/www.vsv-design.com\\\/#\\\/schema\\\/logo\\\/image\\\/\"},\"sameAs\":[\"https:\\\/\\\/www.facebook.com\\\/VSVDesign\"]}]}<\/script>\n<!-- \/ Yoast SEO plugin. -->","yoast_head_json":{"title":"T-shirt de gymnastique #B017 - V\u00eatements pour la gymnastique rythmique - VSV Design","description":"Unique mod\u00e8le T-shirt de gymnastique #B017 for sale by VSV Design. Un design exclusif et une qualit\u00e9 excellente \u00e0 un prix abordable!","robots":{"index":"index","follow":"follow","max-snippet":"max-snippet:-1","max-image-preview":"max-image-preview:large","max-video-preview":"max-video-preview:-1"},"canonical":"https:\/\/www.vsv-design.com\/fr\/products\/gymnastique-rythmique\/vetements-gymnastique-rythmique\/gymnastics-t-shirt-with-artistic-print-b015\/","og_locale":"fr_FR","og_type":"article","og_title":"T-shirt de gymnastique #B017 - V\u00eatements pour la gymnastique rythmique - VSV Design","og_description":"Unique mod\u00e8le T-shirt de gymnastique #B017 for sale by VSV Design. Un design exclusif et une qualit\u00e9 excellente \u00e0 un prix abordable!","og_url":"https:\/\/www.vsv-design.com\/fr\/products\/gymnastique-rythmique\/vetements-gymnastique-rythmique\/gymnastics-t-shirt-with-artistic-print-b015\/","og_site_name":"VSV Design","article_publisher":"https:\/\/www.facebook.com\/VSVDesign","article_modified_time":"2025-05-30T08:05:57+00:00","og_image":[{"width":1707,"height":2560,"url":"https:\/\/www.vsv-design.com\/wp-content\/uploads\/2025\/05\/VSV-26April-359-1.jpg","type":"image\/jpeg"}],"twitter_card":"summary_large_image","twitter_misc":{"Dur\u00e9e de lecture estim\u00e9e":"1 minute"},"schema":{"@context":"https:\/\/schema.org","@graph":[{"@type":"WebPage","@id":"https:\/\/www.vsv-design.com\/fr\/products\/gymnastique-rythmique\/vetements-gymnastique-rythmique\/gymnastics-t-shirt-with-artistic-print-b015\/","url":"https:\/\/www.vsv-design.com\/fr\/products\/gymnastique-rythmique\/vetements-gymnastique-rythmique\/gymnastics-t-shirt-with-artistic-print-b015\/","name":"T-shirt de gymnastique #B017 - V\u00eatements pour la gymnastique rythmique - VSV Design","isPartOf":{"@id":"https:\/\/www.vsv-design.com\/#website"},"primaryImageOfPage":{"@id":"https:\/\/www.vsv-design.com\/fr\/products\/gymnastique-rythmique\/vetements-gymnastique-rythmique\/gymnastics-t-shirt-with-artistic-print-b015\/#primaryimage"},"image":{"@id":"https:\/\/www.vsv-design.com\/fr\/products\/gymnastique-rythmique\/vetements-gymnastique-rythmique\/gymnastics-t-shirt-with-artistic-print-b015\/#primaryimage"},"thumbnailUrl":"https:\/\/www.vsv-design.com\/wp-content\/uploads\/2025\/05\/VSV-26April-359-1.jpg","datePublished":"2025-05-24T06:31:02+00:00","dateModified":"2025-05-30T08:05:57+00:00","description":"Unique mod\u00e8le T-shirt de gymnastique #B017 for sale by VSV Design. Un design exclusif et une qualit\u00e9 excellente \u00e0 un prix abordable!","breadcrumb":{"@id":"https:\/\/www.vsv-design.com\/fr\/products\/gymnastique-rythmique\/vetements-gymnastique-rythmique\/gymnastics-t-shirt-with-artistic-print-b015\/#breadcrumb"},"inLanguage":"fr-FR","potentialAction":[{"@type":"ReadAction","target":["https:\/\/www.vsv-design.com\/fr\/products\/gymnastique-rythmique\/vetements-gymnastique-rythmique\/gymnastics-t-shirt-with-artistic-print-b015\/"]}]},{"@type":"ImageObject","inLanguage":"fr-FR","@id":"https:\/\/www.vsv-design.com\/fr\/products\/gymnastique-rythmique\/vetements-gymnastique-rythmique\/gymnastics-t-shirt-with-artistic-print-b015\/#primaryimage","url":"https:\/\/www.vsv-design.com\/wp-content\/uploads\/2025\/05\/VSV-26April-359-1.jpg","contentUrl":"https:\/\/www.vsv-design.com\/wp-content\/uploads\/2025\/05\/VSV-26April-359-1.jpg","width":1707,"height":2560},{"@type":"BreadcrumbList","@id":"https:\/\/www.vsv-design.com\/fr\/products\/gymnastique-rythmique\/vetements-gymnastique-rythmique\/gymnastics-t-shirt-with-artistic-print-b015\/#breadcrumb","itemListElement":[{"@type":"ListItem","position":1,"name":"Home","item":"https:\/\/www.vsv-design.com\/"},{"@type":"ListItem","position":2,"name":"Tous produits","item":"https:\/\/www.vsv-design.com\/fr\/produits\/"},{"@type":"ListItem","position":3,"name":"T-shirt de gymnastique #B017"}]},{"@type":"WebSite","@id":"https:\/\/www.vsv-design.com\/#website","url":"https:\/\/www.vsv-design.com\/","name":"VSV Design","description":"","publisher":{"@id":"https:\/\/www.vsv-design.com\/#organization"},"potentialAction":[{"@type":"SearchAction","target":{"@type":"EntryPoint","urlTemplate":"https:\/\/www.vsv-design.com\/?s={search_term_string}"},"query-input":{"@type":"PropertyValueSpecification","valueRequired":true,"valueName":"search_term_string"}}],"inLanguage":"fr-FR"},{"@type":"Organization","@id":"https:\/\/www.vsv-design.com\/#organization","name":"VSV Design","url":"https:\/\/www.vsv-design.com\/","logo":{"@type":"ImageObject","inLanguage":"fr-FR","@id":"https:\/\/www.vsv-design.com\/#\/schema\/logo\/image\/","url":"https:\/\/www.vsv-design.com\/wp-content\/uploads\/2025\/01\/cropped-vsv-1.jpg","contentUrl":"https:\/\/www.vsv-design.com\/wp-content\/uploads\/2025\/01\/cropped-vsv-1.jpg","width":512,"height":512,"caption":"VSV Design"},"image":{"@id":"https:\/\/www.vsv-design.com\/#\/schema\/logo\/image\/"},"sameAs":["https:\/\/www.facebook.com\/VSVDesign"]}]}},"_links":{"self":[{"href":"https:\/\/www.vsv-design.com\/fr\/wp-json\/wp\/v2\/product\/10269","targetHints":{"allow":["GET"]}}],"collection":[{"href":"https:\/\/www.vsv-design.com\/fr\/wp-json\/wp\/v2\/product"}],"about":[{"href":"https:\/\/www.vsv-design.com\/fr\/wp-json\/wp\/v2\/types\/product"}],"replies":[{"embeddable":true,"href":"https:\/\/www.vsv-design.com\/fr\/wp-json\/wp\/v2\/comments?post=10269"}],"wp:featuredmedia":[{"embeddable":true,"href":"https:\/\/www.vsv-design.com\/fr\/wp-json\/wp\/v2\/media\/10264"}],"wp:attachment":[{"href":"https:\/\/www.vsv-design.com\/fr\/wp-json\/wp\/v2\/media?parent=10269"}],"wp:term":[{"taxonomy":"product_brand","embeddable":true,"href":"https:\/\/www.vsv-design.com\/fr\/wp-json\/wp\/v2\/product_brand?post=10269"},{"taxonomy":"product_cat","embeddable":true,"href":"https:\/\/www.vsv-design.com\/fr\/wp-json\/wp\/v2\/product_cat?post=10269"},{"taxonomy":"product_tag","embeddable":true,"href":"https:\/\/www.vsv-design.com\/fr\/wp-json\/wp\/v2\/product_tag?post=10269"}],"curies":[{"name":"wp","href":"https:\/\/api.w.org\/{rel}","templated":true}]}}