{"id":856,"date":"2024-12-21T20:58:44","date_gmt":"2024-12-21T18:58:44","guid":{"rendered":"https:\/\/dev.vsv-design.com\/terms-conditions\/"},"modified":"2025-04-03T00:15:33","modified_gmt":"2025-04-02T22:15:33","slug":"termes-et-conditions","status":"publish","type":"page","link":"https:\/\/www.vsv-design.com\/fr\/termes-et-conditions\/","title":{"rendered":"Termes et conditions"},"content":{"rendered":"\t\t<div data-elementor-type=\"wp-page\" data-elementor-id=\"856\" class=\"elementor elementor-856 elementor-855\">\n\t\t\t\t\t\t<section class=\"elementor-section elementor-top-section elementor-element elementor-element-38f6974 elementor-section-boxed elementor-section-height-default elementor-section-height-default\" data-id=\"38f6974\" data-element_type=\"section\" data-e-type=\"section\">\n\t\t\t\t\t\t<div class=\"elementor-container elementor-column-gap-default\">\n\t\t\t\t\t<div class=\"elementor-column elementor-col-100 elementor-top-column elementor-element elementor-element-ba9ddaa\" data-id=\"ba9ddaa\" data-element_type=\"column\" data-e-type=\"column\">\n\t\t\t<div class=\"elementor-column-wrap--ba9ddaa elementor-widget-wrap elementor-element-populated\">\n\t\t\t\t\t\t<div class=\"elementor-element elementor-element-38b45fb elementor-widget elementor-widget-heading\" data-id=\"38b45fb\" data-element_type=\"widget\" data-e-type=\"widget\" data-widget_type=\"heading.default\">\n\t\t\t\t<div class=\"elementor-widget-container\">\n\t\t\t\t\t<h2 class=\"elementor-heading-title elementor-size-default\"><u>Termes et conditions<\/u><\/h2>\t\t\t\t<\/div>\n\t\t\t\t<\/div>\n\t\t\t\t<div class=\"elementor-element elementor-element-9075262 elementor-widget elementor-widget-text-editor\" data-id=\"9075262\" data-element_type=\"widget\" data-e-type=\"widget\" data-widget_type=\"text-editor.default\">\n\t\t\t\t<div class=\"elementor-widget-container\">\n\t\t\t\t\t\t\t\t\t<p>La soci\u00e9t\u00e9 commerciale VSV Boutique SA effectue la vente en ligne des biens et services qu&rsquo;elle propose en utilisant la plate-forme Internet https:\/\/vsv-design.com\/.<\/p><p>Veuillez lire attentivement les conditions d&rsquo;utilisation de notre e-shop<br \/>Conditions g\u00e9n\u00e9rales d&rsquo;achat \u00e0 distance et contrats de vente au sens de la loi sur la protection des consommateurs entre VSV Boutique Ltd, enregistr\u00e9e dans la ville de. VSV Boutique Ltd. Plovdiv, ul. Kutlovitsa 1, ci-apr\u00e8s d\u00e9nomm\u00e9e le commer\u00e7ant, d&rsquo;une part, et d&rsquo;autre part &#8211; la personne qui a accept\u00e9 les pr\u00e9sentes conditions g\u00e9n\u00e9rales, ci-apr\u00e8s d\u00e9nomm\u00e9e le consommateur, dans le cadre de la commande et de l&rsquo;achat des marchandises propos\u00e9es dans la boutique en ligne www.vsv-design.com.<\/p><p><b>1.<\/b> <b>Contenu<\/b>. Le contenu du site web www.vsv-design.com, y compris les textes, les images, le contenu multim\u00e9dia, la conception et toute autre information, est la propri\u00e9t\u00e9 du commer\u00e7ant. Les utilisateurs ne sont pas autoris\u00e9s \u00e0 copier, modifier, transf\u00e9rer ou exploiter commercialement tout contenu du site www.vsv-design.com sans l&rsquo;autorisation \u00e9crite expresse du commer\u00e7ant.<\/p><p><b>2.<\/b> <b>Droit d&rsquo;utilisation.<\/b> Le commer\u00e7ant accorde \u00e0 l&rsquo;utilisateur, sous r\u00e9serve du respect des conditions g\u00e9n\u00e9rales, la possibilit\u00e9 d&rsquo;acheter les marchandises propos\u00e9es dans la boutique en ligne www.vsv-design.com. En cliquant sur un lien, un bouton ou une image situ\u00e9 sur le site www.vsv-design.com, l&rsquo;utilisateur d\u00e9clare qu&rsquo;il accepte de se conformer aux pr\u00e9sentes conditions g\u00e9n\u00e9rales.<\/p><p><b>3. Inscription<\/b>. En remplissant le formulaire d&rsquo;inscription, l&rsquo;utilisateur est tenu de fournir les donn\u00e9es requises et de les mettre \u00e0 jour en cas de changement. Si l&rsquo;utilisateur a fourni des donn\u00e9es incorrectes, le commer\u00e7ant a le droit de suspendre l&rsquo;acc\u00e8s de l&rsquo;utilisateur \u00e0 son compte sans pr\u00e9avis, ainsi que d&rsquo;annuler sa commande.<\/p><p><b>4.<\/b> <b>Confidentialit\u00e9 des donn\u00e9es personnelles.<\/b> Les donn\u00e9es personnelles que l&rsquo;utilisateur saisit lors de l&rsquo;enregistrement ainsi que lorsqu&rsquo;il remplit le formulaire de commande sont prot\u00e9g\u00e9es de mani\u00e8re fiable et ne peuvent \u00eatre utilis\u00e9es que pour le service \u00e0 la client\u00e8le. Les informations compl\u00e8tes concernant les donn\u00e9es personnelles des utilisateurs sont publi\u00e9es sur la page : Vie priv\u00e9e.<\/p><p><b>5. Commande.<\/b> Les utilisateurs enregistr\u00e9s et non enregistr\u00e9s ont la possibilit\u00e9 de passer une commande dans la boutique en ligne www.vsv-design.com. Les heures d&rsquo;ouverture du magasin sont de 10h00 \u00e0 17h00 tous les jours ouvrables du lundi au vendredi. Les commandes pass\u00e9es apr\u00e8s 14 heures sont trait\u00e9es le jour suivant. Les commandes pass\u00e9es le samedi et le dimanche sont trait\u00e9es le lundi. Toutes les commandes pass\u00e9es pendant les jours f\u00e9ri\u00e9s sont trait\u00e9es le premier jour ouvrable suivant le jour f\u00e9ri\u00e9.<\/p><p><b>6. En passant une commande<\/b>, l&rsquo;utilisateur entre dans une relation contractuelle avec le commer\u00e7ant pour l&rsquo;achat et la vente du produit s\u00e9lectionn\u00e9, r\u00e9gie par les pr\u00e9sentes conditions g\u00e9n\u00e9rales. Le contrat de vente \u00e0 distance entre le commer\u00e7ant et le consommateur est r\u00e9put\u00e9 conclu au moment de la confirmation de la commande par le commer\u00e7ant.<\/p><p><b>7. Disponibilit\u00e9 des produits<\/b>. En raison de la dynamique des ventes, il est possible que certains produits figurant sur le site web comme \u00e9tant disponibles soient en rupture de stock au moment de l&rsquo;acceptation de la commande et ne puissent \u00eatre livr\u00e9s. Le marchand ne garantit pas la disponibilit\u00e9 des produits sur le site www.vsv-design.com. En cas d&rsquo;indisponibilit\u00e9 du produit command\u00e9, le commer\u00e7ant est tenu d&rsquo;en informer l&rsquo;utilisateur par t\u00e9l\u00e9phone ou par courrier \u00e9lectronique. La v\u00e9rification de la disponibilit\u00e9 peut \u00e9galement se faire via le formulaire : \u00ab Demander la disponibilit\u00e9 \u00bb, disponible sur chaque page produit.<\/p><p><b>8. Prix des produits<\/b>. Tous les prix sur www.vsv-design.com sont exprim\u00e9s en levs bulgares. Les prix des produits sont d\u00e9finitifs et incluent la TVA. Les prix des produits sur le site ne comprennent pas les frais d&rsquo;exp\u00e9dition. Le marchand se r\u00e9serve le droit de modifier les prix des produits ainsi que les frais de livraison.<\/p><p data-start=\"0\" data-end=\"547\"><strong data-start=\"0\" data-end=\"17\">9. Livraison.<\/strong> La livraison des produits command\u00e9s sur le site <a href=\"http:\/\/www.vsv-design.com\" target=\"_new\" rel=\"noopener\" data-start=\"66\" data-end=\"84\" data-is-only-node=\"\">www.vsv-design.com<\/a> est effectu\u00e9e par les soci\u00e9t\u00e9s de transport Interlogistica et UPS \u00e0 l&rsquo;adresse indiqu\u00e9e par l&rsquo;utilisateur. Le d\u00e9lai de livraison est de 5 \u00e0 10 jours ouvrables pour une livraison standard apr\u00e8s l&rsquo;acceptation de la commande, sauf si le produit command\u00e9 n&rsquo;est pas disponible en stock, auquel cas le d\u00e9lai de livraison est convenu ult\u00e9rieurement. Lors de la livraison, le destinataire devra signer un bon de livraison attestant de l&rsquo;ex\u00e9cution exacte de la commande.<\/p><p data-start=\"549\" data-end=\"682\" data-is-last-node=\"\" data-is-only-node=\"\"><strong data-start=\"549\" data-end=\"566\">10. Paiement.<\/strong> Le paiement s&rsquo;effectue par virement bancaire. Le prix de la livraison d\u00e9pend du poids et de l&rsquo;adresse de livraison.<\/p><p data-start=\"0\" data-end=\"600\"><strong data-start=\"0\" data-end=\"21\">12. Remplacement.<\/strong> Dans le cas o\u00f9 le produit re\u00e7u par l&rsquo;utilisateur ne correspond pas \u00e0 la taille souhait\u00e9e, il a la possibilit\u00e9 de demander un remplacement par une autre taille. L&rsquo;\u00e9change ne peut \u00eatre effectu\u00e9 que si le produit achet\u00e9 est retourn\u00e9 dans son emballage d&rsquo;origine, sans signes d&rsquo;utilisation ni alt\u00e9ration de son apparence commerciale. Les frais de retour et d&rsquo;\u00e9change sont \u00e0 la charge du consommateur. Le remplacement peut \u00eatre organis\u00e9 par t\u00e9l\u00e9phone ou par email. Dans le cas o\u00f9 la taille demand\u00e9e par l&rsquo;utilisateur n&rsquo;est pas disponible, il peut exercer son droit de r\u00e9tractation.<\/p><p data-start=\"602\" data-end=\"1220\" data-is-last-node=\"\" data-is-only-node=\"\"><strong data-start=\"602\" data-end=\"616\">13. Retour.<\/strong> Le consommateur a le droit de se r\u00e9tracter du contrat de vente \u00e0 distance sans avoir \u00e0 fournir de raison et sans devoir de compensation ou de p\u00e9nalit\u00e9, dans un d\u00e9lai de 14 jours \u00e0 compter de la date de r\u00e9ception des biens command\u00e9s. Le droit de retour ne peut \u00eatre exerc\u00e9 que si les biens achet\u00e9s sont retourn\u00e9s dans leur emballage d&rsquo;origine, sans signes d&rsquo;utilisation ni alt\u00e9ration de leur apparence commerciale. Le consommateur est tenu d&rsquo;informer le vendeur de son intention de retourner les produits achet\u00e9s dans le d\u00e9lai imparti, et peut utiliser \u00e0 cet effet le formulaire standard de r\u00e9tractation.<\/p><div class=\"flex max-w-full flex-col flex-grow\"><div class=\"min-h-8 text-message relative flex w-full flex-col items-end gap-2 whitespace-normal break-words text-start [.text-message+&amp;]:mt-5\" dir=\"auto\" data-message-author-role=\"assistant\" data-message-id=\"dad90647-ec7c-4c79-9c8f-b3471b5e6a09\" data-message-model-slug=\"gpt-4o\"><div class=\"flex w-full flex-col gap-1 empty:hidden first:pt-[3px]\"><div class=\"markdown prose w-full break-words dark:prose-invert light\"><p data-start=\"0\" data-end=\"394\"><strong data-start=\"0\" data-end=\"115\">Les frais de transport pour le retour des biens du consommateur au commer\u00e7ant sont \u00e0 la charge du consommateur.<\/strong><br data-start=\"115\" data-end=\"118\" \/>Lorsque le consommateur exerce son droit de r\u00e9tractation du contrat \u00e0 distance, il doit renvoyer ou restituer les biens au commer\u00e7ant au plus tard dans un d\u00e9lai de 14 jours \u00e0 compter de la date \u00e0 laquelle il a inform\u00e9 le commer\u00e7ant de sa d\u00e9cision de se r\u00e9tracter du contrat.<\/p><p data-start=\"396\" data-end=\"577\">Les biens achet\u00e9s sur <a href=\"http:\/\/www.vsv-design.com\" target=\"_new\" rel=\"noopener\" data-start=\"418\" data-end=\"436\">www.vsv-design.com<\/a> doivent \u00eatre retourn\u00e9s \u00e0 l&rsquo;adresse suivante :<br data-start=\"482\" data-end=\"485\" \/><strong data-start=\"485\" data-end=\"575\">Plovdiv, ul. 1 Kutlvitsa, \u00e0 l\u2019attention de \u201cVIESVI BUTIK\u201d Ltd., sauf accord contraire.<\/strong><\/p><p data-start=\"579\" data-end=\"867\" data-is-last-node=\"\" data-is-only-node=\"\">Si les biens sont retourn\u00e9s par un service de messagerie, le commer\u00e7ant remboursera le consommateur une fois le colis ouvert et apr\u00e8s v\u00e9rification de l&rsquo;\u00e9ligibilit\u00e9 \u00e0 l&rsquo;annulation. Si les biens ne sont pas \u00e9ligibles, ils seront retourn\u00e9s \u00e0 l\u2019adresse d\u2019exp\u00e9dition aux frais du consommateur.<\/p><\/div><\/div><\/div><\/div><div class=\"mb-2 flex gap-3 -ml-2\"><div class=\"flex items-center justify-start rounded-xl p-1\"><div>\u00a0<\/div><\/div><\/div><p data-start=\"0\" data-end=\"239\"><strong data-start=\"0\" data-end=\"237\">Le d\u00e9lai maximal de remboursement est de 14 jours \u00e0 compter de la date \u00e0 laquelle le commer\u00e7ant a \u00e9t\u00e9 inform\u00e9 de la d\u00e9cision du consommateur d&rsquo;annuler les biens command\u00e9s \u2013 \u00e0 condition que les biens aient \u00e9t\u00e9 retourn\u00e9s dans ce d\u00e9lai.<\/strong><\/p><p data-start=\"241\" data-end=\"527\"><strong data-start=\"241\" data-end=\"267\">14. Autres conditions.<\/strong><br data-start=\"267\" data-end=\"270\" \/>Le commer\u00e7ant se r\u00e9serve le droit de modifier unilat\u00e9ralement les conditions d&rsquo;utilisation de la boutique en ligne <a href=\"http:\/\/www.vsv-design.com\" target=\"_new\" rel=\"noopener\" data-start=\"385\" data-end=\"403\" data-is-only-node=\"\">www.vsv-design.com<\/a>, sans pr\u00e9avis aux utilisateurs. Les utilisateurs doivent rester attentifs aux \u00e9ventuelles modifications et s&rsquo;y conformer.<\/p><p data-start=\"529\" data-end=\"646\" data-is-last-node=\"\" data-is-only-node=\"\">Pour toutes les questions non couvertes par ces Termes et Conditions, la l\u00e9gislation bulgare en vigueur s&rsquo;applique.<\/p>\t\t\t\t\t\t\t\t<\/div>\n\t\t\t\t<\/div>\n\t\t\t\t\t<\/div>\n\t\t<\/div>\n\t\t\t\t\t<\/div>\n\t\t<\/section>\n\t\t\t\t<\/div>\n\t\t","protected":false},"excerpt":{"rendered":"<p>Termes et conditions La soci\u00e9t\u00e9 commerciale VSV Boutique SA effectue la vente en ligne des biens et services qu&rsquo;elle propose en utilisant la plate-forme Internet https:\/\/vsv-design.com\/. Veuillez lire attentivement les conditions d&rsquo;utilisation de notre e-shopConditions g\u00e9n\u00e9rales d&rsquo;achat \u00e0 distance et contrats de vente au sens de la loi sur la protection des consommateurs entre VSV [&hellip;]<\/p>\n","protected":false},"author":1,"featured_media":0,"parent":0,"menu_order":0,"comment_status":"closed","ping_status":"closed","template":"template-builder.php","meta":{"_acf_changed":false,"footnotes":""},"class_list":["post-856","page","type-page","status-publish","hentry"],"acf":[],"yoast_head":"<!-- This site is optimized with the Yoast SEO plugin v27.4 - https:\/\/yoast.com\/product\/yoast-seo-wordpress\/ -->\n<title>Termes et conditions - VSV Design<\/title>\n<meta name=\"robots\" content=\"index, follow, max-snippet:-1, max-image-preview:large, max-video-preview:-1\" \/>\n<link rel=\"canonical\" href=\"https:\/\/www.vsv-design.com\/fr\/termes-et-conditions\/\" \/>\n<meta property=\"og:locale\" content=\"fr_FR\" \/>\n<meta property=\"og:type\" content=\"article\" \/>\n<meta property=\"og:title\" content=\"Termes et conditions - VSV Design\" \/>\n<meta property=\"og:description\" content=\"Termes et conditions La soci\u00e9t\u00e9 commerciale VSV Boutique SA effectue la vente en ligne des biens et services qu&rsquo;elle propose en utilisant la plate-forme Internet https:\/\/vsv-design.com\/. Veuillez lire attentivement les conditions d&rsquo;utilisation de notre e-shopConditions g\u00e9n\u00e9rales d&rsquo;achat \u00e0 distance et contrats de vente au sens de la loi sur la protection des consommateurs entre VSV [&hellip;]\" \/>\n<meta property=\"og:url\" content=\"https:\/\/www.vsv-design.com\/fr\/termes-et-conditions\/\" \/>\n<meta property=\"og:site_name\" content=\"VSV Design\" \/>\n<meta property=\"article:publisher\" content=\"https:\/\/www.facebook.com\/VSVDesign\" \/>\n<meta property=\"article:modified_time\" content=\"2025-04-02T22:15:33+00:00\" \/>\n<meta name=\"twitter:card\" content=\"summary_large_image\" \/>\n<meta name=\"twitter:label1\" content=\"Dur\u00e9e de lecture estim\u00e9e\" \/>\n\t<meta name=\"twitter:data1\" content=\"6 minutes\" \/>\n<script type=\"application\/ld+json\" class=\"yoast-schema-graph\">{\"@context\":\"https:\\\/\\\/schema.org\",\"@graph\":[{\"@type\":\"WebPage\",\"@id\":\"https:\\\/\\\/www.vsv-design.com\\\/fr\\\/termes-et-conditions\\\/\",\"url\":\"https:\\\/\\\/www.vsv-design.com\\\/fr\\\/termes-et-conditions\\\/\",\"name\":\"Termes et conditions - VSV Design\",\"isPartOf\":{\"@id\":\"https:\\\/\\\/www.vsv-design.com\\\/#website\"},\"datePublished\":\"2024-12-21T18:58:44+00:00\",\"dateModified\":\"2025-04-02T22:15:33+00:00\",\"breadcrumb\":{\"@id\":\"https:\\\/\\\/www.vsv-design.com\\\/fr\\\/termes-et-conditions\\\/#breadcrumb\"},\"inLanguage\":\"fr-FR\",\"potentialAction\":[{\"@type\":\"ReadAction\",\"target\":[\"https:\\\/\\\/www.vsv-design.com\\\/fr\\\/termes-et-conditions\\\/\"]}]},{\"@type\":\"BreadcrumbList\",\"@id\":\"https:\\\/\\\/www.vsv-design.com\\\/fr\\\/termes-et-conditions\\\/#breadcrumb\",\"itemListElement\":[{\"@type\":\"ListItem\",\"position\":1,\"name\":\"Home\",\"item\":\"https:\\\/\\\/www.vsv-design.com\\\/\"},{\"@type\":\"ListItem\",\"position\":2,\"name\":\"Termes et conditions\"}]},{\"@type\":\"WebSite\",\"@id\":\"https:\\\/\\\/www.vsv-design.com\\\/#website\",\"url\":\"https:\\\/\\\/www.vsv-design.com\\\/\",\"name\":\"VSV Design\",\"description\":\"\",\"publisher\":{\"@id\":\"https:\\\/\\\/www.vsv-design.com\\\/#organization\"},\"potentialAction\":[{\"@type\":\"SearchAction\",\"target\":{\"@type\":\"EntryPoint\",\"urlTemplate\":\"https:\\\/\\\/www.vsv-design.com\\\/?s={search_term_string}\"},\"query-input\":{\"@type\":\"PropertyValueSpecification\",\"valueRequired\":true,\"valueName\":\"search_term_string\"}}],\"inLanguage\":\"fr-FR\"},{\"@type\":\"Organization\",\"@id\":\"https:\\\/\\\/www.vsv-design.com\\\/#organization\",\"name\":\"VSV Design\",\"url\":\"https:\\\/\\\/www.vsv-design.com\\\/\",\"logo\":{\"@type\":\"ImageObject\",\"inLanguage\":\"fr-FR\",\"@id\":\"https:\\\/\\\/www.vsv-design.com\\\/#\\\/schema\\\/logo\\\/image\\\/\",\"url\":\"https:\\\/\\\/www.vsv-design.com\\\/wp-content\\\/uploads\\\/2025\\\/01\\\/cropped-vsv-1.jpg\",\"contentUrl\":\"https:\\\/\\\/www.vsv-design.com\\\/wp-content\\\/uploads\\\/2025\\\/01\\\/cropped-vsv-1.jpg\",\"width\":512,\"height\":512,\"caption\":\"VSV Design\"},\"image\":{\"@id\":\"https:\\\/\\\/www.vsv-design.com\\\/#\\\/schema\\\/logo\\\/image\\\/\"},\"sameAs\":[\"https:\\\/\\\/www.facebook.com\\\/VSVDesign\"]}]}<\/script>\n<!-- \/ Yoast SEO plugin. -->","yoast_head_json":{"title":"Termes et conditions - VSV Design","robots":{"index":"index","follow":"follow","max-snippet":"max-snippet:-1","max-image-preview":"max-image-preview:large","max-video-preview":"max-video-preview:-1"},"canonical":"https:\/\/www.vsv-design.com\/fr\/termes-et-conditions\/","og_locale":"fr_FR","og_type":"article","og_title":"Termes et conditions - VSV Design","og_description":"Termes et conditions La soci\u00e9t\u00e9 commerciale VSV Boutique SA effectue la vente en ligne des biens et services qu&rsquo;elle propose en utilisant la plate-forme Internet https:\/\/vsv-design.com\/. Veuillez lire attentivement les conditions d&rsquo;utilisation de notre e-shopConditions g\u00e9n\u00e9rales d&rsquo;achat \u00e0 distance et contrats de vente au sens de la loi sur la protection des consommateurs entre VSV [&hellip;]","og_url":"https:\/\/www.vsv-design.com\/fr\/termes-et-conditions\/","og_site_name":"VSV Design","article_publisher":"https:\/\/www.facebook.com\/VSVDesign","article_modified_time":"2025-04-02T22:15:33+00:00","twitter_card":"summary_large_image","twitter_misc":{"Dur\u00e9e de lecture estim\u00e9e":"6 minutes"},"schema":{"@context":"https:\/\/schema.org","@graph":[{"@type":"WebPage","@id":"https:\/\/www.vsv-design.com\/fr\/termes-et-conditions\/","url":"https:\/\/www.vsv-design.com\/fr\/termes-et-conditions\/","name":"Termes et conditions - VSV Design","isPartOf":{"@id":"https:\/\/www.vsv-design.com\/#website"},"datePublished":"2024-12-21T18:58:44+00:00","dateModified":"2025-04-02T22:15:33+00:00","breadcrumb":{"@id":"https:\/\/www.vsv-design.com\/fr\/termes-et-conditions\/#breadcrumb"},"inLanguage":"fr-FR","potentialAction":[{"@type":"ReadAction","target":["https:\/\/www.vsv-design.com\/fr\/termes-et-conditions\/"]}]},{"@type":"BreadcrumbList","@id":"https:\/\/www.vsv-design.com\/fr\/termes-et-conditions\/#breadcrumb","itemListElement":[{"@type":"ListItem","position":1,"name":"Home","item":"https:\/\/www.vsv-design.com\/"},{"@type":"ListItem","position":2,"name":"Termes et conditions"}]},{"@type":"WebSite","@id":"https:\/\/www.vsv-design.com\/#website","url":"https:\/\/www.vsv-design.com\/","name":"VSV Design","description":"","publisher":{"@id":"https:\/\/www.vsv-design.com\/#organization"},"potentialAction":[{"@type":"SearchAction","target":{"@type":"EntryPoint","urlTemplate":"https:\/\/www.vsv-design.com\/?s={search_term_string}"},"query-input":{"@type":"PropertyValueSpecification","valueRequired":true,"valueName":"search_term_string"}}],"inLanguage":"fr-FR"},{"@type":"Organization","@id":"https:\/\/www.vsv-design.com\/#organization","name":"VSV Design","url":"https:\/\/www.vsv-design.com\/","logo":{"@type":"ImageObject","inLanguage":"fr-FR","@id":"https:\/\/www.vsv-design.com\/#\/schema\/logo\/image\/","url":"https:\/\/www.vsv-design.com\/wp-content\/uploads\/2025\/01\/cropped-vsv-1.jpg","contentUrl":"https:\/\/www.vsv-design.com\/wp-content\/uploads\/2025\/01\/cropped-vsv-1.jpg","width":512,"height":512,"caption":"VSV Design"},"image":{"@id":"https:\/\/www.vsv-design.com\/#\/schema\/logo\/image\/"},"sameAs":["https:\/\/www.facebook.com\/VSVDesign"]}]}},"_links":{"self":[{"href":"https:\/\/www.vsv-design.com\/fr\/wp-json\/wp\/v2\/pages\/856","targetHints":{"allow":["GET"]}}],"collection":[{"href":"https:\/\/www.vsv-design.com\/fr\/wp-json\/wp\/v2\/pages"}],"about":[{"href":"https:\/\/www.vsv-design.com\/fr\/wp-json\/wp\/v2\/types\/page"}],"author":[{"embeddable":true,"href":"https:\/\/www.vsv-design.com\/fr\/wp-json\/wp\/v2\/users\/1"}],"replies":[{"embeddable":true,"href":"https:\/\/www.vsv-design.com\/fr\/wp-json\/wp\/v2\/comments?post=856"}],"version-history":[{"count":0,"href":"https:\/\/www.vsv-design.com\/fr\/wp-json\/wp\/v2\/pages\/856\/revisions"}],"wp:attachment":[{"href":"https:\/\/www.vsv-design.com\/fr\/wp-json\/wp\/v2\/media?parent=856"}],"curies":[{"name":"wp","href":"https:\/\/api.w.org\/{rel}","templated":true}]}}