{"id":816,"date":"2024-12-21T19:15:59","date_gmt":"2024-12-21T17:15:59","guid":{"rendered":"https:\/\/dev.vsv-design.com\/%d0%b7%d0%b0-%d0%bd%d0%b0%d1%81\/"},"modified":"2025-03-26T13:23:44","modified_gmt":"2025-03-26T11:23:44","slug":"a-propos","status":"publish","type":"page","link":"https:\/\/www.vsv-design.com\/fr\/a-propos\/","title":{"rendered":"\u00c0 propos"},"content":{"rendered":"\t\t<div data-elementor-type=\"wp-page\" data-elementor-id=\"816\" class=\"elementor elementor-816 elementor-767\">\n\t\t\t\t<div class=\"e-con-top elementor-element elementor-element-7bbed35 e-con-full e-flex e-con e-parent\" data-id=\"7bbed35\" data-element_type=\"container\" data-e-type=\"container\">\n\t\t\t\t<div class=\"elementor-element elementor-element-40e1b7b elementor-widget elementor-widget-image\" data-id=\"40e1b7b\" data-element_type=\"widget\" data-e-type=\"widget\" data-widget_type=\"image.default\">\n\t\t\t\t<div class=\"elementor-widget-container\">\n\t\t\t\t\t\t\t\t\t\t\t\t\t\t\t<img fetchpriority=\"high\" decoding=\"async\" width=\"1024\" height=\"512\" src=\"https:\/\/www.vsv-design.com\/wp-content\/uploads\/2025\/02\/Untitled-design-6-1024x512.jpg\" class=\"attachment-large size-large wp-image-5546\" alt=\"\" srcset=\"https:\/\/www.vsv-design.com\/wp-content\/uploads\/2025\/02\/Untitled-design-6-1024x512.jpg 1024w, https:\/\/www.vsv-design.com\/wp-content\/uploads\/2025\/02\/Untitled-design-6-300x150.jpg 300w, https:\/\/www.vsv-design.com\/wp-content\/uploads\/2025\/02\/Untitled-design-6-768x384.jpg 768w, https:\/\/www.vsv-design.com\/wp-content\/uploads\/2025\/02\/Untitled-design-6-1536x768.jpg 1536w, https:\/\/www.vsv-design.com\/wp-content\/uploads\/2025\/02\/Untitled-design-6-2048x1024.jpg 2048w, https:\/\/www.vsv-design.com\/wp-content\/uploads\/2025\/02\/Untitled-design-6-600x300.jpg 600w\" sizes=\"(max-width: 1024px) 100vw, 1024px\" \/>\t\t\t\t\t\t\t\t\t\t\t\t\t\t\t<\/div>\n\t\t\t\t<\/div>\n\t\t\t\t<\/div>\n\t\t\t\t<section class=\"elementor-section elementor-top-section elementor-element elementor-element-6bf6cf8 elementor-section-boxed elementor-section-height-default elementor-section-height-default\" data-id=\"6bf6cf8\" data-element_type=\"section\" data-e-type=\"section\">\n\t\t\t\t\t\t<div class=\"elementor-container elementor-column-gap-default\">\n\t\t\t\t\t<div class=\"elementor-column elementor-col-100 elementor-top-column elementor-element elementor-element-bd2bdac\" data-id=\"bd2bdac\" data-element_type=\"column\" data-e-type=\"column\">\n\t\t\t<div class=\"elementor-column-wrap--bd2bdac elementor-widget-wrap elementor-element-populated\">\n\t\t\t\t\t\t<div class=\"elementor-element elementor-element-93fd905 elementor-widget elementor-widget-text-editor\" data-id=\"93fd905\" data-element_type=\"widget\" data-e-type=\"widget\" data-widget_type=\"text-editor.default\">\n\t\t\t\t<div class=\"elementor-widget-container\">\n\t\t\t\t\t\t\t\t\t<h3>\u00a0 \u00a0 VSV Design <em>est une entreprise avec une longue exp\u00e9rience et un savoir-faire prouv\u00e9 dans la conception et la fabrication de v\u00eatements de sc\u00e8ne et de danse. Le succ\u00e8s et le professionnalisme de notre travail sont dus au fait que notre \u00e9quipe artistique est compos\u00e9e de professionnels ayant une riche exp\u00e9rience dans le domaine des arts de la sc\u00e8ne. De notre part, vous recevrez un costume unique, tout en pouvant compter sur le confort et une qualit\u00e9 \u00e9lev\u00e9e.\u00a0<\/em><\/h3>\t\t\t\t\t\t\t\t<\/div>\n\t\t\t\t<\/div>\n\t\t\t\t\t<\/div>\n\t\t<\/div>\n\t\t\t\t\t<\/div>\n\t\t<\/section>\n\t\t\t\t<section class=\"elementor-section elementor-top-section elementor-element elementor-element-1834d30 elementor-section-boxed elementor-section-height-default elementor-section-height-default\" data-id=\"1834d30\" data-element_type=\"section\" data-e-type=\"section\">\n\t\t\t\t\t\t<div class=\"elementor-container elementor-column-gap-default\">\n\t\t\t\t\t<div class=\"elementor-column elementor-col-50 elementor-top-column elementor-element elementor-element-8ba7a5f rey-colbg--classic\" data-id=\"8ba7a5f\" data-element_type=\"column\" data-e-type=\"column\" data-settings=\"{&quot;background_background&quot;:&quot;classic&quot;}\">\n\t\t\t<div class=\"elementor-column-wrap--8ba7a5f elementor-widget-wrap elementor-element-populated\">\n\t\t\t\t\t\t<div class=\"elementor-element elementor-element-a2d688c elementor-widget elementor-widget-image\" data-id=\"a2d688c\" data-element_type=\"widget\" data-e-type=\"widget\" data-widget_type=\"image.default\">\n\t\t\t\t<div class=\"elementor-widget-container\">\n\t\t\t\t\t\t\t\t\t\t\t\t\t\t\t<img decoding=\"async\" width=\"1024\" height=\"953\" src=\"https:\/\/www.vsv-design.com\/wp-content\/uploads\/2025\/02\/20220421_122736-1024x953.jpg\" class=\"attachment-large size-large wp-image-5561\" alt=\"\" srcset=\"https:\/\/www.vsv-design.com\/wp-content\/uploads\/2025\/02\/20220421_122736-1024x953.jpg 1024w, https:\/\/www.vsv-design.com\/wp-content\/uploads\/2025\/02\/20220421_122736-300x279.jpg 300w, https:\/\/www.vsv-design.com\/wp-content\/uploads\/2025\/02\/20220421_122736-768x715.jpg 768w, https:\/\/www.vsv-design.com\/wp-content\/uploads\/2025\/02\/20220421_122736-1536x1430.jpg 1536w, https:\/\/www.vsv-design.com\/wp-content\/uploads\/2025\/02\/20220421_122736-2048x1907.jpg 2048w, https:\/\/www.vsv-design.com\/wp-content\/uploads\/2025\/02\/20220421_122736-600x559.jpg 600w\" sizes=\"(max-width: 1024px) 100vw, 1024px\" \/>\t\t\t\t\t\t\t\t\t\t\t\t\t\t\t<\/div>\n\t\t\t\t<\/div>\n\t\t\t\t\t<\/div>\n\t\t<\/div>\n\t\t\t\t<div class=\"elementor-column elementor-col-50 elementor-top-column elementor-element elementor-element-7758f5c\" data-id=\"7758f5c\" data-element_type=\"column\" data-e-type=\"column\">\n\t\t\t<div class=\"elementor-column-wrap--7758f5c elementor-widget-wrap elementor-element-populated\">\n\t\t\t\t\t\t<div class=\"elementor-element elementor-element-1b62fdf elementor-widget elementor-widget-text-editor\" data-id=\"1b62fdf\" data-element_type=\"widget\" data-e-type=\"widget\" data-widget_type=\"text-editor.default\">\n\t\t\t\t<div class=\"elementor-widget-container\">\n\t\t\t\t\t\t\t\t\t<p data-start=\"26\" data-end=\"454\">Depuis plus de dix ans, nous nous consacrons \u00e0 nos clients, guid\u00e9s par le professionnalisme et le d\u00e9sir de r\u00e9pondre \u00e0 leurs besoins et souhaits sp\u00e9cifiques li\u00e9s aux diff\u00e9rentes disciplines sportives !<br data-start=\"226\" data-end=\"229\" \/>Nous sommes des experts et nous vous aiderons \u00e0 choisir le costume de sc\u00e8ne qui vous convient, car nous croyons que le bon choix de tenue, port\u00e9 avec confiance, estime de soi et confort, est la cl\u00e9 des bonnes performances !<\/p><p data-start=\"456\" data-end=\"651\">VSV Design est un partenaire commercial privil\u00e9gi\u00e9 des clubs sportifs pour la r\u00e9alisation de tenues et \u00e9quipements sportifs design, adapt\u00e9s aux besoins sp\u00e9cifiques de chaque artiste et athl\u00e8te.<\/p><h5 data-start=\"653\" data-end=\"795\"><em>Nous croyons que la magie et la beaut\u00e9 de chaque tenue se cachent dans les petits d\u00e9tails que nous cr\u00e9ons avec intention, pr\u00e9cision et amour !<\/em><\/h5>\t\t\t\t\t\t\t\t<\/div>\n\t\t\t\t<\/div>\n\t\t\t\t<div class=\"elementor-element elementor-element-a8dc23d elementor-widget__width-initial elementor-widget elementor-widget-image\" data-id=\"a8dc23d\" data-element_type=\"widget\" data-e-type=\"widget\" data-widget_type=\"image.default\">\n\t\t\t\t<div class=\"elementor-widget-container\">\n\t\t\t\t\t\t\t\t\t\t\t\t\t\t\t<img decoding=\"async\" width=\"1024\" height=\"956\" src=\"https:\/\/www.vsv-design.com\/wp-content\/uploads\/2025\/02\/Logo-black-1024x956.png\" class=\"attachment-large size-large wp-image-5049\" alt=\"\" srcset=\"https:\/\/www.vsv-design.com\/wp-content\/uploads\/2025\/02\/Logo-black-1024x956.png 1024w, https:\/\/www.vsv-design.com\/wp-content\/uploads\/2025\/02\/Logo-black-300x280.png 300w, https:\/\/www.vsv-design.com\/wp-content\/uploads\/2025\/02\/Logo-black-768x717.png 768w, https:\/\/www.vsv-design.com\/wp-content\/uploads\/2025\/02\/Logo-black-1536x1434.png 1536w, https:\/\/www.vsv-design.com\/wp-content\/uploads\/2025\/02\/Logo-black-600x560.png 600w, https:\/\/www.vsv-design.com\/wp-content\/uploads\/2025\/02\/Logo-black.png 2025w\" sizes=\"(max-width: 1024px) 100vw, 1024px\" \/>\t\t\t\t\t\t\t\t\t\t\t\t\t\t\t<\/div>\n\t\t\t\t<\/div>\n\t\t\t\t\t<\/div>\n\t\t<\/div>\n\t\t\t\t\t<\/div>\n\t\t<\/section>\n\t\t\t\t<\/div>\n\t\t","protected":false},"excerpt":{"rendered":"<p>\u00a0 \u00a0 VSV Design est une entreprise avec une longue exp\u00e9rience et un savoir-faire prouv\u00e9 dans la conception et la fabrication de v\u00eatements de sc\u00e8ne et de danse. Le succ\u00e8s et le professionnalisme de notre travail sont dus au fait que notre \u00e9quipe artistique est compos\u00e9e de professionnels ayant une riche exp\u00e9rience dans le domaine [&hellip;]<\/p>\n","protected":false},"author":1,"featured_media":0,"parent":0,"menu_order":0,"comment_status":"closed","ping_status":"closed","template":"template-builder.php","meta":{"_acf_changed":false,"footnotes":""},"class_list":["post-816","page","type-page","status-publish","hentry"],"acf":[],"yoast_head":"<!-- This site is optimized with the Yoast SEO plugin v27.4 - https:\/\/yoast.com\/product\/yoast-seo-wordpress\/ -->\n<title>\u00c0 propos - VSV Design<\/title>\n<meta name=\"robots\" content=\"index, follow, max-snippet:-1, max-image-preview:large, max-video-preview:-1\" \/>\n<link rel=\"canonical\" href=\"https:\/\/www.vsv-design.com\/fr\/a-propos\/\" \/>\n<meta property=\"og:locale\" content=\"fr_FR\" \/>\n<meta property=\"og:type\" content=\"article\" \/>\n<meta property=\"og:title\" content=\"\u00c0 propos - VSV Design\" \/>\n<meta property=\"og:description\" content=\"\u00a0 \u00a0 VSV Design est une entreprise avec une longue exp\u00e9rience et un savoir-faire prouv\u00e9 dans la conception et la fabrication de v\u00eatements de sc\u00e8ne et de danse. Le succ\u00e8s et le professionnalisme de notre travail sont dus au fait que notre \u00e9quipe artistique est compos\u00e9e de professionnels ayant une riche exp\u00e9rience dans le domaine [&hellip;]\" \/>\n<meta property=\"og:url\" content=\"https:\/\/www.vsv-design.com\/fr\/a-propos\/\" \/>\n<meta property=\"og:site_name\" content=\"VSV Design\" \/>\n<meta property=\"article:publisher\" content=\"https:\/\/www.facebook.com\/VSVDesign\" \/>\n<meta property=\"article:modified_time\" content=\"2025-03-26T11:23:44+00:00\" \/>\n<meta property=\"og:image\" content=\"https:\/\/www.vsv-design.com\/wp-content\/uploads\/2025\/02\/Untitled-design-6-1024x512.jpg\" \/>\n<meta name=\"twitter:card\" content=\"summary_large_image\" \/>\n<meta name=\"twitter:label1\" content=\"Dur\u00e9e de lecture estim\u00e9e\" \/>\n\t<meta name=\"twitter:data1\" content=\"2 minutes\" \/>\n<script type=\"application\/ld+json\" class=\"yoast-schema-graph\">{\"@context\":\"https:\\\/\\\/schema.org\",\"@graph\":[{\"@type\":\"WebPage\",\"@id\":\"https:\\\/\\\/www.vsv-design.com\\\/fr\\\/a-propos\\\/\",\"url\":\"https:\\\/\\\/www.vsv-design.com\\\/fr\\\/a-propos\\\/\",\"name\":\"\u00c0 propos - VSV Design\",\"isPartOf\":{\"@id\":\"https:\\\/\\\/www.vsv-design.com\\\/#website\"},\"primaryImageOfPage\":{\"@id\":\"https:\\\/\\\/www.vsv-design.com\\\/fr\\\/a-propos\\\/#primaryimage\"},\"image\":{\"@id\":\"https:\\\/\\\/www.vsv-design.com\\\/fr\\\/a-propos\\\/#primaryimage\"},\"thumbnailUrl\":\"https:\\\/\\\/www.vsv-design.com\\\/wp-content\\\/uploads\\\/2025\\\/02\\\/Untitled-design-6-1024x512.jpg\",\"datePublished\":\"2024-12-21T17:15:59+00:00\",\"dateModified\":\"2025-03-26T11:23:44+00:00\",\"breadcrumb\":{\"@id\":\"https:\\\/\\\/www.vsv-design.com\\\/fr\\\/a-propos\\\/#breadcrumb\"},\"inLanguage\":\"fr-FR\",\"potentialAction\":[{\"@type\":\"ReadAction\",\"target\":[\"https:\\\/\\\/www.vsv-design.com\\\/fr\\\/a-propos\\\/\"]}]},{\"@type\":\"ImageObject\",\"inLanguage\":\"fr-FR\",\"@id\":\"https:\\\/\\\/www.vsv-design.com\\\/fr\\\/a-propos\\\/#primaryimage\",\"url\":\"https:\\\/\\\/www.vsv-design.com\\\/wp-content\\\/uploads\\\/2025\\\/02\\\/Untitled-design-6-1024x512.jpg\",\"contentUrl\":\"https:\\\/\\\/www.vsv-design.com\\\/wp-content\\\/uploads\\\/2025\\\/02\\\/Untitled-design-6-1024x512.jpg\"},{\"@type\":\"BreadcrumbList\",\"@id\":\"https:\\\/\\\/www.vsv-design.com\\\/fr\\\/a-propos\\\/#breadcrumb\",\"itemListElement\":[{\"@type\":\"ListItem\",\"position\":1,\"name\":\"Home\",\"item\":\"https:\\\/\\\/www.vsv-design.com\\\/\"},{\"@type\":\"ListItem\",\"position\":2,\"name\":\"\u00c0 propos\"}]},{\"@type\":\"WebSite\",\"@id\":\"https:\\\/\\\/www.vsv-design.com\\\/#website\",\"url\":\"https:\\\/\\\/www.vsv-design.com\\\/\",\"name\":\"VSV Design\",\"description\":\"\",\"publisher\":{\"@id\":\"https:\\\/\\\/www.vsv-design.com\\\/#organization\"},\"potentialAction\":[{\"@type\":\"SearchAction\",\"target\":{\"@type\":\"EntryPoint\",\"urlTemplate\":\"https:\\\/\\\/www.vsv-design.com\\\/?s={search_term_string}\"},\"query-input\":{\"@type\":\"PropertyValueSpecification\",\"valueRequired\":true,\"valueName\":\"search_term_string\"}}],\"inLanguage\":\"fr-FR\"},{\"@type\":\"Organization\",\"@id\":\"https:\\\/\\\/www.vsv-design.com\\\/#organization\",\"name\":\"VSV Design\",\"url\":\"https:\\\/\\\/www.vsv-design.com\\\/\",\"logo\":{\"@type\":\"ImageObject\",\"inLanguage\":\"fr-FR\",\"@id\":\"https:\\\/\\\/www.vsv-design.com\\\/#\\\/schema\\\/logo\\\/image\\\/\",\"url\":\"https:\\\/\\\/www.vsv-design.com\\\/wp-content\\\/uploads\\\/2025\\\/01\\\/cropped-vsv-1.jpg\",\"contentUrl\":\"https:\\\/\\\/www.vsv-design.com\\\/wp-content\\\/uploads\\\/2025\\\/01\\\/cropped-vsv-1.jpg\",\"width\":512,\"height\":512,\"caption\":\"VSV Design\"},\"image\":{\"@id\":\"https:\\\/\\\/www.vsv-design.com\\\/#\\\/schema\\\/logo\\\/image\\\/\"},\"sameAs\":[\"https:\\\/\\\/www.facebook.com\\\/VSVDesign\"]}]}<\/script>\n<!-- \/ Yoast SEO plugin. -->","yoast_head_json":{"title":"\u00c0 propos - VSV Design","robots":{"index":"index","follow":"follow","max-snippet":"max-snippet:-1","max-image-preview":"max-image-preview:large","max-video-preview":"max-video-preview:-1"},"canonical":"https:\/\/www.vsv-design.com\/fr\/a-propos\/","og_locale":"fr_FR","og_type":"article","og_title":"\u00c0 propos - VSV Design","og_description":"\u00a0 \u00a0 VSV Design est une entreprise avec une longue exp\u00e9rience et un savoir-faire prouv\u00e9 dans la conception et la fabrication de v\u00eatements de sc\u00e8ne et de danse. Le succ\u00e8s et le professionnalisme de notre travail sont dus au fait que notre \u00e9quipe artistique est compos\u00e9e de professionnels ayant une riche exp\u00e9rience dans le domaine [&hellip;]","og_url":"https:\/\/www.vsv-design.com\/fr\/a-propos\/","og_site_name":"VSV Design","article_publisher":"https:\/\/www.facebook.com\/VSVDesign","article_modified_time":"2025-03-26T11:23:44+00:00","og_image":[{"url":"https:\/\/www.vsv-design.com\/wp-content\/uploads\/2025\/02\/Untitled-design-6-1024x512.jpg","type":"","width":"","height":""}],"twitter_card":"summary_large_image","twitter_misc":{"Dur\u00e9e de lecture estim\u00e9e":"2 minutes"},"schema":{"@context":"https:\/\/schema.org","@graph":[{"@type":"WebPage","@id":"https:\/\/www.vsv-design.com\/fr\/a-propos\/","url":"https:\/\/www.vsv-design.com\/fr\/a-propos\/","name":"\u00c0 propos - VSV Design","isPartOf":{"@id":"https:\/\/www.vsv-design.com\/#website"},"primaryImageOfPage":{"@id":"https:\/\/www.vsv-design.com\/fr\/a-propos\/#primaryimage"},"image":{"@id":"https:\/\/www.vsv-design.com\/fr\/a-propos\/#primaryimage"},"thumbnailUrl":"https:\/\/www.vsv-design.com\/wp-content\/uploads\/2025\/02\/Untitled-design-6-1024x512.jpg","datePublished":"2024-12-21T17:15:59+00:00","dateModified":"2025-03-26T11:23:44+00:00","breadcrumb":{"@id":"https:\/\/www.vsv-design.com\/fr\/a-propos\/#breadcrumb"},"inLanguage":"fr-FR","potentialAction":[{"@type":"ReadAction","target":["https:\/\/www.vsv-design.com\/fr\/a-propos\/"]}]},{"@type":"ImageObject","inLanguage":"fr-FR","@id":"https:\/\/www.vsv-design.com\/fr\/a-propos\/#primaryimage","url":"https:\/\/www.vsv-design.com\/wp-content\/uploads\/2025\/02\/Untitled-design-6-1024x512.jpg","contentUrl":"https:\/\/www.vsv-design.com\/wp-content\/uploads\/2025\/02\/Untitled-design-6-1024x512.jpg"},{"@type":"BreadcrumbList","@id":"https:\/\/www.vsv-design.com\/fr\/a-propos\/#breadcrumb","itemListElement":[{"@type":"ListItem","position":1,"name":"Home","item":"https:\/\/www.vsv-design.com\/"},{"@type":"ListItem","position":2,"name":"\u00c0 propos"}]},{"@type":"WebSite","@id":"https:\/\/www.vsv-design.com\/#website","url":"https:\/\/www.vsv-design.com\/","name":"VSV Design","description":"","publisher":{"@id":"https:\/\/www.vsv-design.com\/#organization"},"potentialAction":[{"@type":"SearchAction","target":{"@type":"EntryPoint","urlTemplate":"https:\/\/www.vsv-design.com\/?s={search_term_string}"},"query-input":{"@type":"PropertyValueSpecification","valueRequired":true,"valueName":"search_term_string"}}],"inLanguage":"fr-FR"},{"@type":"Organization","@id":"https:\/\/www.vsv-design.com\/#organization","name":"VSV Design","url":"https:\/\/www.vsv-design.com\/","logo":{"@type":"ImageObject","inLanguage":"fr-FR","@id":"https:\/\/www.vsv-design.com\/#\/schema\/logo\/image\/","url":"https:\/\/www.vsv-design.com\/wp-content\/uploads\/2025\/01\/cropped-vsv-1.jpg","contentUrl":"https:\/\/www.vsv-design.com\/wp-content\/uploads\/2025\/01\/cropped-vsv-1.jpg","width":512,"height":512,"caption":"VSV Design"},"image":{"@id":"https:\/\/www.vsv-design.com\/#\/schema\/logo\/image\/"},"sameAs":["https:\/\/www.facebook.com\/VSVDesign"]}]}},"_links":{"self":[{"href":"https:\/\/www.vsv-design.com\/fr\/wp-json\/wp\/v2\/pages\/816","targetHints":{"allow":["GET"]}}],"collection":[{"href":"https:\/\/www.vsv-design.com\/fr\/wp-json\/wp\/v2\/pages"}],"about":[{"href":"https:\/\/www.vsv-design.com\/fr\/wp-json\/wp\/v2\/types\/page"}],"author":[{"embeddable":true,"href":"https:\/\/www.vsv-design.com\/fr\/wp-json\/wp\/v2\/users\/1"}],"replies":[{"embeddable":true,"href":"https:\/\/www.vsv-design.com\/fr\/wp-json\/wp\/v2\/comments?post=816"}],"version-history":[{"count":0,"href":"https:\/\/www.vsv-design.com\/fr\/wp-json\/wp\/v2\/pages\/816\/revisions"}],"wp:attachment":[{"href":"https:\/\/www.vsv-design.com\/fr\/wp-json\/wp\/v2\/media?parent=816"}],"curies":[{"name":"wp","href":"https:\/\/api.w.org\/{rel}","templated":true}]}}