{"id":5966,"date":"2025-03-16T11:14:56","date_gmt":"2025-03-16T09:14:56","guid":{"rendered":"https:\/\/dev.vsv-design.com\/elementor-5959\/"},"modified":"2025-04-03T00:13:43","modified_gmt":"2025-04-02T22:13:43","slug":"politique-de-retour","status":"publish","type":"page","link":"https:\/\/www.vsv-design.com\/fr\/politique-de-retour\/","title":{"rendered":"Politique de retour"},"content":{"rendered":"\t\t<div data-elementor-type=\"wp-page\" data-elementor-id=\"5966\" class=\"elementor elementor-5966 elementor-5959\">\n\t\t\t\t<div class=\"e-con-top elementor-element elementor-element-ecc76db e-flex e-con-boxed e-con e-parent\" data-id=\"ecc76db\" data-element_type=\"container\" data-e-type=\"container\">\n\t\t\t\t\t<div class=\"e-con-inner\">\n\t\t\t\t<div class=\"elementor-element elementor-element-9cb90e1 elementor-widget elementor-widget-heading\" data-id=\"9cb90e1\" data-element_type=\"widget\" data-e-type=\"widget\" data-widget_type=\"heading.default\">\n\t\t\t\t<div class=\"elementor-widget-container\">\n\t\t\t\t\t<h2 class=\"elementor-heading-title elementor-size-default\"><u>Politique de retour<\/u><\/h2>\t\t\t\t<\/div>\n\t\t\t\t<\/div>\n\t\t\t\t<div class=\"elementor-element elementor-element-5acf994 elementor-widget elementor-widget-text-editor\" data-id=\"5acf994\" data-element_type=\"widget\" data-e-type=\"widget\" data-widget_type=\"text-editor.default\">\n\t\t\t\t<div class=\"elementor-widget-container\">\n\t\t\t\t\t\t\t\t\t<ol><li style=\"list-style-type: none;\"><ol><li><span style=\"color: #484f56;\">Le consommateur a le droit de se r\u00e9tracter du contrat \u00e0 distance sans donner de raison, sans compensation ni p\u00e9nalit\u00e9 dans un d\u00e9lai de 14 jours \u00e0 compter de la date de livraison des biens.<\/span><\/li><li><span style=\"color: #484f56;\">Lorsque le consommateur souhaite se r\u00e9tracter du contrat \u00e0 distance, il doit informer le vendeur de sa d\u00e9cision dans un d\u00e9lai de 14 jours. Le d\u00e9lai de renvoi d&rsquo;un produit prend fin \u00e0 l&rsquo;expiration de ces 14 jours calendaires, \u00e0 compter du premier jour. Le premier jour est d\u00e9termin\u00e9 par<\/span><ul><li>la date de livraison<\/li><li>pour autant que vous ayez plusieurs produits dans une commande, le jour o\u00f9 le dernier produit de la commande en question est livr\u00e9 est consid\u00e9r\u00e9 comme le premier jour.<\/li><\/ul><\/li><li><span style=\"color: #484f56;\">La notification d&rsquo;annulation peut \u00eatre envoy\u00e9e par courrier \u00e9lectronique, par appel t\u00e9l\u00e9phonique ou en remplissant et en soumettant le formulaire d&rsquo;annulation standard.<\/span><\/li><li><span style=\"color: #484f56; text-align: var(--text-align); background-color: var(--body-bg-color); font-family: var(--body-font-family); font-size: var(--body-font-size); font-weight: var(--body-font-weight,400);\">L&rsquo;utilisateur est tenu de renvoyer les biens sans d\u00e9lai et au plus tard 14 jours \u00e0 compter de la date de notification de sa d\u00e9cision de r\u00e9silier le contrat. Le d\u00e9lai est r\u00e9put\u00e9 respect\u00e9 si le consommateur renvoie ou livre les biens au vendeur avant l&rsquo;expiration du d\u00e9lai de 14 jours.<\/span><\/li><li><span style=\"color: #484f56; text-align: var(--text-align); background-color: var(--body-bg-color); font-family: var(--body-font-family); font-size: var(--body-font-size); font-weight: var(--body-font-weight,400);\">\u00a0Les frais de renvoi des biens sont \u00e0 la charge du consommateur.<\/span><\/li><li><span style=\"color: #484f56; text-align: var(--text-align); background-color: var(--body-bg-color); font-family: var(--body-font-family); font-size: var(--body-font-size); font-weight: var(--body-font-weight,400);\">En cas d&rsquo;exercice du droit de r\u00e9tractation, le vendeur rembourse au consommateur le montant per\u00e7u dans un d\u00e9lai de 14 jours \u00e0 compter de la date de r\u00e9ception des biens par le vendeur.\u00a0<\/span><\/li><li><span style=\"color: #484f56; text-align: var(--text-align); background-color: var(--body-bg-color); font-family: var(--body-font-family); font-size: var(--body-font-size); font-weight: var(--body-font-weight,400);\">Les frais de renvoi des biens sont \u00e0 la charge de l&rsquo;utilisateur.<\/span><\/li><li><span style=\"color: #484f56; text-align: var(--text-align); background-color: var(--body-bg-color); font-family: var(--body-font-family); font-size: var(--body-font-size); font-weight: var(--body-font-weight,400);\">Lors de l&rsquo;exercice du droit de r\u00e9tractation, le vendeur remboursera \u00e0 l&rsquo;utilisateur le montant re\u00e7u dans un d\u00e9lai de 14 jours \u00e0 compter de la date de r\u00e9ception des biens par le vendeur.<\/span><\/li><li><span style=\"color: #484f56; text-align: var(--text-align); background-color: var(--body-bg-color); font-family: var(--body-font-family); font-size: var(--body-font-size); font-weight: var(--body-font-weight,400);\">Le vendeur rembourse au consommateur le montant re\u00e7u en utilisant le m\u00eame moyen de paiement que celui utilis\u00e9 par le consommateur lors de la transaction initiale, \u00e0 moins que le consommateur n&rsquo;ait exprim\u00e9 son consentement personnel \u00e0 l&rsquo;utilisation du m\u00eame moyen de paiement et \u00e0 condition que cela n&rsquo;entra\u00eene aucun co\u00fbt pour le consommateur.<\/span><\/li><li><span style=\"color: #484f56; text-align: var(--text-align); background-color: var(--body-bg-color); font-family: var(--body-font-family); font-size: var(--body-font-size); font-weight: var(--body-font-weight,400);\">Le vendeur remboursera au consommateur l&rsquo;int\u00e9gralit\u00e9 du montant per\u00e7u dans le cas o\u00f9 le vendeur a test\u00e9 les biens afin de d\u00e9terminer leurs caract\u00e9ristiques et leur bon fonctionnement par rapport \u00e0 l&rsquo;usage auquel ils sont destin\u00e9s.<\/span><\/li><li><span style=\"color: #484f56; text-align: var(--text-align); background-color: var(--body-bg-color); font-family: var(--body-font-family); font-size: var(--body-font-size); font-weight: var(--body-font-weight,400);\">Le consommateur est responsable s&rsquo;il renvoie le bien avec une valeur r\u00e9duite en raison d&rsquo;un test ou d&rsquo;un dommage autre que la n\u00e9cessit\u00e9 de v\u00e9rifier les caract\u00e9ristiques et le fonctionnement du bien.<\/span><\/li><li><span style=\"text-align: var(--text-align); color: var(--body-color); font-family: var(--body-font-family); font-size: var(--body-font-size); font-weight: var(--body-font-weight,400); background-color: var(--body-bg-color);\">L&rsquo;utilisateur perd son droit de r\u00e9tractation si :<\/span><ul><li>Les biens ne sont pas en bon \u00e9tat commercial (non d\u00e9chir\u00e9s, ray\u00e9s, us\u00e9s), il y a des dommages caus\u00e9s par une utilisation inappropri\u00e9e.<\/li><li>L&#8217;emballage d&rsquo;origine, les consommables et les accessoires ne sont pas conserv\u00e9s, au cas o\u00f9 ils auraient \u00e9t\u00e9 inclus.<\/li><\/ul><\/li><\/ol><\/li><\/ol><p style=\"text-align: center;\"><strong>Adresse de retour du produit :<\/strong><\/p><p style=\"text-align: center;\">Bulgaria, Plovdiv 4000 , str. Kutlovitza 1<br \/>+359 896 209 135<br \/>info@vsv-design.com<\/p>\t\t\t\t\t\t\t\t<\/div>\n\t\t\t\t<\/div>\n\t\t\t\t\t<\/div>\n\t\t\t\t<\/div>\n\t\t\t\t<\/div>\n\t\t","protected":false},"excerpt":{"rendered":"<p>Politique de retour Le consommateur a le droit de se r\u00e9tracter du contrat \u00e0 distance sans donner de raison, sans compensation ni p\u00e9nalit\u00e9 dans un d\u00e9lai de 14 jours \u00e0 compter de la date de livraison des biens. Lorsque le consommateur souhaite se r\u00e9tracter du contrat \u00e0 distance, il doit informer le vendeur de sa [&hellip;]<\/p>\n","protected":false},"author":1,"featured_media":0,"parent":0,"menu_order":0,"comment_status":"closed","ping_status":"closed","template":"template-builder.php","meta":{"_acf_changed":false,"footnotes":""},"class_list":["post-5966","page","type-page","status-publish","hentry"],"acf":[],"yoast_head":"<!-- This site is optimized with the Yoast SEO plugin v27.4 - https:\/\/yoast.com\/product\/yoast-seo-wordpress\/ -->\n<title>Politique de retour - VSV Design<\/title>\n<meta name=\"robots\" content=\"index, follow, max-snippet:-1, max-image-preview:large, max-video-preview:-1\" \/>\n<link rel=\"canonical\" href=\"https:\/\/www.vsv-design.com\/fr\/politique-de-retour\/\" \/>\n<meta property=\"og:locale\" content=\"fr_FR\" \/>\n<meta property=\"og:type\" content=\"article\" \/>\n<meta property=\"og:title\" content=\"Politique de retour - VSV Design\" \/>\n<meta property=\"og:description\" content=\"Politique de retour Le consommateur a le droit de se r\u00e9tracter du contrat \u00e0 distance sans donner de raison, sans compensation ni p\u00e9nalit\u00e9 dans un d\u00e9lai de 14 jours \u00e0 compter de la date de livraison des biens. Lorsque le consommateur souhaite se r\u00e9tracter du contrat \u00e0 distance, il doit informer le vendeur de sa [&hellip;]\" \/>\n<meta property=\"og:url\" content=\"https:\/\/www.vsv-design.com\/fr\/politique-de-retour\/\" \/>\n<meta property=\"og:site_name\" content=\"VSV Design\" \/>\n<meta property=\"article:publisher\" content=\"https:\/\/www.facebook.com\/VSVDesign\" \/>\n<meta property=\"article:modified_time\" content=\"2025-04-02T22:13:43+00:00\" \/>\n<meta name=\"twitter:card\" content=\"summary_large_image\" \/>\n<meta name=\"twitter:label1\" content=\"Dur\u00e9e de lecture estim\u00e9e\" \/>\n\t<meta name=\"twitter:data1\" content=\"3 minutes\" \/>\n<script type=\"application\/ld+json\" class=\"yoast-schema-graph\">{\"@context\":\"https:\\\/\\\/schema.org\",\"@graph\":[{\"@type\":\"WebPage\",\"@id\":\"https:\\\/\\\/www.vsv-design.com\\\/fr\\\/politique-de-retour\\\/\",\"url\":\"https:\\\/\\\/www.vsv-design.com\\\/fr\\\/politique-de-retour\\\/\",\"name\":\"Politique de retour - VSV Design\",\"isPartOf\":{\"@id\":\"https:\\\/\\\/www.vsv-design.com\\\/#website\"},\"datePublished\":\"2025-03-16T09:14:56+00:00\",\"dateModified\":\"2025-04-02T22:13:43+00:00\",\"breadcrumb\":{\"@id\":\"https:\\\/\\\/www.vsv-design.com\\\/fr\\\/politique-de-retour\\\/#breadcrumb\"},\"inLanguage\":\"fr-FR\",\"potentialAction\":[{\"@type\":\"ReadAction\",\"target\":[\"https:\\\/\\\/www.vsv-design.com\\\/fr\\\/politique-de-retour\\\/\"]}]},{\"@type\":\"BreadcrumbList\",\"@id\":\"https:\\\/\\\/www.vsv-design.com\\\/fr\\\/politique-de-retour\\\/#breadcrumb\",\"itemListElement\":[{\"@type\":\"ListItem\",\"position\":1,\"name\":\"Home\",\"item\":\"https:\\\/\\\/www.vsv-design.com\\\/\"},{\"@type\":\"ListItem\",\"position\":2,\"name\":\"Politique de retour\"}]},{\"@type\":\"WebSite\",\"@id\":\"https:\\\/\\\/www.vsv-design.com\\\/#website\",\"url\":\"https:\\\/\\\/www.vsv-design.com\\\/\",\"name\":\"VSV Design\",\"description\":\"\",\"publisher\":{\"@id\":\"https:\\\/\\\/www.vsv-design.com\\\/#organization\"},\"potentialAction\":[{\"@type\":\"SearchAction\",\"target\":{\"@type\":\"EntryPoint\",\"urlTemplate\":\"https:\\\/\\\/www.vsv-design.com\\\/?s={search_term_string}\"},\"query-input\":{\"@type\":\"PropertyValueSpecification\",\"valueRequired\":true,\"valueName\":\"search_term_string\"}}],\"inLanguage\":\"fr-FR\"},{\"@type\":\"Organization\",\"@id\":\"https:\\\/\\\/www.vsv-design.com\\\/#organization\",\"name\":\"VSV Design\",\"url\":\"https:\\\/\\\/www.vsv-design.com\\\/\",\"logo\":{\"@type\":\"ImageObject\",\"inLanguage\":\"fr-FR\",\"@id\":\"https:\\\/\\\/www.vsv-design.com\\\/#\\\/schema\\\/logo\\\/image\\\/\",\"url\":\"https:\\\/\\\/www.vsv-design.com\\\/wp-content\\\/uploads\\\/2025\\\/01\\\/cropped-vsv-1.jpg\",\"contentUrl\":\"https:\\\/\\\/www.vsv-design.com\\\/wp-content\\\/uploads\\\/2025\\\/01\\\/cropped-vsv-1.jpg\",\"width\":512,\"height\":512,\"caption\":\"VSV Design\"},\"image\":{\"@id\":\"https:\\\/\\\/www.vsv-design.com\\\/#\\\/schema\\\/logo\\\/image\\\/\"},\"sameAs\":[\"https:\\\/\\\/www.facebook.com\\\/VSVDesign\"]}]}<\/script>\n<!-- \/ Yoast SEO plugin. -->","yoast_head_json":{"title":"Politique de retour - VSV Design","robots":{"index":"index","follow":"follow","max-snippet":"max-snippet:-1","max-image-preview":"max-image-preview:large","max-video-preview":"max-video-preview:-1"},"canonical":"https:\/\/www.vsv-design.com\/fr\/politique-de-retour\/","og_locale":"fr_FR","og_type":"article","og_title":"Politique de retour - VSV Design","og_description":"Politique de retour Le consommateur a le droit de se r\u00e9tracter du contrat \u00e0 distance sans donner de raison, sans compensation ni p\u00e9nalit\u00e9 dans un d\u00e9lai de 14 jours \u00e0 compter de la date de livraison des biens. Lorsque le consommateur souhaite se r\u00e9tracter du contrat \u00e0 distance, il doit informer le vendeur de sa [&hellip;]","og_url":"https:\/\/www.vsv-design.com\/fr\/politique-de-retour\/","og_site_name":"VSV Design","article_publisher":"https:\/\/www.facebook.com\/VSVDesign","article_modified_time":"2025-04-02T22:13:43+00:00","twitter_card":"summary_large_image","twitter_misc":{"Dur\u00e9e de lecture estim\u00e9e":"3 minutes"},"schema":{"@context":"https:\/\/schema.org","@graph":[{"@type":"WebPage","@id":"https:\/\/www.vsv-design.com\/fr\/politique-de-retour\/","url":"https:\/\/www.vsv-design.com\/fr\/politique-de-retour\/","name":"Politique de retour - VSV Design","isPartOf":{"@id":"https:\/\/www.vsv-design.com\/#website"},"datePublished":"2025-03-16T09:14:56+00:00","dateModified":"2025-04-02T22:13:43+00:00","breadcrumb":{"@id":"https:\/\/www.vsv-design.com\/fr\/politique-de-retour\/#breadcrumb"},"inLanguage":"fr-FR","potentialAction":[{"@type":"ReadAction","target":["https:\/\/www.vsv-design.com\/fr\/politique-de-retour\/"]}]},{"@type":"BreadcrumbList","@id":"https:\/\/www.vsv-design.com\/fr\/politique-de-retour\/#breadcrumb","itemListElement":[{"@type":"ListItem","position":1,"name":"Home","item":"https:\/\/www.vsv-design.com\/"},{"@type":"ListItem","position":2,"name":"Politique de retour"}]},{"@type":"WebSite","@id":"https:\/\/www.vsv-design.com\/#website","url":"https:\/\/www.vsv-design.com\/","name":"VSV Design","description":"","publisher":{"@id":"https:\/\/www.vsv-design.com\/#organization"},"potentialAction":[{"@type":"SearchAction","target":{"@type":"EntryPoint","urlTemplate":"https:\/\/www.vsv-design.com\/?s={search_term_string}"},"query-input":{"@type":"PropertyValueSpecification","valueRequired":true,"valueName":"search_term_string"}}],"inLanguage":"fr-FR"},{"@type":"Organization","@id":"https:\/\/www.vsv-design.com\/#organization","name":"VSV Design","url":"https:\/\/www.vsv-design.com\/","logo":{"@type":"ImageObject","inLanguage":"fr-FR","@id":"https:\/\/www.vsv-design.com\/#\/schema\/logo\/image\/","url":"https:\/\/www.vsv-design.com\/wp-content\/uploads\/2025\/01\/cropped-vsv-1.jpg","contentUrl":"https:\/\/www.vsv-design.com\/wp-content\/uploads\/2025\/01\/cropped-vsv-1.jpg","width":512,"height":512,"caption":"VSV Design"},"image":{"@id":"https:\/\/www.vsv-design.com\/#\/schema\/logo\/image\/"},"sameAs":["https:\/\/www.facebook.com\/VSVDesign"]}]}},"_links":{"self":[{"href":"https:\/\/www.vsv-design.com\/fr\/wp-json\/wp\/v2\/pages\/5966","targetHints":{"allow":["GET"]}}],"collection":[{"href":"https:\/\/www.vsv-design.com\/fr\/wp-json\/wp\/v2\/pages"}],"about":[{"href":"https:\/\/www.vsv-design.com\/fr\/wp-json\/wp\/v2\/types\/page"}],"author":[{"embeddable":true,"href":"https:\/\/www.vsv-design.com\/fr\/wp-json\/wp\/v2\/users\/1"}],"replies":[{"embeddable":true,"href":"https:\/\/www.vsv-design.com\/fr\/wp-json\/wp\/v2\/comments?post=5966"}],"version-history":[{"count":0,"href":"https:\/\/www.vsv-design.com\/fr\/wp-json\/wp\/v2\/pages\/5966\/revisions"}],"wp:attachment":[{"href":"https:\/\/www.vsv-design.com\/fr\/wp-json\/wp\/v2\/media?parent=5966"}],"curies":[{"name":"wp","href":"https:\/\/api.w.org\/{rel}","templated":true}]}}